{"id":7616,"date":"2025-08-17T18:40:56","date_gmt":"2025-08-17T16:40:56","guid":{"rendered":"https:\/\/www.italpreziosi.it\/guia-del-oro\/el-oro-comestible-el-lujo-como-experiencia-gastronomica\/"},"modified":"2026-03-17T16:23:40","modified_gmt":"2026-03-17T15:23:40","slug":"el-oro-comestible-el-lujo-como-experiencia-gastronomica","status":"publish","type":"page","link":"https:\/\/www.italpreziosi.it\/es\/guia-del-oro\/el-oro-comestible-el-lujo-como-experiencia-gastronomica\/","title":{"rendered":"El oro comestible: el lujo como experiencia gastron\u00f3mica"},"content":{"rendered":"\t\t<div data-elementor-type=\"wp-page\" data-elementor-id=\"7616\" class=\"elementor elementor-7616 elementor-115\" data-elementor-post-type=\"page\">\n\t\t\t\t<div class=\"elementor-element elementor-element-5c2ec44 e-con-full e-flex e-con e-parent\" data-id=\"5c2ec44\" data-element_type=\"container\" data-e-type=\"container\" data-settings=\"{&quot;background_background&quot;:&quot;classic&quot;}\">\n\t\t<div class=\"elementor-element elementor-element-15858ff e-flex e-con-boxed e-con e-child\" data-id=\"15858ff\" data-element_type=\"container\" data-e-type=\"container\">\n\t\t\t\t\t<div class=\"e-con-inner\">\n\t\t<div class=\"elementor-element elementor-element-94f3e5b e-con-full e-flex e-con e-child\" data-id=\"94f3e5b\" data-element_type=\"container\" data-e-type=\"container\">\n\t\t\t\t<div class=\"elementor-element elementor-element-09d3731 elementor-widget elementor-widget-shortcode\" data-id=\"09d3731\" data-element_type=\"widget\" data-e-type=\"widget\" data-widget_type=\"shortcode.default\">\n\t\t\t\t<div class=\"elementor-widget-container\">\n\t\t\t\t\t\t\t<div class=\"elementor-shortcode\"><nav aria-label=\"breadcrumbs\" class=\"rank-math-breadcrumb\"><p><span class=\"last\">Italpreziosi<\/span><\/p><\/nav><\/div>\n\t\t\t\t\t\t<\/div>\n\t\t\t\t<\/div>\n\t\t\t\t<div class=\"elementor-element elementor-element-04f5eb3 elementor-widget elementor-widget-heading\" data-id=\"04f5eb3\" data-element_type=\"widget\" data-e-type=\"widget\" data-widget_type=\"heading.default\">\n\t\t\t\t<div class=\"elementor-widget-container\">\n\t\t\t\t\t<h1 class=\"elementor-heading-title elementor-size-default\"><span class=\"sf\">El oro comestible<\/span>: el lujo como experiencia gastron\u00f3mica<\/h1>\t\t\t\t<\/div>\n\t\t\t\t<\/div>\n\t\t\t\t<div class=\"elementor-element elementor-element-9659253 elementor-widget__width-inherit elementor-widget elementor-widget-text-editor\" data-id=\"9659253\" data-element_type=\"widget\" data-e-type=\"widget\" data-widget_type=\"text-editor.default\">\n\t\t\t\t<div class=\"elementor-widget-container\">\n\t\t\t\t\t\t\t\t\t<p>El oro, s\u00edmbolo de riqueza y prestigio desde los albores de la civilizaci\u00f3n, ha desempe\u00f1ado un papel central en muchos aspectos de la cultura humana. Menos conocido, quiz\u00e1, es <strong>su papel en la tradici\u00f3n culinaria<\/strong>, en su versi\u00f3n comestible. Descubramos c\u00f3mo naci\u00f3 y c\u00f3mo ha evolucionado la fascinaci\u00f3n por el <strong>oro comestible<\/strong>.  <\/p>\t\t\t\t\t\t\t\t<\/div>\n\t\t\t\t<\/div>\n\t\t<div class=\"elementor-element elementor-element-1ca7d39 e-con-full e-flex e-con e-child\" data-id=\"1ca7d39\" data-element_type=\"container\" data-e-type=\"container\">\n\t\t<div class=\"elementor-element elementor-element-dd248f4 e-con-full e-flex e-con e-child\" data-id=\"dd248f4\" data-element_type=\"container\" data-e-type=\"container\">\n\t\t\t\t<div class=\"elementor-element elementor-element-e43fa44 elementor-widget elementor-widget-image\" data-id=\"e43fa44\" data-element_type=\"widget\" data-e-type=\"widget\" data-widget_type=\"image.default\">\n\t\t\t\t<div class=\"elementor-widget-container\">\n\t\t\t\t\t\t\t\t\t\t\t\t\t\t\t<img fetchpriority=\"high\" decoding=\"async\" width=\"720\" height=\"480\" src=\"https:\/\/cdn.italpreziosi.it\/wp-content\/uploads\/2025\/08\/piatto-oro-alimentare.jpg\" class=\"attachment-medium_large size-medium_large wp-image-1810\" alt=\"Primer plano de un tartar de ternera gourmet cubierto de caviar negro, flores comestibles, hierbas, hojas verdes y escamas de pan de oro, presentado en un plato blanco sobre fondo negro.\" srcset=\"https:\/\/cdn.italpreziosi.it\/wp-content\/uploads\/2025\/08\/piatto-oro-alimentare.jpg 720w, https:\/\/cdn.italpreziosi.it\/wp-content\/uploads\/2025\/08\/piatto-oro-alimentare-300x200.jpg 300w\" sizes=\"(max-width: 720px) 100vw, 720px\" \/>\t\t\t\t\t\t\t\t\t\t\t\t\t\t\t<\/div>\n\t\t\t\t<\/div>\n\t\t\t\t<\/div>\n\t\t<div class=\"elementor-element elementor-element-6320b2b e-con-full e-flex e-con e-child\" data-id=\"6320b2b\" data-element_type=\"container\" data-e-type=\"container\">\n\t\t\t\t<div class=\"elementor-element elementor-element-a4a6c44 elementor-widget elementor-widget-heading\" data-id=\"a4a6c44\" data-element_type=\"widget\" data-e-type=\"widget\" data-widget_type=\"heading.default\">\n\t\t\t\t<div class=\"elementor-widget-container\">\n\t\t\t\t\t<h2 class=\"elementor-heading-title elementor-size-default\">Los or\u00edgenes del oro comestible<\/h2>\t\t\t\t<\/div>\n\t\t\t\t<\/div>\n\t\t\t\t<div class=\"elementor-element elementor-element-3f471ff elementor-widget__width-inherit elementor-widget elementor-widget-text-editor\" data-id=\"3f471ff\" data-element_type=\"widget\" data-e-type=\"widget\" data-widget_type=\"text-editor.default\">\n\t\t\t\t<div class=\"elementor-widget-container\">\n\t\t\t\t\t\t\t\t\t<p>El uso del oro comestible no es una novedad del siglo XXI: <strong>ya en la antigua China<\/strong>, <strong>en Egipto y en la India<\/strong>, el oro se utilizaba con fines medicinales y como elemento de bienestar y prosperidad.<\/p><p>En \u00e9pocas m\u00e1s recientes, el oro era <strong>consumido con frecuencia por la nobleza europea<\/strong>, no solo como una forma de ostentar riqueza, sino tambi\u00e9n siguiendo la creencia de que pod\u00eda aportar longevidad y bienestar.<\/p><p>A lo largo del <strong>siglo XX<\/strong>, con la democratizaci\u00f3n del lujo y la creciente fascinaci\u00f3n por la gastronom\u00eda, el oro comenz\u00f3 a ganar terreno tambi\u00e9n en las cocinas de alto nivel. El aumento de la demanda de <strong>experiencias culinarias \u00fanicas<\/strong> llev\u00f3 a muchos <strong>chefs<\/strong> a utilizar el oro comestible como guarnici\u00f3n y elemento decorativo para platos y bebidas especiales. <\/p><p>El auge medi\u00e1tico de los <strong>programas culinarios<\/strong> y la expansi\u00f3n del intercambio de experiencias gastron\u00f3micas en <strong>redes sociales<\/strong> han contribuido a\u00fan m\u00e1s a la popularidad del oro comestible, transform\u00e1ndolo de un simple ingrediente en un <strong>s\u00edmbolo de una cocina sofisticada y lujosa<\/strong>.<\/p>\t\t\t\t\t\t\t\t<\/div>\n\t\t\t\t<\/div>\n\t\t\t\t<\/div>\n\t\t\t\t<\/div>\n\t\t\t\t<div class=\"elementor-element elementor-element-9eabbc0 elementor-widget elementor-widget-heading\" data-id=\"9eabbc0\" data-element_type=\"widget\" data-e-type=\"widget\" data-widget_type=\"heading.default\">\n\t\t\t\t<div class=\"elementor-widget-container\">\n\t\t\t\t\t<h2 class=\"elementor-heading-title elementor-size-default\">Oro comestible: c\u00f3mo se elabora<\/h2>\t\t\t\t<\/div>\n\t\t\t\t<\/div>\n\t\t\t\t<div class=\"elementor-element elementor-element-f96d2eb elementor-widget__width-inherit elementor-widget elementor-widget-text-editor\" data-id=\"f96d2eb\" data-element_type=\"widget\" data-e-type=\"widget\" data-widget_type=\"text-editor.default\">\n\t\t\t\t<div class=\"elementor-widget-container\">\n\t\t\t\t\t\t\t\t\t<p>Ahora que hemos analizado el origen y la evoluci\u00f3n de esta tendencia, es importante responder a una pregunta clave: <strong>\u00bfc\u00f3mo se obtiene el oro comestible?<\/strong><\/p><p>La versi\u00f3n comestible del conocido metal precioso se produce mediante un proceso de martillado, que transforma los lingotes de oro en <strong>hojas extremadamente finas<\/strong>.<\/p><p>Este oro, a menudo con una <strong>pureza de 22 o 24 quilates<\/strong>, se somete posteriormente a tratamientos espec\u00edficos para hacerlo <strong>seguro para el consumo humano<\/strong>. En cualquier caso, el oro es qu\u00edmicamente inerte, lo que significa que no reacciona con el organismo y atraviesa el sistema digestivo sin ser absorbido. <\/p>\t\t\t\t\t\t\t\t<\/div>\n\t\t\t\t<\/div>\n\t\t<div class=\"elementor-element elementor-element-0046eac e-con-full e-flex e-con e-child\" data-id=\"0046eac\" data-element_type=\"container\" data-e-type=\"container\">\n\t\t<div class=\"elementor-element elementor-element-40cd897 e-con-full e-flex e-con e-child\" data-id=\"40cd897\" data-element_type=\"container\" data-e-type=\"container\">\n\t\t\t\t<div class=\"elementor-element elementor-element-697c862 elementor-widget elementor-widget-image\" data-id=\"697c862\" data-element_type=\"widget\" data-e-type=\"widget\" data-widget_type=\"image.default\">\n\t\t\t\t<div class=\"elementor-widget-container\">\n\t\t\t\t\t\t\t\t\t\t\t\t\t\t\t<img decoding=\"async\" width=\"720\" height=\"405\" src=\"https:\/\/cdn.italpreziosi.it\/wp-content\/uploads\/2025\/08\/consulente-investimento-oro.jpg\" class=\"attachment-medium_large size-medium_large wp-image-1820\" alt=\"Un hombre trajeado analiza gr\u00e1ficos burs\u00e1tiles en un ordenador port\u00e1til y un smartphone en un escritorio, con una planta, una taza de caf\u00e9 y un bol\u00edgrafo cerca. La pantalla del port\u00e1til muestra un gr\u00e1fico alcista y datos de negociaci\u00f3n.\" srcset=\"https:\/\/cdn.italpreziosi.it\/wp-content\/uploads\/2025\/08\/consulente-investimento-oro.jpg 720w, https:\/\/cdn.italpreziosi.it\/wp-content\/uploads\/2025\/08\/consulente-investimento-oro-300x169.jpg 300w\" sizes=\"(max-width: 720px) 100vw, 720px\" \/>\t\t\t\t\t\t\t\t\t\t\t\t\t\t\t<\/div>\n\t\t\t\t<\/div>\n\t\t\t\t<\/div>\n\t\t<div class=\"elementor-element elementor-element-cc1ae28 e-con-full e-flex e-con e-child\" data-id=\"cc1ae28\" data-element_type=\"container\" data-e-type=\"container\">\n\t\t\t\t<div class=\"elementor-element elementor-element-214c0f0 elementor-widget elementor-widget-heading\" data-id=\"214c0f0\" data-element_type=\"widget\" data-e-type=\"widget\" data-widget_type=\"heading.default\">\n\t\t\t\t<div class=\"elementor-widget-container\">\n\t\t\t\t\t<h2 class=\"elementor-heading-title elementor-size-default\">C\u00f3mo se utiliza el oro comestible<\/h2>\t\t\t\t<\/div>\n\t\t\t\t<\/div>\n\t\t\t\t<div class=\"elementor-element elementor-element-9b6b34e elementor-widget__width-inherit elementor-widget elementor-widget-text-editor\" data-id=\"9b6b34e\" data-element_type=\"widget\" data-e-type=\"widget\" data-widget_type=\"text-editor.default\">\n\t\t\t\t<div class=\"elementor-widget-container\">\n\t\t\t\t\t\t\t\t\t<p>Hoy en d\u00eda, el oro comestible se encuentra en una amplia <strong>variedad de productos y preparaciones<\/strong>: no solo en restaurantes de alta cocina, sino tambi\u00e9n en productos de pasteler\u00eda, bombones, c\u00f3cteles e incluso en algunas versiones de comida callejera.<\/p><p>El oro comestible se utiliza en forma de <strong>hojas muy finas<\/strong>, <strong>polvos o l\u00e1minas<\/strong>, y se aplica en postres, carnes, sushi y bebidas.<\/p>\t\t\t\t\t\t\t\t<\/div>\n\t\t\t\t<\/div>\n\t\t\t\t<div class=\"elementor-element elementor-element-8b3a912 elementor-widget elementor-widget-heading\" data-id=\"8b3a912\" data-element_type=\"widget\" data-e-type=\"widget\" data-widget_type=\"heading.default\">\n\t\t\t\t<div class=\"elementor-widget-container\">\n\t\t\t\t\t<h2 class=\"elementor-heading-title elementor-size-default\">Golden chefs: nombres destacados entre los amantes del oro comestible<\/h2>\t\t\t\t<\/div>\n\t\t\t\t<\/div>\n\t\t\t\t<div class=\"elementor-element elementor-element-365798a elementor-widget__width-inherit elementor-widget elementor-widget-text-editor\" data-id=\"365798a\" data-element_type=\"widget\" data-e-type=\"widget\" data-widget_type=\"text-editor.default\">\n\t\t\t\t<div class=\"elementor-widget-container\">\n\t\t\t\t\t\t\t\t\t<p>Numerosos chefs italianos e internacionales han incorporado el oro comestible en sus creaciones. Figuras reconocidas de la excelencia culinaria Made in Italy, como <strong>Massimo Bottura<\/strong> y <strong>Carlo Cracco<\/strong>, han presentado platos con toques de oro en sus propuestas gastron\u00f3micas. A nivel internacional, <strong>Gordon Ramsay<\/strong> y <strong>Alain Ducasse<\/strong> son solo algunos de los nombres m\u00e1s destacados que han experimentado con el brillo y la textura del oro en sus platos.  <\/p>\t\t\t\t\t\t\t\t<\/div>\n\t\t\t\t<\/div>\n\t\t\t\t<\/div>\n\t\t\t\t<\/div>\n\t\t\t\t<div class=\"elementor-element elementor-element-b1f368b elementor-widget elementor-widget-heading\" data-id=\"b1f368b\" data-element_type=\"widget\" data-e-type=\"widget\" data-widget_type=\"heading.default\">\n\t\t\t\t<div class=\"elementor-widget-container\">\n\t\t\t\t\t<h2 class=\"elementor-heading-title elementor-size-default\">Las caracter\u00edsticas del oro comestible<\/h2>\t\t\t\t<\/div>\n\t\t\t\t<\/div>\n\t\t\t\t<div class=\"elementor-element elementor-element-4e72339 elementor-widget__width-inherit elementor-widget elementor-widget-text-editor\" data-id=\"4e72339\" data-element_type=\"widget\" data-e-type=\"widget\" data-widget_type=\"text-editor.default\">\n\t\t\t\t<div class=\"elementor-widget-container\">\n\t\t\t\t\t\t\t\t\t<p><strong>El oro comestible no tiene sabor ni aporta valor nutricional<\/strong> a los platos. Su <strong>atractivo<\/strong> reside principalmente <strong>en su impacto visual y en su simbolismo<\/strong>: representa lujo, excelencia y un fuerte sentido de <strong>exclusividad<\/strong>.<\/p><p>Adem\u00e1s, su brillo y su textura a\u00f1aden un <strong>elemento de sorpresa y novedad<\/strong> a platos y bebidas tradicionales. Resulta evidente que, cuando hablamos de oro comestible, nos referimos al <a href=\"https:\/\/www.italpreziosi.it\/es\/guia-del-oro\/las-diferencias-entre-el-oro-amarillo-blanco-rosa-y-rojo\/\"><span style=\"text-decoration: underline;\">oro amarillo<\/span><\/a>, es decir, al color que m\u00e1s caracteriza y distingue a este metal precioso.<\/p><p>La tendencia del oro comestible es un claro ejemplo de c\u00f3mo la gastronom\u00eda va mucho m\u00e1s all\u00e1 de la simple alimentaci\u00f3n: es un arte, una experiencia y una expresi\u00f3n cultural.<\/p>\t\t\t\t\t\t\t\t<\/div>\n\t\t\t\t<\/div>\n\t\t\t\t<\/div>\n\t\t\t\t\t<\/div>\n\t\t\t\t<\/div>\n\t\t\t\t<\/div>\n\t\t\t\t<\/div>\n\t\t","protected":false},"excerpt":{"rendered":"<p>El oro comestible: el lujo como experiencia gastron\u00f3mica El oro, s\u00edmbolo de riqueza y prestigio desde los albores de la civilizaci\u00f3n, ha desempe\u00f1ado un papel central en muchos aspectos de la cultura humana. Menos conocido, quiz\u00e1, es su papel en la tradici\u00f3n culinaria, en su versi\u00f3n comestible. Descubramos c\u00f3mo naci\u00f3 y c\u00f3mo ha evolucionado la [&hellip;]<\/p>\n","protected":false},"author":1,"featured_media":0,"parent":7581,"menu_order":0,"comment_status":"closed","ping_status":"closed","template":"elementor_header_footer","meta":{"_acf_changed":false,"footnotes":""},"class_list":["post-7616","page","type-page","status-publish","hentry"],"acf":[],"_links":{"self":[{"href":"https:\/\/www.italpreziosi.it\/es\/wp-json\/wp\/v2\/pages\/7616","targetHints":{"allow":["GET"]}}],"collection":[{"href":"https:\/\/www.italpreziosi.it\/es\/wp-json\/wp\/v2\/pages"}],"about":[{"href":"https:\/\/www.italpreziosi.it\/es\/wp-json\/wp\/v2\/types\/page"}],"author":[{"embeddable":true,"href":"https:\/\/www.italpreziosi.it\/es\/wp-json\/wp\/v2\/users\/1"}],"replies":[{"embeddable":true,"href":"https:\/\/www.italpreziosi.it\/es\/wp-json\/wp\/v2\/comments?post=7616"}],"version-history":[{"count":6,"href":"https:\/\/www.italpreziosi.it\/es\/wp-json\/wp\/v2\/pages\/7616\/revisions"}],"predecessor-version":[{"id":7669,"href":"https:\/\/www.italpreziosi.it\/es\/wp-json\/wp\/v2\/pages\/7616\/revisions\/7669"}],"up":[{"embeddable":true,"href":"https:\/\/www.italpreziosi.it\/es\/wp-json\/wp\/v2\/pages\/7581"}],"wp:attachment":[{"href":"https:\/\/www.italpreziosi.it\/es\/wp-json\/wp\/v2\/media?parent=7616"}],"curies":[{"name":"wp","href":"https:\/\/api.w.org\/{rel}","templated":true}]}}