{"id":7611,"date":"2025-08-17T16:50:49","date_gmt":"2025-08-17T14:50:49","guid":{"rendered":"https:\/\/www.italpreziosi.it\/guia-del-oro\/compraventa-de-oro-funcionamiento-y-fiscalidad-en-italia\/"},"modified":"2026-03-17T16:23:26","modified_gmt":"2026-03-17T15:23:26","slug":"compraventa-de-oro-funcionamiento-y-fiscalidad-en-italia","status":"publish","type":"page","link":"https:\/\/www.italpreziosi.it\/es\/guia-del-oro\/compraventa-de-oro-funcionamiento-y-fiscalidad-en-italia\/","title":{"rendered":"Compraventa de oro: funcionamiento y fiscalidad en Italia"},"content":{"rendered":"\t\t<div data-elementor-type=\"wp-page\" data-elementor-id=\"7611\" class=\"elementor elementor-7611 elementor-113\" data-elementor-post-type=\"page\">\n\t\t\t\t<div class=\"elementor-element elementor-element-bf8de47 e-con-full e-flex e-con e-parent\" data-id=\"bf8de47\" data-element_type=\"container\" data-e-type=\"container\" data-settings=\"{&quot;background_background&quot;:&quot;classic&quot;}\">\n\t\t<div class=\"elementor-element elementor-element-78bcea2 e-flex e-con-boxed e-con e-child\" data-id=\"78bcea2\" data-element_type=\"container\" data-e-type=\"container\">\n\t\t\t\t\t<div class=\"e-con-inner\">\n\t\t<div class=\"elementor-element elementor-element-a06488c e-con-full e-flex e-con e-child\" data-id=\"a06488c\" data-element_type=\"container\" data-e-type=\"container\">\n\t\t\t\t<div class=\"elementor-element elementor-element-d6a1cc1 elementor-widget elementor-widget-shortcode\" data-id=\"d6a1cc1\" data-element_type=\"widget\" data-e-type=\"widget\" data-widget_type=\"shortcode.default\">\n\t\t\t\t<div class=\"elementor-widget-container\">\n\t\t\t\t\t\t\t<div class=\"elementor-shortcode\"><nav aria-label=\"breadcrumbs\" class=\"rank-math-breadcrumb\"><p><span class=\"last\">Italpreziosi<\/span><\/p><\/nav><\/div>\n\t\t\t\t\t\t<\/div>\n\t\t\t\t<\/div>\n\t\t\t\t<div class=\"elementor-element elementor-element-09b600f elementor-widget elementor-widget-heading\" data-id=\"09b600f\" data-element_type=\"widget\" data-e-type=\"widget\" data-widget_type=\"heading.default\">\n\t\t\t\t<div class=\"elementor-widget-container\">\n\t\t\t\t\t<h1 class=\"elementor-heading-title elementor-size-default\"><span class=\"sf\">Compraventa de oro<\/span>: funcionamiento y fiscalidad en Italia<\/h1>\t\t\t\t<\/div>\n\t\t\t\t<\/div>\n\t\t\t\t<div class=\"elementor-element elementor-element-f0b0045 elementor-widget__width-inherit elementor-widget elementor-widget-text-editor\" data-id=\"f0b0045\" data-element_type=\"widget\" data-e-type=\"widget\" data-widget_type=\"text-editor.default\">\n\t\t\t\t<div class=\"elementor-widget-container\">\n\t\t\t\t\t\t\t\t\t<p>La compraventa de oro es una pr\u00e1ctica tan antigua como la propia historia de las econom\u00edas globales. Tanto los inversores privados como las empresas han recurrido tradicionalmente al <strong>oro como activo refugio o como instrumento de inversi\u00f3n<\/strong>. <\/p><p>Veamos c\u00f3mo funciona la compraventa de oro en Italia, prestando especial atenci\u00f3n a su regulaci\u00f3n fiscal.<\/p>\t\t\t\t\t\t\t\t<\/div>\n\t\t\t\t<\/div>\n\t\t<div class=\"elementor-element elementor-element-aae4fa8 e-con-full e-flex e-con e-child\" data-id=\"aae4fa8\" data-element_type=\"container\" data-e-type=\"container\">\n\t\t<div class=\"elementor-element elementor-element-b3a9ff6 e-con-full e-flex e-con e-child\" data-id=\"b3a9ff6\" data-element_type=\"container\" data-e-type=\"container\">\n\t\t\t\t<div class=\"elementor-element elementor-element-0ca2218 elementor-widget elementor-widget-image\" data-id=\"0ca2218\" data-element_type=\"widget\" data-e-type=\"widget\" data-widget_type=\"image.default\">\n\t\t\t\t<div class=\"elementor-widget-container\">\n\t\t\t\t\t\t\t\t\t\t\t\t\t\t\t<img fetchpriority=\"high\" decoding=\"async\" width=\"720\" height=\"349\" src=\"https:\/\/cdn.italpreziosi.it\/wp-content\/uploads\/2025\/08\/monete-oro-investimento.jpg\" class=\"attachment-medium_large size-medium_large wp-image-1814\" alt=\"Primer plano de un peque\u00f1o mont\u00f3n de monedas doradas sobre una superficie de madera, con m\u00e1s monedas dispersas y borrosas en el fondo.\" srcset=\"https:\/\/cdn.italpreziosi.it\/wp-content\/uploads\/2025\/08\/monete-oro-investimento.jpg 720w, https:\/\/cdn.italpreziosi.it\/wp-content\/uploads\/2025\/08\/monete-oro-investimento-300x145.jpg 300w\" sizes=\"(max-width: 720px) 100vw, 720px\" \/>\t\t\t\t\t\t\t\t\t\t\t\t\t\t\t<\/div>\n\t\t\t\t<\/div>\n\t\t\t\t<\/div>\n\t\t<div class=\"elementor-element elementor-element-41ff2f8 e-con-full e-flex e-con e-child\" data-id=\"41ff2f8\" data-element_type=\"container\" data-e-type=\"container\">\n\t\t\t\t<div class=\"elementor-element elementor-element-fe9e8df elementor-widget elementor-widget-heading\" data-id=\"fe9e8df\" data-element_type=\"widget\" data-e-type=\"widget\" data-widget_type=\"heading.default\">\n\t\t\t\t<div class=\"elementor-widget-container\">\n\t\t\t\t\t<h2 class=\"elementor-heading-title elementor-size-default\">Qu\u00e9 se entiende por <span class=\"sf\">compraventa de oro<\/span><\/h2>\t\t\t\t<\/div>\n\t\t\t\t<\/div>\n\t\t\t\t<div class=\"elementor-element elementor-element-23908c0 elementor-widget__width-inherit elementor-widget elementor-widget-text-editor\" data-id=\"23908c0\" data-element_type=\"widget\" data-e-type=\"widget\" data-widget_type=\"text-editor.default\">\n\t\t\t\t<div class=\"elementor-widget-container\">\n\t\t\t\t\t\t\t\t\t<p>Cuando se habla de <strong>compraventa de oro<\/strong>, se puede hacer referencia tanto al oro f\u00edsico (como lingotes y monedas) como a los <strong>productos financieros<\/strong> vinculados al oro (como los fondos cotizados en bolsa).<\/p><p>Mientras que el oro f\u00edsico es tangible y requiere una gesti\u00f3n log\u00edstica y material del producto, los productos financieros vinculados a este activo permiten invertir en la evoluci\u00f3n del precio del oro sin poseerlo f\u00edsicamente.<\/p>\t\t\t\t\t\t\t\t<\/div>\n\t\t\t\t<\/div>\n\t\t\t\t<div class=\"elementor-element elementor-element-5c7a18a elementor-widget elementor-widget-heading\" data-id=\"5c7a18a\" data-element_type=\"widget\" data-e-type=\"widget\" data-widget_type=\"heading.default\">\n\t\t\t\t<div class=\"elementor-widget-container\">\n\t\t\t\t\t<h2 class=\"elementor-heading-title elementor-size-default\">C\u00f3mo funciona la compraventa de oro<\/h2>\t\t\t\t<\/div>\n\t\t\t\t<\/div>\n\t\t\t\t<div class=\"elementor-element elementor-element-3292627 elementor-widget__width-inherit elementor-widget elementor-widget-text-editor\" data-id=\"3292627\" data-element_type=\"widget\" data-e-type=\"widget\" data-widget_type=\"text-editor.default\">\n\t\t\t\t<div class=\"elementor-widget-container\">\n\t\t\t\t\t\t\t\t\t<p>La compraventa de oro con fines de inversi\u00f3n consiste en la compra y venta de oro con la expectativa de que su valor aumente con el tiempo, en funci\u00f3n de la evoluci\u00f3n del mercado.<\/p><p>Aunque el oro no ofrece dividendos como las acciones, presenta la ventaja indiscutible de <strong>proteger la inversi\u00f3n frente a los riesgos<\/strong> de inflaci\u00f3n y la volatilidad de los mercados burs\u00e1tiles.<\/p>\t\t\t\t\t\t\t\t<\/div>\n\t\t\t\t<\/div>\n\t\t\t\t<\/div>\n\t\t\t\t<\/div>\n\t\t<div class=\"elementor-element elementor-element-aa25398 e-con-full e-flex e-con e-child\" data-id=\"aa25398\" data-element_type=\"container\" data-e-type=\"container\">\n\t\t<div class=\"elementor-element elementor-element-6b042ca e-con-full e-flex e-con e-child\" data-id=\"6b042ca\" data-element_type=\"container\" data-e-type=\"container\">\n\t\t\t\t<div class=\"elementor-element elementor-element-f3ed3b2 elementor-widget elementor-widget-heading\" data-id=\"f3ed3b2\" data-element_type=\"widget\" data-e-type=\"widget\" data-widget_type=\"heading.default\">\n\t\t\t\t<div class=\"elementor-widget-container\">\n\t\t\t\t\t<h2 class=\"elementor-heading-title elementor-size-default\">Fiscalidad del oro f\u00edsico: qu\u00e9 prev\u00e9 <span class=\"sf\">el r\u00e9gimen fiscal en Italia<\/span><\/h2>\t\t\t\t<\/div>\n\t\t\t\t<\/div>\n\t\t\t\t<div class=\"elementor-element elementor-element-7839c5c elementor-widget__width-inherit elementor-widget elementor-widget-text-editor\" data-id=\"7839c5c\" data-element_type=\"widget\" data-e-type=\"widget\" data-widget_type=\"text-editor.default\">\n\t\t\t\t<div class=\"elementor-widget-container\">\n\t\t\t\t\t\t\t\t\t<p>Invertir en oro en Italia resulta especialmente atractivo tambi\u00e9n por otro motivo: la normativa contempla la <strong>exenci\u00f3n del IVA para el oro de inversi\u00f3n<\/strong>. Adem\u00e1s de comprender las din\u00e1micas que regulan la compraventa de oro, es fundamental aclarar qu\u00e9 se entiende por <a href=\"https:\/\/www.italpreziosi.it\/es\/guia-del-oro\/el-activo-refugio-por-excelencia-el-oro-de-inversion\/\"><span style=\"text-decoration: underline;\">oro de inversi\u00f3n<\/span><\/a>.<\/p><p>El art\u00edculo 1 de la <strong>Ley n.\u00ba 7 de 17\/01\/2000<\/strong> establece que entran en esta categor\u00eda:<\/p><ul><li>\u201clingotes o plaquetas de peso aceptado por el mercado del oro, y en cualquier caso superior a 1 gramo, con una pureza igual o superior a 995 mil\u00e9simos, representados o no por t\u00edtulos\u201d;<\/li><li>\u201cmonedas de oro con una pureza igual o superior a 900 mil\u00e9simos, acu\u00f1adas despu\u00e9s de 1800, que tengan o hayan tenido curso legal en el pa\u00eds de origen y que normalmente se vendan a un precio que no supere en m\u00e1s del 80 % el valor del oro contenido en ellas seg\u00fan el mercado libre\u201d.<\/li><\/ul><p>Esta definici\u00f3n distingue el oro de inversi\u00f3n de otros bienes de consumo o de inversi\u00f3n, para los cuales el IVA suele ser aplicable.<\/p>\t\t\t\t\t\t\t\t<\/div>\n\t\t\t\t<\/div>\n\t\t\t\t<\/div>\n\t\t<div class=\"elementor-element elementor-element-366a1c3 e-con-full e-flex e-con e-child\" data-id=\"366a1c3\" data-element_type=\"container\" data-e-type=\"container\">\n\t\t\t\t<div class=\"elementor-element elementor-element-0bd1db2 elementor-widget elementor-widget-image\" data-id=\"0bd1db2\" data-element_type=\"widget\" data-e-type=\"widget\" data-widget_type=\"image.default\">\n\t\t\t\t<div class=\"elementor-widget-container\">\n\t\t\t\t\t\t\t\t\t\t\t\t\t\t\t<img decoding=\"async\" width=\"720\" height=\"480\" src=\"https:\/\/cdn.italpreziosi.it\/wp-content\/uploads\/2025\/08\/normativa-compravendita-oro.jpg\" class=\"attachment-medium_large size-medium_large wp-image-1812\" alt=\"Una persona vestida de oscuro est\u00e1 sentada ante un escritorio con un mazo, un libro abierto y un portapapeles, lo que sugiere un entorno legal o judicial. La persona sostiene un bol\u00edgrafo y parece estar escribiendo o revisando documentos.\" srcset=\"https:\/\/cdn.italpreziosi.it\/wp-content\/uploads\/2025\/08\/normativa-compravendita-oro.jpg 720w, https:\/\/cdn.italpreziosi.it\/wp-content\/uploads\/2025\/08\/normativa-compravendita-oro-300x200.jpg 300w\" sizes=\"(max-width: 720px) 100vw, 720px\" \/>\t\t\t\t\t\t\t\t\t\t\t\t\t\t\t<\/div>\n\t\t\t\t<\/div>\n\t\t\t\t<\/div>\n\t\t\t\t<\/div>\n\t\t\t\t<div class=\"elementor-element elementor-element-95a3fb4 elementor-widget elementor-widget-heading\" data-id=\"95a3fb4\" data-element_type=\"widget\" data-e-type=\"widget\" data-widget_type=\"heading.default\">\n\t\t\t\t<div class=\"elementor-widget-container\">\n\t\t\t\t\t<h2 class=\"elementor-heading-title elementor-size-default\">Compraventa de oro de inversi\u00f3n: declaraci\u00f3n de las plusval\u00edas<\/h2>\t\t\t\t<\/div>\n\t\t\t\t<\/div>\n\t\t\t\t<div class=\"elementor-element elementor-element-8c5377f elementor-widget__width-inherit elementor-widget elementor-widget-text-editor\" data-id=\"8c5377f\" data-element_type=\"widget\" data-e-type=\"widget\" data-widget_type=\"text-editor.default\">\n\t\t\t\t<div class=\"elementor-widget-container\">\n\t\t\t\t\t\t\t\t\t<p>La compraventa de oro de inversi\u00f3n puede generar <strong>plusval\u00edas de naturaleza financiera<\/strong>, que la legislaci\u00f3n italiana somete a tributaci\u00f3n mediante la aplicaci\u00f3n de un impuesto sustitutivo.<\/p><p>La <strong>Ley de Presupuestos 2024<\/strong> introdujo modificaciones sustanciales respecto a la normativa anterior (art\u00edculo 68 del TUIR). En caso de disponer de las facturas de compra, la plusval\u00eda eventualmente realizada est\u00e1 sujeta a un impuesto sustitutivo del 26 %, equiparable al aplicado a las transacciones financieras, que se liquida en la declaraci\u00f3n de la renta correspondiente al a\u00f1o en que se percibe el importe.<\/p><p>En ausencia de documentaci\u00f3n de compra, se aplica un impuesto del 26 % sobre el total del importe de la venta. Por este motivo, siempre se recomienda conservar la documentaci\u00f3n de compra del metal.<\/p><p>Para obtener una visi\u00f3n completa, actualizada y precisa del r\u00e9gimen fiscal aplicable a la compraventa de oro de inversi\u00f3n, es aconsejable recurrir a profesionales del sector. Los <a href=\"https:\/\/shop.italpreziosi.it\/es\/servicios\/reserva-una-consulta\/\" target=\"_blank\" rel=\"noopener nofollow\"><span style=\"text-decoration: underline;\">consultores de Italpreziosi<\/span><\/a> est\u00e1n a tu disposici\u00f3n para proporcionarte toda la informaci\u00f3n necesaria, de forma segura y verificada.<\/p>\t\t\t\t\t\t\t\t<\/div>\n\t\t\t\t<\/div>\n\t\t\t\t<\/div>\n\t\t\t\t\t<\/div>\n\t\t\t\t<\/div>\n\t\t\t\t<\/div>\n\t\t\t\t<\/div>\n\t\t","protected":false},"excerpt":{"rendered":"<p>Compraventa de oro: funcionamiento y fiscalidad en Italia La compraventa de oro es una pr\u00e1ctica tan antigua como la propia historia de las econom\u00edas globales. Tanto los inversores privados como las empresas han recurrido tradicionalmente al oro como activo refugio o como instrumento de inversi\u00f3n. Veamos c\u00f3mo funciona la compraventa de oro en Italia, prestando [&hellip;]<\/p>\n","protected":false},"author":1,"featured_media":0,"parent":7581,"menu_order":0,"comment_status":"closed","ping_status":"closed","template":"elementor_header_footer","meta":{"_acf_changed":false,"footnotes":""},"class_list":["post-7611","page","type-page","status-publish","hentry"],"acf":[],"_links":{"self":[{"href":"https:\/\/www.italpreziosi.it\/es\/wp-json\/wp\/v2\/pages\/7611","targetHints":{"allow":["GET"]}}],"collection":[{"href":"https:\/\/www.italpreziosi.it\/es\/wp-json\/wp\/v2\/pages"}],"about":[{"href":"https:\/\/www.italpreziosi.it\/es\/wp-json\/wp\/v2\/types\/page"}],"author":[{"embeddable":true,"href":"https:\/\/www.italpreziosi.it\/es\/wp-json\/wp\/v2\/users\/1"}],"replies":[{"embeddable":true,"href":"https:\/\/www.italpreziosi.it\/es\/wp-json\/wp\/v2\/comments?post=7611"}],"version-history":[{"count":6,"href":"https:\/\/www.italpreziosi.it\/es\/wp-json\/wp\/v2\/pages\/7611\/revisions"}],"predecessor-version":[{"id":7666,"href":"https:\/\/www.italpreziosi.it\/es\/wp-json\/wp\/v2\/pages\/7611\/revisions\/7666"}],"up":[{"embeddable":true,"href":"https:\/\/www.italpreziosi.it\/es\/wp-json\/wp\/v2\/pages\/7581"}],"wp:attachment":[{"href":"https:\/\/www.italpreziosi.it\/es\/wp-json\/wp\/v2\/media?parent=7611"}],"curies":[{"name":"wp","href":"https:\/\/api.w.org\/{rel}","templated":true}]}}