{"id":7606,"date":"2025-08-17T18:29:16","date_gmt":"2025-08-17T16:29:16","guid":{"rendered":"https:\/\/www.italpreziosi.it\/guia-del-oro\/la-evolucion-del-precio-del-oro-la-historia-entre-los-siglos-xx-y-xxi\/"},"modified":"2026-03-17T16:23:58","modified_gmt":"2026-03-17T15:23:58","slug":"la-evolucion-del-precio-del-oro-la-historia-entre-los-siglos-xx-y-xxi","status":"publish","type":"page","link":"https:\/\/www.italpreziosi.it\/es\/guia-del-oro\/la-evolucion-del-precio-del-oro-la-historia-entre-los-siglos-xx-y-xxi\/","title":{"rendered":"La evoluci\u00f3n del precio del oro: la historia entre los siglos XX y XXI"},"content":{"rendered":"\t\t<div data-elementor-type=\"wp-page\" data-elementor-id=\"7606\" class=\"elementor elementor-7606 elementor-111\" data-elementor-post-type=\"page\">\n\t\t\t\t<div class=\"elementor-element elementor-element-3ba42f8 e-con-full e-flex e-con e-parent\" data-id=\"3ba42f8\" data-element_type=\"container\" data-e-type=\"container\" data-settings=\"{&quot;background_background&quot;:&quot;classic&quot;}\">\n\t\t<div class=\"elementor-element elementor-element-f619e7a e-flex e-con-boxed e-con e-child\" data-id=\"f619e7a\" data-element_type=\"container\" data-e-type=\"container\">\n\t\t\t\t\t<div class=\"e-con-inner\">\n\t\t<div class=\"elementor-element elementor-element-04f8a99 e-con-full e-flex e-con e-child\" data-id=\"04f8a99\" data-element_type=\"container\" data-e-type=\"container\">\n\t\t\t\t<div class=\"elementor-element elementor-element-4b33617 elementor-widget elementor-widget-shortcode\" data-id=\"4b33617\" data-element_type=\"widget\" data-e-type=\"widget\" data-widget_type=\"shortcode.default\">\n\t\t\t\t<div class=\"elementor-widget-container\">\n\t\t\t\t\t\t\t<div class=\"elementor-shortcode\"><nav aria-label=\"breadcrumbs\" class=\"rank-math-breadcrumb\"><p><span class=\"last\">Italpreziosi<\/span><\/p><\/nav><\/div>\n\t\t\t\t\t\t<\/div>\n\t\t\t\t<\/div>\n\t\t\t\t<div class=\"elementor-element elementor-element-a75917d elementor-widget elementor-widget-heading\" data-id=\"a75917d\" data-element_type=\"widget\" data-e-type=\"widget\" data-widget_type=\"heading.default\">\n\t\t\t\t<div class=\"elementor-widget-container\">\n\t\t\t\t\t<h1 class=\"elementor-heading-title elementor-size-default\"><span class=\"sf\">La evoluci\u00f3n del precio del oro<\/span>: la historia entre los siglos XX y XXI<\/h1>\t\t\t\t<\/div>\n\t\t\t\t<\/div>\n\t\t<div class=\"elementor-element elementor-element-3430f1d e-con-full e-flex e-con e-child\" data-id=\"3430f1d\" data-element_type=\"container\" data-e-type=\"container\">\n\t\t<div class=\"elementor-element elementor-element-536f463 e-con-full e-flex e-con e-child\" data-id=\"536f463\" data-element_type=\"container\" data-e-type=\"container\">\n\t\t\t\t<div class=\"elementor-element elementor-element-636ee00 elementor-widget elementor-widget-image\" data-id=\"636ee00\" data-element_type=\"widget\" data-e-type=\"widget\" data-widget_type=\"image.default\">\n\t\t\t\t<div class=\"elementor-widget-container\">\n\t\t\t\t\t\t\t\t\t\t\t\t\t\t\t<img fetchpriority=\"high\" decoding=\"async\" width=\"720\" height=\"469\" src=\"https:\/\/cdn.italpreziosi.it\/wp-content\/uploads\/2025\/08\/lingotti-oro-investimento.jpg\" class=\"attachment-medium_large size-medium_large wp-image-1818\" alt=\"Un mont\u00f3n de brillantes lingotes de oro apilados sobre un fondo de tela oscura de color intenso.\" srcset=\"https:\/\/cdn.italpreziosi.it\/wp-content\/uploads\/2025\/08\/lingotti-oro-investimento.jpg.webp 720w, https:\/\/cdn.italpreziosi.it\/wp-content\/uploads\/2025\/08\/lingotti-oro-investimento-300x195.jpg.webp 300w\" sizes=\"(max-width: 720px) 100vw, 720px\" \/>\t\t\t\t\t\t\t\t\t\t\t\t\t\t\t<\/div>\n\t\t\t\t<\/div>\n\t\t\t\t<\/div>\n\t\t<div class=\"elementor-element elementor-element-bba77f1 e-con-full e-flex e-con e-child\" data-id=\"bba77f1\" data-element_type=\"container\" data-e-type=\"container\">\n\t\t\t\t<div class=\"elementor-element elementor-element-515846f elementor-widget__width-inherit elementor-widget elementor-widget-text-editor\" data-id=\"515846f\" data-element_type=\"widget\" data-e-type=\"widget\" data-widget_type=\"text-editor.default\">\n\t\t\t\t<div class=\"elementor-widget-container\">\n\t\t\t\t\t\t\t\t\t<p>Considerado desde siempre un refugio seguro para los inversores, el oro ha tenido una historia rica y variable en t\u00e9rminos de cotizaciones. La evoluci\u00f3n del precio del oro a lo largo de las d\u00e9cadas <strong>ha seguido los desaf\u00edos econ\u00f3micos, pol\u00edticos y sociales a nivel global<\/strong>, mostrando una notable transformaci\u00f3n con el paso del tiempo. <\/p><p>Descubramos juntos <strong>la historia del precio del oro desde 1900 hasta la actualidad<\/strong>, prestando especial atenci\u00f3n a la extraordinaria explosi\u00f3n de las cotizaciones registrada en la d\u00e9cada de 1970.<\/p>\t\t\t\t\t\t\t\t<\/div>\n\t\t\t\t<\/div>\n\t\t\t\t<\/div>\n\t\t\t\t<\/div>\n\t\t\t\t<div class=\"elementor-element elementor-element-b3629bd elementor-widget elementor-widget-heading\" data-id=\"b3629bd\" data-element_type=\"widget\" data-e-type=\"widget\" data-widget_type=\"heading.default\">\n\t\t\t\t<div class=\"elementor-widget-container\">\n\t\t\t\t\t<h2 class=\"elementor-heading-title elementor-size-default\">Desde comienzos del siglo XX hasta los a\u00f1os sesenta: <span class=\"sf\">una relativa estabilidad<\/span> <\/h2>\t\t\t\t<\/div>\n\t\t\t\t<\/div>\n\t\t\t\t<div class=\"elementor-element elementor-element-a86cf9c elementor-widget__width-inherit elementor-widget elementor-widget-text-editor\" data-id=\"a86cf9c\" data-element_type=\"widget\" data-e-type=\"widget\" data-widget_type=\"text-editor.default\">\n\t\t\t\t<div class=\"elementor-widget-container\">\n\t\t\t\t\t\t\t\t\t<div class=\"block-go\"><p><strong>Hasta la d\u00e9cada de 1930<\/strong>, el precio del oro se mantuvo <strong>relativamente estable<\/strong>, respaldado por el <strong>Patr\u00f3n Oro (Gold Standard)<\/strong>, un sistema en el que la moneda de un pa\u00eds estaba directamente vinculada a sus reservas de oro.<\/p><p>La <strong>Gran Depresi\u00f3n de los a\u00f1os treinta<\/strong> llev\u00f3 a muchos pa\u00edses a abandonar el Patr\u00f3n Oro, provocando <strong>fluctuaciones<\/strong> en las cotizaciones del oro.<\/p><p>A pesar de ello, hasta la d\u00e9cada de 1960 la evoluci\u00f3n del precio del oro se mantuvo relativamente estable gracias al <strong>Acuerdo de Bretton Woods<\/strong>, que vinculaba las divisas al d\u00f3lar estadounidense, el cual a su vez estaba respaldado por el oro a un tipo fijo de 35 d\u00f3lares por onza.<\/p><\/div>\t\t\t\t\t\t\t\t<\/div>\n\t\t\t\t<\/div>\n\t\t\t\t<div class=\"elementor-element elementor-element-f545c99 elementor-widget elementor-widget-heading\" data-id=\"f545c99\" data-element_type=\"widget\" data-e-type=\"widget\" data-widget_type=\"heading.default\">\n\t\t\t\t<div class=\"elementor-widget-container\">\n\t\t\t\t\t<h2 class=\"elementor-heading-title elementor-size-default\">\nLos a\u00f1os setenta: <span class=\"sf\">la explosi\u00f3n de las cotizaciones del oro<\/span><\/h2>\t\t\t\t<\/div>\n\t\t\t\t<\/div>\n\t\t\t\t<div class=\"elementor-element elementor-element-2d9a310 elementor-widget__width-inherit elementor-widget elementor-widget-text-editor\" data-id=\"2d9a310\" data-element_type=\"widget\" data-e-type=\"widget\" data-widget_type=\"text-editor.default\">\n\t\t\t\t<div class=\"elementor-widget-container\">\n\t\t\t\t\t\t\t\t\t<div class=\"block-go\"><p>La d\u00e9cada de 1970 represent\u00f3 un <strong>punto de inflexi\u00f3n en la historia del precio del oro<\/strong>.<\/p><p>Con el fin del Acuerdo de Bretton Woods y el abandono del Patr\u00f3n Oro por parte de Estados Unidos en 1971, el <strong>precio del oro comenz\u00f3 a fluctuar libremente en el mercado<\/strong>.<\/p><p>Lo que sigui\u00f3 fue un <strong>crecimiento extraordinario de las cotizaciones<\/strong> del oro: entre 1970 y 1980, el precio del oro pas\u00f3 de aproximadamente 35 d\u00f3lares por onza a un m\u00e1ximo de m\u00e1s de 800 d\u00f3lares por onza.<\/p><p>Este fuerte aumento estuvo impulsado por una combinaci\u00f3n de alta inflaci\u00f3n, tensiones geopol\u00edticas, incertidumbre econ\u00f3mica y una creciente demanda de <a href=\"https:\/\/www.italpreziosi.it\/es\/guia-del-oro\/el-activo-refugio-por-excelencia-el-oro-de-inversion\/\"><span style=\"text-decoration: underline;\">oro como activo refugio<\/span><\/a>, cada vez m\u00e1s apreciado por los inversores.<\/p><\/div>\t\t\t\t\t\t\t\t<\/div>\n\t\t\t\t<\/div>\n\t\t\t\t<div class=\"elementor-element elementor-element-0ff12fa elementor-widget elementor-widget-heading\" data-id=\"0ff12fa\" data-element_type=\"widget\" data-e-type=\"widget\" data-widget_type=\"heading.default\">\n\t\t\t\t<div class=\"elementor-widget-container\">\n\t\t\t\t\t<h2 class=\"elementor-heading-title elementor-size-default\">Los a\u00f1os ochenta y noventa: <span class=\"sf\">periodos de calma y crecimiento moderado<\/span><\/h2>\t\t\t\t<\/div>\n\t\t\t\t<\/div>\n\t\t\t\t<div class=\"elementor-element elementor-element-32424cd elementor-widget__width-inherit elementor-widget elementor-widget-text-editor\" data-id=\"32424cd\" data-element_type=\"widget\" data-e-type=\"widget\" data-widget_type=\"text-editor.default\">\n\t\t\t\t<div class=\"elementor-widget-container\">\n\t\t\t\t\t\t\t\t\t<div class=\"block-go\"><p>Tras la explosi\u00f3n de las cotizaciones del oro en la d\u00e9cada de 1970, los <strong>a\u00f1os ochenta<\/strong> estuvieron marcados por una correcci\u00f3n y una posterior <strong>estabilizaci\u00f3n del precio<\/strong>.<\/p><p>La evoluci\u00f3n del precio del oro durante los a\u00f1os ochenta y noventa estuvo influida por diversos factores, entre ellos una <strong>mayor estabilidad econ\u00f3mica<\/strong> global, <strong>bajos niveles de inflaci\u00f3n<\/strong> y una <strong>reducci\u00f3n de la demanda<\/strong> de oro como inversi\u00f3n. Durante este periodo, el precio del oro oscil\u00f3 generalmente entre 300 y 500 d\u00f3lares por onza. <\/p><\/div>\t\t\t\t\t\t\t\t<\/div>\n\t\t\t\t<\/div>\n\t\t<div class=\"elementor-element elementor-element-33dc85e e-con-full e-flex e-con e-child\" data-id=\"33dc85e\" data-element_type=\"container\" data-e-type=\"container\">\n\t\t<div class=\"elementor-element elementor-element-036dfac e-con-full e-flex e-con e-child\" data-id=\"036dfac\" data-element_type=\"container\" data-e-type=\"container\">\n\t\t\t\t<div class=\"elementor-element elementor-element-27e2002 elementor-widget elementor-widget-heading\" data-id=\"27e2002\" data-element_type=\"widget\" data-e-type=\"widget\" data-widget_type=\"heading.default\">\n\t\t\t\t<div class=\"elementor-widget-container\">\n\t\t\t\t\t<h2 class=\"elementor-heading-title elementor-size-default\">\nDesde el a\u00f1o 2000 hasta la actualidad: nuevos desaf\u00edos y nuevos m\u00e1ximos<\/h2>\t\t\t\t<\/div>\n\t\t\t\t<\/div>\n\t\t\t\t<div class=\"elementor-element elementor-element-ff7a2fb elementor-widget__width-inherit elementor-widget elementor-widget-text-editor\" data-id=\"ff7a2fb\" data-element_type=\"widget\" data-e-type=\"widget\" data-widget_type=\"text-editor.default\">\n\t\t\t\t<div class=\"elementor-widget-container\">\n\t\t\t\t\t\t\t\t\t<p>Las dos \u00faltimas d\u00e9cadas han registrado un <strong>renovado inter\u00e9s por el oro<\/strong>, teniendo en cuenta que las cotizaciones del oro en los \u00faltimos 50 a\u00f1os ya muestran una tendencia <strong>alcista<\/strong>. Esta tendencia se acentu\u00f3 a partir de los <strong>primeros a\u00f1os del siglo XXI<\/strong>, impulsada por crisis financieras \u2014como la de 2008\u2014, tensiones geopol\u00edticas y una creciente demanda por parte de mercados emergentes como China e India. <\/p><p><strong>En 2011, el oro alcanz\u00f3 un nuevo m\u00e1ximo hist\u00f3rico<\/strong>, superando los 1.900 d\u00f3lares por onza, antes de estabilizarse nuevamente.<\/p>\t\t\t\t\t\t\t\t<\/div>\n\t\t\t\t<\/div>\n\t\t\t\t<\/div>\n\t\t<div class=\"elementor-element elementor-element-a3c61cf e-con-full e-flex e-con e-child\" data-id=\"a3c61cf\" data-element_type=\"container\" data-e-type=\"container\">\n\t\t\t\t<div class=\"elementor-element elementor-element-f948cb4 elementor-widget elementor-widget-image\" data-id=\"f948cb4\" data-element_type=\"widget\" data-e-type=\"widget\" data-widget_type=\"image.default\">\n\t\t\t\t<div class=\"elementor-widget-container\">\n\t\t\t\t\t\t\t\t\t\t\t\t\t\t\t<img decoding=\"async\" width=\"720\" height=\"704\" src=\"https:\/\/cdn.italpreziosi.it\/wp-content\/uploads\/2025\/08\/consulenti-andamento-prezzo-oro.jpg\" class=\"attachment-medium_large size-medium_large wp-image-1816\" alt=\"Una persona trabaja en un escritorio con varios monitores de ordenador que muestran tablas, gr\u00e1ficos y datos financieros. Las pantallas muestran informaci\u00f3n burs\u00e1til y an\u00e1lisis en un ajetreado entorno de negociaci\u00f3n.\" srcset=\"https:\/\/cdn.italpreziosi.it\/wp-content\/uploads\/2025\/08\/consulenti-andamento-prezzo-oro.jpg.webp 720w, https:\/\/cdn.italpreziosi.it\/wp-content\/uploads\/2025\/08\/consulenti-andamento-prezzo-oro-300x293.jpg.webp 300w\" sizes=\"(max-width: 720px) 100vw, 720px\" \/>\t\t\t\t\t\t\t\t\t\t\t\t\t\t\t<\/div>\n\t\t\t\t<\/div>\n\t\t\t\t<\/div>\n\t\t\t\t<\/div>\n\t\t\t\t<div class=\"elementor-element elementor-element-43de670 elementor-widget elementor-widget-heading\" data-id=\"43de670\" data-element_type=\"widget\" data-e-type=\"widget\" data-widget_type=\"heading.default\">\n\t\t\t\t<div class=\"elementor-widget-container\">\n\t\t\t\t\t<h2 class=\"elementor-heading-title elementor-size-default\">La evoluci\u00f3n hist\u00f3rica del precio del oro: <span class=\"sf\">conclusiones<\/span> <\/h2>\t\t\t\t<\/div>\n\t\t\t\t<\/div>\n\t\t<div class=\"elementor-element elementor-element-ac23736 e-con-full e-flex e-con e-child\" data-id=\"ac23736\" data-element_type=\"container\" data-e-type=\"container\">\n\t\t<div class=\"elementor-element elementor-element-fa6c9ff e-con-full e-flex e-con e-child\" data-id=\"fa6c9ff\" data-element_type=\"container\" data-e-type=\"container\">\n\t\t\t\t<div class=\"elementor-element elementor-element-9696135 elementor-widget__width-inherit elementor-widget elementor-widget-text-editor\" data-id=\"9696135\" data-element_type=\"widget\" data-e-type=\"widget\" data-widget_type=\"text-editor.default\">\n\t\t\t\t<div class=\"elementor-widget-container\">\n\t\t\t\t\t\t\t\t\t<p>Al observar la evoluci\u00f3n del precio del oro a lo largo de los a\u00f1os, se obtiene una valiosa panor\u00e1mica de los desaf\u00edos y tendencias de la econom\u00eda global.<\/p><p>Desde el Patr\u00f3n Oro hasta los turbulentos a\u00f1os setenta, pasando por los retos del nuevo milenio, <strong>el oro ha representado siempre un bar\u00f3metro de las condiciones econ\u00f3micas globales<\/strong>.<\/p><p>Aunque las cotizaciones hist\u00f3ricas del oro han mostrado fluctuaciones a lo largo del tiempo, una cosa es segura: <strong>el oro seguir\u00e1 desempe\u00f1ando un papel clave en el panorama financiero mundial<\/strong>.<\/p>\t\t\t\t\t\t\t\t<\/div>\n\t\t\t\t<\/div>\n\t\t\t\t<\/div>\n\t\t\t\t<\/div>\n\t\t\t\t<\/div>\n\t\t\t\t\t<\/div>\n\t\t\t\t<\/div>\n\t\t\t\t<\/div>\n\t\t\t\t<\/div>\n\t\t","protected":false},"excerpt":{"rendered":"<p>La evoluci\u00f3n del precio del oro: la historia entre los siglos XX y XXI Considerado desde siempre un refugio seguro para los inversores, el oro ha tenido una historia rica y variable en t\u00e9rminos de cotizaciones. La evoluci\u00f3n del precio del oro a lo largo de las d\u00e9cadas ha seguido los desaf\u00edos econ\u00f3micos, pol\u00edticos y [&hellip;]<\/p>\n","protected":false},"author":1,"featured_media":0,"parent":7581,"menu_order":0,"comment_status":"closed","ping_status":"closed","template":"elementor_header_footer","meta":{"_acf_changed":false,"footnotes":""},"class_list":["post-7606","page","type-page","status-publish","hentry"],"acf":[],"_links":{"self":[{"href":"https:\/\/www.italpreziosi.it\/es\/wp-json\/wp\/v2\/pages\/7606","targetHints":{"allow":["GET"]}}],"collection":[{"href":"https:\/\/www.italpreziosi.it\/es\/wp-json\/wp\/v2\/pages"}],"about":[{"href":"https:\/\/www.italpreziosi.it\/es\/wp-json\/wp\/v2\/types\/page"}],"author":[{"embeddable":true,"href":"https:\/\/www.italpreziosi.it\/es\/wp-json\/wp\/v2\/users\/1"}],"replies":[{"embeddable":true,"href":"https:\/\/www.italpreziosi.it\/es\/wp-json\/wp\/v2\/comments?post=7606"}],"version-history":[{"count":7,"href":"https:\/\/www.italpreziosi.it\/es\/wp-json\/wp\/v2\/pages\/7606\/revisions"}],"predecessor-version":[{"id":7681,"href":"https:\/\/www.italpreziosi.it\/es\/wp-json\/wp\/v2\/pages\/7606\/revisions\/7681"}],"up":[{"embeddable":true,"href":"https:\/\/www.italpreziosi.it\/es\/wp-json\/wp\/v2\/pages\/7581"}],"wp:attachment":[{"href":"https:\/\/www.italpreziosi.it\/es\/wp-json\/wp\/v2\/media?parent=7606"}],"curies":[{"name":"wp","href":"https:\/\/api.w.org\/{rel}","templated":true}]}}