{"id":7601,"date":"2025-06-10T17:15:52","date_gmt":"2025-06-10T15:15:52","guid":{"rendered":"https:\/\/www.italpreziosi.it\/guia-del-oro\/fixing-del-oro-el-precio-del-oro-en-los-mercados-internacionales\/"},"modified":"2026-03-17T16:23:52","modified_gmt":"2026-03-17T15:23:52","slug":"fixing-del-oro-el-precio-del-oro-en-los-mercados-internacionales","status":"publish","type":"page","link":"https:\/\/www.italpreziosi.it\/es\/guia-del-oro\/fixing-del-oro-el-precio-del-oro-en-los-mercados-internacionales\/","title":{"rendered":"Fixing del oro: el precio del oro en los mercados internacionales"},"content":{"rendered":"\t\t<div data-elementor-type=\"wp-page\" data-elementor-id=\"7601\" class=\"elementor elementor-7601 elementor-109\" data-elementor-post-type=\"page\">\n\t\t\t\t<div class=\"elementor-element elementor-element-cdec593 e-con-full e-flex e-con e-parent\" data-id=\"cdec593\" data-element_type=\"container\" data-e-type=\"container\" data-settings=\"{&quot;background_background&quot;:&quot;classic&quot;}\">\n\t\t<div class=\"elementor-element elementor-element-aa2eeb8 e-flex e-con-boxed e-con e-child\" data-id=\"aa2eeb8\" data-element_type=\"container\" data-e-type=\"container\">\n\t\t\t\t\t<div class=\"e-con-inner\">\n\t\t<div class=\"elementor-element elementor-element-abbae19 e-con-full e-flex e-con e-child\" data-id=\"abbae19\" data-element_type=\"container\" data-e-type=\"container\">\n\t\t\t\t<div class=\"elementor-element elementor-element-6cf418d elementor-widget elementor-widget-shortcode\" data-id=\"6cf418d\" data-element_type=\"widget\" data-e-type=\"widget\" data-widget_type=\"shortcode.default\">\n\t\t\t\t<div class=\"elementor-widget-container\">\n\t\t\t\t\t\t\t<div class=\"elementor-shortcode\"><nav aria-label=\"breadcrumbs\" class=\"rank-math-breadcrumb\"><p><span class=\"last\">Italpreziosi<\/span><\/p><\/nav><\/div>\n\t\t\t\t\t\t<\/div>\n\t\t\t\t<\/div>\n\t\t\t\t<div class=\"elementor-element elementor-element-993394b elementor-widget elementor-widget-heading\" data-id=\"993394b\" data-element_type=\"widget\" data-e-type=\"widget\" data-widget_type=\"heading.default\">\n\t\t\t\t<div class=\"elementor-widget-container\">\n\t\t\t\t\t<h1 class=\"elementor-heading-title elementor-size-default\"><span class=\"sf\">Fixing del oro<\/span>: el precio del oro en los mercados internacionales<\/h1>\t\t\t\t<\/div>\n\t\t\t\t<\/div>\n\t\t\t\t<div class=\"elementor-element elementor-element-af62b0b elementor-widget__width-inherit elementor-widget elementor-widget-text-editor\" data-id=\"af62b0b\" data-element_type=\"widget\" data-e-type=\"widget\" data-widget_type=\"text-editor.default\">\n\t\t\t\t<div class=\"elementor-widget-container\">\n\t\t\t\t\t\t\t\t\t<p>\u00bfC\u00f3mo se establece el precio al que el oro se compra y se vende? \u00bfQu\u00e9 factores influyen en su valor? \u00bfQui\u00e9nes est\u00e1n legitimados para ofrecer una referencia reconocida a nivel internacional? Estas son algunas de las preguntas clave para comprender <strong>c\u00f3mo funciona el mercado del oro<\/strong> y qu\u00e9 par\u00e1metros lo rigen. Para profundizar en este tema, es conveniente comenzar por un elemento fundamental: el fixing del oro.    <\/p>\t\t\t\t\t\t\t\t<\/div>\n\t\t\t\t<\/div>\n\t\t\t\t<div class=\"elementor-element elementor-element-179f870 elementor-widget elementor-widget-heading\" data-id=\"179f870\" data-element_type=\"widget\" data-e-type=\"widget\" data-widget_type=\"heading.default\">\n\t\t\t\t<div class=\"elementor-widget-container\">\n\t\t\t\t\t<h2 class=\"elementor-heading-title elementor-size-default\">\u00bfQu\u00e9 es el <span class=\"sf\">fixing<\/span> del oro?<\/h2>\t\t\t\t<\/div>\n\t\t\t\t<\/div>\n\t\t\t\t<div class=\"elementor-element elementor-element-811158a elementor-widget__width-inherit elementor-widget elementor-widget-text-editor\" data-id=\"811158a\" data-element_type=\"widget\" data-e-type=\"widget\" data-widget_type=\"text-editor.default\">\n\t\t\t\t<div class=\"elementor-widget-container\">\n\t\t\t\t\t\t\t\t\t<p>El fixing del oro es el procedimiento utilizado \u2014y reconocido a nivel internacional\u2014 para <strong>establecer el precio del oro en los mercados financieros<\/strong>.<\/p><p>Este proceso <strong>se lleva a cabo dos veces al d\u00eda en Londres<\/strong> e involucra a <strong>cinco bancos<\/strong> (Barclays, HSBC, Soci\u00e9t\u00e9 G\u00e9n\u00e9rale, Bank of Nova Scotia y JP Morgan), que acuerdan los precios de compra y venta del oro para sus operaciones diarias.<\/p>\t\t\t\t\t\t\t\t<\/div>\n\t\t\t\t<\/div>\n\t\t\t\t<div class=\"elementor-element elementor-element-1ba61c0 elementor-widget elementor-widget-heading\" data-id=\"1ba61c0\" data-element_type=\"widget\" data-e-type=\"widget\" data-widget_type=\"heading.default\">\n\t\t\t\t<div class=\"elementor-widget-container\">\n\t\t\t\t\t<h3 class=\"elementor-heading-title elementor-size-default\">Un fixing del oro con historia<\/h3>\t\t\t\t<\/div>\n\t\t\t\t<\/div>\n\t\t\t\t<div class=\"elementor-element elementor-element-4411768 elementor-widget__width-inherit elementor-widget elementor-widget-text-editor\" data-id=\"4411768\" data-element_type=\"widget\" data-e-type=\"widget\" data-widget_type=\"text-editor.default\">\n\t\t\t\t<div class=\"elementor-widget-container\">\n\t\t\t\t\t\t\t\t\t<div class=\"block-go\"><div class=\"sub-block\"><p>El fixing del oro <strong>naci\u00f3 en 1919 en Londres<\/strong>, cuando un grupo de banqueros se reuni\u00f3 para establecer un precio de referencia para el oro. El precio se determinaba en funci\u00f3n de las ofertas y demandas de los participantes en la reuni\u00f3n, que representaban a los principales actores del <a href=\"https:\/\/www.italpreziosi.it\/es\/guia-del-oro\/la-evolucion-del-precio-del-oro-la-historia-entre-los-siglos-xx-y-xxi\/\"><span style=\"text-decoration: underline;\">mercado del oro de la \u00e9poca<\/span><\/a>.<\/p><p>Con la evoluci\u00f3n del mercado del oro, el fixing fue transform\u00e1ndose con el tiempo. En <strong>1987<\/strong> se constituy\u00f3 <strong>London Gold Market Fixing Limited<\/strong> para regular el procedimiento del fixing del oro.<\/p><p>En 2014, a ra\u00edz de algunas controversias relacionadas con la transparencia del proceso, se introdujo un nuevo m\u00e9todo de determinaci\u00f3n del precio del oro, denominado <strong>LBMA Gold Price<\/strong>.<\/p><\/div><\/div><div class=\"block-go\">\u00a0<\/div>\t\t\t\t\t\t\t\t<\/div>\n\t\t\t\t<\/div>\n\t\t\t\t<div class=\"elementor-element elementor-element-2869080 elementor-widget elementor-widget-heading\" data-id=\"2869080\" data-element_type=\"widget\" data-e-type=\"widget\" data-widget_type=\"heading.default\">\n\t\t\t\t<div class=\"elementor-widget-container\">\n\t\t\t\t\t<h2 class=\"elementor-heading-title elementor-size-default\"><span class=\"sf\">C\u00f3mo funciona<\/span> hoy el fixing del oro<\/h2>\t\t\t\t<\/div>\n\t\t\t\t<\/div>\n\t\t\t\t<div class=\"elementor-element elementor-element-90362de elementor-widget__width-inherit elementor-widget elementor-widget-text-editor\" data-id=\"90362de\" data-element_type=\"widget\" data-e-type=\"widget\" data-widget_type=\"text-editor.default\">\n\t\t\t\t<div class=\"elementor-widget-container\">\n\t\t\t\t\t\t\t\t\t<div class=\"block-go\"><div class=\"sub-block\"><p>Actualmente, el fixing del oro se <strong>determina cada d\u00eda en Londres a las 10:30 y a las 15:00<\/strong> (hora local). Durante la sesi\u00f3n, los representantes de los cinco bancos participantes presentan sus ofertas de compra y venta de oro, que se tienen en cuenta para establecer el precio de referencia. <\/p><p>El precio fijado mediante el fixing del oro se utiliza como <strong>base para el comercio del oro en los mercados internacionales<\/strong>, influyendo as\u00ed en el precio del oro a nivel mundial.<\/p><\/div><\/div>\t\t\t\t\t\t\t\t<\/div>\n\t\t\t\t<\/div>\n\t\t\t\t<div class=\"elementor-element elementor-element-1f7d1db elementor-widget elementor-widget-heading\" data-id=\"1f7d1db\" data-element_type=\"widget\" data-e-type=\"widget\" data-widget_type=\"heading.default\">\n\t\t\t\t<div class=\"elementor-widget-container\">\n\t\t\t\t\t<h3 class=\"elementor-heading-title elementor-size-default\">\u00bfPor qu\u00e9 se habla del fixing del oro de Londres?<\/h3>\t\t\t\t<\/div>\n\t\t\t\t<\/div>\n\t\t\t\t<div class=\"elementor-element elementor-element-daaf2ac elementor-widget__width-inherit elementor-widget elementor-widget-text-editor\" data-id=\"daaf2ac\" data-element_type=\"widget\" data-e-type=\"widget\" data-widget_type=\"text-editor.default\">\n\t\t\t\t<div class=\"elementor-widget-container\">\n\t\t\t\t\t\t\t\t\t<div class=\"block-go\"><div class=\"sub-block\"><p>Como se desprende de lo anterior, la expresi\u00f3n \u201c<strong>fixing de Londres<\/strong>\u201d hace referencia a la capital brit\u00e1nica, donde el proceso tuvo su origen y donde sigue desarroll\u00e1ndose hoy en d\u00eda.<\/p><p><strong>Londres<\/strong> es considerada el <strong>centro del mercado internacional del oro<\/strong> y alberga importantes organizaciones como la London Bullion Market Association (<a href=\"https:\/\/www.lbma.org.uk\/\" target=\"_blank\" rel=\"noopener nofollow\"><span style=\"text-decoration: underline;\">LBMA<\/span><\/a>), que regula el comercio del oro a nivel global.<\/p><\/div><\/div>\t\t\t\t\t\t\t\t<\/div>\n\t\t\t\t<\/div>\n\t\t<div class=\"elementor-element elementor-element-ccb7a3f e-con-full e-flex e-con e-child\" data-id=\"ccb7a3f\" data-element_type=\"container\" data-e-type=\"container\">\n\t\t<div class=\"elementor-element elementor-element-4388aa4 e-con-full e-flex e-con e-child\" data-id=\"4388aa4\" data-element_type=\"container\" data-e-type=\"container\">\n\t\t\t\t<div class=\"elementor-element elementor-element-6313c1d elementor-widget elementor-widget-image\" data-id=\"6313c1d\" data-element_type=\"widget\" data-e-type=\"widget\" data-widget_type=\"image.default\">\n\t\t\t\t<div class=\"elementor-widget-container\">\n\t\t\t\t\t\t\t\t\t\t\t\t\t\t\t<img fetchpriority=\"high\" decoding=\"async\" width=\"481\" height=\"406\" src=\"https:\/\/cdn.italpreziosi.it\/wp-content\/uploads\/2025\/08\/grafico-fixing-spot-price-oro.jpg\" class=\"attachment-medium_large size-medium_large wp-image-1822\" alt=\"Primer plano de una pantalla digital en la que aparecen m\u00faltiples gr\u00e1ficos lineales de colores azul, rojo y verde que muestran datos financieros o burs\u00e1tiles fluctuantes sobre un fondo oscuro con l\u00edneas de cuadr\u00edcula y valores num\u00e9ricos.\" srcset=\"https:\/\/cdn.italpreziosi.it\/wp-content\/uploads\/2025\/08\/grafico-fixing-spot-price-oro.jpg 481w, https:\/\/cdn.italpreziosi.it\/wp-content\/uploads\/2025\/08\/grafico-fixing-spot-price-oro-300x253.jpg 300w\" sizes=\"(max-width: 481px) 100vw, 481px\" \/>\t\t\t\t\t\t\t\t\t\t\t\t\t\t\t<\/div>\n\t\t\t\t<\/div>\n\t\t\t\t<\/div>\n\t\t<div class=\"elementor-element elementor-element-f54577a e-con-full e-flex e-con e-child\" data-id=\"f54577a\" data-element_type=\"container\" data-e-type=\"container\">\n\t\t\t\t<div class=\"elementor-element elementor-element-777bdf6 elementor-widget elementor-widget-heading\" data-id=\"777bdf6\" data-element_type=\"widget\" data-e-type=\"widget\" data-widget_type=\"heading.default\">\n\t\t\t\t<div class=\"elementor-widget-container\">\n\t\t\t\t\t<h2 class=\"elementor-heading-title elementor-size-default\">La diferencia entre el fixing del oro y el precio spot en tiempo real<\/h2>\t\t\t\t<\/div>\n\t\t\t\t<\/div>\n\t\t\t\t<div class=\"elementor-element elementor-element-5e0faf9 elementor-widget__width-inherit elementor-widget elementor-widget-text-editor\" data-id=\"5e0faf9\" data-element_type=\"widget\" data-e-type=\"widget\" data-widget_type=\"text-editor.default\">\n\t\t\t\t<div class=\"elementor-widget-container\">\n\t\t\t\t\t\t\t\t\t<p>El fixing del oro y el precio spot en tiempo real son dos conceptos distintos utilizados para evaluar el valor del oro en el mercado.<\/p><p>Como se ha explicado, el <strong>fixing del oro<\/strong> es un proceso de determinaci\u00f3n del precio del metal amarillo que tiene lugar <strong>dos veces al d\u00eda<\/strong> en Londres y est\u00e1 gestionado por la LBMA.<\/p><p>El <strong>precio spot en tiempo real<\/strong>, en cambio, es el precio actual del oro en el mercado, <strong>determinado por las transacciones en tiempo real<\/strong> entre compradores y vendedores. Este precio <strong>puede variar en cualquier momento<\/strong> del d\u00eda, en funci\u00f3n de las fluctuaciones de la oferta y la demanda. De hecho, cuando se habla de <a href=\"https:\/\/www.italpreziosi.it\/es\/guia-del-oro\/compraventa-de-oro-funcionamiento-y-fiscalidad-en-italia\/\"><span style=\"text-decoration: underline;\">compraventa de oro<\/span><\/a>, se hace referencia a este tipo de operaciones y a su regulaci\u00f3n.<\/p><p>En otras palabras, mientras que el precio del <strong>fixing del oro se establece \u00fanicamente dos veces al d\u00eda<\/strong> por las cinco grandes entidades bancarias, el <strong>precio spot en tiempo real se actualiza de forma continua<\/strong> seg\u00fan las operaciones del mercado. Por ello, en el lenguaje t\u00e9cnico, cuando se consulta la \u201c<span style=\"text-decoration: underline;\"><a href=\"https:\/\/www.italpreziosi.it\/es\/cotizaciones\/oro\/\">cotizaci\u00f3n del oro<\/a><\/span>\u201d, se hace referencia impl\u00edcitamente a este segundo precio y no al determinado por uno de los dos fixings diarios.<\/p>\t\t\t\t\t\t\t\t<\/div>\n\t\t\t\t<\/div>\n\t\t\t\t<\/div>\n\t\t\t\t<\/div>\n\t\t\t\t<div class=\"elementor-element elementor-element-137c1b8 elementor-widget elementor-widget-heading\" data-id=\"137c1b8\" data-element_type=\"widget\" data-e-type=\"widget\" data-widget_type=\"heading.default\">\n\t\t\t\t<div class=\"elementor-widget-container\">\n\t\t\t\t\t<h2 class=\"elementor-heading-title elementor-size-default\">Qu\u00e9 influye en el precio del oro<\/h2>\t\t\t\t<\/div>\n\t\t\t\t<\/div>\n\t\t\t\t<div class=\"elementor-element elementor-element-cb6eef4 elementor-widget__width-inherit elementor-widget elementor-widget-text-editor\" data-id=\"cb6eef4\" data-element_type=\"widget\" data-e-type=\"widget\" data-widget_type=\"text-editor.default\">\n\t\t\t\t<div class=\"elementor-widget-container\">\n\t\t\t\t\t\t\t\t\t<p>Existen diversos factores que pueden influir en el valor del oro. Por ejemplo, el proceso de <strong>fixing<\/strong> puede verse <strong>afectado por elementos externos<\/strong> como las fluctuaciones de las divisas o los cambios en las pol\u00edticas monetarias de los pa\u00edses. Adem\u00e1s, el proceso de fixing puede estar sujeto a posibles manipulaciones por parte de los bancos de inversi\u00f3n implicados.<\/p><p>Por otro lado, <strong>el precio spot en tiempo real est\u00e1 influido principalmente por la oferta y la demanda del mercado<\/strong>, que a su vez dependen de m\u00faltiples factores, entre ellos la evoluci\u00f3n de los precios de otras materias primas, las tensiones geopol\u00edticas o las fluctuaciones de las divisas.<\/p>\t\t\t\t\t\t\t\t<\/div>\n\t\t\t\t<\/div>\n\t\t<div class=\"elementor-element elementor-element-0a2bf9a e-con-full e-flex e-con e-child\" data-id=\"0a2bf9a\" data-element_type=\"container\" data-e-type=\"container\">\n\t\t<div class=\"elementor-element elementor-element-9d43b81 e-con-full e-flex e-con e-child\" data-id=\"9d43b81\" data-element_type=\"container\" data-e-type=\"container\">\n\t\t\t\t<div class=\"elementor-element elementor-element-ac90907 elementor-widget elementor-widget-image\" data-id=\"ac90907\" data-element_type=\"widget\" data-e-type=\"widget\" data-widget_type=\"image.default\">\n\t\t\t\t<div class=\"elementor-widget-container\">\n\t\t\t\t\t\t\t\t\t\t\t\t\t\t\t<img decoding=\"async\" width=\"720\" height=\"405\" src=\"https:\/\/cdn.italpreziosi.it\/wp-content\/uploads\/2025\/08\/consulente-investimento-oro.jpg\" class=\"attachment-medium_large size-medium_large wp-image-1820\" alt=\"Un hombre trajeado analiza gr\u00e1ficos burs\u00e1tiles en un ordenador port\u00e1til y un smartphone en un escritorio, con una planta, una taza de caf\u00e9 y un bol\u00edgrafo cerca. La pantalla del port\u00e1til muestra un gr\u00e1fico alcista y datos de negociaci\u00f3n.\" srcset=\"https:\/\/cdn.italpreziosi.it\/wp-content\/uploads\/2025\/08\/consulente-investimento-oro.jpg 720w, https:\/\/cdn.italpreziosi.it\/wp-content\/uploads\/2025\/08\/consulente-investimento-oro-300x169.jpg 300w\" sizes=\"(max-width: 720px) 100vw, 720px\" \/>\t\t\t\t\t\t\t\t\t\t\t\t\t\t\t<\/div>\n\t\t\t\t<\/div>\n\t\t\t\t<\/div>\n\t\t<div class=\"elementor-element elementor-element-a7f27f2 e-con-full e-flex e-con e-child\" data-id=\"a7f27f2\" data-element_type=\"container\" data-e-type=\"container\">\n\t\t\t\t<div class=\"elementor-element elementor-element-1549003 elementor-widget elementor-widget-heading\" data-id=\"1549003\" data-element_type=\"widget\" data-e-type=\"widget\" data-widget_type=\"heading.default\">\n\t\t\t\t<div class=\"elementor-widget-container\">\n\t\t\t\t\t<h2 class=\"elementor-heading-title elementor-size-default\">C\u00f3mo contribuye <span class=\"sf\">Italpreziosi<\/span> al fixing de los metales preciosos<\/h2>\t\t\t\t<\/div>\n\t\t\t\t<\/div>\n\t\t\t\t<div class=\"elementor-element elementor-element-3299710 elementor-widget__width-inherit elementor-widget elementor-widget-text-editor\" data-id=\"3299710\" data-element_type=\"widget\" data-e-type=\"widget\" data-widget_type=\"text-editor.default\">\n\t\t\t\t<div class=\"elementor-widget-container\">\n\t\t\t\t\t\t\t\t\t<p>Italpreziosi tambi\u00e9n contribuye a la formaci\u00f3n del precio del oro a trav\u00e9s del ITLP Code. De hecho, la empresa forma parte del grupo de miembros a partir de los cuales la London Bullion Market Association (LBMA) recopila informaci\u00f3n comercial an\u00f3nima y agregada para ofrecer a los operadores del mercado del oro un informe transparente y simplificado sobre el precio del oro.<br>Se trata del LBMA Trade Data, difundido por Nasdaq y disponible a trav\u00e9s de Bloomberg y Refinitiv Eikon. Este servicio proporciona una instant\u00e1nea diaria de la cuota del mercado OTC Loco London y Loco Zurich para los metales preciosos: no solo el oro, sino tambi\u00e9n la plata, el platino y el paladio. <\/p>\t\t\t\t\t\t\t\t<\/div>\n\t\t\t\t<\/div>\n\t\t\t\t<\/div>\n\t\t\t\t<\/div>\n\t\t\t\t<\/div>\n\t\t\t\t\t<\/div>\n\t\t\t\t<\/div>\n\t\t\t\t<\/div>\n\t\t\t\t<\/div>\n\t\t","protected":false},"excerpt":{"rendered":"<p>Fixing del oro: el precio del oro en los mercados internacionales \u00bfC\u00f3mo se establece el precio al que el oro se compra y se vende? \u00bfQu\u00e9 factores influyen en su valor? \u00bfQui\u00e9nes est\u00e1n legitimados para ofrecer una referencia reconocida a nivel internacional? Estas son algunas de las preguntas clave para comprender c\u00f3mo funciona el mercado [&hellip;]<\/p>\n","protected":false},"author":1,"featured_media":0,"parent":7581,"menu_order":0,"comment_status":"closed","ping_status":"closed","template":"elementor_header_footer","meta":{"_acf_changed":false,"footnotes":""},"class_list":["post-7601","page","type-page","status-publish","hentry"],"acf":[],"_links":{"self":[{"href":"https:\/\/www.italpreziosi.it\/es\/wp-json\/wp\/v2\/pages\/7601","targetHints":{"allow":["GET"]}}],"collection":[{"href":"https:\/\/www.italpreziosi.it\/es\/wp-json\/wp\/v2\/pages"}],"about":[{"href":"https:\/\/www.italpreziosi.it\/es\/wp-json\/wp\/v2\/types\/page"}],"author":[{"embeddable":true,"href":"https:\/\/www.italpreziosi.it\/es\/wp-json\/wp\/v2\/users\/1"}],"replies":[{"embeddable":true,"href":"https:\/\/www.italpreziosi.it\/es\/wp-json\/wp\/v2\/comments?post=7601"}],"version-history":[{"count":9,"href":"https:\/\/www.italpreziosi.it\/es\/wp-json\/wp\/v2\/pages\/7601\/revisions"}],"predecessor-version":[{"id":7680,"href":"https:\/\/www.italpreziosi.it\/es\/wp-json\/wp\/v2\/pages\/7601\/revisions\/7680"}],"up":[{"embeddable":true,"href":"https:\/\/www.italpreziosi.it\/es\/wp-json\/wp\/v2\/pages\/7581"}],"wp:attachment":[{"href":"https:\/\/www.italpreziosi.it\/es\/wp-json\/wp\/v2\/media?parent=7601"}],"curies":[{"name":"wp","href":"https:\/\/api.w.org\/{rel}","templated":true}]}}