{"id":7597,"date":"2025-08-17T17:36:43","date_gmt":"2025-08-17T15:36:43","guid":{"rendered":"https:\/\/www.italpreziosi.it\/guia-del-oro\/el-activo-refugio-por-excelencia-el-oro-de-inversion\/"},"modified":"2026-03-17T16:23:34","modified_gmt":"2026-03-17T15:23:34","slug":"el-activo-refugio-por-excelencia-el-oro-de-inversion","status":"publish","type":"page","link":"https:\/\/www.italpreziosi.it\/es\/guia-del-oro\/el-activo-refugio-por-excelencia-el-oro-de-inversion\/","title":{"rendered":"El activo refugio por excelencia: el oro de inversi\u00f3n"},"content":{"rendered":"\t\t<div data-elementor-type=\"wp-page\" data-elementor-id=\"7597\" class=\"elementor elementor-7597 elementor-107\" data-elementor-post-type=\"page\">\n\t\t\t\t<div class=\"elementor-element elementor-element-7b5af22 e-con-full e-flex e-con e-parent\" data-id=\"7b5af22\" data-element_type=\"container\" data-e-type=\"container\" data-settings=\"{&quot;background_background&quot;:&quot;classic&quot;}\">\n\t\t<div class=\"elementor-element elementor-element-cc9c19a e-flex e-con-boxed e-con e-child\" data-id=\"cc9c19a\" data-element_type=\"container\" data-e-type=\"container\">\n\t\t\t\t\t<div class=\"e-con-inner\">\n\t\t<div class=\"elementor-element elementor-element-c8b4c2f e-con-full e-flex e-con e-child\" data-id=\"c8b4c2f\" data-element_type=\"container\" data-e-type=\"container\">\n\t\t\t\t<div class=\"elementor-element elementor-element-0c7d681 elementor-widget elementor-widget-shortcode\" data-id=\"0c7d681\" data-element_type=\"widget\" data-e-type=\"widget\" data-widget_type=\"shortcode.default\">\n\t\t\t\t<div class=\"elementor-widget-container\">\n\t\t\t\t\t\t\t<div class=\"elementor-shortcode\"><nav aria-label=\"breadcrumbs\" class=\"rank-math-breadcrumb\"><p><span class=\"last\">Italpreziosi<\/span><\/p><\/nav><\/div>\n\t\t\t\t\t\t<\/div>\n\t\t\t\t<\/div>\n\t\t\t\t<div class=\"elementor-element elementor-element-d7e2c42 elementor-widget elementor-widget-heading\" data-id=\"d7e2c42\" data-element_type=\"widget\" data-e-type=\"widget\" data-widget_type=\"heading.default\">\n\t\t\t\t<div class=\"elementor-widget-container\">\n\t\t\t\t\t<h1 class=\"elementor-heading-title elementor-size-default\">El activo refugio por excelencia: <span class=\"sf\">el oro de inversi\u00f3n<\/span> <\/h1>\t\t\t\t<\/div>\n\t\t\t\t<\/div>\n\t\t\t\t<div class=\"elementor-element elementor-element-072617b elementor-widget__width-inherit elementor-widget elementor-widget-text-editor\" data-id=\"072617b\" data-element_type=\"widget\" data-e-type=\"widget\" data-widget_type=\"text-editor.default\">\n\t\t\t\t<div class=\"elementor-widget-container\">\n\t\t\t\t\t\t\t\t\t<p>Hemos analizado las caracter\u00edsticas f\u00edsicas del oro, sus colores y las aleaciones que puede formar, las diferencias entre oro bruto y oro puro o fino, as\u00ed como los sistemas de evaluaci\u00f3n de la pureza \u2014y, por tanto, de su valor\u2014 tanto en quilates como en mil\u00e9simos. Ahora intentemos comprender por qu\u00e9 este metal precioso ha sido hist\u00f3ricamente considerado un activo refugio: hablamos, por tanto, del oro de inversi\u00f3n. <\/p>\t\t\t\t\t\t\t\t<\/div>\n\t\t\t\t<\/div>\n\t\t<div class=\"elementor-element elementor-element-ae089cf e-con-full e-flex e-con e-child\" data-id=\"ae089cf\" data-element_type=\"container\" data-e-type=\"container\">\n\t\t<div class=\"elementor-element elementor-element-206cc31 e-con-full e-flex e-con e-child\" data-id=\"206cc31\" data-element_type=\"container\" data-e-type=\"container\">\n\t\t\t\t<div class=\"elementor-element elementor-element-81798e1 elementor-widget elementor-widget-image\" data-id=\"81798e1\" data-element_type=\"widget\" data-e-type=\"widget\" data-widget_type=\"image.default\">\n\t\t\t\t<div class=\"elementor-widget-container\">\n\t\t\t\t\t\t\t\t\t\t\t\t\t\t\t<img fetchpriority=\"high\" decoding=\"async\" width=\"720\" height=\"460\" src=\"https:\/\/cdn.italpreziosi.it\/wp-content\/uploads\/2025\/08\/oro-da-investimento.jpg\" class=\"attachment-medium_large size-medium_large wp-image-1826\" alt=\"Los lingotes y monedas de oro se apilan en primer plano, con un colorido gr\u00e1fico de velas financieras sobre fondo negro detr\u00e1s, que representa las tendencias del mercado y la inversi\u00f3n en oro.\" srcset=\"https:\/\/cdn.italpreziosi.it\/wp-content\/uploads\/2025\/08\/oro-da-investimento.jpg 720w, https:\/\/cdn.italpreziosi.it\/wp-content\/uploads\/2025\/08\/oro-da-investimento-300x192.jpg 300w\" sizes=\"(max-width: 720px) 100vw, 720px\" \/>\t\t\t\t\t\t\t\t\t\t\t\t\t\t\t<\/div>\n\t\t\t\t<\/div>\n\t\t\t\t<\/div>\n\t\t<div class=\"elementor-element elementor-element-4eeccfd e-con-full e-flex e-con e-child\" data-id=\"4eeccfd\" data-element_type=\"container\" data-e-type=\"container\">\n\t\t\t\t<div class=\"elementor-element elementor-element-7b5abd6 elementor-widget elementor-widget-heading\" data-id=\"7b5abd6\" data-element_type=\"widget\" data-e-type=\"widget\" data-widget_type=\"heading.default\">\n\t\t\t\t<div class=\"elementor-widget-container\">\n\t\t\t\t\t<h2 class=\"elementor-heading-title elementor-size-default\">\u00bfPor qu\u00e9 el oro ha sido siempre considerado un <span class=\"sf\">activo refugio<\/span>?<\/h2>\t\t\t\t<\/div>\n\t\t\t\t<\/div>\n\t\t\t\t<div class=\"elementor-element elementor-element-2f59ea3 elementor-widget__width-inherit elementor-widget elementor-widget-text-editor\" data-id=\"2f59ea3\" data-element_type=\"widget\" data-e-type=\"widget\" data-widget_type=\"text-editor.default\">\n\t\t\t\t<div class=\"elementor-widget-container\">\n\t\t\t\t\t\t\t\t\t<p>Desde la antig\u00fcedad, al oro se le ha reconocido un <strong>valor estable y duradero<\/strong>. Su rareza, la dificultad para obtenerlo y sus caracter\u00edsticas f\u00edsicas lo han convertido en un bien precioso y codiciado, utilizado como moneda y como s\u00edmbolo de poder y estatus social, adem\u00e1s de econ\u00f3mico. <\/p><p>A lo largo de la historia, <strong>el oro ha adquirido cada vez mayor relevancia como activo refugio en momentos de incertidumbre econ\u00f3mica y pol\u00edtica<\/strong>. Las crisis financieras, las guerras, las epidemias y otras situaciones de inestabilidad han llevado a las personas a <strong>buscar seguridad<\/strong> invirtiendo en activos refugio, como el oro. <\/p>\t\t\t\t\t\t\t\t<\/div>\n\t\t\t\t<\/div>\n\t\t\t\t<\/div>\n\t\t\t\t<\/div>\n\t\t\t\t<div class=\"elementor-element elementor-element-44bd3d6 elementor-widget__width-inherit elementor-widget elementor-widget-text-editor\" data-id=\"44bd3d6\" data-element_type=\"widget\" data-e-type=\"widget\" data-widget_type=\"text-editor.default\">\n\t\t\t\t<div class=\"elementor-widget-container\">\n\t\t\t\t\t\t\t\t\t<p>Un ejemplo hist\u00f3rico especialmente significativo es la <strong>crisis financiera de 1929<\/strong>, que dio lugar a la Gran Depresi\u00f3n. El <strong>colapso de los mercados burs\u00e1tiles<\/strong> llev\u00f3 a muchos inversores a refugiarse en el oro, cuyo precio aument\u00f3 considerablemente frente a la p\u00e9rdida de valor de las divisas. <\/p><p>En las \u00faltimas d\u00e9cadas, la evoluci\u00f3n de las din\u00e1micas econ\u00f3micas ha impulsado una mayor diversificaci\u00f3n de las inversiones, pero el oro sigue consider\u00e1ndose un activo refugio fundamental. En particular, los inversores lo utilizan como defensa frente a la inflaci\u00f3n y como protecci\u00f3n ante la volatilidad de los mercados financieros. <\/p>\t\t\t\t\t\t\t\t<\/div>\n\t\t\t\t<\/div>\n\t\t\t\t<div class=\"elementor-element elementor-element-cae31a9 elementor-widget elementor-widget-heading\" data-id=\"cae31a9\" data-element_type=\"widget\" data-e-type=\"widget\" data-widget_type=\"heading.default\">\n\t\t\t\t<div class=\"elementor-widget-container\">\n\t\t\t\t\t<h2 class=\"elementor-heading-title elementor-size-default\">\u00bfQu\u00e9 se entiende por <span class=\"sf\">oro de inversi\u00f3n<\/span>?<\/h2>\t\t\t\t<\/div>\n\t\t\t\t<\/div>\n\t\t\t\t<div class=\"elementor-element elementor-element-5abfe9c elementor-widget__width-inherit elementor-widget elementor-widget-text-editor\" data-id=\"5abfe9c\" data-element_type=\"widget\" data-e-type=\"widget\" data-widget_type=\"text-editor.default\">\n\t\t\t\t<div class=\"elementor-widget-container\">\n\t\t\t\t\t\t\t\t\t<p>Por oro de inversi\u00f3n se entiende una forma de adquisici\u00f3n de oro f\u00edsico realizada con el objetivo espec\u00edfico de beneficiarse de su valor de mercado.<\/p><p>A diferencia del oro utilizado en joyer\u00eda o con fines industriales, <strong>el oro de inversi\u00f3n se considera un aut\u00e9ntico activo financiero<\/strong>.<\/p><p>El oro de inversi\u00f3n puede adquirirse en distintas formas, entre ellas lingotes de oro y monedas de oro. La elecci\u00f3n de una u otra forma depende principalmente de las preferencias del inversor y de las condiciones del mercado.<\/p><p>Se considera una <strong>inversi\u00f3n segura<\/strong> \u2014precisamente porque el oro ha mantenido hist\u00f3ricamente un determinado <strong>valor en el tiempo<\/strong>\u2014 y de largo plazo, capaz de proteger la cartera frente a posibles p\u00e9rdidas financieras y de aportar estabilidad.<\/p><div class=\"sub-block\">\u00a0<\/div>\t\t\t\t\t\t\t\t<\/div>\n\t\t\t\t<\/div>\n\t\t\t\t<div class=\"elementor-element elementor-element-703feab elementor-widget elementor-widget-heading\" data-id=\"703feab\" data-element_type=\"widget\" data-e-type=\"widget\" data-widget_type=\"heading.default\">\n\t\t\t\t<div class=\"elementor-widget-container\">\n\t\t\t\t\t<h3 class=\"elementor-heading-title elementor-size-default\">Diversificar la cartera de inversiones<\/h3>\t\t\t\t<\/div>\n\t\t\t\t<\/div>\n\t\t\t\t<div class=\"elementor-element elementor-element-a277a16 elementor-widget__width-inherit elementor-widget elementor-widget-text-editor\" data-id=\"a277a16\" data-element_type=\"widget\" data-e-type=\"widget\" data-widget_type=\"text-editor.default\">\n\t\t\t\t<div class=\"elementor-widget-container\">\n\t\t\t\t\t\t\t\t\t<p>El oro de inversi\u00f3n tambi\u00e9n puede ser una <strong>herramienta de diversificaci\u00f3n de la cartera<\/strong>. Los inversores pueden adquirir oro como parte de una cartera diversificada que incluya acciones, bonos, bienes inmuebles y otros productos financieros. <\/p><p>El oro de inversi\u00f3n puede ayudar a reducir el riesgo global de la cartera, ya que su valor no sigue necesariamente el comportamiento de otros activos financieros.<\/p>\t\t\t\t\t\t\t\t<\/div>\n\t\t\t\t<\/div>\n\t\t\t\t<div class=\"elementor-element elementor-element-a0be301 elementor-widget elementor-widget-heading\" data-id=\"a0be301\" data-element_type=\"widget\" data-e-type=\"widget\" data-widget_type=\"heading.default\">\n\t\t\t\t<div class=\"elementor-widget-container\">\n\t\t\t\t\t<h2 class=\"elementor-heading-title elementor-size-default\">Oro de inversi\u00f3n: <span class=\"sf\">la normativa italiana<\/span><\/h2>\t\t\t\t<\/div>\n\t\t\t\t<\/div>\n\t\t\t\t<div class=\"elementor-element elementor-element-0c28dce elementor-widget__width-inherit elementor-widget elementor-widget-text-editor\" data-id=\"0c28dce\" data-element_type=\"widget\" data-e-type=\"widget\" data-widget_type=\"text-editor.default\">\n\t\t\t\t<div class=\"elementor-widget-container\">\n\t\t\t\t\t\t\t\t\t<p>En Italia, el oro de inversi\u00f3n est\u00e1 sujeto a normativas espec\u00edficas que definen las caracter\u00edsticas de los productos de oro destinados a la inversi\u00f3n y las modalidades de su comercializaci\u00f3n.<\/p><p>La principal <a href=\"https:\/\/shop.italpreziosi.it\/es\/informacion\/normativa\/\" rel=\"nofollow noopener\" target=\"_blank\"><span style=\"text-decoration: underline;\">normativa que regula el oro de inversi\u00f3n<\/span><\/a> en Italia es la <strong>Ley de 17 de enero de 2000, n.\u00ba 7<\/strong>, conocida tambi\u00e9n como \u201c<strong>Decreto Oro<\/strong>\u201d. Esta ley define los <strong>requisitos que deben cumplir los productos de oro de inversi\u00f3n<\/strong> \u2014incluidos los lingotes y las monedas de oro\u2014 para ser considerados como tales y beneficiarse de las correspondientes ventajas fiscales.<\/p><p>En particular, los productos de oro de inversi\u00f3n deben tener una pureza m\u00ednima del 995\u2030 para los lingotes y del 900\u2030 para las monedas. Adem\u00e1s, deben estar acu\u00f1ados por una ceca acreditada y tener un valor nominal.<\/p>\t\t\t\t\t\t\t\t<\/div>\n\t\t\t\t<\/div>\n\t\t\t\t<div class=\"elementor-element elementor-element-b109dce elementor-widget elementor-widget-heading\" data-id=\"b109dce\" data-element_type=\"widget\" data-e-type=\"widget\" data-widget_type=\"heading.default\">\n\t\t\t\t<div class=\"elementor-widget-container\">\n\t\t\t\t\t<h2 class=\"elementor-heading-title elementor-size-default\">El precio y las <span class=\"sf\">cotizaciones<\/span> del oro de inversi\u00f3n<\/h2>\t\t\t\t<\/div>\n\t\t\t\t<\/div>\n\t\t\t\t<div class=\"elementor-element elementor-element-55bdd17 elementor-widget__width-inherit elementor-widget elementor-widget-text-editor\" data-id=\"55bdd17\" data-element_type=\"widget\" data-e-type=\"widget\" data-widget_type=\"text-editor.default\">\n\t\t\t\t<div class=\"elementor-widget-container\">\n\t\t\t\t\t\t\t\t\t<p>El <strong>precio del oro f\u00edsico de inversi\u00f3n<\/strong> depende de su <strong>pureza<\/strong> \u2014expresada mediante el <a href=\"https:\/\/www.italpreziosi.it\/es\/guia-del-oro\/el-sistema-de-los-quilates-los-milesimos-y-el-oro-750\/\"><span style=\"text-decoration: underline;\">sistema de mil\u00e9simos o de <strong>quilates<\/strong><\/span><\/a>\u2014 y de su <strong>peso<\/strong>, indicado en gramos u onzas.<\/p><p>Las <a href=\"https:\/\/www.italpreziosi.it\/es\/cotizaciones\/oro\/\"><span style=\"text-decoration: underline;\">cotizaciones del oro<\/span><\/a> que determinan el precio del oro de inversi\u00f3n est\u00e1n influenciadas por la oferta y la demanda en el mercado internacional, la inflaci\u00f3n, el tipo de cambio y las decisiones de los bancos centrales en materia de pol\u00edtica monetaria.<\/p><p>Precisamente por su car\u00e1cter de activo refugio, el precio del oro f\u00edsico de inversi\u00f3n puede aumentar en momentos de incertidumbre econ\u00f3mica o pol\u00edtica, cuando crece la demanda por parte de los inversores que buscan una forma segura de diversificar su cartera.<\/p>\t\t\t\t\t\t\t\t<\/div>\n\t\t\t\t<\/div>\n\t\t<div class=\"elementor-element elementor-element-2ee0a3f e-con-full e-flex e-con e-child\" data-id=\"2ee0a3f\" data-element_type=\"container\" data-e-type=\"container\">\n\t\t<div class=\"elementor-element elementor-element-f40cc22 e-con-full e-flex e-con e-child\" data-id=\"f40cc22\" data-element_type=\"container\" data-e-type=\"container\">\n\t\t\t\t<div class=\"elementor-element elementor-element-08e8f5a elementor-widget elementor-widget-image\" data-id=\"08e8f5a\" data-element_type=\"widget\" data-e-type=\"widget\" data-widget_type=\"image.default\">\n\t\t\t\t<div class=\"elementor-widget-container\">\n\t\t\t\t\t\t\t\t\t\t\t\t\t\t\t<img decoding=\"async\" width=\"720\" height=\"540\" src=\"https:\/\/cdn.italpreziosi.it\/wp-content\/uploads\/2025\/08\/lingotti-oro-italpreziosi.jpg\" class=\"attachment-medium_large size-medium_large wp-image-1824\" alt=\"Primer plano de un lingote de oro de 1 kilogramo grabado con la inscripci\u00f3n &quot;ITALPREZIOSI ITALY 1 KILO FINE GOLD 999.9&quot;, en posici\u00f3n vertical delante de lingotes de oro apilados sobre una superficie roja.\" srcset=\"https:\/\/cdn.italpreziosi.it\/wp-content\/uploads\/2025\/08\/lingotti-oro-italpreziosi.jpg 720w, https:\/\/cdn.italpreziosi.it\/wp-content\/uploads\/2025\/08\/lingotti-oro-italpreziosi-300x225.jpg 300w\" sizes=\"(max-width: 720px) 100vw, 720px\" \/>\t\t\t\t\t\t\t\t\t\t\t\t\t\t\t<\/div>\n\t\t\t\t<\/div>\n\t\t\t\t<\/div>\n\t\t<div class=\"elementor-element elementor-element-7f2cbb0 e-con-full e-flex e-con e-child\" data-id=\"7f2cbb0\" data-element_type=\"container\" data-e-type=\"container\">\n\t\t\t\t<div class=\"elementor-element elementor-element-47db3e6 elementor-widget elementor-widget-heading\" data-id=\"47db3e6\" data-element_type=\"widget\" data-e-type=\"widget\" data-widget_type=\"heading.default\">\n\t\t\t\t<div class=\"elementor-widget-container\">\n\t\t\t\t\t<h2 class=\"elementor-heading-title elementor-size-default\"><span class=\"sf\">\n\u00bfLingotes o monedas?<\/span> Elegir el oro de inversi\u00f3n<\/h2>\t\t\t\t<\/div>\n\t\t\t\t<\/div>\n\t\t\t\t<div class=\"elementor-element elementor-element-0c14446 elementor-widget__width-inherit elementor-widget elementor-widget-text-editor\" data-id=\"0c14446\" data-element_type=\"widget\" data-e-type=\"widget\" data-widget_type=\"text-editor.default\">\n\t\t\t\t<div class=\"elementor-widget-container\">\n\t\t\t\t\t\t\t\t\t<p>Entre las distintas formas de <a href=\"https:\/\/shop.italpreziosi.it\/es\/inversion\/oro\/\" target=\"_blank\" rel=\"noopener nofollow\"><span style=\"text-decoration: underline;\">oro f\u00edsico de inversi\u00f3n<\/span><\/a>, los <strong>lingotes<\/strong> suelen ser la opci\u00f3n preferida por los compradores m\u00e1s experimentados. Los lingotes de oro son f\u00e1ciles de almacenar, pueden comprarse y venderse con mayor agilidad y est\u00e1n disponibles en distintos formatos. En la tienda online de <strong>Italpreziosi<\/strong> es posible adquirir <a href=\"https:\/\/shop.italpreziosi.it\/es\/inversion\/lingotes\/oro\/\" rel=\"nofollow noopener\" target=\"_blank\"><span style=\"text-decoration: underline;\">lingotes de oro puro<\/span><\/a> <strong>en nueve formatos diferentes<\/strong>, desde 5 gramos hasta 1 kilogramo, siempre acompa\u00f1ados de un certificado de garant\u00eda.<\/p><p>Una forma alternativa de inversi\u00f3n en oro f\u00edsico son las <strong>monedas de colecci\u00f3n<\/strong>: a menudo acu\u00f1adas <strong>en tiradas limitadas<\/strong>, pueden tener un <strong>valor numism\u00e1tico<\/strong> superior al valor del oro que contienen.<\/p><p>Italpreziosi ofrece un amplio cat\u00e1logo de <a href=\"https:\/\/shop.italpreziosi.it\/es\/inversion\/monedas\/\" rel=\"nofollow noopener\" target=\"_blank\"><span style=\"text-decoration: underline;\"><strong>monedas de oro<\/strong><\/span><\/a> <strong>de colecci\u00f3n y de inversi\u00f3n<\/strong>, entre ellas Marengos y Libras Esterlinas, procedentes de las principales cecas del mundo. Para elegir la forma de inversi\u00f3n m\u00e1s adecuada a las propias necesidades, Italpreziosi pone a disposici\u00f3n un <a href=\"https:\/\/shop.italpreziosi.it\/es\/servicios\/reserva-una-consulta\/\" rel=\"nofollow noopener\" target=\"_blank\"><span style=\"text-decoration: underline;\">servicio de asesoramiento<\/span><\/a> con profesionales del sector, que acompa\u00f1an al cliente en la elecci\u00f3n de la soluci\u00f3n m\u00e1s eficaz y segura.<\/p>\t\t\t\t\t\t\t\t<\/div>\n\t\t\t\t<\/div>\n\t\t\t\t<\/div>\n\t\t\t\t<\/div>\n\t\t\t\t<\/div>\n\t\t\t\t\t<\/div>\n\t\t\t\t<\/div>\n\t\t\t\t<\/div>\n\t\t\t\t<\/div>\n\t\t","protected":false},"excerpt":{"rendered":"<p>El activo refugio por excelencia: el oro de inversi\u00f3n Hemos analizado las caracter\u00edsticas f\u00edsicas del oro, sus colores y las aleaciones que puede formar, las diferencias entre oro bruto y oro puro o fino, as\u00ed como los sistemas de evaluaci\u00f3n de la pureza \u2014y, por tanto, de su valor\u2014 tanto en quilates como en mil\u00e9simos. [&hellip;]<\/p>\n","protected":false},"author":1,"featured_media":0,"parent":7581,"menu_order":0,"comment_status":"closed","ping_status":"closed","template":"elementor_header_footer","meta":{"_acf_changed":false,"footnotes":""},"class_list":["post-7597","page","type-page","status-publish","hentry"],"acf":[],"_links":{"self":[{"href":"https:\/\/www.italpreziosi.it\/es\/wp-json\/wp\/v2\/pages\/7597","targetHints":{"allow":["GET"]}}],"collection":[{"href":"https:\/\/www.italpreziosi.it\/es\/wp-json\/wp\/v2\/pages"}],"about":[{"href":"https:\/\/www.italpreziosi.it\/es\/wp-json\/wp\/v2\/types\/page"}],"author":[{"embeddable":true,"href":"https:\/\/www.italpreziosi.it\/es\/wp-json\/wp\/v2\/users\/1"}],"replies":[{"embeddable":true,"href":"https:\/\/www.italpreziosi.it\/es\/wp-json\/wp\/v2\/comments?post=7597"}],"version-history":[{"count":6,"href":"https:\/\/www.italpreziosi.it\/es\/wp-json\/wp\/v2\/pages\/7597\/revisions"}],"predecessor-version":[{"id":7653,"href":"https:\/\/www.italpreziosi.it\/es\/wp-json\/wp\/v2\/pages\/7597\/revisions\/7653"}],"up":[{"embeddable":true,"href":"https:\/\/www.italpreziosi.it\/es\/wp-json\/wp\/v2\/pages\/7581"}],"wp:attachment":[{"href":"https:\/\/www.italpreziosi.it\/es\/wp-json\/wp\/v2\/media?parent=7597"}],"curies":[{"name":"wp","href":"https:\/\/api.w.org\/{rel}","templated":true}]}}