{"id":7591,"date":"2025-08-17T17:53:50","date_gmt":"2025-08-17T15:53:50","guid":{"rendered":"https:\/\/www.italpreziosi.it\/guia-del-oro\/el-sistema-de-los-quilates-los-milesimos-y-el-oro-750\/"},"modified":"2026-03-17T16:23:46","modified_gmt":"2026-03-17T15:23:46","slug":"el-sistema-de-los-quilates-los-milesimos-y-el-oro-750","status":"publish","type":"page","link":"https:\/\/www.italpreziosi.it\/es\/guia-del-oro\/el-sistema-de-los-quilates-los-milesimos-y-el-oro-750\/","title":{"rendered":"El sistema de los quilates, los mil\u00e9simos y el oro 750"},"content":{"rendered":"\t\t<div data-elementor-type=\"wp-page\" data-elementor-id=\"7591\" class=\"elementor elementor-7591 elementor-103\" data-elementor-post-type=\"page\">\n\t\t\t\t<div class=\"elementor-element elementor-element-1f45437 e-con-full e-flex e-con e-parent\" data-id=\"1f45437\" data-element_type=\"container\" data-e-type=\"container\" data-settings=\"{&quot;background_background&quot;:&quot;classic&quot;}\">\n\t\t<div class=\"elementor-element elementor-element-200ad9c e-flex e-con-boxed e-con e-child\" data-id=\"200ad9c\" data-element_type=\"container\" data-e-type=\"container\">\n\t\t\t\t\t<div class=\"e-con-inner\">\n\t\t<div class=\"elementor-element elementor-element-047f4e7 e-con-full e-flex e-con e-child\" data-id=\"047f4e7\" data-element_type=\"container\" data-e-type=\"container\">\n\t\t\t\t<div class=\"elementor-element elementor-element-7d6928b elementor-widget elementor-widget-shortcode\" data-id=\"7d6928b\" data-element_type=\"widget\" data-e-type=\"widget\" data-widget_type=\"shortcode.default\">\n\t\t\t\t<div class=\"elementor-widget-container\">\n\t\t\t\t\t\t\t<div class=\"elementor-shortcode\"><nav aria-label=\"breadcrumbs\" class=\"rank-math-breadcrumb\"><p><span class=\"last\">Italpreziosi<\/span><\/p><\/nav><\/div>\n\t\t\t\t\t\t<\/div>\n\t\t\t\t<\/div>\n\t\t\t\t<div class=\"elementor-element elementor-element-f6760d1 elementor-widget elementor-widget-heading\" data-id=\"f6760d1\" data-element_type=\"widget\" data-e-type=\"widget\" data-widget_type=\"heading.default\">\n\t\t\t\t<div class=\"elementor-widget-container\">\n\t\t\t\t\t<h1 class=\"elementor-heading-title elementor-size-default\">El sistema de los quilates, los mil\u00e9simos y el oro 750<\/h1>\t\t\t\t<\/div>\n\t\t\t\t<\/div>\n\t\t\t\t<div class=\"elementor-element elementor-element-b1511c7 elementor-widget__width-inherit elementor-widget elementor-widget-text-editor\" data-id=\"b1511c7\" data-element_type=\"widget\" data-e-type=\"widget\" data-widget_type=\"text-editor.default\">\n\t\t\t\t<div class=\"elementor-widget-container\">\n\t\t\t\t\t\t\t\t\t<p>Para <strong>evaluar la pureza del oro<\/strong> \u2014y, por tanto, su valor\u2014 se utilizan dos unidades de medida diferentes: los <strong>quilates<\/strong> y los <strong>mil\u00e9simos<\/strong>. Por ello, por ejemplo, se puede hablar de <strong>oro 750<\/strong> u <strong>oro de 18 quilates<\/strong> para referirse al oro com\u00fanmente utilizado en joyer\u00eda. <\/p><p>Pero \u00bfqu\u00e9 representan exactamente estas medidas y cu\u00e1les son las diferencias? Ve\u00e1moslo. <\/p>\t\t\t\t\t\t\t\t<\/div>\n\t\t\t\t<\/div>\n\t\t<div class=\"elementor-element elementor-element-cadacf1 e-con-full e-flex e-con e-child\" data-id=\"cadacf1\" data-element_type=\"container\" data-e-type=\"container\">\n\t\t<div class=\"elementor-element elementor-element-10e990d e-con-full e-flex e-con e-child\" data-id=\"10e990d\" data-element_type=\"container\" data-e-type=\"container\">\n\t\t\t\t<div class=\"elementor-element elementor-element-6cd4776 elementor-widget elementor-widget-image\" data-id=\"6cd4776\" data-element_type=\"widget\" data-e-type=\"widget\" data-widget_type=\"image.default\">\n\t\t\t\t<div class=\"elementor-widget-container\">\n\t\t\t\t\t\t\t\t\t\t\t\t\t\t\t<img fetchpriority=\"high\" decoding=\"async\" width=\"720\" height=\"481\" src=\"https:\/\/cdn.italpreziosi.it\/wp-content\/uploads\/2025\/08\/lingotto-oro-100-grammi-italpreziosi.jpg\" class=\"attachment-medium_large size-medium_large wp-image-1830\" alt=\"Un \u00fanico lingote de oro descansa sobre una superficie met\u00e1lica, reflejando la luz. El lingote lleva la etiqueta &quot;FINE GOLD 999.9&quot; con un peso de 1 kilogramo y un logotipo estampado en su superficie.\" srcset=\"https:\/\/cdn.italpreziosi.it\/wp-content\/uploads\/2025\/08\/lingotto-oro-100-grammi-italpreziosi.jpg 720w, https:\/\/cdn.italpreziosi.it\/wp-content\/uploads\/2025\/08\/lingotto-oro-100-grammi-italpreziosi-300x200.jpg 300w\" sizes=\"(max-width: 720px) 100vw, 720px\" \/>\t\t\t\t\t\t\t\t\t\t\t\t\t\t\t<\/div>\n\t\t\t\t<\/div>\n\t\t\t\t<\/div>\n\t\t<div class=\"elementor-element elementor-element-f626031 e-con-full e-flex e-con e-child\" data-id=\"f626031\" data-element_type=\"container\" data-e-type=\"container\">\n\t\t\t\t<div class=\"elementor-element elementor-element-1358291 elementor-widget elementor-widget-heading\" data-id=\"1358291\" data-element_type=\"widget\" data-e-type=\"widget\" data-widget_type=\"heading.default\">\n\t\t\t\t<div class=\"elementor-widget-container\">\n\t\t\t\t\t<h2 class=\"elementor-heading-title elementor-size-default\">Qu\u00e9 es el t\u00edtulo del oro y qu\u00e9 indican los <span class=\"sf\">mil\u00e9simos<\/span><\/h2>\t\t\t\t<\/div>\n\t\t\t\t<\/div>\n\t\t\t\t<div class=\"elementor-element elementor-element-fb51f83 elementor-widget__width-inherit elementor-widget elementor-widget-text-editor\" data-id=\"fb51f83\" data-element_type=\"widget\" data-e-type=\"widget\" data-widget_type=\"text-editor.default\">\n\t\t\t\t<div class=\"elementor-widget-container\">\n\t\t\t\t\t\t\t\t\t<p>El <strong>t\u00edtulo del oro<\/strong> es la cantidad de metal puro en relaci\u00f3n con el peso total del objeto. La <strong>Ley n.\u00ba 46 de 1968 <\/strong>, sobre la normativa de t\u00edtulos y marcas de identificaci\u00f3n de los metales preciosos, establece que el oro, la plata, el platino y el paladio \u201cdeben llevar impreso el <strong>t\u00edtulo en mil\u00e9simos<\/strong>\u201d.<\/p><p><strong>Los mil\u00e9simos del oro<\/strong> representan una medida de la pureza del metal precioso expresada en partes por mil.<\/p><p>A nivel normativo, por tanto, el t\u00edtulo del oro debe expresarse en mil\u00e9simos: por esta raz\u00f3n, un lingote de oro puro debe llevar la indicaci\u00f3n <strong>999.9<\/strong>, que se\u00f1ala una pureza de 999.9\/1000, el nivel m\u00e1ximo alcanzable, tal y como se indica claramente en la ficha t\u00e9cnica de cualquier lingote de oro puro, como por ejemplo la del <a href=\"https:\/\/shop.italpreziosi.it\/es\/inversion\/lingotes\/oro\/lingote-de-oro-100gr\/\" rel=\"nofollow noopener\" target=\"_blank\"><span style=\"text-decoration: underline;\">lingote de oro de 100 gramos<\/span><\/a> comercializado por Italpreziosi.<\/p><p>Seg\u00fan esta escala, es f\u00e1cil deducir que el conocido \u201coro 750\u201d contiene 750\u2030 de oro puro. Sin embargo, no todo el mundo sabe que esto corresponde al oro de 18 quilates, una denominaci\u00f3n que hace referencia a la otra unidad de medida de la pureza del oro.<\/p>\t\t\t\t\t\t\t\t<\/div>\n\t\t\t\t<\/div>\n\t\t\t\t<\/div>\n\t\t\t\t<\/div>\n\t\t<div class=\"elementor-element elementor-element-3820781 e-con-full e-flex e-con e-child\" data-id=\"3820781\" data-element_type=\"container\" data-e-type=\"container\">\n\t\t<div class=\"elementor-element elementor-element-64eb923 e-con-full e-flex e-con e-child\" data-id=\"64eb923\" data-element_type=\"container\" data-e-type=\"container\">\n\t\t\t\t<div class=\"elementor-element elementor-element-9d93bd7 elementor-widget elementor-widget-heading\" data-id=\"9d93bd7\" data-element_type=\"widget\" data-e-type=\"widget\" data-widget_type=\"heading.default\">\n\t\t\t\t<div class=\"elementor-widget-container\">\n\t\t\t\t\t<h2 class=\"elementor-heading-title elementor-size-default\">\u00bfQu\u00e9 representan los <span class=\"sf\">quilates<\/span> del oro?<\/h2>\t\t\t\t<\/div>\n\t\t\t\t<\/div>\n\t\t\t\t<div class=\"elementor-element elementor-element-8d8a9ae elementor-widget__width-inherit elementor-widget elementor-widget-text-editor\" data-id=\"8d8a9ae\" data-element_type=\"widget\" data-e-type=\"widget\" data-widget_type=\"text-editor.default\">\n\t\t\t\t<div class=\"elementor-widget-container\">\n\t\t\t\t\t\t\t\t\t<p>Los <strong>quilates<\/strong>, al igual que los mil\u00e9simos, son una <strong>medida de la pureza del oro<\/strong>: lo que cambia es la escala de referencia. <strong>Un quilate corresponde a 1\/24 de una masa de oro puro<\/strong>. Por tanto, el <strong>oro de 24 quilates<\/strong> \u2014com\u00fanmente llamado \u201coro puro\u201d\u2014 contiene 24 partes de oro sobre 24 y, en consecuencia, una pureza del 100 %.<\/p><p>Seg\u00fan la misma escala, como es f\u00e1cil deducir, el <strong>oro de 18 quilates<\/strong> contiene 18 partes de oro puro sobre un total de 24, es decir, el 75 %; el 25 % restante, como hemos visto, est\u00e1 compuesto por una aleaci\u00f3n de otros metales.<\/p><p><strong>El sistema de los quilates se utiliza sobre todo en joyer\u00eda<\/strong>: normalmente, las joyas se fabrican en oro de 18 quilates, menos maleable y m\u00e1s resistente que el oro de 24 quilates.<\/p><p>Especialmente fascinante es el <strong>origen del t\u00e9rmino \u201cquilate\u201d<\/strong>, que tiene ra\u00edces muy antiguas: procede del griego ker\u00e1tion, que indicaba el algarrobo y, a su vez, es diminutivo de keras (\u201ccuerno\u201d), por su forma. Las semillas de algarrobo \u2014literalmente \u201cpeque\u00f1os cuernos\u201d\u2014 se utilizaban para pesar objetos preciosos, ya que se cre\u00eda que siempre ten\u00edan la misma masa y, por tanto, eran ideales como unidad de medida.  <\/p><p>El t\u00e9rmino fue retomado del \u00e1rabe q\u012br\u0101\u1e6d, que significa literalmente \u201cveinticuatroava parte\u201d: adem\u00e1s de ser una unidad de peso para metales preciosos, tambi\u00e9n era un subm\u00faltiplo del dirham, la moneda de plata utilizada en el mundo isl\u00e1mico durante la Edad Media.<\/p><p>Hoy en d\u00eda, los quilates se utilizan tanto como unidad de peso de las piedras preciosas como \u00edndice de pureza de las aleaciones de oro. En este segundo \u00e1mbito, <strong>el quilate del oro ha conservado el valor hist\u00f3rico de 1\/24<\/strong>, como en el mundo \u00e1rabe. <\/p><p>Se trata de un t\u00e9rmino tan antiguo y extendido que actualmente, por antonomasia, se utiliza el derivado \u201c<strong>quilataje<\/strong>\u201d para indicar el valor preciso de una persona o de un proyecto.<\/p>\t\t\t\t\t\t\t\t<\/div>\n\t\t\t\t<\/div>\n\t\t\t\t<\/div>\n\t\t<div class=\"elementor-element elementor-element-3f0e598 e-con-full e-flex e-con e-child\" data-id=\"3f0e598\" data-element_type=\"container\" data-e-type=\"container\">\n\t\t\t\t<div class=\"elementor-element elementor-element-41048c8 elementor-widget elementor-widget-image\" data-id=\"41048c8\" data-element_type=\"widget\" data-e-type=\"widget\" data-widget_type=\"image.default\">\n\t\t\t\t<div class=\"elementor-widget-container\">\n\t\t\t\t\t\t\t\t\t\t\t\t\t\t\t<img decoding=\"async\" width=\"461\" height=\"493\" src=\"https:\/\/cdn.italpreziosi.it\/wp-content\/uploads\/2025\/08\/produzione-gioiello-oro-750.jpg\" class=\"attachment-medium_large size-medium_large wp-image-1828\" alt=\"Primer plano de unas manos puliendo un brazalete de cadena de oro contra una rueda pulidora amarilla que gira, con la cadena sujeta sobre un trozo de tela para mayor seguridad y apoyo.\" srcset=\"https:\/\/cdn.italpreziosi.it\/wp-content\/uploads\/2025\/08\/produzione-gioiello-oro-750.jpg 461w, https:\/\/cdn.italpreziosi.it\/wp-content\/uploads\/2025\/08\/produzione-gioiello-oro-750-281x300.jpg 281w\" sizes=\"(max-width: 461px) 100vw, 461px\" \/>\t\t\t\t\t\t\t\t\t\t\t\t\t\t\t<\/div>\n\t\t\t\t<\/div>\n\t\t\t\t<\/div>\n\t\t\t\t<\/div>\n\t\t\t\t<div class=\"elementor-element elementor-element-4ade8d4 elementor-widget elementor-widget-heading\" data-id=\"4ade8d4\" data-element_type=\"widget\" data-e-type=\"widget\" data-widget_type=\"heading.default\">\n\t\t\t\t<div class=\"elementor-widget-container\">\n\t\t\t\t\t<h2 class=\"elementor-heading-title elementor-size-default\">Quilates del oro: \u00bfc\u00f3mo entender su <span class=\"sf\">valor<\/span>?<\/h2>\t\t\t\t<\/div>\n\t\t\t\t<\/div>\n\t\t\t\t<div class=\"elementor-element elementor-element-214238f elementor-widget__width-inherit elementor-widget elementor-widget-text-editor\" data-id=\"214238f\" data-element_type=\"widget\" data-e-type=\"widget\" data-widget_type=\"text-editor.default\">\n\t\t\t\t<div class=\"elementor-widget-container\">\n\t\t\t\t\t\t\t\t\t<div class=\"block-go\"><p>Ya sea oro amarillo, oro blanco, oro rosa u oro rojo, el metal precioso por excelencia debe llevar siempre una marca de identificaci\u00f3n de su valor.<\/p><p>Para <strong>conocer los quilates del oro,<\/strong> es necesario examinar el <strong>punz\u00f3n<\/strong> presente en el producto, ya se trate de una joya, un lingote u otro objeto de oro. El punz\u00f3n es una marca que identifica al fabricante y <strong>la pureza del oro de la pieza<\/strong>.<\/p><p>Como alternativa, es posible utilizar un probador de quilates, una herramienta que permite determinar la pureza del oro de forma precisa y fiable.<\/p><p>Una vez comprendido el quilataje, para determinar el <strong>valor en t\u00e9rminos de precio<\/strong>, la referencia es el oro puro (24 quilates o 999.9 mil\u00e9simos), cuyo precio se determina en los mercados internacionales mediante el <a href=\"https:\/\/www.italpreziosi.it\/es\/guia-del-oro\/fixing-del-oro-el-precio-del-oro-en-los-mercados-internacionales\/\"><span style=\"text-decoration: underline;\"><strong>fixing de Londres<\/strong><\/span><\/a> dos veces al d\u00eda.<\/p><\/div><div class=\"block-go\">\u00a0<\/div>\t\t\t\t\t\t\t\t<\/div>\n\t\t\t\t<\/div>\n\t\t<div class=\"elementor-element elementor-element-84151ef e-con-full e-flex e-con e-child\" data-id=\"84151ef\" data-element_type=\"container\" data-e-type=\"container\">\n\t\t<div class=\"elementor-element elementor-element-6b31a57 e-con-full e-flex e-con e-child\" data-id=\"6b31a57\" data-element_type=\"container\" data-e-type=\"container\">\n\t\t\t\t<div class=\"elementor-element elementor-element-57e038e elementor-widget elementor-widget-heading\" data-id=\"57e038e\" data-element_type=\"widget\" data-e-type=\"widget\" data-widget_type=\"heading.default\">\n\t\t\t\t<div class=\"elementor-widget-container\">\n\t\t\t\t\t<h2 class=\"elementor-heading-title elementor-size-default\">Correspondencias entre quilates y mil\u00e9simos: <span class=\"sf\">el oro 750 o 18 quilates<\/span><\/h2>\t\t\t\t<\/div>\n\t\t\t\t<\/div>\n\t\t\t\t<div class=\"elementor-element elementor-element-813696c elementor-widget__width-inherit elementor-widget elementor-widget-text-editor\" data-id=\"813696c\" data-element_type=\"widget\" data-e-type=\"widget\" data-widget_type=\"text-editor.default\">\n\t\t\t\t<div class=\"elementor-widget-container\">\n\t\t\t\t\t\t\t\t\t<p>En resumen, los quilates y los mil\u00e9simos indican ambos la pureza del oro, pero en escalas diferentes.<\/p><p>El quilate representa la fracci\u00f3n de 1\/24 de oro puro en un objeto precioso. Los mil\u00e9simos indican el n\u00famero de partes de oro puro sobre mil. <\/p><p>Entonces, <strong>\u00bfa cu\u00e1ntos quilates equivale el oro 750?<\/strong> Es uno de los ejemplos m\u00e1s sencillos y quiz\u00e1 el m\u00e1s conocido: el oro 750 indica una aleaci\u00f3n que contiene 750\u2030 de oro puro y los 250\u2030 restantes de otros metales. Este valor <strong>corresponde exactamente al oro de 18 quilates<\/strong> del que hemos hablado. <\/p><p>Es posible realizar una <strong>conversi\u00f3n<\/strong> r\u00e1pida entre ambas unidades de medida utilizando una tabla como esta:<\/p>\t\t\t\t\t\t\t\t<\/div>\n\t\t\t\t<\/div>\n\t\t\t\t<\/div>\n\t\t<div class=\"elementor-element elementor-element-c13dbbe e-con-full e-flex e-con e-child\" data-id=\"c13dbbe\" data-element_type=\"container\" data-e-type=\"container\">\n\t\t\t\t<div class=\"elementor-element elementor-element-10e6a11 custom-table elementor-widget elementor-widget-html\" data-id=\"10e6a11\" data-element_type=\"widget\" data-e-type=\"widget\" data-widget_type=\"html.default\">\n\t\t\t\t<div class=\"elementor-widget-container\">\n\t\t\t\t\t<table>\n<thead>\n<tr>\n<td><strong>Quilates<\/strong><\/td>\n<td><strong>Mil\u00e9simos<\/strong><\/td>\n<\/tr>\n<\/thead>\n<tbody>\n<tr>\n<td>1<\/td>\n<td>41,666<\/td>\n<\/tr>\n<tr>\n<td>2<\/td>\n<td>83,333<\/td>\n<\/tr>\n<tr>\n<td>3<\/td>\n<td>125,000<\/td>\n<\/tr>\n<tr>\n<td>4<\/td>\n<td>166,666<\/td>\n<\/tr>\n<tr>\n<td>5<\/td>\n<td>208,333<\/td>\n<\/tr>\n<tr>\n<td>6<\/td>\n<td>250,000<\/td>\n<\/tr>\n<tr>\n<td>7<\/td>\n<td>291,666<\/td>\n<\/tr>\n<tr>\n<td>8<\/td>\n<td>333,333<\/td>\n<\/tr>\n<tr>\n<td>9<\/td>\n<td>375,000<\/td>\n<\/tr>\n<tr>\n<td>10<\/td>\n<td>416,666<\/td>\n<\/tr>\n<tr>\n<td>11<\/td>\n<td>458,333<\/td>\n<\/tr>\n<tr>\n<td><strong>12<\/strong><\/td>\n<td><strong>500,000<\/strong><\/td>\n<\/tr>\n<tr>\n<td>13<\/td>\n<td>541,666<\/td>\n<\/tr>\n<tr>\n<td>14<\/td>\n<td>583,333<\/td>\n<\/tr>\n<tr>\n<td>15<\/td>\n<td>625,000<\/td>\n<\/tr>\n<tr>\n<td>16<\/td>\n<td>666,666<\/td>\n<\/tr>\n<tr>\n<td>17<\/td>\n<td>708,333<\/td>\n<\/tr>\n<tr>\n<td><strong>18<\/strong><\/td>\n<td><strong>750,000<\/strong><\/td>\n<\/tr>\n<tr>\n<td>19<\/td>\n<td>791,666<\/td>\n<\/tr>\n<tr>\n<td>20<\/td>\n<td>833,333<\/td>\n<\/tr>\n<tr>\n<td>21<\/td>\n<td>875,000<\/td>\n<\/tr>\n<tr>\n<td>22<\/td>\n<td>916,666<\/td>\n<\/tr>\n<tr>\n<td>23<\/td>\n<td>958,333<\/td>\n<\/tr>\n<tr>\n<td><strong>24<\/strong><\/td>\n<td><strong>1000,00<\/strong><\/td>\n<\/tr>\n<\/tbody>\n<\/table>\t\t\t\t<\/div>\n\t\t\t\t<\/div>\n\t\t\t\t<\/div>\n\t\t\t\t<\/div>\n\t\t\t\t<\/div>\n\t\t\t\t\t<\/div>\n\t\t\t\t<\/div>\n\t\t\t\t<\/div>\n\t\t\t\t<\/div>\n\t\t","protected":false},"excerpt":{"rendered":"<p>El sistema de los quilates, los mil\u00e9simos y el oro 750 Para evaluar la pureza del oro \u2014y, por tanto, su valor\u2014 se utilizan dos unidades de medida diferentes: los quilates y los mil\u00e9simos. Por ello, por ejemplo, se puede hablar de oro 750 u oro de 18 quilates para referirse al oro com\u00fanmente utilizado [&hellip;]<\/p>\n","protected":false},"author":1,"featured_media":0,"parent":7581,"menu_order":0,"comment_status":"closed","ping_status":"closed","template":"elementor_header_footer","meta":{"_acf_changed":false,"footnotes":""},"class_list":["post-7591","page","type-page","status-publish","hentry"],"acf":[],"_links":{"self":[{"href":"https:\/\/www.italpreziosi.it\/es\/wp-json\/wp\/v2\/pages\/7591","targetHints":{"allow":["GET"]}}],"collection":[{"href":"https:\/\/www.italpreziosi.it\/es\/wp-json\/wp\/v2\/pages"}],"about":[{"href":"https:\/\/www.italpreziosi.it\/es\/wp-json\/wp\/v2\/types\/page"}],"author":[{"embeddable":true,"href":"https:\/\/www.italpreziosi.it\/es\/wp-json\/wp\/v2\/users\/1"}],"replies":[{"embeddable":true,"href":"https:\/\/www.italpreziosi.it\/es\/wp-json\/wp\/v2\/comments?post=7591"}],"version-history":[{"count":7,"href":"https:\/\/www.italpreziosi.it\/es\/wp-json\/wp\/v2\/pages\/7591\/revisions"}],"predecessor-version":[{"id":7648,"href":"https:\/\/www.italpreziosi.it\/es\/wp-json\/wp\/v2\/pages\/7591\/revisions\/7648"}],"up":[{"embeddable":true,"href":"https:\/\/www.italpreziosi.it\/es\/wp-json\/wp\/v2\/pages\/7581"}],"wp:attachment":[{"href":"https:\/\/www.italpreziosi.it\/es\/wp-json\/wp\/v2\/media?parent=7591"}],"curies":[{"name":"wp","href":"https:\/\/api.w.org\/{rel}","templated":true}]}}