{"id":7586,"date":"2025-08-17T19:02:44","date_gmt":"2025-08-17T17:02:44","guid":{"rendered":"https:\/\/www.italpreziosi.it\/guia-del-oro\/oro-bruto-oro-puro-y-oro-fino-oro-zecchino-cuales-son-las-diferencias\/"},"modified":"2026-03-17T16:24:11","modified_gmt":"2026-03-17T15:24:11","slug":"oro-bruto-oro-puro-y-oro-fino-oro-zecchino-cuales-son-las-diferencias","status":"publish","type":"page","link":"https:\/\/www.italpreziosi.it\/es\/guia-del-oro\/oro-bruto-oro-puro-y-oro-fino-oro-zecchino-cuales-son-las-diferencias\/","title":{"rendered":"Oro bruto, oro puro y oro fino (oro zecchino): \u00bfcu\u00e1les son las diferencias?"},"content":{"rendered":"\t\t<div data-elementor-type=\"wp-page\" data-elementor-id=\"7586\" class=\"elementor elementor-7586 elementor-101\" data-elementor-post-type=\"page\">\n\t\t\t\t<div class=\"elementor-element elementor-element-b79cfb2 e-con-full e-flex e-con e-parent\" data-id=\"b79cfb2\" data-element_type=\"container\" data-e-type=\"container\" data-settings=\"{&quot;background_background&quot;:&quot;classic&quot;}\">\n\t\t<div class=\"elementor-element elementor-element-c4f945a e-flex e-con-boxed e-con e-child\" data-id=\"c4f945a\" data-element_type=\"container\" data-e-type=\"container\">\n\t\t\t\t\t<div class=\"e-con-inner\">\n\t\t<div class=\"elementor-element elementor-element-85f55de e-con-full e-flex e-con e-child\" data-id=\"85f55de\" data-element_type=\"container\" data-e-type=\"container\">\n\t\t\t\t<div class=\"elementor-element elementor-element-3f808ef elementor-widget elementor-widget-shortcode\" data-id=\"3f808ef\" data-element_type=\"widget\" data-e-type=\"widget\" data-widget_type=\"shortcode.default\">\n\t\t\t\t<div class=\"elementor-widget-container\">\n\t\t\t\t\t\t\t<div class=\"elementor-shortcode\"><nav aria-label=\"breadcrumbs\" class=\"rank-math-breadcrumb\"><p><span class=\"last\">Italpreziosi<\/span><\/p><\/nav><\/div>\n\t\t\t\t\t\t<\/div>\n\t\t\t\t<\/div>\n\t\t\t\t<div class=\"elementor-element elementor-element-9deafa4 elementor-widget elementor-widget-heading\" data-id=\"9deafa4\" data-element_type=\"widget\" data-e-type=\"widget\" data-widget_type=\"heading.default\">\n\t\t\t\t<div class=\"elementor-widget-container\">\n\t\t\t\t\t<h1 class=\"elementor-heading-title elementor-size-default\">Oro bruto, oro puro y oro fino (oro zecchino): \u00bfcu\u00e1les son las diferencias?<\/h1>\t\t\t\t<\/div>\n\t\t\t\t<\/div>\n\t\t\t\t<div class=\"elementor-element elementor-element-e619d08 elementor-widget__width-inherit elementor-widget elementor-widget-text-editor\" data-id=\"e619d08\" data-element_type=\"widget\" data-e-type=\"widget\" data-widget_type=\"text-editor.default\">\n\t\t\t\t<div class=\"elementor-widget-container\">\n\t\t\t\t\t\t\t\t\t<p>El oro es uno de los metales preciosos m\u00e1s codiciados del mundo, apreciado por su belleza, su rareza y, sobre todo, por su valor. En el lenguaje coloquial a veces utilizamos expresiones como \u201c<strong>oro bruto<\/strong>\u201d, \u201c<strong>oro puro<\/strong>\u201d y \u201c<strong>oro fino<\/strong>\u201d (oro zecchino) sin ser plenamente conscientes de sus diferencias. Descubramos juntos el origen de estas definiciones.  <\/p>\t\t\t\t\t\t\t\t<\/div>\n\t\t\t\t<\/div>\n\t\t<div class=\"elementor-element elementor-element-ab4d2da e-con-full e-flex e-con e-child\" data-id=\"ab4d2da\" data-element_type=\"container\" data-e-type=\"container\">\n\t\t<div class=\"elementor-element elementor-element-a071dbd e-con-full e-flex e-con e-child\" data-id=\"a071dbd\" data-element_type=\"container\" data-e-type=\"container\">\n\t\t\t\t<div class=\"elementor-element elementor-element-90aec13 elementor-widget elementor-widget-image\" data-id=\"90aec13\" data-element_type=\"widget\" data-e-type=\"widget\" data-widget_type=\"image.default\">\n\t\t\t\t<div class=\"elementor-widget-container\">\n\t\t\t\t\t\t\t\t\t\t\t\t\t\t\t<img fetchpriority=\"high\" decoding=\"async\" width=\"720\" height=\"481\" src=\"https:\/\/cdn.italpreziosi.it\/wp-content\/uploads\/2025\/08\/pepita-oro-grezzo.jpg\" class=\"attachment-medium_large size-medium_large wp-image-1834\" alt=\"Una sola pepita de oro aparece n\u00edtidamente enfocada en primer plano, con un mont\u00f3n de pepitas de oro difuminadas al fondo, todo ello sobre una superficie negra y un fondo oscuro.\" srcset=\"https:\/\/cdn.italpreziosi.it\/wp-content\/uploads\/2025\/08\/pepita-oro-grezzo.jpg.webp 720w, https:\/\/cdn.italpreziosi.it\/wp-content\/uploads\/2025\/08\/pepita-oro-grezzo-300x200.jpg.webp 300w\" sizes=\"(max-width: 720px) 100vw, 720px\" \/>\t\t\t\t\t\t\t\t\t\t\t\t\t\t\t<\/div>\n\t\t\t\t<\/div>\n\t\t\t\t<\/div>\n\t\t<div class=\"elementor-element elementor-element-ecd381b e-con-full e-flex e-con e-child\" data-id=\"ecd381b\" data-element_type=\"container\" data-e-type=\"container\">\n\t\t\t\t<div class=\"elementor-element elementor-element-862a5df elementor-widget elementor-widget-heading\" data-id=\"862a5df\" data-element_type=\"widget\" data-e-type=\"widget\" data-widget_type=\"heading.default\">\n\t\t\t\t<div class=\"elementor-widget-container\">\n\t\t\t\t\t<h2 class=\"elementor-heading-title elementor-size-default\"><span class=\"sf\">Oro bruto<\/span>: el metal amarillo en la naturaleza<\/h2>\t\t\t\t<\/div>\n\t\t\t\t<\/div>\n\t\t\t\t<div class=\"elementor-element elementor-element-341ec6b elementor-widget__width-inherit elementor-widget elementor-widget-text-editor\" data-id=\"341ec6b\" data-element_type=\"widget\" data-e-type=\"widget\" data-widget_type=\"text-editor.default\">\n\t\t\t\t<div class=\"elementor-widget-container\">\n\t\t\t\t\t\t\t\t\t<p>El <strong>oro bruto<\/strong> \u2014tambi\u00e9n llamado <strong>oro nativo<\/strong>\u2014 es el oro que se extrae de la tierra y que no ha sido sometido a ning\u00fan tipo de procesamiento. Por lo general, se encuentra en forma de <strong>pepitas o vetas<\/strong> dentro de las minas. <strong>Las pepitas de oro bruto<\/strong> pueden variar considerablemente de tama\u00f1o: desde peque\u00f1as part\u00edculas hasta bloques de varias decenas de kilogramos.<\/p><p>El oro bruto se encuentra en distintas partes del mundo, aunque algunas de las principales zonas de producci\u00f3n incluyen <strong>Australia<\/strong>, <strong>Canad\u00e1<\/strong>, <strong>Estados Unidos<\/strong>, <strong>Rusia<\/strong>, <strong>Sud\u00e1frica<\/strong> y <strong>China<\/strong>. La mayor parte del oro bruto se extrae de minas subterr\u00e1neas o a cielo abierto.<\/p><p>Su aspecto puede variar, especialmente en el color, que depende de las impurezas presentes en el material. De hecho, el oro bruto suele <strong>contener otros metales<\/strong> \u2014como plata, cobre y platino\u2014 u otras sustancias como s\u00edlice o cuarzo, que influyen en su color y textura.<\/p><p>Por lo tanto, su composici\u00f3n en la naturaleza no es perfectamente pura, sino que presenta un <strong>porcentaje variable de impurezas<\/strong>.<\/p>\t\t\t\t\t\t\t\t<\/div>\n\t\t\t\t<\/div>\n\t\t\t\t<\/div>\n\t\t\t\t<\/div>\n\t\t\t\t<div class=\"elementor-element elementor-element-6e40905 elementor-widget elementor-widget-heading\" data-id=\"6e40905\" data-element_type=\"widget\" data-e-type=\"widget\" data-widget_type=\"heading.default\">\n\t\t\t\t<div class=\"elementor-widget-container\">\n\t\t\t\t\t<h3 class=\"elementor-heading-title elementor-size-default\">El valor del oro bruto<\/h3>\t\t\t\t<\/div>\n\t\t\t\t<\/div>\n\t\t\t\t<div class=\"elementor-element elementor-element-4988c6d elementor-widget__width-inherit elementor-widget elementor-widget-text-editor\" data-id=\"4988c6d\" data-element_type=\"widget\" data-e-type=\"widget\" data-widget_type=\"text-editor.default\">\n\t\t\t\t<div class=\"elementor-widget-container\">\n\t\t\t\t\t\t\t\t\t<div class=\"block-go\"><p>El <strong>valor del oro bruto<\/strong> depende de varios factores, entre ellos su pureza, tama\u00f1o, forma y ubicaci\u00f3n geogr\u00e1fica. En general, el oro bruto es <strong>menos costoso que el oro procesado<\/strong>, ya que a\u00fan debe someterse a procesos de refinado que incrementan significativamente su valor y lo hacen apto para la producci\u00f3n de lingotes, monedas y joyas. <\/p><p>El <strong>precio del oro bruto<\/strong> se determina en funci\u00f3n de las <strong>cotizaciones del oro<\/strong> en el mercado de materias primas, que a su vez est\u00e1 influenciado por factores econ\u00f3micos y pol\u00edticos como la inflaci\u00f3n, la demanda global y la situaci\u00f3n geopol\u00edtica. Adem\u00e1s, los costes de extracci\u00f3n del oro bruto pueden variar seg\u00fan la ubicaci\u00f3n de la mina y el nivel de dificultad del proceso extractivo. <\/p><\/div>\t\t\t\t\t\t\t\t<\/div>\n\t\t\t\t<\/div>\n\t\t\t\t<div class=\"elementor-element elementor-element-a6c9e5c elementor-widget elementor-widget-heading\" data-id=\"a6c9e5c\" data-element_type=\"widget\" data-e-type=\"widget\" data-widget_type=\"heading.default\">\n\t\t\t\t<div class=\"elementor-widget-container\">\n\t\t\t\t\t<h3 class=\"elementor-heading-title elementor-size-default\">\u00bfC\u00f3mo reconocer el oro bruto?<\/h3>\t\t\t\t<\/div>\n\t\t\t\t<\/div>\n\t\t\t\t<div class=\"elementor-element elementor-element-6633ee3 elementor-widget__width-inherit elementor-widget elementor-widget-text-editor\" data-id=\"6633ee3\" data-element_type=\"widget\" data-e-type=\"widget\" data-widget_type=\"text-editor.default\">\n\t\t\t\t<div class=\"elementor-widget-container\">\n\t\t\t\t\t\t\t\t\t<div class=\"block-go\"><p>Para <strong>reconocer el oro bruto<\/strong> es importante tener en cuenta algunas de las caracter\u00edsticas t\u00edpicas de este metal en su estado natural.<\/p><p>En primer lugar, el oro bruto presenta un <strong>brillo caracter\u00edstico<\/strong>, muy diferente al de otros metales. Es altamente brillante, incluso sin haber sido sometido a ning\u00fan tipo de tratamiento. Adem\u00e1s, el oro bruto tiene un <strong>color amarillo intenso que no se altera<\/strong> con el tiempo.  <\/p><p>Desde el punto de vista visual, el oro bruto se caracteriza por una <strong>forma generalmente irregular<\/strong> y una <strong>textura rugosa y granulada<\/strong>, determinada por la presencia de impurezas y otros metales.<\/p><p>Desde el punto de vista f\u00edsico, el oro nativo posee una <strong>densidad muy elevada<\/strong> en comparaci\u00f3n con otros metales: esto significa que, al colocarlo sobre una balanza, pesa m\u00e1s que objetos de tama\u00f1o similar fabricados con otros materiales.<\/p><p>En cualquier caso, para identificar correctamente el oro bruto es fundamental <strong>recurrir a expertos del sector<\/strong>, capaces de analizarlo y verificar su composici\u00f3n y procedencia.<\/p><\/div>\t\t\t\t\t\t\t\t<\/div>\n\t\t\t\t<\/div>\n\t\t\t\t<div class=\"elementor-element elementor-element-68d5df0 elementor-widget elementor-widget-heading\" data-id=\"68d5df0\" data-element_type=\"widget\" data-e-type=\"widget\" data-widget_type=\"heading.default\">\n\t\t\t\t<div class=\"elementor-widget-container\">\n\t\t\t\t\t<h2 class=\"elementor-heading-title elementor-size-default\">El m\u00e1s valioso: el <span class=\"sf\">oro puro<\/span><\/h2>\t\t\t\t<\/div>\n\t\t\t\t<\/div>\n\t\t\t\t<div class=\"elementor-element elementor-element-63c9a4a elementor-widget__width-inherit elementor-widget elementor-widget-text-editor\" data-id=\"63c9a4a\" data-element_type=\"widget\" data-e-type=\"widget\" data-widget_type=\"text-editor.default\">\n\t\t\t\t<div class=\"elementor-widget-container\">\n\t\t\t\t\t\t\t\t\t<div class=\"block-go\"><p>El <strong>oro puro<\/strong>, como su nombre indica, es el oro <strong>en su forma m\u00e1s pura<\/strong>. Este tipo de oro est\u00e1 compuesto por <strong>una aleaci\u00f3n formada por un 999,9\u2030 de oro y un 0,1\u2030 de otras sustancias<\/strong>. Su valor corresponde a <strong>24 quilates<\/strong>, el nivel m\u00e1s alto. Cabe recordar que los mil\u00e9simos y los quilates son las dos unidades de medida utilizadas para evaluar la pureza del oro.<\/p><p>Una de las caracter\u00edsticas distintivas del oro puro es su <strong>color amarillo intenso y uniforme<\/strong>, sin variaciones ni matices.<\/p><p>Para alcanzar la m\u00e1xima pureza, el oro se somete a un <strong>proceso de refinado<\/strong> muy preciso: se funde y se separa de las otras sustancias presentes en su composici\u00f3n original, como plata, cobre y platino. De este modo, se obtiene un oro libre de impurezas, con una <strong>pureza del 999,9\u2030<\/strong>.<\/p><p>Una de las cualidades m\u00e1s apreciadas del oro puro es su <strong>resistencia<\/strong> a la corrosi\u00f3n y a la oxidaci\u00f3n, lo que lo convierte en un material ideal para la creaci\u00f3n de productos que mantengan su <strong>valor inalterado a lo largo del tiempo<\/strong>.<\/p><p>Al ser especialmente maleable, no es adecuado para la fabricaci\u00f3n de joyas, para las que normalmente se utiliza oro de 18 quilates, una aleaci\u00f3n que combina un 75 % de oro puro con otros metales que aumentan su dureza y resistencia. Este tipo de oro suele conocerse como <a href=\"https:\/\/www.italpreziosi.it\/es\/guia-del-oro\/el-sistema-de-los-quilates-los-milesimos-y-el-oro-750\/\"><span style=\"text-decoration: underline;\">oro 750,<\/span><\/a> donde la pureza se expresa mediante el sistema de los mil\u00e9simos.<\/p><\/div>\t\t\t\t\t\t\t\t<\/div>\n\t\t\t\t<\/div>\n\t\t<div class=\"elementor-element elementor-element-5f3441d e-con-full e-flex e-con e-child\" data-id=\"5f3441d\" data-element_type=\"container\" data-e-type=\"container\">\n\t\t<div class=\"elementor-element elementor-element-0f887a6 e-con-full e-flex e-con e-child\" data-id=\"0f887a6\" data-element_type=\"container\" data-e-type=\"container\">\n\t\t\t\t<div class=\"elementor-element elementor-element-4e061fe elementor-widget elementor-widget-image\" data-id=\"4e061fe\" data-element_type=\"widget\" data-e-type=\"widget\" data-widget_type=\"image.default\">\n\t\t\t\t<div class=\"elementor-widget-container\">\n\t\t\t\t\t\t\t\t\t\t\t\t\t\t\t<img decoding=\"async\" width=\"720\" height=\"814\" src=\"https:\/\/cdn.italpreziosi.it\/wp-content\/uploads\/2025\/08\/lingotto-oro-puro-italpreziosi.jpg\" class=\"attachment-medium_large size-medium_large wp-image-1832\" alt=\"Un lingote de oro brillante de 1 kilogramo marcado &quot;ITALpreziosi ITALY 1 KILO FINE GOLD 999.9&quot; descansa sobre una superficie met\u00e1lica oscura, reflejando la luz y mostrando un acabado liso y pulido.\" srcset=\"https:\/\/cdn.italpreziosi.it\/wp-content\/uploads\/2025\/08\/lingotto-oro-puro-italpreziosi.jpg.webp 720w, https:\/\/cdn.italpreziosi.it\/wp-content\/uploads\/2025\/08\/lingotto-oro-puro-italpreziosi-265x300.jpg.webp 265w\" sizes=\"(max-width: 720px) 100vw, 720px\" \/>\t\t\t\t\t\t\t\t\t\t\t\t\t\t\t<\/div>\n\t\t\t\t<\/div>\n\t\t\t\t<\/div>\n\t\t<div class=\"elementor-element elementor-element-bb402fa e-con-full e-flex e-con e-child\" data-id=\"bb402fa\" data-element_type=\"container\" data-e-type=\"container\">\n\t\t\t\t<div class=\"elementor-element elementor-element-88f89cd elementor-widget elementor-widget-heading\" data-id=\"88f89cd\" data-element_type=\"widget\" data-e-type=\"widget\" data-widget_type=\"heading.default\">\n\t\t\t\t<div class=\"elementor-widget-container\">\n\t\t\t\t\t<h3 class=\"elementor-heading-title elementor-size-default\">Los lingotes de oro puro como forma de inversi\u00f3n<\/h3>\t\t\t\t<\/div>\n\t\t\t\t<\/div>\n\t\t\t\t<div class=\"elementor-element elementor-element-b05fc50 elementor-widget__width-inherit elementor-widget elementor-widget-text-editor\" data-id=\"b05fc50\" data-element_type=\"widget\" data-e-type=\"widget\" data-widget_type=\"text-editor.default\">\n\t\t\t\t<div class=\"elementor-widget-container\">\n\t\t\t\t\t\t\t\t\t<p>El <strong>oro puro<\/strong> se utiliza con frecuencia para la <strong>producci\u00f3n de lingotes<\/strong>, ya que es un material de alta calidad y valor constante.<\/p><p>Los <a href=\"https:\/\/shop.italpreziosi.it\/es\/inversion\/lingotes\/oro\/\" rel=\"nofollow noopener\" target=\"_blank\"><span style=\"text-decoration: underline;\">lingotes de oro<\/span><\/a> son barras s\u00f3lidas de metal precioso que pueden adquirirse en distintos tama\u00f1os y pesos, seg\u00fan las preferencias del comprador.<\/p><p>El uso de lingotes de oro como inversi\u00f3n est\u00e1 muy extendido, ya que representa una forma de <strong>inversi\u00f3n estable y segura<\/strong> a largo plazo.<\/p><p>Los lingotes de oro tambi\u00e9n son utilizados por los bancos centrales como reserva de valor y como medio de pago en situaciones de crisis financiera e incertidumbre geopol\u00edtica.<\/p><p>El <strong>precio del oro puro por gramo<\/strong> depende de varios factores, entre ellos la oferta y la demanda en el mercado mundial, la calidad y cantidad de oro extra\u00eddo y la situaci\u00f3n econ\u00f3mica global. Es posible mantenerse siempre actualizado y conocer el precio del oro puro consultando las <a href=\"https:\/\/www.italpreziosi.it\/es\/cotizaciones\/oro\/\"><span style=\"text-decoration: underline;\">cotizaciones del oro en tiempo real<\/span><\/a>.<\/p>\t\t\t\t\t\t\t\t<\/div>\n\t\t\t\t<\/div>\n\t\t\t\t<\/div>\n\t\t\t\t<\/div>\n\t\t\t\t<div class=\"elementor-element elementor-element-56cfe22 elementor-widget elementor-widget-heading\" data-id=\"56cfe22\" data-element_type=\"widget\" data-e-type=\"widget\" data-widget_type=\"heading.default\">\n\t\t\t\t<div class=\"elementor-widget-container\">\n\t\t\t\t\t<h2 class=\"elementor-heading-title elementor-size-default\"><span class=\"sf\">Oro fino (oro zecchino)<\/span>: \u00bfqu\u00e9 significa?<\/h2>\t\t\t\t<\/div>\n\t\t\t\t<\/div>\n\t\t\t\t<div class=\"elementor-element elementor-element-9660ca3 elementor-widget__width-inherit elementor-widget elementor-widget-text-editor\" data-id=\"9660ca3\" data-element_type=\"widget\" data-e-type=\"widget\" data-widget_type=\"text-editor.default\">\n\t\t\t\t<div class=\"elementor-widget-container\">\n\t\t\t\t\t\t\t\t\t<div class=\"block-go\"><p>Todos hemos escuchado muchas veces la expresi\u00f3n \u201coro fino\u201d, pero \u00bf<strong>qu\u00e9 significa realmente<\/strong>?<\/p><p>En realidad, <strong>no existe ninguna diferencia entre el oro puro y el oro fino<\/strong> (oro zecchino): en ambos casos se hace referencia al metal precioso en su forma m\u00e1s valiosa, es decir, al <strong>oro de 24 quilates<\/strong>, con una pureza del 999,9\u2030.<\/p><p>El <strong>valor del oro fino<\/strong> es, por lo tanto, el mismo que el del oro puro: su <strong>precio<\/strong> est\u00e1 determinado por la cotizaci\u00f3n del metal precioso en los mercados.<\/p><p>Cuando se utiliza la expresi\u00f3n \u201coro fino\u201d, a menudo se pretende resaltar las caracter\u00edsticas est\u00e9ticas del metal precioso y, en particular, su <strong>intenso color amarillo con tendencia al anaranjado<\/strong>.<\/p><p>El origen de esta expresi\u00f3n se remonta a la \u00e9poca de la <strong>Rep\u00fablica de Venecia<\/strong> y a la instituci\u00f3n donde se acu\u00f1aban las monedas, la Zecca.<\/p><p>\u201c<strong>Zecchino<\/strong>\u201d es el nombre que recibi\u00f3 el ducado de oro veneciano a mediados del siglo XVI: debido a la preferencia por las monedas reci\u00e9n acu\u00f1adas, el precio del <strong>nuevo ducado<\/strong> aument\u00f3 y, en 1543, se fij\u00f3 en 7 liras y 12 sueldos, recibiendo el nombre de zecchino.<\/p><p>Posteriormente, la moneda veneciana fue imitada por otros Estados italianos en los siglos siguientes, y muchas otras divisas adoptaron el nombre de \u201czecchino\u201d. Este t\u00e9rmino sol\u00eda referirse, en general, a monedas de calidad superior a los escudos de oro y las doppie.<\/p><p>De aqu\u00ed deriva el uso de la expresi\u00f3n \u201coro fino\u201d para indicar un oro de pureza extrema.<\/p><p>Hoy en d\u00eda, el mismo t\u00e9rmino se utiliza com\u00fanmente para subrayar la alta calidad de determinadas producciones orfebres \u2014como la <strong>hoja de oro fino<\/strong>, tambi\u00e9n disponible en libretos\u2014 o de art\u00edculos para el hogar, a menudo de cer\u00e1mica, como juegos de t\u00e9 o vajillas \u201cde oro fino\u201d, as\u00ed como juegos de cuberter\u00eda.<\/p><p>M\u00e1s all\u00e1 del uso que se haga de esta expresi\u00f3n, es importante tener en cuenta que el <strong>oro fino no presenta ninguna diferencia real con respecto al oro puro<\/strong>.<\/p><\/div>\t\t\t\t\t\t\t\t<\/div>\n\t\t\t\t<\/div>\n\t\t\t\t<\/div>\n\t\t\t\t\t<\/div>\n\t\t\t\t<\/div>\n\t\t\t\t<\/div>\n\t\t\t\t<\/div>\n\t\t","protected":false},"excerpt":{"rendered":"<p>Oro bruto, oro puro y oro fino (oro zecchino): \u00bfcu\u00e1les son las diferencias? El oro es uno de los metales preciosos m\u00e1s codiciados del mundo, apreciado por su belleza, su rareza y, sobre todo, por su valor. En el lenguaje coloquial a veces utilizamos expresiones como \u201coro bruto\u201d, \u201coro puro\u201d y \u201coro fino\u201d (oro zecchino) [&hellip;]<\/p>\n","protected":false},"author":1,"featured_media":0,"parent":7581,"menu_order":0,"comment_status":"closed","ping_status":"closed","template":"elementor_header_footer","meta":{"_acf_changed":false,"footnotes":""},"class_list":["post-7586","page","type-page","status-publish","hentry"],"acf":[],"_links":{"self":[{"href":"https:\/\/www.italpreziosi.it\/es\/wp-json\/wp\/v2\/pages\/7586","targetHints":{"allow":["GET"]}}],"collection":[{"href":"https:\/\/www.italpreziosi.it\/es\/wp-json\/wp\/v2\/pages"}],"about":[{"href":"https:\/\/www.italpreziosi.it\/es\/wp-json\/wp\/v2\/types\/page"}],"author":[{"embeddable":true,"href":"https:\/\/www.italpreziosi.it\/es\/wp-json\/wp\/v2\/users\/1"}],"replies":[{"embeddable":true,"href":"https:\/\/www.italpreziosi.it\/es\/wp-json\/wp\/v2\/comments?post=7586"}],"version-history":[{"count":8,"href":"https:\/\/www.italpreziosi.it\/es\/wp-json\/wp\/v2\/pages\/7586\/revisions"}],"predecessor-version":[{"id":7683,"href":"https:\/\/www.italpreziosi.it\/es\/wp-json\/wp\/v2\/pages\/7586\/revisions\/7683"}],"up":[{"embeddable":true,"href":"https:\/\/www.italpreziosi.it\/es\/wp-json\/wp\/v2\/pages\/7581"}],"wp:attachment":[{"href":"https:\/\/www.italpreziosi.it\/es\/wp-json\/wp\/v2\/media?parent=7586"}],"curies":[{"name":"wp","href":"https:\/\/api.w.org\/{rel}","templated":true}]}}