{"id":7583,"date":"2025-08-17T18:51:24","date_gmt":"2025-08-17T16:51:24","guid":{"rendered":"https:\/\/www.italpreziosi.it\/guia-del-oro\/las-diferencias-entre-el-oro-amarillo-blanco-rosa-y-rojo\/"},"modified":"2026-03-17T17:50:41","modified_gmt":"2026-03-17T16:50:41","slug":"las-diferencias-entre-el-oro-amarillo-blanco-rosa-y-rojo","status":"publish","type":"page","link":"https:\/\/www.italpreziosi.it\/es\/guia-del-oro\/las-diferencias-entre-el-oro-amarillo-blanco-rosa-y-rojo\/","title":{"rendered":"Las diferencias entre el oro amarillo, blanco, rosa y rojo"},"content":{"rendered":"\t\t<div data-elementor-type=\"wp-page\" data-elementor-id=\"7583\" class=\"elementor elementor-7583 elementor-99\" data-elementor-post-type=\"page\">\n\t\t\t\t<div class=\"elementor-element elementor-element-1b74729 e-con-full e-flex e-con e-parent\" data-id=\"1b74729\" data-element_type=\"container\" data-e-type=\"container\" data-settings=\"{&quot;background_background&quot;:&quot;classic&quot;}\">\n\t\t<div class=\"elementor-element elementor-element-b6e3902 e-flex e-con-boxed e-con e-child\" data-id=\"b6e3902\" data-element_type=\"container\" data-e-type=\"container\">\n\t\t\t\t\t<div class=\"e-con-inner\">\n\t\t<div class=\"elementor-element elementor-element-9410fc7 e-con-full e-flex e-con e-child\" data-id=\"9410fc7\" data-element_type=\"container\" data-e-type=\"container\">\n\t\t\t\t<div class=\"elementor-element elementor-element-e2e6078 elementor-widget elementor-widget-shortcode\" data-id=\"e2e6078\" data-element_type=\"widget\" data-e-type=\"widget\" data-widget_type=\"shortcode.default\">\n\t\t\t\t<div class=\"elementor-widget-container\">\n\t\t\t\t\t\t\t<div class=\"elementor-shortcode\"><nav aria-label=\"breadcrumbs\" class=\"rank-math-breadcrumb\"><p><span class=\"last\">Italpreziosi<\/span><\/p><\/nav><\/div>\n\t\t\t\t\t\t<\/div>\n\t\t\t\t<\/div>\n\t\t\t\t<div class=\"elementor-element elementor-element-1b769ed elementor-widget elementor-widget-heading\" data-id=\"1b769ed\" data-element_type=\"widget\" data-e-type=\"widget\" data-widget_type=\"heading.default\">\n\t\t\t\t<div class=\"elementor-widget-container\">\n\t\t\t\t\t<h1 class=\"elementor-heading-title elementor-size-default\">Las diferencias entre el oro amarillo, blanco, rosa y rojo<\/h1>\t\t\t\t<\/div>\n\t\t\t\t<\/div>\n\t\t\t\t<div class=\"elementor-element elementor-element-1c98b7c elementor-widget__width-inherit elementor-widget elementor-widget-text-editor\" data-id=\"1c98b7c\" data-element_type=\"widget\" data-e-type=\"widget\" data-widget_type=\"text-editor.default\">\n\t\t\t\t<div class=\"elementor-widget-container\">\n\t\t\t\t\t\t\t\t\t<p>Cuando se habla de oro, el pensamiento se dirige inmediatamente al color intenso y brillante del metal precioso tal como se encuentra en la naturaleza. En realidad, <strong>existen diferentes tipos de oro<\/strong>, creados artificialmente para modificar sus caracter\u00edsticas y adaptarlas a distintos usos. El <strong>oro amarillo<\/strong>, el <strong>oro blanco<\/strong>, el <strong>oro rosa<\/strong> y el <strong>oro rojo<\/strong> son las principales tipolog\u00edas: se diferencian no solo por el color, sino sobre todo por la <strong>composici\u00f3n<\/strong> que los determina y por la forma en que el metal se utiliza. <\/p>\t\t\t\t\t\t\t\t<\/div>\n\t\t\t\t<\/div>\n\t\t<div class=\"elementor-element elementor-element-3582486 e-con-full e-flex e-con e-child\" data-id=\"3582486\" data-element_type=\"container\" data-e-type=\"container\">\n\t\t<div class=\"elementor-element elementor-element-8ea2594 e-con-full e-flex e-con e-child\" data-id=\"8ea2594\" data-element_type=\"container\" data-e-type=\"container\">\n\t\t\t\t<div class=\"elementor-element elementor-element-1500715 elementor-widget elementor-widget-image\" data-id=\"1500715\" data-element_type=\"widget\" data-e-type=\"widget\" data-widget_type=\"image.default\">\n\t\t\t\t<div class=\"elementor-widget-container\">\n\t\t\t\t\t\t\t\t\t\t\t\t\t\t\t<img fetchpriority=\"high\" decoding=\"async\" width=\"720\" height=\"480\" src=\"https:\/\/cdn.italpreziosi.it\/wp-content\/uploads\/2025\/08\/pepite-oro-giallo-in-natura.jpg\" class=\"attachment-medium_large size-medium_large wp-image-1840\" alt=\"Varias pepitas de oro en bruto de gran tama\u00f1o descansan sobre una superficie de roca marr\u00f3n texturizada, con un fondo negro que resalta el color amarillo met\u00e1lico y brillante de las piezas de oro.\" srcset=\"https:\/\/cdn.italpreziosi.it\/wp-content\/uploads\/2025\/08\/pepite-oro-giallo-in-natura.jpg 720w, https:\/\/cdn.italpreziosi.it\/wp-content\/uploads\/2025\/08\/pepite-oro-giallo-in-natura-300x200.jpg 300w\" sizes=\"(max-width: 720px) 100vw, 720px\" \/>\t\t\t\t\t\t\t\t\t\t\t\t\t\t\t<\/div>\n\t\t\t\t<\/div>\n\t\t\t\t<\/div>\n\t\t<div class=\"elementor-element elementor-element-575e159 e-con-full e-flex e-con e-child\" data-id=\"575e159\" data-element_type=\"container\" data-e-type=\"container\">\n\t\t\t\t<div class=\"elementor-element elementor-element-c0b5350 elementor-widget elementor-widget-heading\" data-id=\"c0b5350\" data-element_type=\"widget\" data-e-type=\"widget\" data-widget_type=\"heading.default\">\n\t\t\t\t<div class=\"elementor-widget-container\">\n\t\t\t\t\t<h2 class=\"elementor-heading-title elementor-size-default\">\nEl <span class=\"sf\">oro puro<\/span> en la naturaleza<\/h2>\t\t\t\t<\/div>\n\t\t\t\t<\/div>\n\t\t\t\t<div class=\"elementor-element elementor-element-0fa15b3 elementor-widget__width-inherit elementor-widget elementor-widget-text-editor\" data-id=\"0fa15b3\" data-element_type=\"widget\" data-e-type=\"widget\" data-widget_type=\"text-editor.default\">\n\t\t\t\t<div class=\"elementor-widget-container\">\n\t\t\t\t\t\t\t\t\t<p>Demos un paso atr\u00e1s: el <strong>oro en la naturaleza<\/strong> se encuentra en forma de escamas, granos o pepitas. El <a href=\"https:\/\/www.italpreziosi.it\/es\/guia-del-oro\/oro-bruto-oro-puro-y-oro-fino-oro-zecchino-cuales-son-las-diferencias\/\"><span style=\"text-decoration: underline;\">oro puro<\/span><\/a>, en su estado natural, no es en absoluto tan duro como solemos imaginarlo, sino que es especialmente <strong>maleable<\/strong> y, por lo tanto, f\u00e1cilmente <strong>deformable<\/strong>. Esta caracter\u00edstica hace que su trabajo sea extremadamente complejo para la fabricaci\u00f3n de joyas y otros productos preciosos.<\/p><p>Por este motivo \u2014adem\u00e1s de para reducir su coste\u2014 en la mayor\u00eda de los casos se <strong>funde con otros metales<\/strong>, con el fin de hacerlo <strong>m\u00e1s resistente<\/strong>.<\/p>\t\t\t\t\t\t\t\t<\/div>\n\t\t\t\t<\/div>\n\t\t\t\t<\/div>\n\t\t\t\t<\/div>\n\t\t\t\t<div class=\"elementor-element elementor-element-7e578d6 elementor-widget elementor-widget-heading\" data-id=\"7e578d6\" data-element_type=\"widget\" data-e-type=\"widget\" data-widget_type=\"heading.default\">\n\t\t\t\t<div class=\"elementor-widget-container\">\n\t\t\t\t\t<h2 class=\"elementor-heading-title elementor-size-default\">El oro y sus <span class=\"sf\">aleaciones<\/span> met\u00e1licas<\/h2>\t\t\t\t<\/div>\n\t\t\t\t<\/div>\n\t\t\t\t<div class=\"elementor-element elementor-element-7919861 elementor-widget__width-inherit elementor-widget elementor-widget-text-editor\" data-id=\"7919861\" data-element_type=\"widget\" data-e-type=\"widget\" data-widget_type=\"text-editor.default\">\n\t\t\t\t<div class=\"elementor-widget-container\">\n\t\t\t\t\t\t\t\t\t<div class=\"block-go\"><p>El valor del oro se estima a trav\u00e9s del <a href=\"https:\/\/www.italpreziosi.it\/es\/guia-del-oro\/el-sistema-de-los-quilates-los-milesimos-y-el-oro-750\/\"><span style=\"text-decoration: underline;\">quilataje<\/span><\/a>: el <strong>quilate<\/strong> es la unidad de medida que indica la <strong>cantidad de oro<\/strong> presente en una joya u otro producto. Por convenci\u00f3n, el valor m\u00e1ximo se fija en <strong>24 quilates<\/strong>, que corresponden al <strong>oro puro<\/strong>.<\/p><p>Cuando el <strong>oro<\/strong> no es puro, se funde <strong>con otros metales<\/strong> que forman una <strong>aleaci\u00f3n<\/strong>: normalmente se a\u00f1aden <strong>plata<\/strong> y cobre, pero entre las posibles aleaciones tambi\u00e9n se incluyen <strong>n\u00edquel<\/strong>, <strong>rodio<\/strong> o platino. A medida que aumenta el porcentaje de otros metales, disminuye el quilataje del oro y, por lo tanto, su valor econ\u00f3mico.<\/p><p>Los metales se funden a temperaturas extremadamente altas: al enfriarse, la <strong>aleaci\u00f3n met\u00e1lica<\/strong> se solidifica y adquiere su color final, determinado por las proporciones de oro y de los dem\u00e1s metales que la componen.<\/p><\/div>\t\t\t\t\t\t\t\t<\/div>\n\t\t\t\t<\/div>\n\t\t<div class=\"elementor-element elementor-element-7ca6a6f e-con-full e-flex e-con e-child\" data-id=\"7ca6a6f\" data-element_type=\"container\" data-e-type=\"container\">\n\t\t<div class=\"elementor-element elementor-element-e20db9c e-con-full e-flex e-con e-child\" data-id=\"e20db9c\" data-element_type=\"container\" data-e-type=\"container\">\n\t\t\t\t<div class=\"elementor-element elementor-element-717b07d elementor-widget elementor-widget-image\" data-id=\"717b07d\" data-element_type=\"widget\" data-e-type=\"widget\" data-widget_type=\"image.default\">\n\t\t\t\t<div class=\"elementor-widget-container\">\n\t\t\t\t\t\t\t\t\t\t\t\t\t\t\t<img decoding=\"async\" width=\"620\" height=\"620\" src=\"https:\/\/cdn.italpreziosi.it\/wp-content\/uploads\/2026\/03\/piramide-color-oro.jpg\" class=\"attachment-medium_large size-medium_large wp-image-7699\" alt=\"Diagrama ternario que muestra las variaciones de color de las aleaciones de oro seg\u00fan los porcentajes de plata (Ag), oro (Au) y cobre (Cu). Los colores var\u00edan del blanco al amarillo, verdoso y rojo seg\u00fan la composici\u00f3n.\" srcset=\"https:\/\/cdn.italpreziosi.it\/wp-content\/uploads\/2026\/03\/piramide-color-oro.jpg 620w, https:\/\/cdn.italpreziosi.it\/wp-content\/uploads\/2026\/03\/piramide-color-oro-300x300.jpg 300w, https:\/\/cdn.italpreziosi.it\/wp-content\/uploads\/2026\/03\/piramide-color-oro-150x150.jpg 150w\" sizes=\"(max-width: 620px) 100vw, 620px\" \/>\t\t\t\t\t\t\t\t\t\t\t\t\t\t\t<\/div>\n\t\t\t\t<\/div>\n\t\t\t\t<\/div>\n\t\t<div class=\"elementor-element elementor-element-f89a36d e-con-full e-flex e-con e-child\" data-id=\"f89a36d\" data-element_type=\"container\" data-e-type=\"container\">\n\t\t\t\t<div class=\"elementor-element elementor-element-ae45544 elementor-widget elementor-widget-heading\" data-id=\"ae45544\" data-element_type=\"widget\" data-e-type=\"widget\" data-widget_type=\"heading.default\">\n\t\t\t\t<div class=\"elementor-widget-container\">\n\t\t\t\t\t<h2 class=\"elementor-heading-title elementor-size-default\"><span class=\"sf\">Los colores<\/span> del oro: amarillo, blanco, rosa y rojo<\/h2>\t\t\t\t<\/div>\n\t\t\t\t<\/div>\n\t\t\t\t<div class=\"elementor-element elementor-element-1c3cb49 elementor-widget__width-inherit elementor-widget elementor-widget-text-editor\" data-id=\"1c3cb49\" data-element_type=\"widget\" data-e-type=\"widget\" data-widget_type=\"text-editor.default\">\n\t\t\t\t<div class=\"elementor-widget-container\">\n\t\t\t\t\t\t\t\t\t<p>Los colores del <strong>oro<\/strong> \u2014<strong>amarillo<\/strong>, <strong>blanco<\/strong>, <strong>rosa<\/strong> y <strong>rojo<\/strong>, que son los principales\u2014 est\u00e1n determinados por las distintas proporciones de los metales que lo componen.<\/p><p>Este gr\u00e1fico es una herramienta \u00fatil para prever el color del producto final, en funci\u00f3n de los porcentajes de los tres <strong>metales m\u00e1s utilizados<\/strong>: <strong>oro<\/strong>, <strong>plata<\/strong> y <strong>cobre<\/strong>.<\/p><p>Para modificar el color de las joyas de oro tambi\u00e9n se han desarrollado otras t\u00e9cnicas, como la <strong>galvanizaci\u00f3n<\/strong>. Se trata de un tratamiento espec\u00edfico que permite al metal presente en la soluci\u00f3n recubrir la superficie de la joya, modificando su aspecto. Uno de los galvanizados m\u00e1s comunes es el de rodio, utilizado para dar al oro blanco su caracter\u00edstico brillo. <\/p>\t\t\t\t\t\t\t\t<\/div>\n\t\t\t\t<\/div>\n\t\t\t\t<\/div>\n\t\t\t\t<\/div>\n\t\t\t\t<div class=\"elementor-element elementor-element-3231aac elementor-widget elementor-widget-heading\" data-id=\"3231aac\" data-element_type=\"widget\" data-e-type=\"widget\" data-widget_type=\"heading.default\">\n\t\t\t\t<div class=\"elementor-widget-container\">\n\t\t\t\t\t<h2 class=\"elementor-heading-title elementor-size-default\">El oro amarillo: un esplendor atemporal<\/h2>\t\t\t\t<\/div>\n\t\t\t\t<\/div>\n\t\t\t\t<div class=\"elementor-element elementor-element-c649e1c elementor-widget__width-inherit elementor-widget elementor-widget-text-editor\" data-id=\"c649e1c\" data-element_type=\"widget\" data-e-type=\"widget\" data-widget_type=\"text-editor.default\">\n\t\t\t\t<div class=\"elementor-widget-container\">\n\t\t\t\t\t\t\t\t\t<p>Conocido desde la \u00e9poca del Antiguo Egipto, el <strong>oro amarillo<\/strong> siempre ha estado asociado a la idea de esplendor.<\/p><p><strong>El amarillo es el color del metal en la naturaleza<\/strong>: muy intenso, con tendencia al anaranjado, mantiene esta caracter\u00edstica en su forma pura, el <strong>oro de 24 quilates<\/strong>, utilizado principalmente para la fabricaci\u00f3n de <a href=\"https:\/\/shop.italpreziosi.it\/es\/inversion\/lingotes\/oro\/\" rel=\"nofollow noopener\" target=\"_blank\"><span style=\"text-decoration: underline;\">lingotes de oro<\/span><\/a> y <a href=\"https:\/\/shop.italpreziosi.it\/es\/colecciones\/\" rel=\"nofollow noopener\" target=\"_blank\"><span style=\"text-decoration: underline;\">monedas de colecci\u00f3n<\/span><\/a>.<\/p><p>En joyer\u00eda se emplea el <strong>oro amarillo de 18 quilates<\/strong>, elaborado a partir de una aleaci\u00f3n compuesta por un 75 % de oro y el 25 % restante de proporciones variables de plata (7\u201312 %) y cobre (13\u201318 %).<\/p><p><strong>Cuanto mayor es la presencia de otros metales, menor ser\u00e1 la intensidad del color amarillo<\/strong>: en las joyas de menor valor, por ejemplo, se utiliza con frecuencia el <strong>oro de 9 quilates<\/strong>, que contiene un 37,5 % de oro y por este motivo se denomina com\u00fanmente \u201c<strong>oro 375<\/strong>\u201d.<\/p>\t\t\t\t\t\t\t\t<\/div>\n\t\t\t\t<\/div>\n\t\t\t\t<div class=\"elementor-element elementor-element-13e62a0 elementor-widget elementor-widget-heading\" data-id=\"13e62a0\" data-element_type=\"widget\" data-e-type=\"widget\" data-widget_type=\"heading.default\">\n\t\t\t\t<div class=\"elementor-widget-container\">\n\t\t\t\t\t<h2 class=\"elementor-heading-title elementor-size-default\">La brillante elegancia del oro blanco<\/h2>\t\t\t\t<\/div>\n\t\t\t\t<\/div>\n\t\t\t\t<div class=\"elementor-element elementor-element-d3fdd1c elementor-widget__width-inherit elementor-widget elementor-widget-text-editor\" data-id=\"d3fdd1c\" data-element_type=\"widget\" data-e-type=\"widget\" data-widget_type=\"text-editor.default\">\n\t\t\t\t<div class=\"elementor-widget-container\">\n\t\t\t\t\t\t\t\t\t<p>Si bien el oro amarillo es el color m\u00e1s tradicional para la creaci\u00f3n de joyas, con el tiempo el <strong>oro blanco<\/strong> ha gozado de un \u00e9xito creciente, ya que muchos lo consideran m\u00e1s discreto y, por lo tanto, m\u00e1s <strong>elegante<\/strong>.<\/p><p>Inventado en el siglo XIX, el oro blanco <strong>se difundi\u00f3 a partir de finales de la d\u00e9cada de 1920<\/strong>: utilizado como alternativa econ\u00f3mica al platino, que se destinaba al \u00e1mbito militar, pronto se convirti\u00f3 en el segundo material m\u00e1s empleado en joyer\u00eda, despu\u00e9s del oro amarillo. En las \u00faltimas d\u00e9cadas se ha vuelto especialmente popular, sobre todo <strong>para anillos de compromiso y alianzas matrimoniales<\/strong>. <\/p><p>\u00bfPero <strong>qu\u00e9 contiene el oro blanco<\/strong>? Partamos de la base de que las joyas de oro blanco suelen certificarse como de <strong>18 quilates<\/strong> \u2014el llamado <strong>oro blanco 750<\/strong>\u2014, lo que significa que su composici\u00f3n es del 75 % de oro y el 25 % restante de n\u00edquel, paladio, manganeso, plata o platino.<\/p><p>La <strong>aleaci\u00f3n de oro y n\u00edquel<\/strong> hace que el metal sea m\u00e1s resistente, ideal para anillos y broches, aunque puede provocar alergias. La <strong>aleaci\u00f3n con paladio<\/strong>, en cambio, da lugar a un oro m\u00e1s blando y se utiliza en joyas que requieren engaste de piedras. <\/p><p>Como se ha mencionado, el aspecto inconfundible del oro blanco no viene determinado tanto por su composici\u00f3n qu\u00edmica como por el proceso de <strong>galvanizaci\u00f3n<\/strong>, que recubre la joya con una capa de <strong>rodio<\/strong> o platino, otorg\u00e1ndole su <strong>brillo<\/strong> caracter\u00edstico.<\/p><p>Adem\u00e1s, el rodio aporta una <strong>mayor resistencia<\/strong> a la joya. Sin embargo, el rodio es un metal costoso y su uso en el proceso de galvanizaci\u00f3n tiende a <strong>encarecer las joyas de oro blanco<\/strong> frente a las de oro amarillo. <\/p><p>La galvanizaci\u00f3n es tambi\u00e9n la raz\u00f3n por la que, con el paso del tiempo, <strong>el oro blanco comienza a adquirir un tono amarillento<\/strong>: el recubrimiento de rodio se desgasta, dejando al descubierto el color m\u00e1s dorado de la aleaci\u00f3n.<\/p><p>Este proceso depende de diversos factores, como la frecuencia de uso de la joya, el pH de la piel, el uso de detergentes agresivos, as\u00ed como de elementos externos como la calidad del aire y el nivel de contaminaci\u00f3n del entorno.<\/p>\t\t\t\t\t\t\t\t<\/div>\n\t\t\t\t<\/div>\n\t\t<div class=\"elementor-element elementor-element-b972c8c e-con-full e-flex e-con e-child\" data-id=\"b972c8c\" data-element_type=\"container\" data-e-type=\"container\">\n\t\t<div class=\"elementor-element elementor-element-0e33234 e-con-full e-flex e-con e-child\" data-id=\"0e33234\" data-element_type=\"container\" data-e-type=\"container\">\n\t\t\t\t<div class=\"elementor-element elementor-element-0890ab7 elementor-widget elementor-widget-image\" data-id=\"0890ab7\" data-element_type=\"widget\" data-e-type=\"widget\" data-widget_type=\"image.default\">\n\t\t\t\t<div class=\"elementor-widget-container\">\n\t\t\t\t\t\t\t\t\t\t\t\t\t\t\t<img decoding=\"async\" width=\"720\" height=\"480\" src=\"https:\/\/cdn.italpreziosi.it\/wp-content\/uploads\/2025\/08\/gioielli-oro-rosa.jpg\" class=\"attachment-medium_large size-medium_large wp-image-1836\" alt=\"Una mano enguantada selecciona un anillo de oro de una vitrina llena de varios anillos, probablemente en una joyer\u00eda, con un ambiente de luz suave y c\u00e1lida.\" srcset=\"https:\/\/cdn.italpreziosi.it\/wp-content\/uploads\/2025\/08\/gioielli-oro-rosa.jpg 720w, https:\/\/cdn.italpreziosi.it\/wp-content\/uploads\/2025\/08\/gioielli-oro-rosa-300x200.jpg 300w\" sizes=\"(max-width: 720px) 100vw, 720px\" \/>\t\t\t\t\t\t\t\t\t\t\t\t\t\t\t<\/div>\n\t\t\t\t<\/div>\n\t\t\t\t<\/div>\n\t\t<div class=\"elementor-element elementor-element-1a24623 e-con-full e-flex e-con e-child\" data-id=\"1a24623\" data-element_type=\"container\" data-e-type=\"container\">\n\t\t\t\t<div class=\"elementor-element elementor-element-21d68a9 elementor-widget__width-inherit elementor-widget elementor-widget-text-editor\" data-id=\"21d68a9\" data-element_type=\"widget\" data-e-type=\"widget\" data-widget_type=\"text-editor.default\">\n\t\t\t\t<div class=\"elementor-widget-container\">\n\t\t\t\t\t\t\t\t\t<p>Durante mucho tiempo, el oro rosa fue conocido como <strong>oro ruso<\/strong>, ya que estaba muy extendido en el Imperio zarista de principios del siglo XIX.<\/p><p>Con el tiempo se difundi\u00f3 tambi\u00e9n en Europa y <strong>en las \u00faltimas d\u00e9cadas ha vuelto a ponerse especialmente de moda<\/strong>: se utiliza en todo tipo de joyas, incluidas las alianzas matrimoniales, ideales para parejas m\u00e1s originales.<\/p><p><strong>\u00bfC\u00f3mo se obtiene el oro rosa?<\/strong> Su composici\u00f3n viene determinada por <strong>una aleaci\u00f3n de oro, cobre y, a menudo, plata<\/strong>, en proporciones variables seg\u00fan el valor de la joya.<\/p><p><strong>El oro rosa de 18 quilates<\/strong> suele estar compuesto por un 75 % de oro, un 20 % de cobre y un 5 % de plata. De menor valor \u2014y por tanto de coste m\u00e1s contenido\u2014 son las joyas de <strong>oro rosa de 12 quilates<\/strong>, compuestas por un 50 % de oro y un 50 % de cobre. <\/p><p>La \u00fanica <strong>diferencia entre el oro rosa y el oro rojo es el color<\/strong>, que \u2014como hemos visto\u2014 est\u00e1 determinado por la composici\u00f3n qu\u00edmica. <\/p>\t\t\t\t\t\t\t\t<\/div>\n\t\t\t\t<\/div>\n\t\t\t\t<\/div>\n\t\t\t\t<\/div>\n\t\t\t\t<div class=\"elementor-element elementor-element-86f38ba elementor-widget elementor-widget-heading\" data-id=\"86f38ba\" data-element_type=\"widget\" data-e-type=\"widget\" data-widget_type=\"heading.default\">\n\t\t\t\t<div class=\"elementor-widget-container\">\n\t\t\t\t\t<h2 class=\"elementor-heading-title elementor-size-default\">El inconfundible encanto del oro rojo<\/h2>\t\t\t\t<\/div>\n\t\t\t\t<\/div>\n\t\t\t\t<div class=\"elementor-element elementor-element-163c787 elementor-widget__width-inherit elementor-widget elementor-widget-text-editor\" data-id=\"163c787\" data-element_type=\"widget\" data-e-type=\"widget\" data-widget_type=\"text-editor.default\">\n\t\t\t\t<div class=\"elementor-widget-container\">\n\t\t\t\t\t\t\t\t\t<p>Mientras que el oro rosa est\u00e1 compuesto por una aleaci\u00f3n de oro, cobre y plata, el oro rojo debe su color m\u00e1s intenso a una <strong>composici\u00f3n m\u00e1s pura<\/strong>: <strong>75 % de oro y 25 % de cobre<\/strong>, en las joyas de oro de 18 quilates.<\/p><p>Al igual que su variante rosa, el oro rojo fue especialmente apreciado por la nobleza rusa: fue el c\u00e9lebre joyero Peter Carl <strong>Faberg\u00e9<\/strong> quien impuls\u00f3 su difusi\u00f3n, utiliz\u00e1ndolo en algunas de sus <strong>valiosas huevos decorativos<\/strong> en la segunda mitad del siglo XIX.<\/p><p>En Europa, la moda del oro rojo se consolid\u00f3 a principios del siglo XX, cuando la maison <strong>Cartier<\/strong> cre\u00f3 una <strong>versi\u00f3n en oro rojo<\/strong> de su famoso <strong>anillo Trinity<\/strong> en 1924.<\/p><p>En los \u00faltimos a\u00f1os, la demanda de <strong>oro rojo<\/strong> ha aumentado progresivamente, especialmente en los pa\u00edses del Este asi\u00e1tico. Se utiliza <strong>en todo tipo de joyas<\/strong> \u2014pendientes, pulseras, collares, anillos de compromiso y alianzas\u2014 y <strong>a menudo se combina con piedras preciosas y diamantes<\/strong>. <\/p><p>Su valor viene determinado no solo por su composici\u00f3n, sino tambi\u00e9n por su herencia aristocr\u00e1tica, la originalidad y rareza de las creaciones y sus caracter\u00edsticas f\u00edsicas: resistencia y durabilidad.<\/p>\t\t\t\t\t\t\t\t<\/div>\n\t\t\t\t<\/div>\n\t\t\t\t<div class=\"elementor-element elementor-element-f2b5607 elementor-widget elementor-widget-heading\" data-id=\"f2b5607\" data-element_type=\"widget\" data-e-type=\"widget\" data-widget_type=\"heading.default\">\n\t\t\t\t<div class=\"elementor-widget-container\">\n\t\t\t\t\t<h2 class=\"elementor-heading-title elementor-size-default\">\u00bfQu\u00e9 oro vale m\u00e1s?<\/h2>\t\t\t\t<\/div>\n\t\t\t\t<\/div>\n\t\t\t\t<div class=\"elementor-element elementor-element-5aa51d7 elementor-widget__width-inherit elementor-widget elementor-widget-text-editor\" data-id=\"5aa51d7\" data-element_type=\"widget\" data-e-type=\"widget\" data-widget_type=\"text-editor.default\">\n\t\t\t\t<div class=\"elementor-widget-container\">\n\t\t\t\t\t\t\t\t\t<p>Como hemos analizado, el <strong>valor del oro<\/strong> no viene determinado por su color, sino por su composici\u00f3n: m\u00e1s all\u00e1 de los metales utilizados en la aleaci\u00f3n, lo que <strong>marca la diferencia<\/strong> en el valor \u2014y, por lo tanto, en el precio\u2014 de una joya es <strong>la cantidad de mil\u00e9simas de oro puro presente en el producto<\/strong>.<\/p><p>Los elementos que se funden con el oro \u2014como cobre, paladio, plata, n\u00edquel, zinc o platino\u2014 influyen en las caracter\u00edsticas f\u00edsicas de la aleaci\u00f3n y determinan su uso (en funci\u00f3n de una mayor o menor ductilidad), as\u00ed como, por supuesto, el color final del objeto precioso.<\/p>\t\t\t\t\t\t\t\t<\/div>\n\t\t\t\t<\/div>\n\t\t\t\t<\/div>\n\t\t\t\t\t<\/div>\n\t\t\t\t<\/div>\n\t\t\t\t<\/div>\n\t\t\t\t<\/div>\n\t\t","protected":false},"excerpt":{"rendered":"<p>Las diferencias entre el oro amarillo, blanco, rosa y rojo Cuando se habla de oro, el pensamiento se dirige inmediatamente al color intenso y brillante del metal precioso tal como se encuentra en la naturaleza. En realidad, existen diferentes tipos de oro, creados artificialmente para modificar sus caracter\u00edsticas y adaptarlas a distintos usos. El oro [&hellip;]<\/p>\n","protected":false},"author":1,"featured_media":0,"parent":7581,"menu_order":0,"comment_status":"closed","ping_status":"closed","template":"elementor_header_footer","meta":{"_acf_changed":false,"footnotes":""},"class_list":["post-7583","page","type-page","status-publish","hentry"],"acf":[],"_links":{"self":[{"href":"https:\/\/www.italpreziosi.it\/es\/wp-json\/wp\/v2\/pages\/7583","targetHints":{"allow":["GET"]}}],"collection":[{"href":"https:\/\/www.italpreziosi.it\/es\/wp-json\/wp\/v2\/pages"}],"about":[{"href":"https:\/\/www.italpreziosi.it\/es\/wp-json\/wp\/v2\/types\/page"}],"author":[{"embeddable":true,"href":"https:\/\/www.italpreziosi.it\/es\/wp-json\/wp\/v2\/users\/1"}],"replies":[{"embeddable":true,"href":"https:\/\/www.italpreziosi.it\/es\/wp-json\/wp\/v2\/comments?post=7583"}],"version-history":[{"count":14,"href":"https:\/\/www.italpreziosi.it\/es\/wp-json\/wp\/v2\/pages\/7583\/revisions"}],"predecessor-version":[{"id":7704,"href":"https:\/\/www.italpreziosi.it\/es\/wp-json\/wp\/v2\/pages\/7583\/revisions\/7704"}],"up":[{"embeddable":true,"href":"https:\/\/www.italpreziosi.it\/es\/wp-json\/wp\/v2\/pages\/7581"}],"wp:attachment":[{"href":"https:\/\/www.italpreziosi.it\/es\/wp-json\/wp\/v2\/media?parent=7583"}],"curies":[{"name":"wp","href":"https:\/\/api.w.org\/{rel}","templated":true}]}}