{"id":7581,"date":"2025-06-10T17:11:24","date_gmt":"2025-06-10T15:11:24","guid":{"rendered":"https:\/\/www.italpreziosi.it\/guia-del-oro\/"},"modified":"2026-03-17T16:23:19","modified_gmt":"2026-03-17T15:23:19","slug":"guia-del-oro","status":"publish","type":"page","link":"https:\/\/www.italpreziosi.it\/es\/guia-del-oro\/","title":{"rendered":"Gu\u00eda del Oro"},"content":{"rendered":"\t\t<div data-elementor-type=\"wp-page\" data-elementor-id=\"7581\" class=\"elementor elementor-7581 elementor-96\" data-elementor-post-type=\"page\">\n\t\t\t\t<div class=\"elementor-element elementor-element-f6d6af0 e-con-full e-flex e-con e-parent\" data-id=\"f6d6af0\" data-element_type=\"container\" data-e-type=\"container\" data-settings=\"{&quot;background_background&quot;:&quot;classic&quot;}\">\n\t\t<div class=\"elementor-element elementor-element-680cf21 e-flex e-con-boxed e-con e-child\" data-id=\"680cf21\" data-element_type=\"container\" data-e-type=\"container\">\n\t\t\t\t\t<div class=\"e-con-inner\">\n\t\t<div class=\"elementor-element elementor-element-711035d e-con-full e-flex e-con e-child\" data-id=\"711035d\" data-element_type=\"container\" data-e-type=\"container\">\n\t\t\t\t<div class=\"elementor-element elementor-element-0e658c2 elementor-widget elementor-widget-shortcode\" data-id=\"0e658c2\" data-element_type=\"widget\" data-e-type=\"widget\" data-widget_type=\"shortcode.default\">\n\t\t\t\t<div class=\"elementor-widget-container\">\n\t\t\t\t\t\t\t<div class=\"elementor-shortcode\"><nav aria-label=\"breadcrumbs\" class=\"rank-math-breadcrumb\"><p><span class=\"last\">Italpreziosi<\/span><\/p><\/nav><\/div>\n\t\t\t\t\t\t<\/div>\n\t\t\t\t<\/div>\n\t\t\t\t<div class=\"elementor-element elementor-element-f965c50 elementor-widget elementor-widget-heading\" data-id=\"f965c50\" data-element_type=\"widget\" data-e-type=\"widget\" data-widget_type=\"heading.default\">\n\t\t\t\t<div class=\"elementor-widget-container\">\n\t\t\t\t\t<h1 class=\"elementor-heading-title elementor-size-default\">Gu\u00eda del Oro Italpreziosi<\/h1>\t\t\t\t<\/div>\n\t\t\t\t<\/div>\n\t\t<div class=\"elementor-element elementor-element-7fb9da6 e-con-full e-flex e-con e-child\" data-id=\"7fb9da6\" data-element_type=\"container\" data-e-type=\"container\">\n\t\t<div class=\"elementor-element elementor-element-19918c0 e-con-full e-flex e-con e-child\" data-id=\"19918c0\" data-element_type=\"container\" data-e-type=\"container\">\n\t\t\t\t<div class=\"elementor-element elementor-element-66cfa92 elementor-widget__width-inherit elementor-widget elementor-widget-text-editor\" data-id=\"66cfa92\" data-element_type=\"widget\" data-e-type=\"widget\" data-widget_type=\"text-editor.default\">\n\t\t\t\t<div class=\"elementor-widget-container\">\n\t\t\t\t\t\t\t\t\t<p>El <strong>oro<\/strong> siempre ha ejercido una fascinaci\u00f3n \u00fanica: a lo largo de los siglos ha sido considerado un <strong>s\u00edmbolo de riqueza y poder<\/strong>.<\/p><p>Pero el oro es <strong>mucho m\u00e1s que un metal precioso<\/strong>: es un universo de matices y significados que abarca diversos aspectos de nuestra vida.<\/p><p>Por esta raz\u00f3n, <strong>Italpreziosi<\/strong>, sociedad benefit y empresa certificada B Corp, ha creado una <strong>Gu\u00eda del Oro<\/strong>: un compendio esencial, completo y riguroso para quienes desean profundizar en el conocimiento del metal amarillo desde m\u00faltiples perspectivas.<\/p><p>En esta gu\u00eda exploramos el mundo del oro comenzando por aspectos fundamentales como el <strong>color<\/strong>, el <strong>significado del oro puro<\/strong> y el sistema de quilates.<\/p><p>A continuaci\u00f3n, profundizamos en el <strong>oro como inversi\u00f3n<\/strong>, el sistema de <strong>cotizaci\u00f3n<\/strong> y <strong>fixing<\/strong>, la <strong>evoluci\u00f3n hist\u00f3rica del precio del oro<\/strong> y la <strong>legislaci\u00f3n italiana sobre la fiscalidad<\/strong> de la compraventa de oro.<\/p><p>La gu\u00eda contin\u00faa con un enfoque clave en la <strong>sostenibilidad<\/strong> a lo largo de toda la cadena de suministro y dentro de nuestra empresa, para concluir con algunas curiosidades sobre el <strong>oro comestible<\/strong> y su uso en las cocinas m\u00e1s exclusivas del mundo.<\/p><p>La <strong>Gu\u00eda del Oro de Italpreziosi<\/strong> es una herramienta \u00fatil y fiable tanto para profesionales del sector de los metales preciosos como para quienes, movidos por la curiosidad, buscan una fuente autorizada para explorar el mundo del oro en todas sus facetas.<\/p>\t\t\t\t\t\t\t\t<\/div>\n\t\t\t\t<\/div>\n\t\t\t\t<\/div>\n\t\t<div class=\"elementor-element elementor-element-4cedf10 e-con-full e-flex e-con e-child\" data-id=\"4cedf10\" data-element_type=\"container\" data-e-type=\"container\">\n\t\t\t\t<div class=\"elementor-element elementor-element-94f82ed elementor-widget elementor-widget-heading\" data-id=\"94f82ed\" data-element_type=\"widget\" data-e-type=\"widget\" data-widget_type=\"heading.default\">\n\t\t\t\t<div class=\"elementor-widget-container\">\n\t\t\t\t\t<h2 class=\"elementor-heading-title elementor-size-default\">\u00cdndice de la Gu\u00eda del Oro<\/h2>\t\t\t\t<\/div>\n\t\t\t\t<\/div>\n\t\t\t\t<div class=\"elementor-element elementor-element-7974583 elementor-widget elementor-widget-html\" data-id=\"7974583\" data-element_type=\"widget\" data-e-type=\"widget\" data-widget_type=\"html.default\">\n\t\t\t\t<div class=\"elementor-widget-container\">\n\t\t\t\t\t<div class=\"custom-ul fixed-elements\">\n\t<a href=\"https:\/\/www.italpreziosi.it\/es\/guia-del-oro\/las-diferencias-entre-el-oro-amarillo-blanco-rosa-y-rojo\/\" class=\"custom-li\">\n\t\t<span class=\"n\">01<\/span>\n        <span class=\"value\">Las diferencias entre el oro amarillo, blanco, rosa y rojo<\/span>\n\t<\/a>\n\t<a href=\"https:\/\/www.italpreziosi.it\/es\/guia-del-oro\/oro-bruto-oro-puro-y-oro-fino-oro-zecchino-cuales-son-las-diferencias\/\" class=\"custom-li\">\n\t\t<span class=\"n\">02<\/span>\n<span class=\"value\">Oro bruto, oro puro y oro fino: \u00bfcu\u00e1les son las diferencias?<\/span>\n\t<\/a>\n\t<a href=\"https:\/\/www.italpreziosi.it\/es\/guia-del-oro\/el-sistema-de-los-quilates-los-milesimos-y-el-oro-750\/\" class=\"custom-li\">\n\t\t<span class=\"n\">03<\/span>\n<span class=\"value\">El sistema de quilates, los mil\u00e9simos y el oro 750<\/span>\n\t<\/a>\n\t<a href=\"https:\/\/www.italpreziosi.it\/es\/guia-del-oro\/el-activo-refugio-por-excelencia-el-oro-de-inversion\/\" class=\"custom-li\">\n\t\t<span class=\"n\">04<\/span>\n<span class=\"value\">El activo refugio por excelencia: el oro como inversi\u00f3n<\/span>\n\t<\/a>\n\t<a href=\"https:\/\/www.italpreziosi.it\/es\/guia-del-oro\/fixing-del-oro-el-precio-del-oro-en-los-mercados-internacionales\/\" class=\"custom-li\">\n\t\t<span class=\"n\">05<\/span>\n<span class=\"value\">El fixing del oro: el precio del oro en los mercados internacionales<\/span>\n\t<\/a>\n\t<a href=\"https:\/\/www.italpreziosi.it\/es\/guia-del-oro\/la-evolucion-del-precio-del-oro-la-historia-entre-los-siglos-xx-y-xxi\/\" class=\"custom-li\">\n\t\t<span class=\"n\">06<\/span>\n<span class=\"value\">La evoluci\u00f3n del precio del oro entre los siglos XX y XXI<\/span>\n\t<\/a>\n\t<a href=\"https:\/\/www.italpreziosi.it\/es\/guia-del-oro\/compraventa-de-oro-funcionamiento-y-fiscalidad-en-italia\/\" class=\"custom-li\">\n\t\t<span class=\"n\">07<\/span>\n<span class=\"value\">Compraventa de oro: funcionamiento y fiscalidad en Italia<\/span>\n\t<\/a>\n\t<a href=\"https:\/\/www.italpreziosi.it\/es\/guia-del-oro\/el-oro-comestible-el-lujo-como-experiencia-gastronomica\/\" class=\"custom-li\">\n\t\t<span class=\"n\">08<\/span>\n<span class=\"value\">Oro comestible: el lujo como experiencia gastron\u00f3mica<\/span>\n\t<\/a>\n<\/div>\t\t\t\t<\/div>\n\t\t\t\t<\/div>\n\t\t\t\t<\/div>\n\t\t\t\t<\/div>\n\t\t\t\t<\/div>\n\t\t\t\t\t<\/div>\n\t\t\t\t<\/div>\n\t\t\t\t<\/div>\n\t\t\t\t<\/div>\n\t\t","protected":false},"excerpt":{"rendered":"<p>Gu\u00eda del Oro Italpreziosi El oro siempre ha ejercido una fascinaci\u00f3n \u00fanica: a lo largo de los siglos ha sido considerado un s\u00edmbolo de riqueza y poder. Pero el oro es mucho m\u00e1s que un metal precioso: es un universo de matices y significados que abarca diversos aspectos de nuestra vida. Por esta raz\u00f3n, Italpreziosi, [&hellip;]<\/p>\n","protected":false},"author":1,"featured_media":0,"parent":0,"menu_order":0,"comment_status":"closed","ping_status":"closed","template":"elementor_header_footer","meta":{"_acf_changed":false,"footnotes":""},"class_list":["post-7581","page","type-page","status-publish","hentry"],"acf":[],"_links":{"self":[{"href":"https:\/\/www.italpreziosi.it\/es\/wp-json\/wp\/v2\/pages\/7581","targetHints":{"allow":["GET"]}}],"collection":[{"href":"https:\/\/www.italpreziosi.it\/es\/wp-json\/wp\/v2\/pages"}],"about":[{"href":"https:\/\/www.italpreziosi.it\/es\/wp-json\/wp\/v2\/types\/page"}],"author":[{"embeddable":true,"href":"https:\/\/www.italpreziosi.it\/es\/wp-json\/wp\/v2\/users\/1"}],"replies":[{"embeddable":true,"href":"https:\/\/www.italpreziosi.it\/es\/wp-json\/wp\/v2\/comments?post=7581"}],"version-history":[{"count":15,"href":"https:\/\/www.italpreziosi.it\/es\/wp-json\/wp\/v2\/pages\/7581\/revisions"}],"predecessor-version":[{"id":7679,"href":"https:\/\/www.italpreziosi.it\/es\/wp-json\/wp\/v2\/pages\/7581\/revisions\/7679"}],"wp:attachment":[{"href":"https:\/\/www.italpreziosi.it\/es\/wp-json\/wp\/v2\/media?parent=7581"}],"curies":[{"name":"wp","href":"https:\/\/api.w.org\/{rel}","templated":true}]}}