{"id":5550,"date":"2025-10-31T17:12:01","date_gmt":"2025-10-31T16:12:01","guid":{"rendered":"https:\/\/www.italpreziosi.it\/dichiarazione-di-accessibilita\/"},"modified":"2026-01-14T10:28:35","modified_gmt":"2026-01-14T09:28:35","slug":"dichiarazione-di-accessibilita","status":"publish","type":"page","link":"https:\/\/www.italpreziosi.it\/es\/declaracion-de-accesibilidad\/","title":{"rendered":"Declaraci\u00f3n de accesibilidad"},"content":{"rendered":"\t\t<div data-elementor-type=\"wp-page\" data-elementor-id=\"5550\" class=\"elementor elementor-5550 elementor-5547\" data-elementor-post-type=\"page\">\n\t\t\t\t<div class=\"elementor-element elementor-element-b0320a8 e-con-full e-flex e-con e-parent\" data-id=\"b0320a8\" data-element_type=\"container\" data-e-type=\"container\" data-settings=\"{&quot;background_background&quot;:&quot;classic&quot;}\">\n\t\t<div class=\"elementor-element elementor-element-328a49a e-flex e-con-boxed e-con e-child\" data-id=\"328a49a\" data-element_type=\"container\" data-e-type=\"container\">\n\t\t\t\t\t<div class=\"e-con-inner\">\n\t\t\t\t<div class=\"elementor-element elementor-element-1e06813 elementor-widget elementor-widget-shortcode\" data-id=\"1e06813\" data-element_type=\"widget\" data-e-type=\"widget\" data-widget_type=\"shortcode.default\">\n\t\t\t\t<div class=\"elementor-widget-container\">\n\t\t\t\t\t\t\t<div class=\"elementor-shortcode\"><nav aria-label=\"breadcrumbs\" class=\"rank-math-breadcrumb\"><p><span class=\"last\">Italpreziosi<\/span><\/p><\/nav><\/div>\n\t\t\t\t\t\t<\/div>\n\t\t\t\t<\/div>\n\t\t\t\t<div class=\"elementor-element elementor-element-59d298e elementor-widget elementor-widget-heading\" data-id=\"59d298e\" data-element_type=\"widget\" data-e-type=\"widget\" data-widget_type=\"heading.default\">\n\t\t\t\t<div class=\"elementor-widget-container\">\n\t\t\t\t\t<h1 class=\"elementor-heading-title elementor-size-default\">Declaraci\u00f3n de accesibilidad\n<\/h1>\t\t\t\t<\/div>\n\t\t\t\t<\/div>\n\t\t\t\t<div class=\"elementor-element elementor-element-9488e7a elementor-widget__width-inherit elementor-widget elementor-widget-text-editor\" data-id=\"9488e7a\" data-element_type=\"widget\" data-e-type=\"widget\" data-widget_type=\"text-editor.default\">\n\t\t\t\t<div class=\"elementor-widget-container\">\n\t\t\t\t\t\t\t\t\t<div><b>Declaraci\u00f3n sobre la accesibilidad del sitio web conforme al Decreto Legislativo n.\u00ba 82\/2022 (transposici\u00f3n de la Directiva UE 2019\/882)<\/b><p>Italpreziosi S.p.A., con sede legal en Arezzo 52100 \u2013 Strada A, 32 \u2013 Loc. San Zeno, NIF 01111420517, se compromete a garantizar la accesibilidad de su sitio web, de conformidad con la Ley n.\u00ba 4 de 9 de enero de 2004, el Decreto Legislativo n.\u00ba 82\/2022 y la Directiva (UE) 2019\/882 (Ley Europea de Accesibilidad). La presente declaraci\u00f3n tiene como objetivo clarificar el estado de conformidad del sitio web\u00a0<a href=\"https:\/\/www.italpreziosi.it\/es\/\" target=\"_blank\" rel=\"noopener\">https:\/\/www.italpreziosi.it\/es\/<\/a>.<\/p><\/div><div>\u00a0<\/div><div><b>Estado de conformidad<\/b><p>Actualmente, el sitio web no es conforme con los requisitos de accesibilidad digital establecidos por la norma UNI CEI EN 301549.<\/p><p>No obstante, seg\u00fan lo dispuesto por la Directiva (UE) 2019\/882 (art\u00edculos 1, 2 y 15), el Decreto Legislativo n.\u00ba 82\/2022 (art\u00edculo 3, apartado 2), la Circular AGID n.\u00ba 3\/2022 y las directrices europeas correspondientes, el sitio web no est\u00e1 sujeto a la obligaci\u00f3n de cumplimiento por las siguientes razones:<\/p><ul><li>Fue publicado antes del 28 de junio de 2025;<\/li><li>No ha sido objeto de modificaciones sustanciales (redise\u00f1o gr\u00e1fico, reestructuraci\u00f3n del c\u00f3digo, cambio de CMS o actualizaciones tecnol\u00f3gicas relevantes) posteriores a dicha fecha;<\/li><li>Est\u00e1 sujeto \u00fanicamente a mantenimiento ordinario y actualizaciones de contenido, que no constituyen cambios sustanciales.<\/li><\/ul><p>Por tanto, en la actualidad, el sitio no est\u00e1 sujeto a la obligaci\u00f3n de cumplimiento inmediato con los requisitos de accesibilidad previstos por la ley.<\/p><\/div><div>\u00a0<\/div><div><b>Compromisos futuros<\/b><p>En caso de futuras intervenciones de car\u00e1cter estructural, redise\u00f1o o actualizaciones tecnol\u00f3gicas relevantes, se evaluar\u00e1 y planificar\u00e1 la adecuaci\u00f3n del sitio web a los requisitos de accesibilidad, conforme a las directrices y plazos establecidos por la normativa vigente.<\/p><\/div><div>\u00a0<\/div><div><b>Informaci\u00f3n sobre el sitio web<\/b><ol><li>Fecha de publicaci\u00f3n: 17\/01\/2020<\/li><li>Pruebas de usabilidad realizadas: No<\/li><li>CMS utilizado para el sitio: Magento<\/li><\/ol><\/div><div>\u00a0<\/div><div><b>Redacci\u00f3n de la declaraci\u00f3n de accesibilidad<\/b><p>La presente declaraci\u00f3n ha sido redactada el 10\/07\/2025. La evaluaci\u00f3n ha sido realizada mediante autoevaluaci\u00f3n directamente por el sujeto proveedor del servicio, conforme al art\u00edculo 3, apartado 1, de la Decisi\u00f3n de Ejecuci\u00f3n (UE) 2018\/1523 de la Comisi\u00f3n.<\/p><\/div><div>\u00a0<\/div><div><b>Comentarios y datos de contacto<\/b><p>Para informes o solicitudes relacionadas con la accesibilidad del sitio web, puede escribir a:<br \/>Correo electr\u00f3nico: accessodigitale@italpreziosi.it<br \/>Correo certificado (PEC): italpreziosi@pcert.postecert.it<br \/>Responsable de la gesti\u00f3n de los informes: Valentina Franchi<br \/>Indicar en el asunto del mensaje: Accesibilidad del sitio<\/p><\/div><div>\u00a0<\/div><div><b>Procedimiento para presentar informes ante AgID<\/b><p>En caso de respuesta insatisfactoria o ausencia de respuesta en un plazo de treinta d\u00edas a la notificaci\u00f3n o solicitud, el interesado podr\u00e1 presentar una queja ante AgID mediante correo certificado (PEC) a la siguiente direcci\u00f3n: protocollo@pec.agid.gov.it<\/p><p>Para m\u00e1s informaci\u00f3n actualizada, puede consultar el siguiente enlace del sitio web de AgID:\u00a0<a href=\"https:\/\/www.agid.gov.it\/it\/design-servizi\/accessibilita\/linee-guida-accessibilita-privati\" target=\"_blank\" rel=\"noopener nofollow\">https:\/\/www.agid.gov.it\/it\/design-servizi\/accessibilita\/linee-guida-accessibilita-privati<\/a><\/p><\/div><div>\u00a0<\/div><div><b>Informaci\u00f3n sobre la entidad<\/b><ol><li>N\u00famero de empleados con discapacidad en la empresa: 6<\/li><li>N\u00famero de puestos de trabajo adaptados para empleados con discapacidad: 5<\/li><\/ol><\/div><div>\u00a0<\/div><div><b>Referencias normativas<\/b><p>Directiva (UE) 2019\/882 \u2013 Ley Europea de Accesibilidad<br \/>Decreto Legislativo n.\u00ba 82\/2022 \u2013 Transposici\u00f3n de la Directiva en Italia<br \/>Circular AGID n.\u00ba 3\/2022<br \/>Norma UNI CEI EN 301549 \u2013 Requisitos t\u00e9cnicos de accesibilidad<br \/>FAQ y documentaci\u00f3n de apoyo de la Comisi\u00f3n Europea<\/p><\/div>\t\t\t\t\t\t\t\t<\/div>\n\t\t\t\t<\/div>\n\t\t\t\t\t<\/div>\n\t\t\t\t<\/div>\n\t\t\t\t<\/div>\n\t\t\t\t<\/div>\n\t\t","protected":false},"excerpt":{"rendered":"<p>Declaraci\u00f3n de accesibilidad Declaraci\u00f3n sobre la accesibilidad del sitio web conforme al Decreto Legislativo n.\u00ba 82\/2022 (transposici\u00f3n de la Directiva UE 2019\/882) Italpreziosi S.p.A., con sede legal en Arezzo 52100 \u2013 Strada A, 32 \u2013 Loc. San Zeno, NIF 01111420517, se compromete a garantizar la accesibilidad de su sitio web, de conformidad con la Ley [&hellip;]<\/p>\n","protected":false},"author":1,"featured_media":0,"parent":0,"menu_order":0,"comment_status":"closed","ping_status":"closed","template":"elementor_header_footer","meta":{"_acf_changed":false,"footnotes":""},"class_list":["post-5550","page","type-page","status-publish","hentry"],"acf":[],"_links":{"self":[{"href":"https:\/\/www.italpreziosi.it\/es\/wp-json\/wp\/v2\/pages\/5550","targetHints":{"allow":["GET"]}}],"collection":[{"href":"https:\/\/www.italpreziosi.it\/es\/wp-json\/wp\/v2\/pages"}],"about":[{"href":"https:\/\/www.italpreziosi.it\/es\/wp-json\/wp\/v2\/types\/page"}],"author":[{"embeddable":true,"href":"https:\/\/www.italpreziosi.it\/es\/wp-json\/wp\/v2\/users\/1"}],"replies":[{"embeddable":true,"href":"https:\/\/www.italpreziosi.it\/es\/wp-json\/wp\/v2\/comments?post=5550"}],"version-history":[{"count":5,"href":"https:\/\/www.italpreziosi.it\/es\/wp-json\/wp\/v2\/pages\/5550\/revisions"}],"predecessor-version":[{"id":6793,"href":"https:\/\/www.italpreziosi.it\/es\/wp-json\/wp\/v2\/pages\/5550\/revisions\/6793"}],"wp:attachment":[{"href":"https:\/\/www.italpreziosi.it\/es\/wp-json\/wp\/v2\/media?parent=5550"}],"curies":[{"name":"wp","href":"https:\/\/api.w.org\/{rel}","templated":true}]}}