{"id":5305,"date":"2025-10-27T13:22:21","date_gmt":"2025-10-27T12:22:21","guid":{"rendered":"https:\/\/www.italpreziosi.it\/?page_id=5305"},"modified":"2026-01-14T10:35:58","modified_gmt":"2026-01-14T09:35:58","slug":"certificazione-b-corporation","status":"publish","type":"page","link":"https:\/\/www.italpreziosi.it\/es\/responsabilidad\/certificacion-de-empresa-b\/","title":{"rendered":"Certificaci\u00f3n de Empresa B"},"content":{"rendered":"\t\t<div data-elementor-type=\"wp-page\" data-elementor-id=\"5305\" class=\"elementor elementor-5305 elementor-5303\" data-elementor-post-type=\"page\">\n\t\t\t\t<div class=\"elementor-element elementor-element-67e8e14 e-con-full e-flex e-con e-parent\" data-id=\"67e8e14\" data-element_type=\"container\" data-e-type=\"container\" data-settings=\"{&quot;background_background&quot;:&quot;classic&quot;}\">\n\t\t<div class=\"elementor-element elementor-element-c48f2b6 e-flex e-con-boxed e-con e-child\" data-id=\"c48f2b6\" data-element_type=\"container\" data-e-type=\"container\">\n\t\t\t\t\t<div class=\"e-con-inner\">\n\t\t<div class=\"elementor-element elementor-element-19c1577 e-con-full e-flex e-con e-child\" data-id=\"19c1577\" data-element_type=\"container\" data-e-type=\"container\">\n\t\t\t\t<div class=\"elementor-element elementor-element-2c4e85e elementor-widget elementor-widget-shortcode\" data-id=\"2c4e85e\" data-element_type=\"widget\" data-e-type=\"widget\" data-widget_type=\"shortcode.default\">\n\t\t\t\t<div class=\"elementor-widget-container\">\n\t\t\t\t\t\t\t<div class=\"elementor-shortcode\"><nav aria-label=\"breadcrumbs\" class=\"rank-math-breadcrumb\"><p><span class=\"last\">Italpreziosi<\/span><\/p><\/nav><\/div>\n\t\t\t\t\t\t<\/div>\n\t\t\t\t<\/div>\n\t\t\t\t<div class=\"elementor-element elementor-element-f5da558 elementor-widget elementor-widget-heading\" data-id=\"f5da558\" data-element_type=\"widget\" data-e-type=\"widget\" data-widget_type=\"heading.default\">\n\t\t\t\t<div class=\"elementor-widget-container\">\n\t\t\t\t\t<h1 class=\"elementor-heading-title elementor-size-default\">Aviso de certificaci\u00f3n\n<\/h1>\t\t\t\t<\/div>\n\t\t\t\t<\/div>\n\t\t\t\t<\/div>\n\t\t\t\t\t<\/div>\n\t\t\t\t<\/div>\n\t\t\t\t<\/div>\n\t\t<div class=\"elementor-element elementor-element-eb52760 e-con-full e-flex e-con e-parent\" data-id=\"eb52760\" data-element_type=\"container\" data-e-type=\"container\" data-settings=\"{&quot;background_background&quot;:&quot;classic&quot;}\">\n\t\t<div class=\"elementor-element elementor-element-4c6443e e-flex e-con-boxed e-con e-child\" data-id=\"4c6443e\" data-element_type=\"container\" data-e-type=\"container\">\n\t\t\t\t\t<div class=\"e-con-inner\">\n\t\t<div class=\"elementor-element elementor-element-65bcab8 e-con-full e-flex e-con e-child\" data-id=\"65bcab8\" data-element_type=\"container\" data-e-type=\"container\">\n\t\t\t\t<div class=\"elementor-element elementor-element-7973008 elementor-widget elementor-widget-text-editor\" data-id=\"7973008\" data-element_type=\"widget\" data-e-type=\"widget\" data-widget_type=\"text-editor.default\">\n\t\t\t\t<div class=\"elementor-widget-container\">\n\t\t\t\t\t\t\t\t\t<p>El logotipo de \u201cEmpresa B Certificada\u201d es otorgado por B Lab, una organizaci\u00f3n privada sin fines de lucro, a empresas que, como la nuestra, han completado con \u00e9xito la Evaluaci\u00f3n de Impacto B (BIA) y cumplen con los requisitos de desempe\u00f1o social y ambiental, responsabilidad y transparencia de B Lab.<\/p><p>Aclaramos que B Lab no es un organismo de evaluaci\u00f3n de la conformidad seg\u00fan lo define el Reglamento (UE) n\u00ba 765\/2008, ni es un organismo de normalizaci\u00f3n nacional, europeo o internacional seg\u00fan el Reglamento (UE) n\u00ba 1025\/2012. Los criterios de la Evaluaci\u00f3n de Impacto B son distintos e independientes de los est\u00e1ndares armonizados resultantes de las normas ISO u otros organismos de normalizaci\u00f3n, y no est\u00e1n ratificados por instituciones p\u00fablicas nacionales o europeas.<\/p>\t\t\t\t\t\t\t\t<\/div>\n\t\t\t\t<\/div>\n\t\t\t\t<\/div>\n\t\t\t\t\t<\/div>\n\t\t\t\t<\/div>\n\t\t\t\t<\/div>\n\t\t\t\t<\/div>\n\t\t","protected":false},"excerpt":{"rendered":"<p>Aviso de certificaci\u00f3n El logotipo de \u201cEmpresa B Certificada\u201d es otorgado por B Lab, una organizaci\u00f3n privada sin fines de lucro, a empresas que, como la nuestra, han completado con \u00e9xito la Evaluaci\u00f3n de Impacto B (BIA) y cumplen con los requisitos de desempe\u00f1o social y ambiental, responsabilidad y transparencia de B Lab. Aclaramos que [&hellip;]<\/p>\n","protected":false},"author":1,"featured_media":0,"parent":2006,"menu_order":0,"comment_status":"closed","ping_status":"closed","template":"elementor_header_footer","meta":{"_acf_changed":false,"footnotes":""},"class_list":["post-5305","page","type-page","status-publish","hentry"],"acf":[],"_links":{"self":[{"href":"https:\/\/www.italpreziosi.it\/es\/wp-json\/wp\/v2\/pages\/5305","targetHints":{"allow":["GET"]}}],"collection":[{"href":"https:\/\/www.italpreziosi.it\/es\/wp-json\/wp\/v2\/pages"}],"about":[{"href":"https:\/\/www.italpreziosi.it\/es\/wp-json\/wp\/v2\/types\/page"}],"author":[{"embeddable":true,"href":"https:\/\/www.italpreziosi.it\/es\/wp-json\/wp\/v2\/users\/1"}],"replies":[{"embeddable":true,"href":"https:\/\/www.italpreziosi.it\/es\/wp-json\/wp\/v2\/comments?post=5305"}],"version-history":[{"count":7,"href":"https:\/\/www.italpreziosi.it\/es\/wp-json\/wp\/v2\/pages\/5305\/revisions"}],"predecessor-version":[{"id":6802,"href":"https:\/\/www.italpreziosi.it\/es\/wp-json\/wp\/v2\/pages\/5305\/revisions\/6802"}],"up":[{"embeddable":true,"href":"https:\/\/www.italpreziosi.it\/es\/wp-json\/wp\/v2\/pages\/2006"}],"wp:attachment":[{"href":"https:\/\/www.italpreziosi.it\/es\/wp-json\/wp\/v2\/media?parent=5305"}],"curies":[{"name":"wp","href":"https:\/\/api.w.org\/{rel}","templated":true}]}}