{"id":2036,"date":"2025-08-13T19:06:23","date_gmt":"2025-08-13T17:06:23","guid":{"rendered":"https:\/\/www.italpreziosi.it\/servizi\/vendita-lingotti-oro-argento-monete-investimento\/"},"modified":"2026-01-14T11:52:05","modified_gmt":"2026-01-14T10:52:05","slug":"venta-de-oro-y-productos-de-inversion","status":"publish","type":"page","link":"https:\/\/www.italpreziosi.it\/es\/servicios\/venta-de-oro-y-productos-de-inversion\/","title":{"rendered":"Venta de oro y productos de inversi\u00f3n"},"content":{"rendered":"\t\t<div data-elementor-type=\"wp-page\" data-elementor-id=\"2036\" class=\"elementor elementor-2036 elementor-92\" data-elementor-post-type=\"page\">\n\t\t\t\t<div class=\"elementor-element elementor-element-91ac06e e-flex e-con-boxed e-con e-parent\" data-id=\"91ac06e\" data-element_type=\"container\" data-e-type=\"container\" data-settings=\"{&quot;background_background&quot;:&quot;classic&quot;}\">\n\t\t\t\t\t<div class=\"e-con-inner\">\n\t\t<div class=\"elementor-element elementor-element-f807ce6 e-con-full e-flex e-con e-child\" data-id=\"f807ce6\" data-element_type=\"container\" data-e-type=\"container\">\n\t\t\t\t<div class=\"elementor-element elementor-element-694830d elementor-widget elementor-widget-shortcode\" data-id=\"694830d\" data-element_type=\"widget\" data-e-type=\"widget\" data-widget_type=\"shortcode.default\">\n\t\t\t\t<div class=\"elementor-widget-container\">\n\t\t\t\t\t\t\t<div class=\"elementor-shortcode\"><nav aria-label=\"breadcrumbs\" class=\"rank-math-breadcrumb\"><p><span class=\"last\">Italpreziosi<\/span><\/p><\/nav><\/div>\n\t\t\t\t\t\t<\/div>\n\t\t\t\t<\/div>\n\t\t\t\t<div class=\"elementor-element elementor-element-d47e2a2 elementor-widget elementor-widget-heading\" data-id=\"d47e2a2\" data-element_type=\"widget\" data-e-type=\"widget\" data-widget_type=\"heading.default\">\n\t\t\t\t<div class=\"elementor-widget-container\">\n\t\t\t\t\t<h1 class=\"elementor-heading-title elementor-size-default\">Venta de oro y productos de inversi\u00f3n<\/h1>\t\t\t\t<\/div>\n\t\t\t\t<\/div>\n\t\t\t\t<div class=\"elementor-element elementor-element-211a4c0 elementor-widget elementor-widget-text-editor\" data-id=\"211a4c0\" data-element_type=\"widget\" data-e-type=\"widget\" data-widget_type=\"text-editor.default\">\n\t\t\t\t<div class=\"elementor-widget-container\">\n\t\t\t\t\t\t\t\t\t<p><span style=\"font-weight: 400;\">Italpreziosi ofrece una amplia gama de productos de inversi\u00f3n, incluyendo lingotes y monedas de oro y plata puros. Cada producto se fabrica con la m\u00e1s alta calidad y cuenta con un certificado de garant\u00eda que certifica su pureza y peso. Nuestra oferta est\u00e1 dirigida tanto a inversores privados como a clientes institucionales, ofreciendo soluciones personalizadas para cada necesidad de inversi\u00f3n.<\/span><\/p><p><span style=\"font-weight: 400;\">Adem\u00e1s, hemos lanzado el servicio <span style=\"text-decoration: underline;\"><a href=\"https:\/\/shop.italpreziosi.it\/es\/servicios\/pac-tesoro\/\" target=\"_blank\" rel=\"noopener nofollow\">PAC Tesoro<\/a><\/span>, una opci\u00f3n que permite a los inversores diversificar gradualmente su cartera comprando oro f\u00edsico mediante un plan de acumulaci\u00f3n personalizado. Este servicio es ideal para quienes desean invertir en oro con flexibilidad y seguridad, sin tener que gestionar los metales f\u00edsicamente.<\/span><\/p>\t\t\t\t\t\t\t\t<\/div>\n\t\t\t\t<\/div>\n\t\t\t\t<\/div>\n\t\t<div class=\"elementor-element elementor-element-8a1ab3c e-con-full e-flex e-con e-child\" data-id=\"8a1ab3c\" data-element_type=\"container\" data-e-type=\"container\">\n\t\t\t\t<div class=\"elementor-element elementor-element-6842df3 elementor-widget elementor-widget-image\" data-id=\"6842df3\" data-element_type=\"widget\" data-e-type=\"widget\" data-widget_type=\"image.default\">\n\t\t\t\t<div class=\"elementor-widget-container\">\n\t\t\t\t\t\t\t\t\t\t\t\t\t\t\t<img fetchpriority=\"high\" decoding=\"async\" width=\"800\" height=\"534\" src=\"https:\/\/cdn.italpreziosi.it\/wp-content\/uploads\/2025\/09\/Vendita-di-lingotti--1024x683.jpg\" class=\"attachment-large size-large wp-image-2516\" alt=\"En la parte superior se alinean varios lingotes de oro de gran tama\u00f1o con la etiqueta 1 KILO DE ORO FINO, y debajo se disponen en filas lingotes de oro m\u00e1s peque\u00f1os con la etiqueta 100 g DE ORO FINO, todo sobre fondo negro.\" srcset=\"https:\/\/cdn.italpreziosi.it\/wp-content\/uploads\/2025\/09\/Vendita-di-lingotti--1024x683.jpg 1024w, https:\/\/cdn.italpreziosi.it\/wp-content\/uploads\/2025\/09\/Vendita-di-lingotti--300x200.jpg 300w, https:\/\/cdn.italpreziosi.it\/wp-content\/uploads\/2025\/09\/Vendita-di-lingotti--768x512.jpg 768w, https:\/\/cdn.italpreziosi.it\/wp-content\/uploads\/2025\/09\/Vendita-di-lingotti-.jpg 1200w\" sizes=\"(max-width: 800px) 100vw, 800px\" \/>\t\t\t\t\t\t\t\t\t\t\t\t\t\t\t<\/div>\n\t\t\t\t<\/div>\n\t\t\t\t<\/div>\n\t\t\t\t\t<\/div>\n\t\t\t\t<\/div>\n\t\t\t\t<\/div>\n\t\t","protected":false},"excerpt":{"rendered":"<p>Venta de oro y productos de inversi\u00f3n Italpreziosi ofrece una amplia gama de productos de inversi\u00f3n, incluyendo lingotes y monedas de oro y plata puros. Cada producto se fabrica con la m\u00e1s alta calidad y cuenta con un certificado de garant\u00eda que certifica su pureza y peso. Nuestra oferta est\u00e1 dirigida tanto a inversores privados [&hellip;]<\/p>\n","protected":false},"author":1,"featured_media":0,"parent":2016,"menu_order":0,"comment_status":"closed","ping_status":"closed","template":"elementor_header_footer","meta":{"_acf_changed":false,"footnotes":""},"class_list":["post-2036","page","type-page","status-publish","hentry"],"acf":[],"_links":{"self":[{"href":"https:\/\/www.italpreziosi.it\/es\/wp-json\/wp\/v2\/pages\/2036","targetHints":{"allow":["GET"]}}],"collection":[{"href":"https:\/\/www.italpreziosi.it\/es\/wp-json\/wp\/v2\/pages"}],"about":[{"href":"https:\/\/www.italpreziosi.it\/es\/wp-json\/wp\/v2\/types\/page"}],"author":[{"embeddable":true,"href":"https:\/\/www.italpreziosi.it\/es\/wp-json\/wp\/v2\/users\/1"}],"replies":[{"embeddable":true,"href":"https:\/\/www.italpreziosi.it\/es\/wp-json\/wp\/v2\/comments?post=2036"}],"version-history":[{"count":11,"href":"https:\/\/www.italpreziosi.it\/es\/wp-json\/wp\/v2\/pages\/2036\/revisions"}],"predecessor-version":[{"id":6845,"href":"https:\/\/www.italpreziosi.it\/es\/wp-json\/wp\/v2\/pages\/2036\/revisions\/6845"}],"up":[{"embeddable":true,"href":"https:\/\/www.italpreziosi.it\/es\/wp-json\/wp\/v2\/pages\/2016"}],"wp:attachment":[{"href":"https:\/\/www.italpreziosi.it\/es\/wp-json\/wp\/v2\/media?parent=2036"}],"curies":[{"name":"wp","href":"https:\/\/api.w.org\/{rel}","templated":true}]}}