{"id":2034,"date":"2025-08-13T19:06:01","date_gmt":"2025-08-13T17:06:01","guid":{"rendered":"https:\/\/www.italpreziosi.it\/servizi\/trading-metalli-preziosi\/"},"modified":"2026-01-14T11:49:47","modified_gmt":"2026-01-14T10:49:47","slug":"comercio-en-linea-de-metales-preciosos","status":"publish","type":"page","link":"https:\/\/www.italpreziosi.it\/es\/servicios\/comercio-en-linea-de-metales-preciosos\/","title":{"rendered":"Comercio en l\u00ednea de metales preciosos"},"content":{"rendered":"\t\t<div data-elementor-type=\"wp-page\" data-elementor-id=\"2034\" class=\"elementor elementor-2034 elementor-82\" data-elementor-post-type=\"page\">\n\t\t\t\t<div class=\"elementor-element elementor-element-3f36d6a e-flex e-con-boxed e-con e-parent\" data-id=\"3f36d6a\" data-element_type=\"container\" data-e-type=\"container\" data-settings=\"{&quot;background_background&quot;:&quot;classic&quot;}\">\n\t\t\t\t\t<div class=\"e-con-inner\">\n\t\t<div class=\"elementor-element elementor-element-62f880c e-con-full e-flex e-con e-child\" data-id=\"62f880c\" data-element_type=\"container\" data-e-type=\"container\">\n\t\t\t\t<div class=\"elementor-element elementor-element-55838fa elementor-widget elementor-widget-shortcode\" data-id=\"55838fa\" data-element_type=\"widget\" data-e-type=\"widget\" data-widget_type=\"shortcode.default\">\n\t\t\t\t<div class=\"elementor-widget-container\">\n\t\t\t\t\t\t\t<div class=\"elementor-shortcode\"><nav aria-label=\"breadcrumbs\" class=\"rank-math-breadcrumb\"><p><span class=\"last\">Italpreziosi<\/span><\/p><\/nav><\/div>\n\t\t\t\t\t\t<\/div>\n\t\t\t\t<\/div>\n\t\t\t\t<div class=\"elementor-element elementor-element-cf00c7a elementor-widget elementor-widget-heading\" data-id=\"cf00c7a\" data-element_type=\"widget\" data-e-type=\"widget\" data-widget_type=\"heading.default\">\n\t\t\t\t<div class=\"elementor-widget-container\">\n\t\t\t\t\t<h1 class=\"elementor-heading-title elementor-size-default\">Comercio en l\u00ednea de metales preciosos<\/h1>\t\t\t\t<\/div>\n\t\t\t\t<\/div>\n\t\t\t\t<div class=\"elementor-element elementor-element-3361380 elementor-widget elementor-widget-text-editor\" data-id=\"3361380\" data-element_type=\"widget\" data-e-type=\"widget\" data-widget_type=\"text-editor.default\">\n\t\t\t\t<div class=\"elementor-widget-container\">\n\t\t\t\t\t\t\t\t\t<p><span style=\"font-weight: 400;\">Con Italplatform, nuestra plataforma digital dedicada, Italpreziosi ofrece una soluci\u00f3n moderna y eficiente para el comercio de metales preciosos. Gracias a esta plataforma, nuestros clientes pueden operar en los mercados internacionales en tiempo real, estableciendo los precios de compra y venta de oro, plata, platino y paladio directamente en l\u00ednea.<\/span><\/p><p><span style=\"font-weight: 400;\">Italplatform le permite operar con metales f\u00edsicos con la misma flexibilidad que en l\u00ednea, con precios que reflejan los precios al contado o a plazo en las principales divisas. Adem\u00e1s, gracias a nuestra interfaz sencilla e intuitiva, los clientes pueden acceder a los mercados internacionales, monitorear las tendencias del mercado y realizar operaciones con transparencia y seguridad.<\/span><\/p><p><span style=\"font-weight: 400;\">Cada transacci\u00f3n se realiza con la m\u00e1xima seguridad, gracias a la integraci\u00f3n con sistemas de pago seguros y a la protecci\u00f3n de datos sensibles mediante protocolos de encriptaci\u00f3n avanzados.<\/span><\/p>\t\t\t\t\t\t\t\t<\/div>\n\t\t\t\t<\/div>\n\t\t\t\t<\/div>\n\t\t<div class=\"elementor-element elementor-element-40d5a03 e-con-full e-flex e-con e-child\" data-id=\"40d5a03\" data-element_type=\"container\" data-e-type=\"container\">\n\t\t\t\t<div class=\"elementor-element elementor-element-3cc2438 elementor-widget elementor-widget-image\" data-id=\"3cc2438\" data-element_type=\"widget\" data-e-type=\"widget\" data-widget_type=\"image.default\">\n\t\t\t\t<div class=\"elementor-widget-container\">\n\t\t\t\t\t\t\t\t\t\t\t\t\t\t\t<img fetchpriority=\"high\" decoding=\"async\" width=\"800\" height=\"534\" src=\"https:\/\/cdn.italpreziosi.it\/wp-content\/uploads\/2025\/09\/Trading-online-1024x683.jpg\" class=\"attachment-large size-large wp-image-3667\" alt=\"Varios monitores de ordenador muestran cuadros financieros, gr\u00e1ficos y datos burs\u00e1tiles en una sala de negociaci\u00f3n, lo que indica un an\u00e1lisis y seguimiento activos del mercado.\" srcset=\"https:\/\/cdn.italpreziosi.it\/wp-content\/uploads\/2025\/09\/Trading-online-1024x683.jpg 1024w, https:\/\/cdn.italpreziosi.it\/wp-content\/uploads\/2025\/09\/Trading-online-300x200.jpg 300w, https:\/\/cdn.italpreziosi.it\/wp-content\/uploads\/2025\/09\/Trading-online-768x512.jpg 768w, https:\/\/cdn.italpreziosi.it\/wp-content\/uploads\/2025\/09\/Trading-online.jpg 1200w\" sizes=\"(max-width: 800px) 100vw, 800px\" \/>\t\t\t\t\t\t\t\t\t\t\t\t\t\t\t<\/div>\n\t\t\t\t<\/div>\n\t\t\t\t<\/div>\n\t\t\t\t\t<\/div>\n\t\t\t\t<\/div>\n\t\t\t\t<\/div>\n\t\t","protected":false},"excerpt":{"rendered":"<p>Comercio en l\u00ednea de metales preciosos Con Italplatform, nuestra plataforma digital dedicada, Italpreziosi ofrece una soluci\u00f3n moderna y eficiente para el comercio de metales preciosos. Gracias a esta plataforma, nuestros clientes pueden operar en los mercados internacionales en tiempo real, estableciendo los precios de compra y venta de oro, plata, platino y paladio directamente en [&hellip;]<\/p>\n","protected":false},"author":1,"featured_media":0,"parent":2016,"menu_order":0,"comment_status":"closed","ping_status":"closed","template":"elementor_header_footer","meta":{"_acf_changed":false,"footnotes":""},"class_list":["post-2034","page","type-page","status-publish","hentry"],"acf":[],"_links":{"self":[{"href":"https:\/\/www.italpreziosi.it\/es\/wp-json\/wp\/v2\/pages\/2034","targetHints":{"allow":["GET"]}}],"collection":[{"href":"https:\/\/www.italpreziosi.it\/es\/wp-json\/wp\/v2\/pages"}],"about":[{"href":"https:\/\/www.italpreziosi.it\/es\/wp-json\/wp\/v2\/types\/page"}],"author":[{"embeddable":true,"href":"https:\/\/www.italpreziosi.it\/es\/wp-json\/wp\/v2\/users\/1"}],"replies":[{"embeddable":true,"href":"https:\/\/www.italpreziosi.it\/es\/wp-json\/wp\/v2\/comments?post=2034"}],"version-history":[{"count":11,"href":"https:\/\/www.italpreziosi.it\/es\/wp-json\/wp\/v2\/pages\/2034\/revisions"}],"predecessor-version":[{"id":6842,"href":"https:\/\/www.italpreziosi.it\/es\/wp-json\/wp\/v2\/pages\/2034\/revisions\/6842"}],"up":[{"embeddable":true,"href":"https:\/\/www.italpreziosi.it\/es\/wp-json\/wp\/v2\/pages\/2016"}],"wp:attachment":[{"href":"https:\/\/www.italpreziosi.it\/es\/wp-json\/wp\/v2\/media?parent=2034"}],"curies":[{"name":"wp","href":"https:\/\/api.w.org\/{rel}","templated":true}]}}