{"id":2030,"date":"2025-08-13T19:06:19","date_gmt":"2025-08-13T17:06:19","guid":{"rendered":"https:\/\/www.italpreziosi.it\/servizi\/produzione-e-fornitura-paste-polveri-argento\/"},"modified":"2026-01-14T11:39:49","modified_gmt":"2026-01-14T10:39:49","slug":"produccion-y-suministro-de-pastas-y-polvos-de-plata","status":"publish","type":"page","link":"https:\/\/www.italpreziosi.it\/es\/servicios\/produccion-y-suministro-de-pastas-y-polvos-de-plata\/","title":{"rendered":"Producci\u00f3n y suministro de pastas y polvos de plata"},"content":{"rendered":"\t\t<div data-elementor-type=\"wp-page\" data-elementor-id=\"2030\" class=\"elementor elementor-2030 elementor-90\" data-elementor-post-type=\"page\">\n\t\t\t\t<div class=\"elementor-element elementor-element-782c869 e-flex e-con-boxed e-con e-parent\" data-id=\"782c869\" data-element_type=\"container\" data-e-type=\"container\" data-settings=\"{&quot;background_background&quot;:&quot;classic&quot;}\">\n\t\t\t\t\t<div class=\"e-con-inner\">\n\t\t<div class=\"elementor-element elementor-element-5d86878 e-con-full e-flex e-con e-child\" data-id=\"5d86878\" data-element_type=\"container\" data-e-type=\"container\">\n\t\t\t\t<div class=\"elementor-element elementor-element-b55bc4e elementor-widget elementor-widget-shortcode\" data-id=\"b55bc4e\" data-element_type=\"widget\" data-e-type=\"widget\" data-widget_type=\"shortcode.default\">\n\t\t\t\t<div class=\"elementor-widget-container\">\n\t\t\t\t\t\t\t<div class=\"elementor-shortcode\"><nav aria-label=\"breadcrumbs\" class=\"rank-math-breadcrumb\"><p><span class=\"last\">Italpreziosi<\/span><\/p><\/nav><\/div>\n\t\t\t\t\t\t<\/div>\n\t\t\t\t<\/div>\n\t\t\t\t<div class=\"elementor-element elementor-element-a8f0223 elementor-widget elementor-widget-heading\" data-id=\"a8f0223\" data-element_type=\"widget\" data-e-type=\"widget\" data-widget_type=\"heading.default\">\n\t\t\t\t<div class=\"elementor-widget-container\">\n\t\t\t\t\t<h1 class=\"elementor-heading-title elementor-size-default\">Producci\u00f3n y suministro de pastas y polvos de plata<\/h1>\t\t\t\t<\/div>\n\t\t\t\t<\/div>\n\t\t\t\t<div class=\"elementor-element elementor-element-1745022 elementor-widget elementor-widget-text-editor\" data-id=\"1745022\" data-element_type=\"widget\" data-e-type=\"widget\" data-widget_type=\"text-editor.default\">\n\t\t\t\t<div class=\"elementor-widget-container\">\n\t\t\t\t\t\t\t\t\t<p><span style=\"font-weight: 400;\">Italpreziosi produce y suministra pastas y polvos de plata de alta pureza, desarrollados para aplicaciones industriales de alto rendimiento en los sectores electr\u00f3nico, automotriz, fotovoltaico y m\u00e9dico. Los polvos de plata se producen con tecnolog\u00edas avanzadas que permiten un control preciso de la forma, el tama\u00f1o y la distribuci\u00f3n granulom\u00e9trica, garantizando una alta conductividad y un comportamiento uniforme en los procesos de fabricaci\u00f3n. Las pastas de plata, formuladas a medida seg\u00fan las especificaciones t\u00e9cnicas del cliente, ofrecen excelente adhesi\u00f3n, facilidad de aplicaci\u00f3n y estabilidad a lo largo del tiempo, incluso en condiciones operativas complejas.<\/span><\/p><p><span style=\"font-weight: 400;\">Entre las principales aplicaciones:<\/span><\/p><ul><li style=\"font-weight: 400;\" aria-level=\"1\"><span style=\"font-weight: 400;\">paneles fotovoltaicos, para garantizar la eficiencia y durabilidad en circuitos conductores;<\/span><\/li><li style=\"font-weight: 400;\" aria-level=\"1\"><span style=\"font-weight: 400;\">conectores el\u00e9ctricos, para garantizar una transmisi\u00f3n \u00f3ptima de la se\u00f1al y resistencia a la oxidaci\u00f3n;<\/span><\/li><li style=\"font-weight: 400;\" aria-level=\"1\"><span style=\"font-weight: 400;\">lunetas traseras y lunas t\u00e9rmicas de veh\u00edculos a motor, donde las pastas de plata permiten una transmisi\u00f3n uniforme del calor para la descongelaci\u00f3n;<\/span><\/li><li style=\"font-weight: 400;\" aria-level=\"1\"><span style=\"font-weight: 400;\">cristales y superficies antivaho gracias a las propiedades conductoras y t\u00e9rmicas de la plata.<\/span><\/li><\/ul><p><span style=\"font-weight: 400;\">Todos los productos se fabrican internamente en entornos controlados, con rigurosos est\u00e1ndares de calidad, y pueden suministrarse en versiones listas para usar<\/span><\/p>\t\t\t\t\t\t\t\t<\/div>\n\t\t\t\t<\/div>\n\t\t\t\t<\/div>\n\t\t<div class=\"elementor-element elementor-element-b1d0db2 e-con-full e-flex e-con e-child\" data-id=\"b1d0db2\" data-element_type=\"container\" data-e-type=\"container\">\n\t\t\t\t<div class=\"elementor-element elementor-element-7cf3038 elementor-widget elementor-widget-image\" data-id=\"7cf3038\" data-element_type=\"widget\" data-e-type=\"widget\" data-widget_type=\"image.default\">\n\t\t\t\t<div class=\"elementor-widget-container\">\n\t\t\t\t\t\t\t\t\t\t\t\t\t\t\t<img fetchpriority=\"high\" decoding=\"async\" width=\"800\" height=\"744\" src=\"https:\/\/cdn.italpreziosi.it\/wp-content\/uploads\/2025\/07\/produzione-e-fornitura-di-paste-e-polveri-di-argento.jpg\" class=\"attachment-large size-large wp-image-1706\" alt=\"Una r\u00e1faga de fino polvo gris se dispersa sobre un fondo blanco, creando un efecto din\u00e1mico y abstracto similar a una nube, con densidades y texturas variables.\" srcset=\"https:\/\/cdn.italpreziosi.it\/wp-content\/uploads\/2025\/07\/produzione-e-fornitura-di-paste-e-polveri-di-argento.jpg 860w, https:\/\/cdn.italpreziosi.it\/wp-content\/uploads\/2025\/07\/produzione-e-fornitura-di-paste-e-polveri-di-argento-300x279.jpg 300w, https:\/\/cdn.italpreziosi.it\/wp-content\/uploads\/2025\/07\/produzione-e-fornitura-di-paste-e-polveri-di-argento-768x714.jpg 768w\" sizes=\"(max-width: 800px) 100vw, 800px\" \/>\t\t\t\t\t\t\t\t\t\t\t\t\t\t\t<\/div>\n\t\t\t\t<\/div>\n\t\t\t\t<\/div>\n\t\t\t\t\t<\/div>\n\t\t\t\t<\/div>\n\t\t\t\t<\/div>\n\t\t","protected":false},"excerpt":{"rendered":"<p>Producci\u00f3n y suministro de pastas y polvos de plata Italpreziosi produce y suministra pastas y polvos de plata de alta pureza, desarrollados para aplicaciones industriales de alto rendimiento en los sectores electr\u00f3nico, automotriz, fotovoltaico y m\u00e9dico. Los polvos de plata se producen con tecnolog\u00edas avanzadas que permiten un control preciso de la forma, el tama\u00f1o [&hellip;]<\/p>\n","protected":false},"author":1,"featured_media":0,"parent":2016,"menu_order":0,"comment_status":"closed","ping_status":"closed","template":"elementor_header_footer","meta":{"_acf_changed":false,"footnotes":""},"class_list":["post-2030","page","type-page","status-publish","hentry"],"acf":[],"_links":{"self":[{"href":"https:\/\/www.italpreziosi.it\/es\/wp-json\/wp\/v2\/pages\/2030","targetHints":{"allow":["GET"]}}],"collection":[{"href":"https:\/\/www.italpreziosi.it\/es\/wp-json\/wp\/v2\/pages"}],"about":[{"href":"https:\/\/www.italpreziosi.it\/es\/wp-json\/wp\/v2\/types\/page"}],"author":[{"embeddable":true,"href":"https:\/\/www.italpreziosi.it\/es\/wp-json\/wp\/v2\/users\/1"}],"replies":[{"embeddable":true,"href":"https:\/\/www.italpreziosi.it\/es\/wp-json\/wp\/v2\/comments?post=2030"}],"version-history":[{"count":11,"href":"https:\/\/www.italpreziosi.it\/es\/wp-json\/wp\/v2\/pages\/2030\/revisions"}],"predecessor-version":[{"id":6836,"href":"https:\/\/www.italpreziosi.it\/es\/wp-json\/wp\/v2\/pages\/2030\/revisions\/6836"}],"up":[{"embeddable":true,"href":"https:\/\/www.italpreziosi.it\/es\/wp-json\/wp\/v2\/pages\/2016"}],"wp:attachment":[{"href":"https:\/\/www.italpreziosi.it\/es\/wp-json\/wp\/v2\/media?parent=2030"}],"curies":[{"name":"wp","href":"https:\/\/api.w.org\/{rel}","templated":true}]}}