{"id":2028,"date":"2025-08-13T19:05:58","date_gmt":"2025-08-13T17:05:58","guid":{"rendered":"https:\/\/www.italpreziosi.it\/servizi\/produzione-di-oro-e-argento-per-banche-e-industria\/"},"modified":"2026-01-14T11:36:01","modified_gmt":"2026-01-14T10:36:01","slug":"produccion-de-oro-y-plata-para-bancos-e-industria","status":"publish","type":"page","link":"https:\/\/www.italpreziosi.it\/es\/servicios\/produccion-de-oro-y-plata-para-bancos-e-industria\/","title":{"rendered":"Producci\u00f3n de oro y plata para bancos e industria"},"content":{"rendered":"\t\t<div data-elementor-type=\"wp-page\" data-elementor-id=\"2028\" class=\"elementor elementor-2028 elementor-80\" data-elementor-post-type=\"page\">\n\t\t\t\t<div class=\"elementor-element elementor-element-033d7f4 e-flex e-con-boxed e-con e-parent\" data-id=\"033d7f4\" data-element_type=\"container\" data-e-type=\"container\" data-settings=\"{&quot;background_background&quot;:&quot;classic&quot;}\">\n\t\t\t\t\t<div class=\"e-con-inner\">\n\t\t<div class=\"elementor-element elementor-element-0fc2617 e-con-full e-flex e-con e-child\" data-id=\"0fc2617\" data-element_type=\"container\" data-e-type=\"container\">\n\t\t\t\t<div class=\"elementor-element elementor-element-aec21ff elementor-widget elementor-widget-shortcode\" data-id=\"aec21ff\" data-element_type=\"widget\" data-e-type=\"widget\" data-widget_type=\"shortcode.default\">\n\t\t\t\t<div class=\"elementor-widget-container\">\n\t\t\t\t\t\t\t<div class=\"elementor-shortcode\"><nav aria-label=\"breadcrumbs\" class=\"rank-math-breadcrumb\"><p><span class=\"last\">Italpreziosi<\/span><\/p><\/nav><\/div>\n\t\t\t\t\t\t<\/div>\n\t\t\t\t<\/div>\n\t\t\t\t<div class=\"elementor-element elementor-element-ed9db97 elementor-widget elementor-widget-heading\" data-id=\"ed9db97\" data-element_type=\"widget\" data-e-type=\"widget\" data-widget_type=\"heading.default\">\n\t\t\t\t<div class=\"elementor-widget-container\">\n\t\t\t\t\t<h1 class=\"elementor-heading-title elementor-size-default\">Producci\u00f3n de oro y plata para bancos e industria<\/h1>\t\t\t\t<\/div>\n\t\t\t\t<\/div>\n\t\t\t\t<div class=\"elementor-element elementor-element-e7fee9d elementor-widget elementor-widget-text-editor\" data-id=\"e7fee9d\" data-element_type=\"widget\" data-e-type=\"widget\" data-widget_type=\"text-editor.default\">\n\t\t\t\t<div class=\"elementor-widget-container\">\n\t\t\t\t\t\t\t\t\t<p><span style=\"font-weight: 400;\">Italpreziosi est\u00e1 especializada\u00a0 en la producci\u00f3n de oro y plata de alta calidad para bancos, instituciones financieras, distribuidores , inversores privados e industrias. Gracias al uso de equipos de \u00faltima generaci\u00f3n, cada fase de producci\u00f3n, desde la fundici\u00f3n hasta la creaci\u00f3n\u00a0 de los lingotes y las barras, se optimiza para garantizar productos certificados que cumplen con los est\u00e1ndares internacionales.<\/span><\/p><p><span style=\"font-weight: 400;\">Nuestra producci\u00f3n incluye lingotes de oro con certificaci\u00f3n Good Delivery\u00a0 y plata pura, tanto en granalla como en lingotes, aptos para operaciones bancarias e industriales. Cada lingote de metal precioso cuenta con una certificaci\u00f3n que certifica su pureza y peso, garantizando la m\u00e1xima transparencia y fiabilidad en cada transacci\u00f3n.<\/span><\/p><p><span style=\"font-weight: 400;\">Adem\u00e1s, nuestros procesos de producci\u00f3n est\u00e1n dise\u00f1ados para minimizar los residuos y cumplir con los m\u00e1s altos est\u00e1ndares de sostenibilidad.<\/span><\/p>\t\t\t\t\t\t\t\t<\/div>\n\t\t\t\t<\/div>\n\t\t\t\t<\/div>\n\t\t<div class=\"elementor-element elementor-element-6af82cc e-con-full e-flex e-con e-child\" data-id=\"6af82cc\" data-element_type=\"container\" data-e-type=\"container\">\n\t\t\t\t<div class=\"elementor-element elementor-element-ee8da9c elementor-widget elementor-widget-image\" data-id=\"ee8da9c\" data-element_type=\"widget\" data-e-type=\"widget\" data-widget_type=\"image.default\">\n\t\t\t\t<div class=\"elementor-widget-container\">\n\t\t\t\t\t\t\t\t\t\t\t\t\t\t\t<img fetchpriority=\"high\" decoding=\"async\" width=\"800\" height=\"744\" src=\"https:\/\/cdn.italpreziosi.it\/wp-content\/uploads\/2025\/07\/produzione-di-barre-grani-e-lamine-di-oro-e-argento.jpg\" class=\"attachment-large size-large wp-image-1692\" alt=\"Un brazo rob\u00f3tico vierte peque\u00f1os gr\u00e1nulos de pl\u00e1stico blanco en un molde negro rectangular en una cadena de montaje industrial, con equipos naranjas al fondo.\" srcset=\"https:\/\/cdn.italpreziosi.it\/wp-content\/uploads\/2025\/07\/produzione-di-barre-grani-e-lamine-di-oro-e-argento.jpg 860w, https:\/\/cdn.italpreziosi.it\/wp-content\/uploads\/2025\/07\/produzione-di-barre-grani-e-lamine-di-oro-e-argento-300x279.jpg 300w, https:\/\/cdn.italpreziosi.it\/wp-content\/uploads\/2025\/07\/produzione-di-barre-grani-e-lamine-di-oro-e-argento-768x714.jpg 768w\" sizes=\"(max-width: 800px) 100vw, 800px\" \/>\t\t\t\t\t\t\t\t\t\t\t\t\t\t\t<\/div>\n\t\t\t\t<\/div>\n\t\t\t\t<\/div>\n\t\t\t\t\t<\/div>\n\t\t\t\t<\/div>\n\t\t\t\t<\/div>\n\t\t","protected":false},"excerpt":{"rendered":"<p>Producci\u00f3n de oro y plata para bancos e industria Italpreziosi est\u00e1 especializada\u00a0 en la producci\u00f3n de oro y plata de alta calidad para bancos, instituciones financieras, distribuidores , inversores privados e industrias. Gracias al uso de equipos de \u00faltima generaci\u00f3n, cada fase de producci\u00f3n, desde la fundici\u00f3n hasta la creaci\u00f3n\u00a0 de los lingotes y las [&hellip;]<\/p>\n","protected":false},"author":1,"featured_media":0,"parent":2016,"menu_order":0,"comment_status":"closed","ping_status":"closed","template":"elementor_header_footer","meta":{"_acf_changed":false,"footnotes":""},"class_list":["post-2028","page","type-page","status-publish","hentry"],"acf":[],"_links":{"self":[{"href":"https:\/\/www.italpreziosi.it\/es\/wp-json\/wp\/v2\/pages\/2028","targetHints":{"allow":["GET"]}}],"collection":[{"href":"https:\/\/www.italpreziosi.it\/es\/wp-json\/wp\/v2\/pages"}],"about":[{"href":"https:\/\/www.italpreziosi.it\/es\/wp-json\/wp\/v2\/types\/page"}],"author":[{"embeddable":true,"href":"https:\/\/www.italpreziosi.it\/es\/wp-json\/wp\/v2\/users\/1"}],"replies":[{"embeddable":true,"href":"https:\/\/www.italpreziosi.it\/es\/wp-json\/wp\/v2\/comments?post=2028"}],"version-history":[{"count":11,"href":"https:\/\/www.italpreziosi.it\/es\/wp-json\/wp\/v2\/pages\/2028\/revisions"}],"predecessor-version":[{"id":6833,"href":"https:\/\/www.italpreziosi.it\/es\/wp-json\/wp\/v2\/pages\/2028\/revisions\/6833"}],"up":[{"embeddable":true,"href":"https:\/\/www.italpreziosi.it\/es\/wp-json\/wp\/v2\/pages\/2016"}],"wp:attachment":[{"href":"https:\/\/www.italpreziosi.it\/es\/wp-json\/wp\/v2\/media?parent=2028"}],"curies":[{"name":"wp","href":"https:\/\/api.w.org\/{rel}","templated":true}]}}