{"id":2026,"date":"2025-07-10T09:57:37","date_gmt":"2025-07-10T07:57:37","guid":{"rendered":"https:\/\/www.italpreziosi.it\/servizi\/logistica-e-trasporto-metalli-preziosi-2\/"},"modified":"2026-01-14T11:01:04","modified_gmt":"2026-01-14T10:01:04","slug":"logistica-y-transporte-de-metales-preciosos","status":"publish","type":"page","link":"https:\/\/www.italpreziosi.it\/es\/servicios\/logistica-y-transporte-de-metales-preciosos\/","title":{"rendered":"Log\u00edstica y transporte de metales preciosos"},"content":{"rendered":"\t\t<div data-elementor-type=\"wp-page\" data-elementor-id=\"2026\" class=\"elementor elementor-2026 elementor-84\" data-elementor-post-type=\"page\">\n\t\t\t\t<div class=\"elementor-element elementor-element-7ba19a9 e-flex e-con-boxed e-con e-parent\" data-id=\"7ba19a9\" data-element_type=\"container\" data-e-type=\"container\" data-settings=\"{&quot;background_background&quot;:&quot;classic&quot;}\">\n\t\t\t\t\t<div class=\"e-con-inner\">\n\t\t<div class=\"elementor-element elementor-element-897d72d e-con-full e-flex e-con e-child\" data-id=\"897d72d\" data-element_type=\"container\" data-e-type=\"container\">\n\t\t\t\t<div class=\"elementor-element elementor-element-6f176e8 elementor-widget elementor-widget-shortcode\" data-id=\"6f176e8\" data-element_type=\"widget\" data-e-type=\"widget\" data-widget_type=\"shortcode.default\">\n\t\t\t\t<div class=\"elementor-widget-container\">\n\t\t\t\t\t\t\t<div class=\"elementor-shortcode\"><nav aria-label=\"breadcrumbs\" class=\"rank-math-breadcrumb\"><p><span class=\"last\">Italpreziosi<\/span><\/p><\/nav><\/div>\n\t\t\t\t\t\t<\/div>\n\t\t\t\t<\/div>\n\t\t\t\t<div class=\"elementor-element elementor-element-be6b2f1 elementor-widget elementor-widget-heading\" data-id=\"be6b2f1\" data-element_type=\"widget\" data-e-type=\"widget\" data-widget_type=\"heading.default\">\n\t\t\t\t<div class=\"elementor-widget-container\">\n\t\t\t\t\t<h1 class=\"elementor-heading-title elementor-size-default\">Log\u00edstica y transporte de metales preciosos<\/h1>\t\t\t\t<\/div>\n\t\t\t\t<\/div>\n\t\t\t\t<div class=\"elementor-element elementor-element-598cded elementor-widget elementor-widget-text-editor\" data-id=\"598cded\" data-element_type=\"widget\" data-e-type=\"widget\" data-widget_type=\"text-editor.default\">\n\t\t\t\t<div class=\"elementor-widget-container\">\n\t\t\t\t\t\t\t\t\t<p><span style=\"font-weight: 400;\">Italpreziosi ofrece a sus clientes y proveedores soluciones de transporte eficientes, aseguradas y r\u00e1pidas, dise\u00f1adas para satisfacer las necesidades de los sectores industrial, bancario y privado. La empresa puede organizar env\u00edos de metales preciosos a cualquier parte del mundo, garantizando la seguridad, la trazabilidad y el cumplimiento de los m\u00e1s altos est\u00e1ndares internacionales.<\/span><\/p><p><span style=\"font-weight: 400;\">Cada transporte se planifica y gestiona en colaboraci\u00f3n exclusiva con los principales mensajeros especializados a nivel mundial, seleccionados por su compromiso con el respeto de las directrices de la OCDE \u2013 \u201cGu\u00eda de diligencia debida para cadenas de suministro responsables de minerales en \u00e1reas de conflicto y de alto riesgo\u201d.<\/span><\/p><p><span style=\"font-weight: 400;\">Caracter\u00edsticas del servicio:<\/span><\/p><ul><li style=\"font-weight: 400;\" aria-level=\"1\"><span style=\"font-weight: 400;\">env\u00edos nacionales e internacionales de oro, plata,platino y paladio;<\/span><\/li><li style=\"font-weight: 400;\" aria-level=\"1\"><span style=\"font-weight: 400;\">servicio puerta a puerta con cobertura de seguro dedicada;<\/span><\/li><li style=\"font-weight: 400;\" aria-level=\"1\"><span style=\"font-weight: 400;\">planificaci\u00f3n log\u00edstica adaptada a cada tipo de cliente;<\/span><\/li><li style=\"font-weight: 400;\" aria-level=\"1\"><span style=\"font-weight: 400;\">trazabilidad de todo el movimiento, desde la salida hasta la entrega.<\/span><\/li><\/ul><p><span style=\"font-weight: 400;\">El servicio log\u00edstico de Italpreziosi est\u00e1 dise\u00f1ado para garantizar la m\u00e1xima fiabilidad, confidencialidad y seguridad en cada fase del transporte.<\/span><\/p>\t\t\t\t\t\t\t\t<\/div>\n\t\t\t\t<\/div>\n\t\t\t\t<\/div>\n\t\t<div class=\"elementor-element elementor-element-b980889 e-con-full e-flex e-con e-child\" data-id=\"b980889\" data-element_type=\"container\" data-e-type=\"container\">\n\t\t\t\t<div class=\"elementor-element elementor-element-02d5f7c elementor-widget elementor-widget-image\" data-id=\"02d5f7c\" data-element_type=\"widget\" data-e-type=\"widget\" data-widget_type=\"image.default\">\n\t\t\t\t<div class=\"elementor-widget-container\">\n\t\t\t\t\t\t\t\t\t\t\t\t\t\t\t<img fetchpriority=\"high\" decoding=\"async\" width=\"800\" height=\"744\" src=\"https:\/\/cdn.italpreziosi.it\/wp-content\/uploads\/2025\/10\/logistica-e-trasporto-metalli-preziosi-1.jpg\" class=\"attachment-large size-large wp-image-4066\" alt=\"Pilas de brillantes lingotes de oro se disponen ordenadamente sobre un pal\u00e9 en el interior de una nave industrial con estanter\u00edas met\u00e1licas e iluminaci\u00f3n de fondo difuminada.\" srcset=\"https:\/\/cdn.italpreziosi.it\/wp-content\/uploads\/2025\/10\/logistica-e-trasporto-metalli-preziosi-1.jpg 860w, https:\/\/cdn.italpreziosi.it\/wp-content\/uploads\/2025\/10\/logistica-e-trasporto-metalli-preziosi-1-300x279.jpg 300w, https:\/\/cdn.italpreziosi.it\/wp-content\/uploads\/2025\/10\/logistica-e-trasporto-metalli-preziosi-1-768x714.jpg 768w\" sizes=\"(max-width: 800px) 100vw, 800px\" \/>\t\t\t\t\t\t\t\t\t\t\t\t\t\t\t<\/div>\n\t\t\t\t<\/div>\n\t\t\t\t<\/div>\n\t\t\t\t\t<\/div>\n\t\t\t\t<\/div>\n\t\t\t\t<\/div>\n\t\t","protected":false},"excerpt":{"rendered":"<p>Log\u00edstica y transporte de metales preciosos Italpreziosi ofrece a sus clientes y proveedores soluciones de transporte eficientes, aseguradas y r\u00e1pidas, dise\u00f1adas para satisfacer las necesidades de los sectores industrial, bancario y privado. La empresa puede organizar env\u00edos de metales preciosos a cualquier parte del mundo, garantizando la seguridad, la trazabilidad y el cumplimiento de los [&hellip;]<\/p>\n","protected":false},"author":1,"featured_media":0,"parent":2016,"menu_order":0,"comment_status":"closed","ping_status":"closed","template":"elementor_header_footer","meta":{"_acf_changed":false,"footnotes":""},"class_list":["post-2026","page","type-page","status-publish","hentry"],"acf":[],"_links":{"self":[{"href":"https:\/\/www.italpreziosi.it\/es\/wp-json\/wp\/v2\/pages\/2026","targetHints":{"allow":["GET"]}}],"collection":[{"href":"https:\/\/www.italpreziosi.it\/es\/wp-json\/wp\/v2\/pages"}],"about":[{"href":"https:\/\/www.italpreziosi.it\/es\/wp-json\/wp\/v2\/types\/page"}],"author":[{"embeddable":true,"href":"https:\/\/www.italpreziosi.it\/es\/wp-json\/wp\/v2\/users\/1"}],"replies":[{"embeddable":true,"href":"https:\/\/www.italpreziosi.it\/es\/wp-json\/wp\/v2\/comments?post=2026"}],"version-history":[{"count":11,"href":"https:\/\/www.italpreziosi.it\/es\/wp-json\/wp\/v2\/pages\/2026\/revisions"}],"predecessor-version":[{"id":6830,"href":"https:\/\/www.italpreziosi.it\/es\/wp-json\/wp\/v2\/pages\/2026\/revisions\/6830"}],"up":[{"embeddable":true,"href":"https:\/\/www.italpreziosi.it\/es\/wp-json\/wp\/v2\/pages\/2016"}],"wp:attachment":[{"href":"https:\/\/www.italpreziosi.it\/es\/wp-json\/wp\/v2\/media?parent=2026"}],"curies":[{"name":"wp","href":"https:\/\/api.w.org\/{rel}","templated":true}]}}