{"id":2024,"date":"2025-08-13T19:06:26","date_gmt":"2025-08-13T17:06:26","guid":{"rendered":"https:\/\/www.italpreziosi.it\/servizi\/deposito-assicurato-italdeposito\/"},"modified":"2026-01-14T10:57:26","modified_gmt":"2026-01-14T09:57:26","slug":"deposito-asegurado-con-italdeposito","status":"publish","type":"page","link":"https:\/\/www.italpreziosi.it\/es\/servicios\/deposito-asegurado-con-italdeposito\/","title":{"rendered":"Dep\u00f3sito asegurado con ItalDeposito"},"content":{"rendered":"\t\t<div data-elementor-type=\"wp-page\" data-elementor-id=\"2024\" class=\"elementor elementor-2024 elementor-94\" data-elementor-post-type=\"page\">\n\t\t\t\t<div class=\"elementor-element elementor-element-9cc3f96 e-flex e-con-boxed e-con e-parent\" data-id=\"9cc3f96\" data-element_type=\"container\" data-e-type=\"container\" data-settings=\"{&quot;background_background&quot;:&quot;classic&quot;}\">\n\t\t\t\t\t<div class=\"e-con-inner\">\n\t\t<div class=\"elementor-element elementor-element-007161f e-con-full e-flex e-con e-child\" data-id=\"007161f\" data-element_type=\"container\" data-e-type=\"container\">\n\t\t\t\t<div class=\"elementor-element elementor-element-ff24dbc elementor-widget elementor-widget-shortcode\" data-id=\"ff24dbc\" data-element_type=\"widget\" data-e-type=\"widget\" data-widget_type=\"shortcode.default\">\n\t\t\t\t<div class=\"elementor-widget-container\">\n\t\t\t\t\t\t\t<div class=\"elementor-shortcode\"><nav aria-label=\"breadcrumbs\" class=\"rank-math-breadcrumb\"><p><span class=\"last\">Italpreziosi<\/span><\/p><\/nav><\/div>\n\t\t\t\t\t\t<\/div>\n\t\t\t\t<\/div>\n\t\t\t\t<div class=\"elementor-element elementor-element-435e13a elementor-widget elementor-widget-heading\" data-id=\"435e13a\" data-element_type=\"widget\" data-e-type=\"widget\" data-widget_type=\"heading.default\">\n\t\t\t\t<div class=\"elementor-widget-container\">\n\t\t\t\t\t<h1 class=\"elementor-heading-title elementor-size-default\">Dep\u00f3sito asegurado con ItalDeposito<\/h1>\t\t\t\t<\/div>\n\t\t\t\t<\/div>\n\t\t\t\t<div class=\"elementor-element elementor-element-6ccce3f elementor-widget elementor-widget-text-editor\" data-id=\"6ccce3f\" data-element_type=\"widget\" data-e-type=\"widget\" data-widget_type=\"text-editor.default\">\n\t\t\t\t<div class=\"elementor-widget-container\">\n\t\t\t\t\t\t\t\t\t<p><span style=\"font-weight: 400;\">Italpreziosi ofrece a sus clientes la posibilidad de almacenar los metales preciosos adquiridos con total seguridad, sin necesidad de manipularlos f\u00edsicamente. Gracias al servicio ItalDeposito, los productos pueden depositarse directamente en un almac\u00e9n asegurado gestionado por terceros, quedando as\u00ed completamente separados de los activos corporativos de Italpreziosi, para una protecci\u00f3n total.<\/span><\/p><p><span style=\"font-weight: 400;\">Cada producto se rastrea individualmente mediante un c\u00f3digo QR y est\u00e1 cubierto por un seguro durante toda la duraci\u00f3n del dep\u00f3sito. La soluci\u00f3n est\u00e1 dise\u00f1ada para inversores que buscan la m\u00e1xima seguridad, transparencia y comodidad en la gesti\u00f3n de sus inversiones en oro.<\/span><\/p><p><span style=\"font-weight: 400;\">Ventajas de Dep\u00f3sito italiano:<\/span><\/p><ul><li style=\"font-weight: 400;\" aria-level=\"1\"><span style=\"font-weight: 400;\">almacenamiento asegurado, seguro y rastreable;<\/span><\/li><li style=\"font-weight: 400;\" aria-level=\"1\"><span style=\"font-weight: 400;\">ning\u00fan movimiento f\u00edsico por parte del cliente;<\/span><\/li><li style=\"font-weight: 400;\" aria-level=\"1\"><span style=\"font-weight: 400;\">separaci\u00f3n de activos garantizada;<\/span><\/li><li style=\"font-weight: 400;\" aria-level=\"1\"><span style=\"font-weight: 400;\">consulta r\u00e1pida y actualizada de su inventario.<\/span><b><\/b><\/li><\/ul><p><b><i>Costo del servicio:<\/i><\/b><\/p><p><span style=\"font-weight: 400;\">El servicio ItalDeposito, incluida la cobertura del seguro, tiene un coste anual del 0,75% calculado sobre el valor medio del saldo, en base al \u00faltimo fixing de Londres (en d\u00f3lares, convertidos al tipo de cambio de Italpreziosi).<\/span><\/p><p><span style=\"font-weight: 400;\">El coste se factura cada seis meses, con una activaci\u00f3n inicial de 25\u20ac.<\/span><\/p><p><span style=\"font-weight: 400;\">Adem\u00e1s, despu\u00e9s de un a\u00f1o de estancia, el cliente tiene derecho a solicitar el env\u00edo gratuito de sus productos almacenados.<\/span><\/p>\t\t\t\t\t\t\t\t<\/div>\n\t\t\t\t<\/div>\n\t\t\t\t<\/div>\n\t\t<div class=\"elementor-element elementor-element-baf7d04 e-con-full e-flex e-con e-child\" data-id=\"baf7d04\" data-element_type=\"container\" data-e-type=\"container\">\n\t\t\t\t<div class=\"elementor-element elementor-element-aa02d70 elementor-widget elementor-widget-image\" data-id=\"aa02d70\" data-element_type=\"widget\" data-e-type=\"widget\" data-widget_type=\"image.default\">\n\t\t\t\t<div class=\"elementor-widget-container\">\n\t\t\t\t\t\t\t\t\t\t\t\t\t\t\t<img fetchpriority=\"high\" decoding=\"async\" width=\"800\" height=\"744\" src=\"https:\/\/cdn.italpreziosi.it\/wp-content\/uploads\/2025\/07\/deposito-assicurato-con-italdeposito.jpg\" class=\"attachment-large size-large wp-image-1700\" alt=\"Una gran puerta acorazada circular de oro con intrincados mecanismos de cierre est\u00e1 encastrada en una pared dorada, iluminada por luces cenitales, que le dan un aspecto seguro y lujoso.\" srcset=\"https:\/\/cdn.italpreziosi.it\/wp-content\/uploads\/2025\/07\/deposito-assicurato-con-italdeposito.jpg 860w, https:\/\/cdn.italpreziosi.it\/wp-content\/uploads\/2025\/07\/deposito-assicurato-con-italdeposito-300x279.jpg 300w, https:\/\/cdn.italpreziosi.it\/wp-content\/uploads\/2025\/07\/deposito-assicurato-con-italdeposito-768x714.jpg 768w\" sizes=\"(max-width: 800px) 100vw, 800px\" \/>\t\t\t\t\t\t\t\t\t\t\t\t\t\t\t<\/div>\n\t\t\t\t<\/div>\n\t\t\t\t<\/div>\n\t\t\t\t\t<\/div>\n\t\t\t\t<\/div>\n\t\t\t\t<\/div>\n\t\t","protected":false},"excerpt":{"rendered":"<p>Dep\u00f3sito asegurado con ItalDeposito Italpreziosi ofrece a sus clientes la posibilidad de almacenar los metales preciosos adquiridos con total seguridad, sin necesidad de manipularlos f\u00edsicamente. Gracias al servicio ItalDeposito, los productos pueden depositarse directamente en un almac\u00e9n asegurado gestionado por terceros, quedando as\u00ed completamente separados de los activos corporativos de Italpreziosi, para una protecci\u00f3n total. [&hellip;]<\/p>\n","protected":false},"author":1,"featured_media":0,"parent":2016,"menu_order":0,"comment_status":"closed","ping_status":"closed","template":"elementor_header_footer","meta":{"_acf_changed":false,"footnotes":""},"class_list":["post-2024","page","type-page","status-publish","hentry"],"acf":[],"_links":{"self":[{"href":"https:\/\/www.italpreziosi.it\/es\/wp-json\/wp\/v2\/pages\/2024","targetHints":{"allow":["GET"]}}],"collection":[{"href":"https:\/\/www.italpreziosi.it\/es\/wp-json\/wp\/v2\/pages"}],"about":[{"href":"https:\/\/www.italpreziosi.it\/es\/wp-json\/wp\/v2\/types\/page"}],"author":[{"embeddable":true,"href":"https:\/\/www.italpreziosi.it\/es\/wp-json\/wp\/v2\/users\/1"}],"replies":[{"embeddable":true,"href":"https:\/\/www.italpreziosi.it\/es\/wp-json\/wp\/v2\/comments?post=2024"}],"version-history":[{"count":11,"href":"https:\/\/www.italpreziosi.it\/es\/wp-json\/wp\/v2\/pages\/2024\/revisions"}],"predecessor-version":[{"id":6827,"href":"https:\/\/www.italpreziosi.it\/es\/wp-json\/wp\/v2\/pages\/2024\/revisions\/6827"}],"up":[{"embeddable":true,"href":"https:\/\/www.italpreziosi.it\/es\/wp-json\/wp\/v2\/pages\/2016"}],"wp:attachment":[{"href":"https:\/\/www.italpreziosi.it\/es\/wp-json\/wp\/v2\/media?parent=2024"}],"curies":[{"name":"wp","href":"https:\/\/api.w.org\/{rel}","templated":true}]}}