{"id":2022,"date":"2025-08-13T19:06:08","date_gmt":"2025-08-13T17:06:08","guid":{"rendered":"https:\/\/www.italpreziosi.it\/servizi\/banco-metalli-2\/"},"modified":"2026-01-14T10:55:06","modified_gmt":"2026-01-14T09:55:06","slug":"banco-de-metal","status":"publish","type":"page","link":"https:\/\/www.italpreziosi.it\/es\/servicios\/banco-de-metal\/","title":{"rendered":"Banco de metal"},"content":{"rendered":"\t\t<div data-elementor-type=\"wp-page\" data-elementor-id=\"2022\" class=\"elementor elementor-2022 elementor-86\" data-elementor-post-type=\"page\">\n\t\t\t\t<div class=\"elementor-element elementor-element-793b79a e-flex e-con-boxed e-con e-parent\" data-id=\"793b79a\" data-element_type=\"container\" data-e-type=\"container\" data-settings=\"{&quot;background_background&quot;:&quot;classic&quot;}\">\n\t\t\t\t\t<div class=\"e-con-inner\">\n\t\t<div class=\"elementor-element elementor-element-419fa0f e-con-full e-flex e-con e-child\" data-id=\"419fa0f\" data-element_type=\"container\" data-e-type=\"container\">\n\t\t\t\t<div class=\"elementor-element elementor-element-d0a4271 elementor-widget elementor-widget-shortcode\" data-id=\"d0a4271\" data-element_type=\"widget\" data-e-type=\"widget\" data-widget_type=\"shortcode.default\">\n\t\t\t\t<div class=\"elementor-widget-container\">\n\t\t\t\t\t\t\t<div class=\"elementor-shortcode\"><nav aria-label=\"breadcrumbs\" class=\"rank-math-breadcrumb\"><p><span class=\"last\">Italpreziosi<\/span><\/p><\/nav><\/div>\n\t\t\t\t\t\t<\/div>\n\t\t\t\t<\/div>\n\t\t\t\t<div class=\"elementor-element elementor-element-d84ee9e elementor-widget elementor-widget-heading\" data-id=\"d84ee9e\" data-element_type=\"widget\" data-e-type=\"widget\" data-widget_type=\"heading.default\">\n\t\t\t\t<div class=\"elementor-widget-container\">\n\t\t\t\t\t<h1 class=\"elementor-heading-title elementor-size-default\">Banco de metal<\/h1>\t\t\t\t<\/div>\n\t\t\t\t<\/div>\n\t\t\t\t<div class=\"elementor-element elementor-element-aaf89f4 elementor-widget elementor-widget-text-editor\" data-id=\"aaf89f4\" data-element_type=\"widget\" data-e-type=\"widget\" data-widget_type=\"text-editor.default\">\n\t\t\t\t<div class=\"elementor-widget-container\">\n\t\t\t\t\t\t\t\t\t<p><span style=\"font-weight: 400;\">A trav\u00e9s de su Banco de Metales, Italpreziosi suministra y recoge oro, plata, platino y paladio a precios altamente competitivos, ofreciendo cotizaciones transparentes y una trazabilidad total de cada operaci\u00f3n. Cada transacci\u00f3n se acompa\u00f1a de documentaci\u00f3n clara y verificable, de conformidad con la normativa vigente y los principios de responsabilidad en toda la cadena de suministro.<\/span><\/p><p><span style=\"font-weight: 400;\">Los clientes tienen acceso en tiempo real a los principales mercados internacionales de metales preciosos, con actualizaciones constantes de los precios spot y forward en las principales divisas, as\u00ed como la posibilidad de fijar precios tanto en el London Fixing como de forma din\u00e1mica.<\/span><\/p><p><span style=\"font-weight: 400;\">Entre las principales ventajas:<\/span><\/p><ul><li style=\"font-weight: 400;\" aria-level=\"1\"><span style=\"font-weight: 400;\">operaciones diarias con cotizaciones actualizadas en tiempo real;<\/span><\/li><li style=\"font-weight: 400;\" aria-level=\"1\"><span style=\"font-weight: 400;\">\u00f3rdenes de compra y venta con condiciones competitivas;<\/span><\/li><li style=\"font-weight: 400;\" aria-level=\"1\"><span style=\"font-weight: 400;\">amplia gama de servicios adicionales, desde almacenamiento asegurado hasta soporte fiscal y aduanero;<\/span><\/li><li style=\"font-weight: 400;\" aria-level=\"1\"><span style=\"font-weight: 400;\">servicios personalizados para empresas orfebres, entidades financieras, bancos, distribuidores e inversores profesionales;<\/span><\/li><li style=\"font-weight: 400;\" aria-level=\"1\"><span style=\"font-weight: 400;\">asesoramiento operativo y comercial para optimizar cada fase de la compra o venta.<\/span><\/li><\/ul><p><span style=\"font-weight: 400;\">Banco Metalli Italpreziosi se distingue por la profesionalidad de su equipo, la innovaci\u00f3n tecnol\u00f3gica aplicada a las operaciones diarias y el compromiso constante con la excelencia.<\/span><\/p>\t\t\t\t\t\t\t\t<\/div>\n\t\t\t\t<\/div>\n\t\t\t\t<\/div>\n\t\t<div class=\"elementor-element elementor-element-b4d705f e-con-full e-flex e-con e-child\" data-id=\"b4d705f\" data-element_type=\"container\" data-e-type=\"container\">\n\t\t\t\t<div class=\"elementor-element elementor-element-d899715 elementor-widget elementor-widget-image\" data-id=\"d899715\" data-element_type=\"widget\" data-e-type=\"widget\" data-widget_type=\"image.default\">\n\t\t\t\t<div class=\"elementor-widget-container\">\n\t\t\t\t\t\t\t\t\t\t\t\t\t\t\t<img fetchpriority=\"high\" decoding=\"async\" width=\"800\" height=\"534\" src=\"https:\/\/cdn.italpreziosi.it\/wp-content\/uploads\/2025\/09\/Banco-metalli-1024x683.jpg\" class=\"attachment-large size-large wp-image-2513\" alt=\"Las pilas de lingotes de oro y plata est\u00e1n dispuestas muy juntas, con los lingotes de oro colocados encima de varios lingotes de plata. Cada lingote lleva estampados el peso, los n\u00fameros de serie y las marcas de refiner\u00eda.\" srcset=\"https:\/\/cdn.italpreziosi.it\/wp-content\/uploads\/2025\/09\/Banco-metalli-1024x683.jpg 1024w, https:\/\/cdn.italpreziosi.it\/wp-content\/uploads\/2025\/09\/Banco-metalli-300x200.jpg 300w, https:\/\/cdn.italpreziosi.it\/wp-content\/uploads\/2025\/09\/Banco-metalli-768x512.jpg 768w, https:\/\/cdn.italpreziosi.it\/wp-content\/uploads\/2025\/09\/Banco-metalli.jpg 1200w\" sizes=\"(max-width: 800px) 100vw, 800px\" \/>\t\t\t\t\t\t\t\t\t\t\t\t\t\t\t<\/div>\n\t\t\t\t<\/div>\n\t\t\t\t<\/div>\n\t\t\t\t\t<\/div>\n\t\t\t\t<\/div>\n\t\t\t\t<\/div>\n\t\t","protected":false},"excerpt":{"rendered":"<p>Banco de metal A trav\u00e9s de su Banco de Metales, Italpreziosi suministra y recoge oro, plata, platino y paladio a precios altamente competitivos, ofreciendo cotizaciones transparentes y una trazabilidad total de cada operaci\u00f3n. Cada transacci\u00f3n se acompa\u00f1a de documentaci\u00f3n clara y verificable, de conformidad con la normativa vigente y los principios de responsabilidad en toda [&hellip;]<\/p>\n","protected":false},"author":1,"featured_media":0,"parent":2016,"menu_order":0,"comment_status":"closed","ping_status":"closed","template":"elementor_header_footer","meta":{"_acf_changed":false,"footnotes":""},"class_list":["post-2022","page","type-page","status-publish","hentry"],"acf":[],"_links":{"self":[{"href":"https:\/\/www.italpreziosi.it\/es\/wp-json\/wp\/v2\/pages\/2022","targetHints":{"allow":["GET"]}}],"collection":[{"href":"https:\/\/www.italpreziosi.it\/es\/wp-json\/wp\/v2\/pages"}],"about":[{"href":"https:\/\/www.italpreziosi.it\/es\/wp-json\/wp\/v2\/types\/page"}],"author":[{"embeddable":true,"href":"https:\/\/www.italpreziosi.it\/es\/wp-json\/wp\/v2\/users\/1"}],"replies":[{"embeddable":true,"href":"https:\/\/www.italpreziosi.it\/es\/wp-json\/wp\/v2\/comments?post=2022"}],"version-history":[{"count":11,"href":"https:\/\/www.italpreziosi.it\/es\/wp-json\/wp\/v2\/pages\/2022\/revisions"}],"predecessor-version":[{"id":6824,"href":"https:\/\/www.italpreziosi.it\/es\/wp-json\/wp\/v2\/pages\/2022\/revisions\/6824"}],"up":[{"embeddable":true,"href":"https:\/\/www.italpreziosi.it\/es\/wp-json\/wp\/v2\/pages\/2016"}],"wp:attachment":[{"href":"https:\/\/www.italpreziosi.it\/es\/wp-json\/wp\/v2\/media?parent=2022"}],"curies":[{"name":"wp","href":"https:\/\/api.w.org\/{rel}","templated":true}]}}