{"id":2020,"date":"2025-07-10T09:54:43","date_gmt":"2025-07-10T07:54:43","guid":{"rendered":"https:\/\/www.italpreziosi.it\/servizi\/analisi-oro-metalli-preziosi\/"},"modified":"2026-01-14T10:52:15","modified_gmt":"2026-01-14T09:52:15","slug":"analisis-de-oro-y-metales-preciosos","status":"publish","type":"page","link":"https:\/\/www.italpreziosi.it\/es\/servicios\/analisis-de-oro-y-metales-preciosos\/","title":{"rendered":"An\u00e1lisis de oro y metales preciosos"},"content":{"rendered":"\t\t<div data-elementor-type=\"wp-page\" data-elementor-id=\"2020\" class=\"elementor elementor-2020 elementor-78\" data-elementor-post-type=\"page\">\n\t\t\t\t<div class=\"elementor-element elementor-element-14e0119 e-flex e-con-boxed e-con e-parent\" data-id=\"14e0119\" data-element_type=\"container\" data-e-type=\"container\" data-settings=\"{&quot;background_background&quot;:&quot;classic&quot;}\">\n\t\t\t\t\t<div class=\"e-con-inner\">\n\t\t<div class=\"elementor-element elementor-element-ee962c0 e-con-full e-flex e-con e-child\" data-id=\"ee962c0\" data-element_type=\"container\" data-e-type=\"container\">\n\t\t\t\t<div class=\"elementor-element elementor-element-7adf1e9 elementor-widget elementor-widget-shortcode\" data-id=\"7adf1e9\" data-element_type=\"widget\" data-e-type=\"widget\" data-widget_type=\"shortcode.default\">\n\t\t\t\t<div class=\"elementor-widget-container\">\n\t\t\t\t\t\t\t<div class=\"elementor-shortcode\"><nav aria-label=\"breadcrumbs\" class=\"rank-math-breadcrumb\"><p><span class=\"last\">Italpreziosi<\/span><\/p><\/nav><\/div>\n\t\t\t\t\t\t<\/div>\n\t\t\t\t<\/div>\n\t\t\t\t<div class=\"elementor-element elementor-element-96f568d elementor-widget elementor-widget-heading\" data-id=\"96f568d\" data-element_type=\"widget\" data-e-type=\"widget\" data-widget_type=\"heading.default\">\n\t\t\t\t<div class=\"elementor-widget-container\">\n\t\t\t\t\t<h1 class=\"elementor-heading-title elementor-size-default\">An\u00e1lisis de oro y metales preciosos<\/h1>\t\t\t\t<\/div>\n\t\t\t\t<\/div>\n\t\t\t\t<div class=\"elementor-element elementor-element-a3df208 elementor-widget elementor-widget-text-editor\" data-id=\"a3df208\" data-element_type=\"widget\" data-e-type=\"widget\" data-widget_type=\"text-editor.default\">\n\t\t\t\t<div class=\"elementor-widget-container\">\n\t\t\t\t\t\t\t\t\t<p><span style=\"font-weight: 400;\">Italpreziosi cuenta con un laboratorio interno altamente especializado, equipado con las tecnolog\u00edas anal\u00edticas m\u00e1s avanzadas para determinar con precisi\u00f3n la composici\u00f3n qu\u00edmica y la pureza\u00a0 del oro, la plata y otros metales preciosos. Los an\u00e1lisis se realizan seg\u00fan est\u00e1ndares reconocidos internacionalmente, utilizando t\u00e9cnicas como:<\/span><\/p><ul><li style=\"font-weight: 400;\" aria-level=\"1\"><span style=\"font-weight: 400;\">Copelaci\u00f3n\u00a0<\/span><\/li><li style=\"font-weight: 400;\" aria-level=\"1\"><span style=\"font-weight: 400;\">Espectrometr\u00eda ICP-OES,<\/span><\/li><li style=\"font-weight: 400;\" aria-level=\"1\"><span style=\"font-weight: 400;\">Fluorescencia de rayos X.<\/span><\/li><li style=\"font-weight: 400;\" aria-level=\"1\"><span style=\"font-weight: 400;\">Ispark<\/span><\/li><\/ul><p><span style=\"font-weight: 400;\">La actividad anal\u00edtica es un elemento central en el ciclo de tratamiento de los metales preciosos, ya que permite garantizar la calidad del producto final, ofreciendo m\u00e1xima transparencia y trazabilidad a las contrapartes. Cada an\u00e1lisis se acompa\u00f1a de un certificado detallado, \u00fatil tanto para la evaluaci\u00f3n comercial como para fines industriales o contables.<\/span><\/p><p><span style=\"font-weight: 400;\">El laboratorio de Italpreziosi est\u00e1 a disposici\u00f3n de empresas orfebres, operadores industriales, instituciones financieras e inversores privados que requieren un servicio de an\u00e1lisis r\u00e1pido, preciso y certificado. Los resultados se entregan mediante certificados detallados, comprensibles y completos, lo que garantiza una comunicaci\u00f3n eficaz y una colaboraci\u00f3n transparente con cada cliente y proveedor.<\/span><\/p>\t\t\t\t\t\t\t\t<\/div>\n\t\t\t\t<\/div>\n\t\t\t\t<\/div>\n\t\t<div class=\"elementor-element elementor-element-4cd580a e-con-full e-flex e-con e-child\" data-id=\"4cd580a\" data-element_type=\"container\" data-e-type=\"container\">\n\t\t\t\t<div class=\"elementor-element elementor-element-cdfafb0 elementor-widget elementor-widget-image\" data-id=\"cdfafb0\" data-element_type=\"widget\" data-e-type=\"widget\" data-widget_type=\"image.default\">\n\t\t\t\t<div class=\"elementor-widget-container\">\n\t\t\t\t\t\t\t\t\t\t\t\t\t\t\t<img fetchpriority=\"high\" decoding=\"async\" width=\"800\" height=\"744\" src=\"https:\/\/cdn.italpreziosi.it\/wp-content\/uploads\/2025\/07\/analisi-oro-e-metalli-preziosi.jpg\" class=\"attachment-large size-large wp-image-1702\" alt=\"Dos personas con batas de laboratorio trabajan en un luminoso laboratorio; una est\u00e1 de pie junto a un mostrador manipulando equipos, mientras que la otra est\u00e1 sentada en un escritorio utilizando un ordenador. En la pared hay una tabla peri\u00f3dica.\" srcset=\"https:\/\/cdn.italpreziosi.it\/wp-content\/uploads\/2025\/07\/analisi-oro-e-metalli-preziosi.jpg.webp 860w, https:\/\/cdn.italpreziosi.it\/wp-content\/uploads\/2025\/07\/analisi-oro-e-metalli-preziosi-300x279.jpg.webp 300w, https:\/\/cdn.italpreziosi.it\/wp-content\/uploads\/2025\/07\/analisi-oro-e-metalli-preziosi-768x714.jpg.webp 768w\" sizes=\"(max-width: 800px) 100vw, 800px\" \/>\t\t\t\t\t\t\t\t\t\t\t\t\t\t\t<\/div>\n\t\t\t\t<\/div>\n\t\t\t\t<\/div>\n\t\t\t\t\t<\/div>\n\t\t\t\t<\/div>\n\t\t\t\t<\/div>\n\t\t","protected":false},"excerpt":{"rendered":"<p>An\u00e1lisis de oro y metales preciosos Italpreziosi cuenta con un laboratorio interno altamente especializado, equipado con las tecnolog\u00edas anal\u00edticas m\u00e1s avanzadas para determinar con precisi\u00f3n la composici\u00f3n qu\u00edmica y la pureza\u00a0 del oro, la plata y otros metales preciosos. Los an\u00e1lisis se realizan seg\u00fan est\u00e1ndares reconocidos internacionalmente, utilizando t\u00e9cnicas como: Copelaci\u00f3n Espectrometr\u00eda ICP-OES, Fluorescencia de [&hellip;]<\/p>\n","protected":false},"author":1,"featured_media":0,"parent":2016,"menu_order":0,"comment_status":"closed","ping_status":"closed","template":"elementor_header_footer","meta":{"_acf_changed":false,"footnotes":""},"class_list":["post-2020","page","type-page","status-publish","hentry"],"acf":[],"_links":{"self":[{"href":"https:\/\/www.italpreziosi.it\/es\/wp-json\/wp\/v2\/pages\/2020","targetHints":{"allow":["GET"]}}],"collection":[{"href":"https:\/\/www.italpreziosi.it\/es\/wp-json\/wp\/v2\/pages"}],"about":[{"href":"https:\/\/www.italpreziosi.it\/es\/wp-json\/wp\/v2\/types\/page"}],"author":[{"embeddable":true,"href":"https:\/\/www.italpreziosi.it\/es\/wp-json\/wp\/v2\/users\/1"}],"replies":[{"embeddable":true,"href":"https:\/\/www.italpreziosi.it\/es\/wp-json\/wp\/v2\/comments?post=2020"}],"version-history":[{"count":11,"href":"https:\/\/www.italpreziosi.it\/es\/wp-json\/wp\/v2\/pages\/2020\/revisions"}],"predecessor-version":[{"id":6821,"href":"https:\/\/www.italpreziosi.it\/es\/wp-json\/wp\/v2\/pages\/2020\/revisions\/6821"}],"up":[{"embeddable":true,"href":"https:\/\/www.italpreziosi.it\/es\/wp-json\/wp\/v2\/pages\/2016"}],"wp:attachment":[{"href":"https:\/\/www.italpreziosi.it\/es\/wp-json\/wp\/v2\/media?parent=2020"}],"curies":[{"name":"wp","href":"https:\/\/api.w.org\/{rel}","templated":true}]}}