{"id":2018,"date":"2025-07-10T09:51:01","date_gmt":"2025-07-10T07:51:01","guid":{"rendered":"https:\/\/www.italpreziosi.it\/servizi\/affinazione-oro-metalli-preziosi\/"},"modified":"2026-01-14T10:50:07","modified_gmt":"2026-01-14T09:50:07","slug":"afinacion-de-oro-y-metales-preciosos","status":"publish","type":"page","link":"https:\/\/www.italpreziosi.it\/es\/servicios\/afinacion-de-oro-y-metales-preciosos\/","title":{"rendered":"Afinaci\u00f3n de oro y metales preciosos"},"content":{"rendered":"\t\t<div data-elementor-type=\"wp-page\" data-elementor-id=\"2018\" class=\"elementor elementor-2018 elementor-76\" data-elementor-post-type=\"page\">\n\t\t\t\t<div class=\"elementor-element elementor-element-a290796 e-flex e-con-boxed e-con e-parent\" data-id=\"a290796\" data-element_type=\"container\" data-e-type=\"container\" data-settings=\"{&quot;background_background&quot;:&quot;classic&quot;}\">\n\t\t\t\t\t<div class=\"e-con-inner\">\n\t\t<div class=\"elementor-element elementor-element-63afe62 e-con-full e-flex e-con e-child\" data-id=\"63afe62\" data-element_type=\"container\" data-e-type=\"container\">\n\t\t\t\t<div class=\"elementor-element elementor-element-4961e4d elementor-widget elementor-widget-shortcode\" data-id=\"4961e4d\" data-element_type=\"widget\" data-e-type=\"widget\" data-widget_type=\"shortcode.default\">\n\t\t\t\t<div class=\"elementor-widget-container\">\n\t\t\t\t\t\t\t<div class=\"elementor-shortcode\"><nav aria-label=\"breadcrumbs\" class=\"rank-math-breadcrumb\"><p><span class=\"last\">Italpreziosi<\/span><\/p><\/nav><\/div>\n\t\t\t\t\t\t<\/div>\n\t\t\t\t<\/div>\n\t\t\t\t<div class=\"elementor-element elementor-element-cf35ce9 elementor-widget elementor-widget-heading\" data-id=\"cf35ce9\" data-element_type=\"widget\" data-e-type=\"widget\" data-widget_type=\"heading.default\">\n\t\t\t\t<div class=\"elementor-widget-container\">\n\t\t\t\t\t<h1 class=\"elementor-heading-title elementor-size-default\">Afinaci\u00f3n de oro y metales preciosos<\/h1>\t\t\t\t<\/div>\n\t\t\t\t<\/div>\n\t\t\t\t<div class=\"elementor-element elementor-element-33a8712 elementor-widget elementor-widget-text-editor\" data-id=\"33a8712\" data-element_type=\"widget\" data-e-type=\"widget\" data-widget_type=\"text-editor.default\">\n\t\t\t\t<div class=\"elementor-widget-container\">\n\t\t\t\t\t\t\t\t\t<p><span style=\"font-weight: 400;\">Italpreziosi utiliza las t\u00e9cnicas de afinaci\u00f3n m\u00e1s avanzadas para la recuperaci\u00f3n de oro<\/span><b>, plata, platino y paladio con <\/b><span style=\"font-weight: 400;\">los m\u00e1s altos niveles de pureza.<\/span><span style=\"font-weight: 400;\"><br \/><\/span><span style=\"font-weight: 400;\">Los est\u00e1ndares de calidad adoptados a lo largo de todo el proceso han permitido a la empresa obtener el prestigioso Certificaci\u00f3n<\/span><b> Good Delivery\u00a0 de la LBMA En<\/b><span style=\"font-weight: 400;\"> lo que respecta al oro, el reconocimiento est\u00e1 reservado \u00fanicamente a las afinadoras que respetan los requisitos internacionales m\u00e1s estrictos.<\/span><\/p><p><span style=\"font-weight: 400;\">La planta,<\/span><b>altamente automatizada y equipada con las tecnolog\u00edas m\u00e1s modernas<\/b><span style=\"font-weight: 400;\">, permite el proceso de materiales de diferentes fuentes: <\/span><b>lingotes de oro de minas, residuos industriales, chatarra de joyer\u00eda<\/b><span style=\"font-weight: 400;\">, pero tambi\u00e9n oro<\/span><b> de inversi\u00f3n proporcionados<\/b><span style=\"font-weight: 400;\"> por bancos o inversores privados.<\/span><\/p><p><span style=\"font-weight: 400;\">Nuestro <\/span><b>personal especializado Con<\/b><span style=\"font-weight: 400;\"> amplia experiencia y cualificaci\u00f3n, garantiza un servicio r\u00e1pido y de alta calidad, siguiendo rigurosas pr\u00e1cticas operativas conforme a la normativa vigente en materia de medio ambiente y seguridad. Mediante rigurosos controles de calidad y an\u00e1lisis qu\u00edmicos, se supervisa cada fase del proceso, garantizando un producto final que cumple con los m\u00e1s altos est\u00e1ndares de calidad y seguridad. Gracias a un equipo de expertos y tecnolog\u00edas innovadoras, Italpreziosi puede afinar metales preciosos de forma r\u00e1pida y eficiente, minimizando los residuos y maximizando la recuperaci\u00f3n.<\/span><\/p>\t\t\t\t\t\t\t\t<\/div>\n\t\t\t\t<\/div>\n\t\t\t\t<\/div>\n\t\t<div class=\"elementor-element elementor-element-4a10435 e-con-full e-flex e-con e-child\" data-id=\"4a10435\" data-element_type=\"container\" data-e-type=\"container\">\n\t\t\t\t<div class=\"elementor-element elementor-element-47d7367 elementor-widget elementor-widget-image\" data-id=\"47d7367\" data-element_type=\"widget\" data-e-type=\"widget\" data-widget_type=\"image.default\">\n\t\t\t\t<div class=\"elementor-widget-container\">\n\t\t\t\t\t\t\t\t\t\t\t\t\t\t\t<img fetchpriority=\"high\" decoding=\"async\" width=\"800\" height=\"744\" src=\"https:\/\/cdn.italpreziosi.it\/wp-content\/uploads\/2025\/07\/affinazione-oro-e-metalli-preziosi.jpg\" class=\"attachment-large size-large wp-image-1690\" alt=\"Dos trabajadores con batas blancas de laboratorio y cascos amarillos est\u00e1n de pie en una luminosa instalaci\u00f3n industrial, manejando grandes m\u00e1quinas rectangulares bajo un techo alto con vigas y tuber\u00edas a la vista.\" srcset=\"https:\/\/cdn.italpreziosi.it\/wp-content\/uploads\/2025\/07\/affinazione-oro-e-metalli-preziosi.jpg 860w, https:\/\/cdn.italpreziosi.it\/wp-content\/uploads\/2025\/07\/affinazione-oro-e-metalli-preziosi-300x279.jpg 300w, https:\/\/cdn.italpreziosi.it\/wp-content\/uploads\/2025\/07\/affinazione-oro-e-metalli-preziosi-768x714.jpg 768w\" sizes=\"(max-width: 800px) 100vw, 800px\" \/>\t\t\t\t\t\t\t\t\t\t\t\t\t\t\t<\/div>\n\t\t\t\t<\/div>\n\t\t\t\t<\/div>\n\t\t\t\t\t<\/div>\n\t\t\t\t<\/div>\n\t\t\t\t<\/div>\n\t\t","protected":false},"excerpt":{"rendered":"<p>Afinaci\u00f3n de oro y metales preciosos Italpreziosi utiliza las t\u00e9cnicas de afinaci\u00f3n m\u00e1s avanzadas para la recuperaci\u00f3n de oro, plata, platino y paladio con los m\u00e1s altos niveles de pureza. Los est\u00e1ndares de calidad adoptados a lo largo de todo el proceso han permitido a la empresa obtener el prestigioso Certificaci\u00f3n Good Delivery\u00a0 de la [&hellip;]<\/p>\n","protected":false},"author":1,"featured_media":0,"parent":2016,"menu_order":0,"comment_status":"closed","ping_status":"closed","template":"elementor_header_footer","meta":{"_acf_changed":false,"footnotes":""},"class_list":["post-2018","page","type-page","status-publish","hentry"],"acf":[],"_links":{"self":[{"href":"https:\/\/www.italpreziosi.it\/es\/wp-json\/wp\/v2\/pages\/2018","targetHints":{"allow":["GET"]}}],"collection":[{"href":"https:\/\/www.italpreziosi.it\/es\/wp-json\/wp\/v2\/pages"}],"about":[{"href":"https:\/\/www.italpreziosi.it\/es\/wp-json\/wp\/v2\/types\/page"}],"author":[{"embeddable":true,"href":"https:\/\/www.italpreziosi.it\/es\/wp-json\/wp\/v2\/users\/1"}],"replies":[{"embeddable":true,"href":"https:\/\/www.italpreziosi.it\/es\/wp-json\/wp\/v2\/comments?post=2018"}],"version-history":[{"count":9,"href":"https:\/\/www.italpreziosi.it\/es\/wp-json\/wp\/v2\/pages\/2018\/revisions"}],"predecessor-version":[{"id":6818,"href":"https:\/\/www.italpreziosi.it\/es\/wp-json\/wp\/v2\/pages\/2018\/revisions\/6818"}],"up":[{"embeddable":true,"href":"https:\/\/www.italpreziosi.it\/es\/wp-json\/wp\/v2\/pages\/2016"}],"wp:attachment":[{"href":"https:\/\/www.italpreziosi.it\/es\/wp-json\/wp\/v2\/media?parent=2018"}],"curies":[{"name":"wp","href":"https:\/\/api.w.org\/{rel}","templated":true}]}}