{"id":2016,"date":"2025-06-10T16:58:58","date_gmt":"2025-06-10T14:58:58","guid":{"rendered":"https:\/\/www.italpreziosi.it\/servizi\/"},"modified":"2026-01-14T10:47:17","modified_gmt":"2026-01-14T09:47:17","slug":"servicios","status":"publish","type":"page","link":"https:\/\/www.italpreziosi.it\/es\/servicios\/","title":{"rendered":"Servicios"},"content":{"rendered":"\t\t<div data-elementor-type=\"wp-page\" data-elementor-id=\"2016\" class=\"elementor elementor-2016 elementor-74\" data-elementor-post-type=\"page\">\n\t\t\t\t<div class=\"elementor-element elementor-element-83e0349 e-con-full e-flex e-con e-parent\" data-id=\"83e0349\" data-element_type=\"container\" data-e-type=\"container\" data-settings=\"{&quot;background_background&quot;:&quot;classic&quot;}\">\n\t\t<div class=\"elementor-element elementor-element-ca87536 e-flex e-con-boxed e-con e-child\" data-id=\"ca87536\" data-element_type=\"container\" data-e-type=\"container\">\n\t\t\t\t\t<div class=\"e-con-inner\">\n\t\t\t\t<div class=\"elementor-element elementor-element-7af3ae6 elementor-widget elementor-widget-shortcode\" data-id=\"7af3ae6\" data-element_type=\"widget\" data-e-type=\"widget\" data-widget_type=\"shortcode.default\">\n\t\t\t\t<div class=\"elementor-widget-container\">\n\t\t\t\t\t\t\t<div class=\"elementor-shortcode\"><nav aria-label=\"breadcrumbs\" class=\"rank-math-breadcrumb\"><p><span class=\"last\">Italpreziosi<\/span><\/p><\/nav><\/div>\n\t\t\t\t\t\t<\/div>\n\t\t\t\t<\/div>\n\t\t\t\t<div class=\"elementor-element elementor-element-dfc8dad elementor-widget elementor-widget-heading\" data-id=\"dfc8dad\" data-element_type=\"widget\" data-e-type=\"widget\" data-widget_type=\"heading.default\">\n\t\t\t\t<div class=\"elementor-widget-container\">\n\t\t\t\t\t<h1 class=\"elementor-heading-title elementor-size-default\">Nuestros servicios\n<\/h1>\t\t\t\t<\/div>\n\t\t\t\t<\/div>\n\t\t\t\t<div class=\"elementor-element elementor-element-c52b64e elementor-widget__width-inherit elementor-widget elementor-widget-text-editor\" data-id=\"c52b64e\" data-element_type=\"widget\" data-e-type=\"widget\" data-widget_type=\"text-editor.default\">\n\t\t\t\t<div class=\"elementor-widget-container\">\n\t\t\t\t\t\t\t\t\t<p><span style=\"font-weight: 400;\">Italpreziosi es el socio ideal para quienes operan en el sector de los metales preciosos, ofreciendo una amplia gama de servicios de alta calidad, dise\u00f1ados para satisfacer las necesidades de bancos, instituciones financieras, empresas, distribuidores &#8211; e inversores privados. Con a\u00f1os de experiencia, tecnolog\u00edas avanzadas y un compromiso constante con la excelencia, garantizamos soluciones seguras, eficientes y totalmente personalizadas.<\/span><\/p>\t\t\t\t\t\t\t\t<\/div>\n\t\t\t\t<\/div>\n\t\t\t\t\t<\/div>\n\t\t\t\t<\/div>\n\t\t\t\t<\/div>\n\t\t<div class=\"elementor-element elementor-element-550616c e-flex e-con-boxed e-con e-parent\" data-id=\"550616c\" data-element_type=\"container\" data-e-type=\"container\" data-settings=\"{&quot;background_background&quot;:&quot;classic&quot;}\">\n\t\t\t\t\t<div class=\"e-con-inner\">\n\t\t<div class=\"elementor-element elementor-element-fdd0e01 e-con-full e-flex e-con e-child\" data-id=\"fdd0e01\" data-element_type=\"container\" data-e-type=\"container\">\n\t\t\t\t<div class=\"elementor-element elementor-element-571c79f elementor-widget elementor-widget-heading\" data-id=\"571c79f\" data-element_type=\"widget\" data-e-type=\"widget\" data-widget_type=\"heading.default\">\n\t\t\t\t<div class=\"elementor-widget-container\">\n\t\t\t\t\t<h2 class=\"elementor-heading-title elementor-size-default\">Descubra m\u00e1s sobre nuestros servicios:<\/h2>\t\t\t\t<\/div>\n\t\t\t\t<\/div>\n\t\t<div class=\"elementor-element elementor-element-270000d e-con-full e-flex e-con e-child\" data-id=\"270000d\" data-element_type=\"container\" data-e-type=\"container\">\n\t\t\t\t<div class=\"elementor-element elementor-element-7ad2210 elementor-cta--skin-cover elementor-cta--valign-bottom elementor-widget__width-initial elementor-widget elementor-widget-call-to-action\" data-id=\"7ad2210\" data-element_type=\"widget\" data-e-type=\"widget\" data-widget_type=\"call-to-action.default\">\n\t\t\t\t<div class=\"elementor-widget-container\">\n\t\t\t\t\t\t\t<a class=\"elementor-cta\" href=\"https:\/\/www.italpreziosi.it\/servizi\/affinazione-oro-metalli-preziosi\/\">\n\t\t\t\t\t<div class=\"elementor-cta__bg-wrapper\">\n\t\t\t\t<div class=\"elementor-cta__bg elementor-bg\" style=\"background-image: url(https://cdn.italpreziosi.it/es/https:\/\/cdn.italpreziosi.it\/wp-content\/uploads\/2025\/07\/affinazione-oro-e-metalli-preziosi.jpg);\" role=\"img\" aria-label=\"Dos trabajadores con batas blancas de laboratorio y cascos amarillos est\u00e1n de pie en una luminosa instalaci\u00f3n industrial, manejando grandes m\u00e1quinas rectangulares bajo un techo alto con vigas y tuber\u00edas a la vista.\"><\/div>\n\t\t\t\t<div class=\"elementor-cta__bg-overlay\"><\/div>\n\t\t\t<\/div>\n\t\t\t\t\t\t\t<div class=\"elementor-cta__content\">\n\t\t\t\t\n\t\t\t\t\t\t\t\t\t<h3 class=\"elementor-cta__title elementor-cta__content-item elementor-content-item\">\n\t\t\t\t\t\tAfinaci\u00f3n Aire y metales preciosos\t\t\t\t\t<\/h3>\n\t\t\t\t\n\t\t\t\t\t\t\t\t\t<div class=\"elementor-cta__description elementor-cta__content-item elementor-content-item\">\n\t\t\t\t\t\tLea m\u00e1s sobre c\u00f3mo logramos la m\u00e1xima pureza para el  oro, la plata y los PGM.\t\t\t\t\t<\/div>\n\t\t\t\t\n\t\t\t\t\t\t\t<\/div>\n\t\t\t\t\t\t<\/a>\n\t\t\t\t\t\t<\/div>\n\t\t\t\t<\/div>\n\t\t\t\t<div class=\"elementor-element elementor-element-7fee50d elementor-cta--skin-cover elementor-cta--valign-bottom elementor-widget__width-initial elementor-widget elementor-widget-call-to-action\" data-id=\"7fee50d\" data-element_type=\"widget\" data-e-type=\"widget\" data-widget_type=\"call-to-action.default\">\n\t\t\t\t<div class=\"elementor-widget-container\">\n\t\t\t\t\t\t\t<a class=\"elementor-cta\" href=\"https:\/\/www.italpreziosi.it\/servizi\/analisi-oro-metalli-preziosi\/\">\n\t\t\t\t\t<div class=\"elementor-cta__bg-wrapper\">\n\t\t\t\t<div class=\"elementor-cta__bg elementor-bg\" style=\"background-image: url(https://cdn.italpreziosi.it/es/https:\/\/cdn.italpreziosi.it\/wp-content\/uploads\/2025\/07\/analisi-oro-e-metalli-preziosi.jpg);\" role=\"img\" aria-label=\"Dos personas con batas de laboratorio trabajan en un luminoso laboratorio; una est\u00e1 de pie junto a un mostrador manipulando equipos, mientras que la otra est\u00e1 sentada en un escritorio utilizando un ordenador. En la pared hay una tabla peri\u00f3dica.\"><\/div>\n\t\t\t\t<div class=\"elementor-cta__bg-overlay\"><\/div>\n\t\t\t<\/div>\n\t\t\t\t\t\t\t<div class=\"elementor-cta__content\">\n\t\t\t\t\n\t\t\t\t\t\t\t\t\t<h3 class=\"elementor-cta__title elementor-cta__content-item elementor-content-item\">\n\t\t\t\t\t\tAn\u00e1lisis de oro y metales preciosos\t\t\t\t\t<\/h3>\n\t\t\t\t\n\t\t\t\t\t\t\t\t\t<div class=\"elementor-cta__description elementor-cta__content-item elementor-content-item\">\n\t\t\t\t\t\tSiga leyendo para descubrir nuestro servicio de an\u00e1lisis de metales preciosos y c\u00f3mo podemos ayudarlo a evaluar con precisi\u00f3n sus materiales.\t\t\t\t\t<\/div>\n\t\t\t\t\n\t\t\t\t\t\t\t<\/div>\n\t\t\t\t\t\t<\/a>\n\t\t\t\t\t\t<\/div>\n\t\t\t\t<\/div>\n\t\t\t\t<div class=\"elementor-element elementor-element-24d160c elementor-cta--skin-cover elementor-cta--valign-bottom elementor-widget__width-initial elementor-widget elementor-widget-call-to-action\" data-id=\"24d160c\" data-element_type=\"widget\" data-e-type=\"widget\" data-widget_type=\"call-to-action.default\">\n\t\t\t\t<div class=\"elementor-widget-container\">\n\t\t\t\t\t\t\t<a class=\"elementor-cta\" href=\"https:\/\/www.italpreziosi.it\/servizi\/produzione-di-oro-e-argento-per-banche-e-industria\/\">\n\t\t\t\t\t<div class=\"elementor-cta__bg-wrapper\">\n\t\t\t\t<div class=\"elementor-cta__bg elementor-bg\" style=\"background-image: url(https://cdn.italpreziosi.it/es/https:\/\/cdn.italpreziosi.it\/wp-content\/uploads\/2025\/07\/produzione-di-barre-grani-e-lamine-di-oro-e-argento.jpg);\" role=\"img\" aria-label=\"Un brazo rob\u00f3tico vierte peque\u00f1os gr\u00e1nulos de pl\u00e1stico blanco en un molde negro rectangular en una cadena de montaje industrial, con equipos naranjas al fondo.\"><\/div>\n\t\t\t\t<div class=\"elementor-cta__bg-overlay\"><\/div>\n\t\t\t<\/div>\n\t\t\t\t\t\t\t<div class=\"elementor-cta__content\">\n\t\t\t\t\n\t\t\t\t\t\t\t\t\t<h3 class=\"elementor-cta__title elementor-cta__content-item elementor-content-item\">\n\t\t\t\t\t\tProducci\u00f3n de barras, l\u00e1minas y lingotes de oro y plata (para bancos e industria)\t\t\t\t\t<\/h3>\n\t\t\t\t\n\t\t\t\t\t\t\t\t\t<div class=\"elementor-cta__description elementor-cta__content-item elementor-content-item\">\n\t\t\t\t\t\tDescubra nuestros procesos de producci\u00f3n internos de lingotes y barras certificados.\t\t\t\t\t<\/div>\n\t\t\t\t\n\t\t\t\t\t\t\t<\/div>\n\t\t\t\t\t\t<\/a>\n\t\t\t\t\t\t<\/div>\n\t\t\t\t<\/div>\n\t\t\t\t<\/div>\n\t\t<div class=\"elementor-element elementor-element-85f1449 e-con-full e-flex e-con e-child\" data-id=\"85f1449\" data-element_type=\"container\" data-e-type=\"container\">\n\t\t\t\t<div class=\"elementor-element elementor-element-f93ead0 elementor-cta--skin-cover elementor-cta--valign-bottom elementor-widget__width-initial elementor-widget elementor-widget-call-to-action\" data-id=\"f93ead0\" data-element_type=\"widget\" data-e-type=\"widget\" data-widget_type=\"call-to-action.default\">\n\t\t\t\t<div class=\"elementor-widget-container\">\n\t\t\t\t\t\t\t<a class=\"elementor-cta\" href=\"https:\/\/www.italpreziosi.it\/servizi\/trading-metalli-preziosi\/\">\n\t\t\t\t\t<div class=\"elementor-cta__bg-wrapper\">\n\t\t\t\t<div class=\"elementor-cta__bg elementor-bg\" style=\"background-image: url(https://cdn.italpreziosi.it/es/https:\/\/cdn.italpreziosi.it\/wp-content\/uploads\/2025\/09\/Trading-online-1024x683.jpg);\" role=\"img\" aria-label=\"Varios monitores de ordenador muestran cuadros financieros, gr\u00e1ficos y datos burs\u00e1tiles en una sala de negociaci\u00f3n, lo que indica un an\u00e1lisis y seguimiento activos del mercado.\"><\/div>\n\t\t\t\t<div class=\"elementor-cta__bg-overlay\"><\/div>\n\t\t\t<\/div>\n\t\t\t\t\t\t\t<div class=\"elementor-cta__content\">\n\t\t\t\t\n\t\t\t\t\t\t\t\t\t<h3 class=\"elementor-cta__title elementor-cta__content-item elementor-content-item\">\n\t\t\t\t\t\tComercio de metales preciosos\t\t\t\t\t<\/h3>\n\t\t\t\t\n\t\t\t\t\t\t\t\t\t<div class=\"elementor-cta__description elementor-cta__content-item elementor-content-item\">\n\t\t\t\t\t\tConozca m\u00e1s sobre los beneficios de nuestro servicio de trading digital a trav\u00e9s de Italplatform.\t\t\t\t\t<\/div>\n\t\t\t\t\n\t\t\t\t\t\t\t<\/div>\n\t\t\t\t\t\t<\/a>\n\t\t\t\t\t\t<\/div>\n\t\t\t\t<\/div>\n\t\t\t\t<div class=\"elementor-element elementor-element-967ccfd elementor-cta--skin-cover elementor-cta--valign-bottom elementor-widget__width-initial elementor-widget elementor-widget-call-to-action\" data-id=\"967ccfd\" data-element_type=\"widget\" data-e-type=\"widget\" data-widget_type=\"call-to-action.default\">\n\t\t\t\t<div class=\"elementor-widget-container\">\n\t\t\t\t\t\t\t<a class=\"elementor-cta\" href=\"https:\/\/www.italpreziosi.it\/servizi\/logistica-e-trasporto-metalli-preziosi\/\">\n\t\t\t\t\t<div class=\"elementor-cta__bg-wrapper\">\n\t\t\t\t<div class=\"elementor-cta__bg elementor-bg\" style=\"background-image: url(https://cdn.italpreziosi.it/es/https:\/\/cdn.italpreziosi.it\/wp-content\/uploads\/2025\/10\/logistica-e-trasporto-metalli-preziosi-1.jpg);\" role=\"img\" aria-label=\"Pilas de brillantes lingotes de oro se disponen ordenadamente sobre un pal\u00e9 en el interior de una nave industrial con estanter\u00edas met\u00e1licas e iluminaci\u00f3n de fondo difuminada.\"><\/div>\n\t\t\t\t<div class=\"elementor-cta__bg-overlay\"><\/div>\n\t\t\t<\/div>\n\t\t\t\t\t\t\t<div class=\"elementor-cta__content\">\n\t\t\t\t\n\t\t\t\t\t\t\t\t\t<h3 class=\"elementor-cta__title elementor-cta__content-item elementor-content-item\">\n\t\t\t\t\t\tLog\u00edstica y transporte de metales preciosos\t\t\t\t\t<\/h3>\n\t\t\t\t\n\t\t\t\t\t\t\t\t\t<div class=\"elementor-cta__description elementor-cta__content-item elementor-content-item\">\n\t\t\t\t\t\tDescubra c\u00f3mo ofrecemos soluciones log\u00edsticas seguras y r\u00e1pidas adaptadas al mundo de los metales preciosos.\t\t\t\t\t<\/div>\n\t\t\t\t\n\t\t\t\t\t\t\t<\/div>\n\t\t\t\t\t\t<\/a>\n\t\t\t\t\t\t<\/div>\n\t\t\t\t<\/div>\n\t\t\t\t<div class=\"elementor-element elementor-element-02eeaad elementor-cta--skin-cover elementor-cta--valign-bottom elementor-widget__width-initial elementor-widget elementor-widget-call-to-action\" data-id=\"02eeaad\" data-element_type=\"widget\" data-e-type=\"widget\" data-widget_type=\"call-to-action.default\">\n\t\t\t\t<div class=\"elementor-widget-container\">\n\t\t\t\t\t\t\t<a class=\"elementor-cta\" href=\"https:\/\/www.italpreziosi.it\/servizi\/banco-metalli\/\">\n\t\t\t\t\t<div class=\"elementor-cta__bg-wrapper\">\n\t\t\t\t<div class=\"elementor-cta__bg elementor-bg\" style=\"background-image: url(https://cdn.italpreziosi.it/es/https:\/\/cdn.italpreziosi.it\/wp-content\/uploads\/2025\/09\/Banco-metalli-1024x683.jpg);\" role=\"img\" aria-label=\"Las pilas de lingotes de oro y plata est\u00e1n dispuestas muy juntas, con los lingotes de oro colocados encima de varios lingotes de plata. Cada lingote lleva estampados el peso, los n\u00fameros de serie y las marcas de refiner\u00eda.\"><\/div>\n\t\t\t\t<div class=\"elementor-cta__bg-overlay\"><\/div>\n\t\t\t<\/div>\n\t\t\t\t\t\t\t<div class=\"elementor-cta__content\">\n\t\t\t\t\n\t\t\t\t\t\t\t\t\t<h3 class=\"elementor-cta__title elementor-cta__content-item elementor-content-item\">\n\t\t\t\t\t\tBanco de metal\t\t\t\t\t<\/h3>\n\t\t\t\t\n\t\t\t\t\t\t\t\t\t<div class=\"elementor-cta__description elementor-cta__content-item elementor-content-item\">\n\t\t\t\t\t\tSiga leyendo para descubrir c\u00f3mo Italpreziosi puede apoyar su negocio con soluciones eficientes, seguras y personalizadas en el mercado de los  metales preciosos.\t\t\t\t\t<\/div>\n\t\t\t\t\n\t\t\t\t\t\t\t<\/div>\n\t\t\t\t\t\t<\/a>\n\t\t\t\t\t\t<\/div>\n\t\t\t\t<\/div>\n\t\t\t\t<\/div>\n\t\t<div class=\"elementor-element elementor-element-e2f5624 e-con-full e-flex e-con e-child\" data-id=\"e2f5624\" data-element_type=\"container\" data-e-type=\"container\">\n\t\t\t\t<div class=\"elementor-element elementor-element-fdf967c elementor-cta--skin-cover elementor-cta--valign-bottom elementor-widget__width-initial elementor-widget elementor-widget-call-to-action\" data-id=\"fdf967c\" data-element_type=\"widget\" data-e-type=\"widget\" data-widget_type=\"call-to-action.default\">\n\t\t\t\t<div class=\"elementor-widget-container\">\n\t\t\t\t\t\t\t<a class=\"elementor-cta\" href=\"https:\/\/www.italpreziosi.it\/servizi\/recupero-di-metalli-preziosi-trattamenti-specializzati\/\">\n\t\t\t\t\t<div class=\"elementor-cta__bg-wrapper\">\n\t\t\t\t<div class=\"elementor-cta__bg elementor-bg\" style=\"background-image: url(https://cdn.italpreziosi.it/es/https:\/\/cdn.italpreziosi.it\/wp-content\/uploads\/2025\/07\/recupero-metalli-preziosi-e-trattamenti-specializzati.jpg);\" role=\"img\" aria-label=\"Una mano enguantada sostiene una gran pala met\u00e1lica llena de material gris y escamoso, posiblemente cenizas industriales o virutas de metal, sobre un cubo. Al fondo se ven m\u00e1quinas y tuber\u00edas amarillas.\"><\/div>\n\t\t\t\t<div class=\"elementor-cta__bg-overlay\"><\/div>\n\t\t\t<\/div>\n\t\t\t\t\t\t\t<div class=\"elementor-cta__content\">\n\t\t\t\t\n\t\t\t\t\t\t\t\t\t<h3 class=\"elementor-cta__title elementor-cta__content-item elementor-content-item\">\n\t\t\t\t\t\tRecuperaci\u00f3n y tratamientos de metales preciosos especializado\t\t\t\t\t<\/h3>\n\t\t\t\t\n\t\t\t\t\t\t\t\t\t<div class=\"elementor-cta__description elementor-cta__content-item elementor-content-item\">\n\t\t\t\t\t\tDescubra c\u00f3mo recuperamos metales preciosos de residuos industriales y ofrecemos tratamientos especializados.\t\t\t\t\t<\/div>\n\t\t\t\t\n\t\t\t\t\t\t\t<\/div>\n\t\t\t\t\t\t<\/a>\n\t\t\t\t\t\t<\/div>\n\t\t\t\t<\/div>\n\t\t\t\t<div class=\"elementor-element elementor-element-448094b elementor-cta--skin-cover elementor-cta--valign-bottom elementor-widget__width-initial elementor-widget elementor-widget-call-to-action\" data-id=\"448094b\" data-element_type=\"widget\" data-e-type=\"widget\" data-widget_type=\"call-to-action.default\">\n\t\t\t\t<div class=\"elementor-widget-container\">\n\t\t\t\t\t\t\t<a class=\"elementor-cta\" href=\"https:\/\/www.italpreziosi.it\/servizi\/produzione-e-fornitura-paste-polveri-argento\/\">\n\t\t\t\t\t<div class=\"elementor-cta__bg-wrapper\">\n\t\t\t\t<div class=\"elementor-cta__bg elementor-bg\" style=\"background-image: url(https://cdn.italpreziosi.it/es/https:\/\/cdn.italpreziosi.it\/wp-content\/uploads\/2025\/07\/produzione-e-fornitura-di-paste-e-polveri-di-argento.jpg);\" role=\"img\" aria-label=\"Una r\u00e1faga de fino polvo gris se dispersa sobre un fondo blanco, creando un efecto din\u00e1mico y abstracto similar a una nube, con densidades y texturas variables.\"><\/div>\n\t\t\t\t<div class=\"elementor-cta__bg-overlay\"><\/div>\n\t\t\t<\/div>\n\t\t\t\t\t\t\t<div class=\"elementor-cta__content\">\n\t\t\t\t\n\t\t\t\t\t\t\t\t\t<h3 class=\"elementor-cta__title elementor-cta__content-item elementor-content-item\">\n\t\t\t\t\t\tProducci\u00f3n y suministro de pastas y polvos de plata.\t\t\t\t\t<\/h3>\n\t\t\t\t\n\t\t\t\t\t\t\t\t\t<div class=\"elementor-cta__description elementor-cta__content-item elementor-content-item\">\n\t\t\t\t\t\tSiga leyendo para descubrir todas las aplicaciones industriales de nuestras pastas y polvos de plata y solicitar una formulaci\u00f3n personalizada.\t\t\t\t\t<\/div>\n\t\t\t\t\n\t\t\t\t\t\t\t<\/div>\n\t\t\t\t\t\t<\/a>\n\t\t\t\t\t\t<\/div>\n\t\t\t\t<\/div>\n\t\t\t\t<div class=\"elementor-element elementor-element-e0fce0b elementor-cta--skin-cover elementor-cta--valign-bottom elementor-widget__width-initial elementor-widget elementor-widget-call-to-action\" data-id=\"e0fce0b\" data-element_type=\"widget\" data-e-type=\"widget\" data-widget_type=\"call-to-action.default\">\n\t\t\t\t<div class=\"elementor-widget-container\">\n\t\t\t\t\t\t\t<a class=\"elementor-cta\" href=\"https:\/\/www.italpreziosi.it\/servizi\/vendita-lingotti-oro-argento-monete-investimento\/\">\n\t\t\t\t\t<div class=\"elementor-cta__bg-wrapper\">\n\t\t\t\t<div class=\"elementor-cta__bg elementor-bg\" style=\"background-image: url(https://cdn.italpreziosi.it/es/https:\/\/cdn.italpreziosi.it\/wp-content\/uploads\/2025\/09\/Vendita-di-lingotti--1024x683.jpg);\" role=\"img\" aria-label=\"En la parte superior se alinean varios lingotes de oro de gran tama\u00f1o con la etiqueta 1 KILO DE ORO FINO, y debajo se disponen en filas lingotes de oro m\u00e1s peque\u00f1os con la etiqueta 100 g DE ORO FINO, todo sobre fondo negro.\"><\/div>\n\t\t\t\t<div class=\"elementor-cta__bg-overlay\"><\/div>\n\t\t\t<\/div>\n\t\t\t\t\t\t\t<div class=\"elementor-cta__content\">\n\t\t\t\t\n\t\t\t\t\t\t\t\t\t<h3 class=\"elementor-cta__title elementor-cta__content-item elementor-content-item\">\n\t\t\t\t\t\tVenta de lingotes y monedas de oro y plata de inversi\u00f3n\t\t\t\t\t<\/h3>\n\t\t\t\t\n\t\t\t\t\t\t\t\t\t<div class=\"elementor-cta__description elementor-cta__content-item elementor-content-item\">\n\t\t\t\t\t\tExplore nuestros productos de inversi\u00f3n en oro y plata, con opciones adaptadas a sus necesidades.\n\t\t\t\t\t<\/div>\n\t\t\t\t\n\t\t\t\t\t\t\t<\/div>\n\t\t\t\t\t\t<\/a>\n\t\t\t\t\t\t<\/div>\n\t\t\t\t<\/div>\n\t\t\t\t<\/div>\n\t\t<div class=\"elementor-element elementor-element-2e2073f e-con-full e-flex e-con e-child\" data-id=\"2e2073f\" data-element_type=\"container\" data-e-type=\"container\">\n\t\t\t\t<div class=\"elementor-element elementor-element-0d92554 elementor-cta--skin-cover elementor-cta--valign-bottom elementor-widget__width-initial elementor-widget elementor-widget-call-to-action\" data-id=\"0d92554\" data-element_type=\"widget\" data-e-type=\"widget\" data-widget_type=\"call-to-action.default\">\n\t\t\t\t<div class=\"elementor-widget-container\">\n\t\t\t\t\t\t\t<a class=\"elementor-cta\" href=\"https:\/\/www.italpreziosi.it\/servizi\/deposito-assicurato-italdeposito\/\">\n\t\t\t\t\t<div class=\"elementor-cta__bg-wrapper\">\n\t\t\t\t<div class=\"elementor-cta__bg elementor-bg\" style=\"background-image: url(https://cdn.italpreziosi.it/es/https:\/\/cdn.italpreziosi.it\/wp-content\/uploads\/2025\/07\/deposito-assicurato-con-italdeposito.jpg);\" role=\"img\" aria-label=\"Una gran puerta acorazada circular de oro con intrincados mecanismos de cierre est\u00e1 encastrada en una pared dorada, iluminada por luces cenitales, que le dan un aspecto seguro y lujoso.\"><\/div>\n\t\t\t\t<div class=\"elementor-cta__bg-overlay\"><\/div>\n\t\t\t<\/div>\n\t\t\t\t\t\t\t<div class=\"elementor-cta__content\">\n\t\t\t\t\n\t\t\t\t\t\t\t\t\t<h3 class=\"elementor-cta__title elementor-cta__content-item elementor-content-item\">\n\t\t\t\t\t\tDep\u00f3sito asegurado con ItalDeposito\t\t\t\t\t<\/h3>\n\t\t\t\t\n\t\t\t\t\t\t\t\t\t<div class=\"elementor-cta__description elementor-cta__content-item elementor-content-item\">\n\t\t\t\t\t\tConozca todos los detalles sobre el dep\u00f3sito asegurado para nuestros clientes.\t\t\t\t\t<\/div>\n\t\t\t\t\n\t\t\t\t\t\t\t<\/div>\n\t\t\t\t\t\t<\/a>\n\t\t\t\t\t\t<\/div>\n\t\t\t\t<\/div>\n\t\t\t\t<\/div>\n\t\t\t\t<\/div>\n\t\t\t\t\t<\/div>\n\t\t\t\t<\/div>\n\t\t\t\t<\/div>\n\t\t","protected":false},"excerpt":{"rendered":"<p>Nuestros servicios Italpreziosi es el socio ideal para quienes operan en el sector de los metales preciosos, ofreciendo una amplia gama de servicios de alta calidad, dise\u00f1ados para satisfacer las necesidades de bancos, instituciones financieras, empresas, distribuidores &#8211; e inversores privados. Con a\u00f1os de experiencia, tecnolog\u00edas avanzadas y un compromiso constante con la excelencia, garantizamos [&hellip;]<\/p>\n","protected":false},"author":1,"featured_media":0,"parent":0,"menu_order":0,"comment_status":"closed","ping_status":"closed","template":"elementor_header_footer","meta":{"_acf_changed":false,"footnotes":""},"class_list":["post-2016","page","type-page","status-publish","hentry"],"acf":[],"_links":{"self":[{"href":"https:\/\/www.italpreziosi.it\/es\/wp-json\/wp\/v2\/pages\/2016","targetHints":{"allow":["GET"]}}],"collection":[{"href":"https:\/\/www.italpreziosi.it\/es\/wp-json\/wp\/v2\/pages"}],"about":[{"href":"https:\/\/www.italpreziosi.it\/es\/wp-json\/wp\/v2\/types\/page"}],"author":[{"embeddable":true,"href":"https:\/\/www.italpreziosi.it\/es\/wp-json\/wp\/v2\/users\/1"}],"replies":[{"embeddable":true,"href":"https:\/\/www.italpreziosi.it\/es\/wp-json\/wp\/v2\/comments?post=2016"}],"version-history":[{"count":11,"href":"https:\/\/www.italpreziosi.it\/es\/wp-json\/wp\/v2\/pages\/2016\/revisions"}],"predecessor-version":[{"id":6814,"href":"https:\/\/www.italpreziosi.it\/es\/wp-json\/wp\/v2\/pages\/2016\/revisions\/6814"}],"wp:attachment":[{"href":"https:\/\/www.italpreziosi.it\/es\/wp-json\/wp\/v2\/media?parent=2016"}],"curies":[{"name":"wp","href":"https:\/\/api.w.org\/{rel}","templated":true}]}}