{"id":2010,"date":"2025-07-09T14:38:19","date_gmt":"2025-07-09T12:38:19","guid":{"rendered":"https:\/\/www.italpreziosi.it\/responsabilita\/chain-of-information\/"},"modified":"2026-01-14T10:41:02","modified_gmt":"2026-01-14T09:41:02","slug":"circuito-de-informacion","status":"publish","type":"page","link":"https:\/\/www.italpreziosi.it\/es\/responsabilidad\/circuito-de-informacion\/","title":{"rendered":"Circuito de informaci\u00f3n"},"content":{"rendered":"\t\t<div data-elementor-type=\"wp-page\" data-elementor-id=\"2010\" class=\"elementor elementor-2010 elementor-119\" data-elementor-post-type=\"page\">\n\t\t\t\t<div class=\"elementor-element elementor-element-41dbac7 e-con-full e-flex e-con e-parent\" data-id=\"41dbac7\" data-element_type=\"container\" data-e-type=\"container\" data-settings=\"{&quot;background_background&quot;:&quot;classic&quot;}\">\n\t\t<div class=\"elementor-element elementor-element-6cad662 e-flex e-con-boxed e-con e-child\" data-id=\"6cad662\" data-element_type=\"container\" data-e-type=\"container\">\n\t\t\t\t\t<div class=\"e-con-inner\">\n\t\t<div class=\"elementor-element elementor-element-87bedd5 e-con-full e-flex e-con e-child\" data-id=\"87bedd5\" data-element_type=\"container\" data-e-type=\"container\">\n\t\t\t\t<div class=\"elementor-element elementor-element-f4c5d23 elementor-widget elementor-widget-shortcode\" data-id=\"f4c5d23\" data-element_type=\"widget\" data-e-type=\"widget\" data-widget_type=\"shortcode.default\">\n\t\t\t\t<div class=\"elementor-widget-container\">\n\t\t\t\t\t\t\t<div class=\"elementor-shortcode\"><nav aria-label=\"breadcrumbs\" class=\"rank-math-breadcrumb\"><p><span class=\"last\">Italpreziosi<\/span><\/p><\/nav><\/div>\n\t\t\t\t\t\t<\/div>\n\t\t\t\t<\/div>\n\t\t\t\t<div class=\"elementor-element elementor-element-d6ad2b4 elementor-widget elementor-widget-heading\" data-id=\"d6ad2b4\" data-element_type=\"widget\" data-e-type=\"widget\" data-widget_type=\"heading.default\">\n\t\t\t\t<div class=\"elementor-widget-container\">\n\t\t\t\t\t<h1 class=\"elementor-heading-title elementor-size-default\">Circuito de informaci\u00f3n<\/h1>\t\t\t\t<\/div>\n\t\t\t\t<\/div>\n\t\t\t\t<div class=\"elementor-element elementor-element-b557512 elementor-widget__width-inherit elementor-widget elementor-widget-text-editor\" data-id=\"b557512\" data-element_type=\"widget\" data-e-type=\"widget\" data-widget_type=\"text-editor.default\">\n\t\t\t\t<div class=\"elementor-widget-container\">\n\t\t\t\t\t\t\t\t\t<p><span style=\"font-weight: 400;\">El <a href=\"https:\/\/chainofinformation.italpreziosi.it\/\" target=\"_blank\" rel=\"noopener nofollow\">circuito\u00a0 de informaci\u00f3n<\/a>\u00a0 es una iniciativa concebida por Italpreziosi para fortalecer la toma de\u00a0 conciencia y la transparencia a lo largo de toda la cadena de suministro de los metales preciosos.<\/span><\/p><p><span style=\"font-weight: 400;\">Se trata de un proyecto de informaci\u00f3n y formaci\u00f3n dirigido a todos los interesados, que mejora la circulaci\u00f3n \u00e9tica de la informaci\u00f3n, promueve el di\u00e1logo entre los actores de la cadena de suministro y fomenta comportamientos responsables en todas las fases del ciclo de producci\u00f3n.<\/span><\/p>\t\t\t\t\t\t\t\t<\/div>\n\t\t\t\t<\/div>\n\t\t\t\t<div class=\"elementor-element elementor-element-5034384 elementor-widget elementor-widget-button\" data-id=\"5034384\" data-element_type=\"widget\" data-e-type=\"widget\" data-widget_type=\"button.default\">\n\t\t\t\t<div class=\"elementor-widget-container\">\n\t\t\t\t\t\t\t\t\t<div class=\"elementor-button-wrapper\">\n\t\t\t\t\t<a class=\"elementor-button elementor-button-link elementor-size-sm\" href=\"https:\/\/chainofinformation.italpreziosi.it\/\" target=\"_blank\" rel=\"nofollow noopener\">\n\t\t\t\t\t\t<span class=\"elementor-button-content-wrapper\">\n\t\t\t\t\t\t<span class=\"elementor-button-icon\">\n\t\t\t\t<svg xmlns=\"http:\/\/www.w3.org\/2000\/svg\" width=\"16\" height=\"16\" viewBox=\"0 0 16 16\"><path data-name=\"Tracciato 8807\" d=\"M6.222 2.667v1.777H1.778v9.778h9.778V9.778h1.778v5.333a.889.889 0 0 1-.889.889H.889A.889.889 0 0 1 0 15.111V3.556a.889.889 0 0 1 .889-.889zM16 0v7.111h-1.778V3.034L7.3 9.962 6.038 8.7l6.926-6.927H8.889V0z\"><\/path><\/svg>\t\t\t<\/span>\n\t\t\t\t\t\t\t\t\t<span class=\"elementor-button-text\">Chain of Information<\/span>\n\t\t\t\t\t<\/span>\n\t\t\t\t\t<\/a>\n\t\t\t\t<\/div>\n\t\t\t\t\t\t\t\t<\/div>\n\t\t\t\t<\/div>\n\t\t\t\t<\/div>\n\t\t<div class=\"elementor-element elementor-element-252c4fe e-con-full e-flex e-con e-child\" data-id=\"252c4fe\" data-element_type=\"container\" data-e-type=\"container\">\n\t\t<div class=\"elementor-element elementor-element-722a706 e-con-full img-grid e-flex e-con e-child\" data-id=\"722a706\" data-element_type=\"container\" data-e-type=\"container\">\n\t\t\t\t<div class=\"elementor-element elementor-element-c2b3772 elementor-widget elementor-widget-image\" data-id=\"c2b3772\" data-element_type=\"widget\" data-e-type=\"widget\" data-widget_type=\"image.default\">\n\t\t\t\t<div class=\"elementor-widget-container\">\n\t\t\t\t\t\t\t\t\t\t\t\t\t\t\t<img fetchpriority=\"high\" decoding=\"async\" width=\"683\" height=\"1024\" src=\"https:\/\/cdn.italpreziosi.it\/wp-content\/uploads\/2025\/08\/chain-of-information-2-683x1024.jpg\" class=\"attachment-large size-large wp-image-1878\" alt=\"De un recipiente met\u00e1lico salen llamas mientras dos sopletes cil\u00edndricos calientan la superficie en un entorno industrial. En primer plano se ve una rueda met\u00e1lica difuminada.\" srcset=\"https:\/\/cdn.italpreziosi.it\/wp-content\/uploads\/2025\/08\/chain-of-information-2-683x1024.jpg 683w, https:\/\/cdn.italpreziosi.it\/wp-content\/uploads\/2025\/08\/chain-of-information-2-200x300.jpg 200w, https:\/\/cdn.italpreziosi.it\/wp-content\/uploads\/2025\/08\/chain-of-information-2-768x1151.jpg 768w, https:\/\/cdn.italpreziosi.it\/wp-content\/uploads\/2025\/08\/chain-of-information-2.jpg 800w\" sizes=\"(max-width: 683px) 100vw, 683px\" \/>\t\t\t\t\t\t\t\t\t\t\t\t\t\t\t<\/div>\n\t\t\t\t<\/div>\n\t\t\t\t<div class=\"elementor-element elementor-element-641b69a elementor-widget elementor-widget-image\" data-id=\"641b69a\" data-element_type=\"widget\" data-e-type=\"widget\" data-widget_type=\"image.default\">\n\t\t\t\t<div class=\"elementor-widget-container\">\n\t\t\t\t\t\t\t\t\t\t\t\t\t\t\t<img decoding=\"async\" width=\"683\" height=\"1024\" src=\"https:\/\/cdn.italpreziosi.it\/wp-content\/uploads\/2025\/08\/chain-of-information-1-683x1024.jpg\" class=\"attachment-large size-large wp-image-1876\" alt=\"Dos manos sujet\u00e1ndose suavemente por los dedos me\u00f1iques, simbolizando conexi\u00f3n o promesa, con un fondo borroso de luz solar dorada.\" srcset=\"https:\/\/cdn.italpreziosi.it\/wp-content\/uploads\/2025\/08\/chain-of-information-1-683x1024.jpg 683w, https:\/\/cdn.italpreziosi.it\/wp-content\/uploads\/2025\/08\/chain-of-information-1-200x300.jpg 200w, https:\/\/cdn.italpreziosi.it\/wp-content\/uploads\/2025\/08\/chain-of-information-1-768x1151.jpg 768w, https:\/\/cdn.italpreziosi.it\/wp-content\/uploads\/2025\/08\/chain-of-information-1.jpg 800w\" sizes=\"(max-width: 683px) 100vw, 683px\" \/>\t\t\t\t\t\t\t\t\t\t\t\t\t\t\t<\/div>\n\t\t\t\t<\/div>\n\t\t\t\t<\/div>\n\t\t\t\t<\/div>\n\t\t\t\t\t<\/div>\n\t\t\t\t<\/div>\n\t\t\t\t<\/div>\n\t\t\t\t<\/div>\n\t\t","protected":false},"excerpt":{"rendered":"<p>Circuito de informaci\u00f3n El circuito\u00a0 de informaci\u00f3n\u00a0 es una iniciativa concebida por Italpreziosi para fortalecer la toma de\u00a0 conciencia y la transparencia a lo largo de toda la cadena de suministro de los metales preciosos. Se trata de un proyecto de informaci\u00f3n y formaci\u00f3n dirigido a todos los interesados, que mejora la circulaci\u00f3n \u00e9tica de [&hellip;]<\/p>\n","protected":false},"author":1,"featured_media":0,"parent":2006,"menu_order":0,"comment_status":"closed","ping_status":"closed","template":"elementor_header_footer","meta":{"_acf_changed":false,"footnotes":""},"class_list":["post-2010","page","type-page","status-publish","hentry"],"acf":[],"_links":{"self":[{"href":"https:\/\/www.italpreziosi.it\/es\/wp-json\/wp\/v2\/pages\/2010","targetHints":{"allow":["GET"]}}],"collection":[{"href":"https:\/\/www.italpreziosi.it\/es\/wp-json\/wp\/v2\/pages"}],"about":[{"href":"https:\/\/www.italpreziosi.it\/es\/wp-json\/wp\/v2\/types\/page"}],"author":[{"embeddable":true,"href":"https:\/\/www.italpreziosi.it\/es\/wp-json\/wp\/v2\/users\/1"}],"replies":[{"embeddable":true,"href":"https:\/\/www.italpreziosi.it\/es\/wp-json\/wp\/v2\/comments?post=2010"}],"version-history":[{"count":11,"href":"https:\/\/www.italpreziosi.it\/es\/wp-json\/wp\/v2\/pages\/2010\/revisions"}],"predecessor-version":[{"id":6808,"href":"https:\/\/www.italpreziosi.it\/es\/wp-json\/wp\/v2\/pages\/2010\/revisions\/6808"}],"up":[{"embeddable":true,"href":"https:\/\/www.italpreziosi.it\/es\/wp-json\/wp\/v2\/pages\/2006"}],"wp:attachment":[{"href":"https:\/\/www.italpreziosi.it\/es\/wp-json\/wp\/v2\/media?parent=2010"}],"curies":[{"name":"wp","href":"https:\/\/api.w.org\/{rel}","templated":true}]}}