{"id":2006,"date":"2025-06-10T16:54:52","date_gmt":"2025-06-10T14:54:52","guid":{"rendered":"https:\/\/www.italpreziosi.it\/responsabilita\/"},"modified":"2026-01-14T10:33:53","modified_gmt":"2026-01-14T09:33:53","slug":"responsabilidad","status":"publish","type":"page","link":"https:\/\/www.italpreziosi.it\/es\/responsabilidad\/","title":{"rendered":"Responsabilidad"},"content":{"rendered":"\t\t<div data-elementor-type=\"wp-page\" data-elementor-id=\"2006\" class=\"elementor elementor-2006 elementor-68\" data-elementor-post-type=\"page\">\n\t\t\t\t<div class=\"elementor-element elementor-element-b48acc6 e-con-full e-flex e-con e-parent\" data-id=\"b48acc6\" data-element_type=\"container\" data-e-type=\"container\" data-settings=\"{&quot;background_background&quot;:&quot;classic&quot;}\">\n\t\t<div class=\"elementor-element elementor-element-02777cf e-flex e-con-boxed e-con e-child\" data-id=\"02777cf\" data-element_type=\"container\" data-e-type=\"container\">\n\t\t\t\t\t<div class=\"e-con-inner\">\n\t\t<div class=\"elementor-element elementor-element-2cd5f53 e-con-full e-flex e-con e-child\" data-id=\"2cd5f53\" data-element_type=\"container\" data-e-type=\"container\">\n\t\t\t\t<div class=\"elementor-element elementor-element-0abba04 elementor-widget elementor-widget-shortcode\" data-id=\"0abba04\" data-element_type=\"widget\" data-e-type=\"widget\" data-widget_type=\"shortcode.default\">\n\t\t\t\t<div class=\"elementor-widget-container\">\n\t\t\t\t\t\t\t<div class=\"elementor-shortcode\"><nav aria-label=\"breadcrumbs\" class=\"rank-math-breadcrumb\"><p><span class=\"last\">Italpreziosi<\/span><\/p><\/nav><\/div>\n\t\t\t\t\t\t<\/div>\n\t\t\t\t<\/div>\n\t\t\t\t<div class=\"elementor-element elementor-element-3eab403 elementor-widget elementor-widget-heading\" data-id=\"3eab403\" data-element_type=\"widget\" data-e-type=\"widget\" data-widget_type=\"heading.default\">\n\t\t\t\t<div class=\"elementor-widget-container\">\n\t\t\t\t\t<h1 class=\"elementor-heading-title elementor-size-default\">Responsabilidad<\/h1>\t\t\t\t<\/div>\n\t\t\t\t<\/div>\n\t\t\t\t<div class=\"elementor-element elementor-element-949d354 elementor-widget__width-inherit elementor-widget elementor-widget-text-editor\" data-id=\"949d354\" data-element_type=\"widget\" data-e-type=\"widget\" data-widget_type=\"text-editor.default\">\n\t\t\t\t<div class=\"elementor-widget-container\">\n\t\t\t\t\t\t\t\t\t<p><span style=\"font-weight: 400;\">Italpreziosi desarrolla su actividad en torno a la <\/span><b>\u00e9tica, la transparencia y la sostenibilidad<\/b><span style=\"font-weight: 400;\">, comprometi\u00e9ndose cada d\u00eda en combinar el desarrollo industrial con la protecci\u00f3n del medio ambiente, el respeto de los derechos humanos y el desarrollo de una cadena de suministro responsable.<\/span><\/p><p><span style=\"font-weight: 400;\">Nuestro modelo de crecimiento est\u00e1 orientado al largo plazo y cuida el impacto que cada elecci\u00f3n genera en las personas, el planeta y las generaciones futuras.<\/span><\/p><p><span style=\"font-weight: 400;\">Italpreziosi ha sido reconocido durante a\u00f1os como uno de los operadores m\u00e1s cuidadoso con el medio ambiente del sector, tanto a nivel nacional como internacional, en t\u00e9rminos de trazabilidad, cumplimiento normativo y compromiso concreto con pr\u00e1cticas y visiones \u00e9ticas y una\u00a0 <\/span><b>cadena de valor responsable<\/b><span style=\"font-weight: 400;\">.<\/span><\/p>\t\t\t\t\t\t\t\t<\/div>\n\t\t\t\t<\/div>\n\t\t\t\t<\/div>\n\t\t\t\t\t<\/div>\n\t\t\t\t<\/div>\n\t\t\t\t<\/div>\n\t\t<div class=\"elementor-element elementor-element-b0c5e00 e-flex e-con-boxed e-con e-parent\" data-id=\"b0c5e00\" data-element_type=\"container\" data-e-type=\"container\" data-settings=\"{&quot;background_background&quot;:&quot;classic&quot;}\">\n\t\t\t\t\t<div class=\"e-con-inner\">\n\t\t<div class=\"elementor-element elementor-element-04ad48d e-con-full e-flex e-con e-child\" data-id=\"04ad48d\" data-element_type=\"container\" data-e-type=\"container\">\n\t\t<div class=\"elementor-element elementor-element-4ea9c58 e-con-full e-flex e-con e-child\" data-id=\"4ea9c58\" data-element_type=\"container\" data-e-type=\"container\">\n\t\t\t\t<div class=\"elementor-element elementor-element-4f0bacb elementor-widget elementor-widget-heading\" data-id=\"4f0bacb\" data-element_type=\"widget\" data-e-type=\"widget\" data-widget_type=\"heading.default\">\n\t\t\t\t<div class=\"elementor-widget-container\">\n\t\t\t\t\t<h2 class=\"elementor-heading-title elementor-size-default\">proyectos<\/h2>\t\t\t\t<\/div>\n\t\t\t\t<\/div>\n\t\t\t\t<div class=\"elementor-element elementor-element-b4ddcb6 elementor-widget elementor-widget-heading\" data-id=\"b4ddcb6\" data-element_type=\"widget\" data-e-type=\"widget\" data-widget_type=\"heading.default\">\n\t\t\t\t<div class=\"elementor-widget-container\">\n\t\t\t\t\t<h3 class=\"elementor-heading-title elementor-size-default\">Descubra <span class=\"sf\">nuestro compromiso<\/span><br> a trav\u00e9s de nuestros proyectos<\/h3>\t\t\t\t<\/div>\n\t\t\t\t<\/div>\n\t\t\t\t<\/div>\n\t\t<div class=\"elementor-element elementor-element-64448e6 e-con-full e-flex e-con e-child\" data-id=\"64448e6\" data-element_type=\"container\" data-e-type=\"container\">\n\t\t\t\t<div class=\"elementor-element elementor-element-73b4c48 elementor-cta--skin-cover elementor-cta--valign-bottom elementor-widget__width-initial elementor-widget elementor-widget-call-to-action\" data-id=\"73b4c48\" data-element_type=\"widget\" data-e-type=\"widget\" data-widget_type=\"call-to-action.default\">\n\t\t\t\t<div class=\"elementor-widget-container\">\n\t\t\t\t\t\t\t<a class=\"elementor-cta\" href=\"https:\/\/www.italpreziosi.it\/responsabilita\/sustainability\/\">\n\t\t\t\t\t<div class=\"elementor-cta__bg-wrapper\">\n\t\t\t\t<div class=\"elementor-cta__bg elementor-bg\" style=\"background-image: url(https://cdn.italpreziosi.it/es/https:\/\/cdn.italpreziosi.it\/wp-content\/uploads\/2025\/08\/Italpreziosi-Sostenability.jpg);\" role=\"img\" aria-label=\"Colinas verdes ondulantes con un grupo de \u00e1rboles y un edificio distante, ba\u00f1adas por la suave luz del sol y la bruma matinal. Capas de colinas y ligera bruma se extienden hasta el horizonte bajo un cielo p\u00e1lido.\"><\/div>\n\t\t\t\t<div class=\"elementor-cta__bg-overlay\"><\/div>\n\t\t\t<\/div>\n\t\t\t\t\t\t\t<div class=\"elementor-cta__content\">\n\t\t\t\t\n\t\t\t\t\t\t\t\t\t<h3 class=\"elementor-cta__title elementor-cta__content-item elementor-content-item\">\n\t\t\t\t\t\tItalpreziosi Sustainability\t\t\t\t\t<\/h3>\n\t\t\t\t\n\t\t\t\t\n\t\t\t\t\t\t\t<\/div>\n\t\t\t\t\t\t<\/a>\n\t\t\t\t\t\t<\/div>\n\t\t\t\t<\/div>\n\t\t\t\t<div class=\"elementor-element elementor-element-97bf670 elementor-cta--skin-cover elementor-cta--valign-bottom elementor-widget__width-initial elementor-widget elementor-widget-call-to-action\" data-id=\"97bf670\" data-element_type=\"widget\" data-e-type=\"widget\" data-widget_type=\"call-to-action.default\">\n\t\t\t\t<div class=\"elementor-widget-container\">\n\t\t\t\t\t\t\t<a class=\"elementor-cta\" href=\"https:\/\/www.italpreziosi.it\/responsabilita\/chain-of-information\/\">\n\t\t\t\t\t<div class=\"elementor-cta__bg-wrapper\">\n\t\t\t\t<div class=\"elementor-cta__bg elementor-bg\" style=\"background-image: url(https://cdn.italpreziosi.it/es/https:\/\/cdn.italpreziosi.it\/wp-content\/uploads\/2025\/08\/Chain-of-information.jpg);\" role=\"img\" aria-label=\"Una oficina dom\u00e9stica moderna con un gran monitor de ordenador que muestra una p\u00e1gina web, un teclado, un rat\u00f3n, un vaso de agua, una l\u00e1mpara, libros y una maceta sobre un escritorio de madera cerca de estanter\u00edas y una ventana.\"><\/div>\n\t\t\t\t<div class=\"elementor-cta__bg-overlay\"><\/div>\n\t\t\t<\/div>\n\t\t\t\t\t\t\t<div class=\"elementor-cta__content\">\n\t\t\t\t\n\t\t\t\t\t\t\t\t\t<h3 class=\"elementor-cta__title elementor-cta__content-item elementor-content-item\">\n\t\t\t\t\t\tCircuito de informaci\u00f3n\t\t\t\t\t<\/h3>\n\t\t\t\t\n\t\t\t\t\n\t\t\t\t\t\t\t<\/div>\n\t\t\t\t\t\t<\/a>\n\t\t\t\t\t\t<\/div>\n\t\t\t\t<\/div>\n\t\t\t\t<div class=\"elementor-element elementor-element-369e825 elementor-cta--skin-cover elementor-cta--valign-bottom elementor-widget__width-initial elementor-widget elementor-widget-call-to-action\" data-id=\"369e825\" data-element_type=\"widget\" data-e-type=\"widget\" data-widget_type=\"call-to-action.default\">\n\t\t\t\t<div class=\"elementor-widget-container\">\n\t\t\t\t\t\t\t<a class=\"elementor-cta\" href=\"https:\/\/www.italpreziosi.it\/responsabilita\/certificazioni-accreditamenti-membership\/\">\n\t\t\t\t\t<div class=\"elementor-cta__bg-wrapper\">\n\t\t\t\t<div class=\"elementor-cta__bg elementor-bg\" style=\"background-image: url(https://cdn.italpreziosi.it/es/https:\/\/cdn.italpreziosi.it\/wp-content\/uploads\/2025\/08\/certificazioni-e-accreditamenti.jpg);\" role=\"img\" aria-label=\"Dos personas con batas blancas de laboratorio y cascos amarillos trabajan en una moderna y luminosa instalaci\u00f3n industrial con grandes m\u00e1quinas y tubos de ventilaci\u00f3n. El espacio est\u00e1 limpio y bien iluminado, con paredes y techo blancos.\"><\/div>\n\t\t\t\t<div class=\"elementor-cta__bg-overlay\"><\/div>\n\t\t\t<\/div>\n\t\t\t\t\t\t\t<div class=\"elementor-cta__content\">\n\t\t\t\t\n\t\t\t\t\t\t\t\t\t<h3 class=\"elementor-cta__title elementor-cta__content-item elementor-content-item\">\n\t\t\t\t\t\tCertificaciones, acreditaciones y adhesiones \t\t\t\t\t<\/h3>\n\t\t\t\t\n\t\t\t\t\n\t\t\t\t\t\t\t<\/div>\n\t\t\t\t\t\t<\/a>\n\t\t\t\t\t\t<\/div>\n\t\t\t\t<\/div>\n\t\t\t\t<div class=\"elementor-element elementor-element-276edf8 elementor-cta--skin-cover elementor-cta--valign-bottom elementor-widget__width-initial elementor-widget elementor-widget-call-to-action\" data-id=\"276edf8\" data-element_type=\"widget\" data-e-type=\"widget\" data-widget_type=\"call-to-action.default\">\n\t\t\t\t<div class=\"elementor-widget-container\">\n\t\t\t\t\t\t\t<a class=\"elementor-cta\" href=\"https:\/\/www.italpreziosi.it\/responsabilita\/filiera\/\">\n\t\t\t\t\t<div class=\"elementor-cta__bg-wrapper\">\n\t\t\t\t<div class=\"elementor-cta__bg elementor-bg\" style=\"background-image: url(https://cdn.italpreziosi.it/es/https:\/\/cdn.italpreziosi.it\/wp-content\/uploads\/2025\/08\/Filiera-responsabile.jpg);\" role=\"img\" aria-label=\"Primer plano de una mano abierta que sostiene una peque\u00f1a pepita de oro de forma irregular, con un fondo suave y borroso.\"><\/div>\n\t\t\t\t<div class=\"elementor-cta__bg-overlay\"><\/div>\n\t\t\t<\/div>\n\t\t\t\t\t\t\t<div class=\"elementor-cta__content\">\n\t\t\t\t\n\t\t\t\t\t\t\t\t\t<h3 class=\"elementor-cta__title elementor-cta__content-item elementor-content-item\">\n\t\t\t\t\t\tCadena de suministro responsable\t\t\t\t\t<\/h3>\n\t\t\t\t\n\t\t\t\t\n\t\t\t\t\t\t\t<\/div>\n\t\t\t\t\t\t<\/a>\n\t\t\t\t\t\t<\/div>\n\t\t\t\t<\/div>\n\t\t\t\t<\/div>\n\t\t\t\t<\/div>\n\t\t\t\t\t<\/div>\n\t\t\t\t<\/div>\n\t\t\t\t<\/div>\n\t\t","protected":false},"excerpt":{"rendered":"<p>Responsabilidad Italpreziosi desarrolla su actividad en torno a la \u00e9tica, la transparencia y la sostenibilidad, comprometi\u00e9ndose cada d\u00eda en combinar el desarrollo industrial con la protecci\u00f3n del medio ambiente, el respeto de los derechos humanos y el desarrollo de una cadena de suministro responsable. Nuestro modelo de crecimiento est\u00e1 orientado al largo plazo y cuida [&hellip;]<\/p>\n","protected":false},"author":1,"featured_media":0,"parent":0,"menu_order":0,"comment_status":"closed","ping_status":"closed","template":"elementor_header_footer","meta":{"_acf_changed":false,"footnotes":""},"class_list":["post-2006","page","type-page","status-publish","hentry"],"acf":[],"_links":{"self":[{"href":"https:\/\/www.italpreziosi.it\/es\/wp-json\/wp\/v2\/pages\/2006","targetHints":{"allow":["GET"]}}],"collection":[{"href":"https:\/\/www.italpreziosi.it\/es\/wp-json\/wp\/v2\/pages"}],"about":[{"href":"https:\/\/www.italpreziosi.it\/es\/wp-json\/wp\/v2\/types\/page"}],"author":[{"embeddable":true,"href":"https:\/\/www.italpreziosi.it\/es\/wp-json\/wp\/v2\/users\/1"}],"replies":[{"embeddable":true,"href":"https:\/\/www.italpreziosi.it\/es\/wp-json\/wp\/v2\/comments?post=2006"}],"version-history":[{"count":14,"href":"https:\/\/www.italpreziosi.it\/es\/wp-json\/wp\/v2\/pages\/2006\/revisions"}],"predecessor-version":[{"id":6799,"href":"https:\/\/www.italpreziosi.it\/es\/wp-json\/wp\/v2\/pages\/2006\/revisions\/6799"}],"wp:attachment":[{"href":"https:\/\/www.italpreziosi.it\/es\/wp-json\/wp\/v2\/media?parent=2006"}],"curies":[{"name":"wp","href":"https:\/\/api.w.org\/{rel}","templated":true}]}}