{"id":2004,"date":"2025-08-17T20:03:07","date_gmt":"2025-08-17T18:03:07","guid":{"rendered":"https:\/\/www.italpreziosi.it\/reclami\/"},"modified":"2026-02-19T10:19:31","modified_gmt":"2026-02-19T09:19:31","slug":"denuncias","status":"publish","type":"page","link":"https:\/\/www.italpreziosi.it\/es\/denuncias\/","title":{"rendered":"Denuncias"},"content":{"rendered":"\t\t<div data-elementor-type=\"wp-page\" data-elementor-id=\"2004\" class=\"elementor elementor-2004 elementor-50\" data-elementor-post-type=\"page\">\n\t\t\t\t<div class=\"elementor-element elementor-element-db2f683 e-con-full e-flex e-con e-parent\" data-id=\"db2f683\" data-element_type=\"container\" data-e-type=\"container\" data-settings=\"{&quot;background_background&quot;:&quot;classic&quot;}\">\n\t\t<div class=\"elementor-element elementor-element-8a1e96e e-flex e-con-boxed e-con e-child\" data-id=\"8a1e96e\" data-element_type=\"container\" data-e-type=\"container\">\n\t\t\t\t\t<div class=\"e-con-inner\">\n\t\t<div class=\"elementor-element elementor-element-1cb44a9 e-con-full e-flex e-con e-child\" data-id=\"1cb44a9\" data-element_type=\"container\" data-e-type=\"container\">\n\t\t\t\t<div class=\"elementor-element elementor-element-d46aa68 elementor-widget elementor-widget-shortcode\" data-id=\"d46aa68\" data-element_type=\"widget\" data-e-type=\"widget\" data-widget_type=\"shortcode.default\">\n\t\t\t\t<div class=\"elementor-widget-container\">\n\t\t\t\t\t\t\t<div class=\"elementor-shortcode\"><nav aria-label=\"breadcrumbs\" class=\"rank-math-breadcrumb\"><p><span class=\"last\">Italpreziosi<\/span><\/p><\/nav><\/div>\n\t\t\t\t\t\t<\/div>\n\t\t\t\t<\/div>\n\t\t\t\t<div class=\"elementor-element elementor-element-b64420f elementor-widget elementor-widget-heading\" data-id=\"b64420f\" data-element_type=\"widget\" data-e-type=\"widget\" data-widget_type=\"heading.default\">\n\t\t\t\t<div class=\"elementor-widget-container\">\n\t\t\t\t\t<h1 class=\"elementor-heading-title elementor-size-default\">Reclami \/ Whistleblowing<\/h1>\t\t\t\t<\/div>\n\t\t\t\t<\/div>\n\t\t<div class=\"elementor-element elementor-element-0e13bad e-con-full e-flex e-con e-child\" data-id=\"0e13bad\" data-element_type=\"container\" data-e-type=\"container\">\n\t\t<div class=\"elementor-element elementor-element-27a2d73 e-con-full e-flex e-con e-child\" data-id=\"27a2d73\" data-element_type=\"container\" data-e-type=\"container\">\n\t\t\t\t<div class=\"elementor-element elementor-element-4dccb2c elementor-widget__width-inherit wordbreak elementor-widget elementor-widget-text-editor\" data-id=\"4dccb2c\" data-element_type=\"widget\" data-e-type=\"widget\" data-widget_type=\"text-editor.default\">\n\t\t\t\t<div class=\"elementor-widget-container\">\n\t\t\t\t\t\t\t\t\t<p>Italpreziosi spa se empe\u00f1a en mantener los m\u00e1s altos est\u00e1ndares en t\u00e9rminos de conducta, integridad y comportamiento \u00e9tico, tal y como se resume en el C\u00f3digo \u00c9tico y en otras pol\u00edticas de la empresa.<br \/>En cumplimiento de la legislaci\u00f3n vigente, Italpreziosi spa ha adoptado canales de denuncia especiales a trav\u00e9s de los cuales todas las partes interesadas (tanto internas como externas a la Empresa) pueden denunciar, de forma confidencial y posiblemente an\u00f3nima, conductas, actos u omisiones que sean contrarios a las leyes nacionales o europeas, a las disposiciones del Modelo de Gesti\u00f3n, Organizaci\u00f3n y Control adoptado por la Empresa de conformidad con el DL 231\/01 y perjudiciales para los intereses y\/o la integridad de la Empresa, y\/o al C\u00f3digo \u00c9tico y otras pol\u00edticas de la empresa.<\/p><p>El procedimiento de denuncia y la pol\u00edtica de privacidad est\u00e1n disponibles en los siguientes enlaces:<\/p><p><a class=\"p-link\" href=\"https:\/\/www.italpreziosi.it\/wp-content\/uploads\/documents\/policy-reclamo-e-denuncia-irregolarita-es.pdf\" target=\"_blank\" rel=\"noopener\">Pol\u00edtica de denuncia de irregularidades<\/a><br \/><a class=\"p-link\" href=\"https:\/\/www.italpreziosi.it\/wp-content\/uploads\/documents\/informativa-privacy-per-whistleblowing-es.pdf\" target=\"_blank\" rel=\"noopener\">Pol\u00edtica de privacidad<\/a><\/p><p>Para realizar una denuncia, puede utilizar uno de los siguientes canales:<\/p><ul><li>\u00a0Plataforma en l\u00ednea: <a class=\"p-link\" href=\"https:\/\/italpreziosi.whistletech.online\/#\/\" target=\"_blank\" rel=\"noopener nofollow\">italpreziosi.whistletech.online<\/a><\/li><li>\u00a0Correo electr\u00f3nico dedicado: <a class=\"p-link\" href=\"mailto:reclami@italpreziosi.it\">reclami@italpreziosi.it<\/a><\/li><li>\u00a0L\u00ednea telef\u00f3nica: <a class=\"p-link\" href=\"tel:+3905751596749\">0575 1596749<\/a>\u00a0(pregunte por el departamento de Cumplimiento)<\/li><li>\u00a0Carta a la direcci\u00f3n Strada A n. 32, Localit\u00e0 San Zeno, 52100, AR, Italia &#8211; dirigida al departamento de Cumplimiento<\/li><li>\u00a0En persona al Responsable del departamento Cumplimiento (direcci\u00f3n: Strada A n. 32, Localit\u00e0 San Zeno, 52100, AR, Italia)<\/li><\/ul>\t\t\t\t\t\t\t\t<\/div>\n\t\t\t\t<\/div>\n\t\t\t\t<div class=\"elementor-element elementor-element-658f912 elementor-widget elementor-widget-heading\" data-id=\"658f912\" data-element_type=\"widget\" data-e-type=\"widget\" data-widget_type=\"heading.default\">\n\t\t\t\t<div class=\"elementor-widget-container\">\n\t\t\t\t\t<h2 class=\"elementor-heading-title elementor-size-default\">Reclamaciones de calidad (ISO 9001)<\/h2>\t\t\t\t<\/div>\n\t\t\t\t<\/div>\n\t\t\t\t<div class=\"elementor-element elementor-element-b080973 elementor-widget__width-inherit wordbreak elementor-widget elementor-widget-text-editor\" data-id=\"b080973\" data-element_type=\"widget\" data-e-type=\"widget\" data-widget_type=\"text-editor.default\">\n\t\t\t\t<div class=\"elementor-widget-container\">\n\t\t\t\t\t\t\t\t\t<p>Italpreziosi, que cuenta con la certificaci\u00f3n ISO 9001, adopta las normas m\u00e1s exigentes para garantizar la calidad y la fiabilidad en toda la cadena de suministro. El proceso de gesti\u00f3n de las reclamaciones de calidad refleja nuestro compromiso con la mejora continua, escuchando las necesidades de los clientes y garantizando una respuesta oportuna y eficaz a sus reclamaciones. Este enfoque transparente consolida la confianza en nuestros servicios y productos, en l\u00ednea con los valores de excelencia y responsabilidad que gu\u00edan nuestra actividad.<\/p><p>Para presentar una reclamaci\u00f3n sobre un producto o servicio, s\u00f3lo tiene que utilizar uno de los siguientes canales:<\/p><ul><li>\u00a0Chat en <a class=\"p-link\" href=\"https:\/\/www.italpreziosi.it\/es\/\" target=\"_blank\" rel=\"noopener\">www.italpreziosi.it<\/a>\u00a0para interactuar con el personal de Italpreziosi<\/li><li>\u00a0Correo electr\u00f3nico espec\u00edfico: <a class=\"p-link\" href=\"mailto:reclami@italpreziosi.it\">reclami@italpreziosi.it<\/a><\/li><li>\u00a0L\u00ednea telef\u00f3nica: <a class=\"p-link\" href=\"tel:+3905751596749\">0575 1596749<\/a>\u00a0(pregunte por la funci\u00f3n RGS\/QA)<\/li><li>\u00a0Plataforma en l\u00ednea: <a class=\"p-link\" href=\"https:\/\/italpreziosi.whistletech.online\/#\/\" target=\"_blank\" rel=\"noopener nofollow\">italpreziosi.whistletech.online<\/a>\u00a0(en el campo \u00ab\u00bfQu\u00e9 tipo de incumplimiento desea notificar?\u00bb seleccione en el men\u00fa desplegable OTRO; en el campo OTRO escriba RECLAMACIONES; utilice los siguientes campos para describir la reclamaci\u00f3n)<\/li><\/ul><p>La pol\u00edtica de privacidad con referencia a las reclamaciones de calidad est\u00e1 disponible aqu\u00ed:\u00a0<a class=\"p-link\" href=\"https:\/\/www.italpreziosi.it\/wp-content\/uploads\/documents\/informativa-privacy-per-whistleblowing-es.pdf\" target=\"_blank\" rel=\"noopener\">Pol\u00edtica de privacidad<\/a><\/p>\t\t\t\t\t\t\t\t<\/div>\n\t\t\t\t<\/div>\n\t\t\t\t<\/div>\n\t\t\t\t<\/div>\n\t\t\t\t<\/div>\n\t\t\t\t\t<\/div>\n\t\t\t\t<\/div>\n\t\t\t\t<\/div>\n\t\t\t\t<\/div>\n\t\t","protected":false},"excerpt":{"rendered":"<p>Reclami \/ Whistleblowing Italpreziosi spa se empe\u00f1a en mantener los m\u00e1s altos est\u00e1ndares en t\u00e9rminos de conducta, integridad y comportamiento \u00e9tico, tal y como se resume en el C\u00f3digo \u00c9tico y en otras pol\u00edticas de la empresa.En cumplimiento de la legislaci\u00f3n vigente, Italpreziosi spa ha adoptado canales de denuncia especiales a trav\u00e9s de los cuales [&hellip;]<\/p>\n","protected":false},"author":1,"featured_media":0,"parent":0,"menu_order":0,"comment_status":"closed","ping_status":"closed","template":"elementor_header_footer","meta":{"_acf_changed":false,"footnotes":""},"class_list":["post-2004","page","type-page","status-publish","hentry"],"acf":[],"_links":{"self":[{"href":"https:\/\/www.italpreziosi.it\/es\/wp-json\/wp\/v2\/pages\/2004","targetHints":{"allow":["GET"]}}],"collection":[{"href":"https:\/\/www.italpreziosi.it\/es\/wp-json\/wp\/v2\/pages"}],"about":[{"href":"https:\/\/www.italpreziosi.it\/es\/wp-json\/wp\/v2\/types\/page"}],"author":[{"embeddable":true,"href":"https:\/\/www.italpreziosi.it\/es\/wp-json\/wp\/v2\/users\/1"}],"replies":[{"embeddable":true,"href":"https:\/\/www.italpreziosi.it\/es\/wp-json\/wp\/v2\/comments?post=2004"}],"version-history":[{"count":12,"href":"https:\/\/www.italpreziosi.it\/es\/wp-json\/wp\/v2\/pages\/2004\/revisions"}],"predecessor-version":[{"id":7074,"href":"https:\/\/www.italpreziosi.it\/es\/wp-json\/wp\/v2\/pages\/2004\/revisions\/7074"}],"wp:attachment":[{"href":"https:\/\/www.italpreziosi.it\/es\/wp-json\/wp\/v2\/media?parent=2004"}],"curies":[{"name":"wp","href":"https:\/\/api.w.org\/{rel}","templated":true}]}}