{"id":1997,"date":"2025-08-17T20:03:03","date_gmt":"2025-08-17T18:03:03","guid":{"rendered":"https:\/\/www.italpreziosi.it\/careers\/"},"modified":"2026-01-14T10:25:51","modified_gmt":"2026-01-14T09:25:51","slug":"oportunidades-de-trabajo","status":"publish","type":"page","link":"https:\/\/www.italpreziosi.it\/es\/oportunidades-de-trabajo\/","title":{"rendered":"Oportunidades de trabajo"},"content":{"rendered":"\t\t<div data-elementor-type=\"wp-page\" data-elementor-id=\"1997\" class=\"elementor elementor-1997 elementor-46\" data-elementor-post-type=\"page\">\n\t\t\t\t<div class=\"elementor-element elementor-element-00d3ae2 e-con-full e-flex e-con e-parent\" data-id=\"00d3ae2\" data-element_type=\"container\" data-e-type=\"container\" data-settings=\"{&quot;background_background&quot;:&quot;classic&quot;}\">\n\t\t<div class=\"elementor-element elementor-element-c9de380 e-flex e-con-boxed e-con e-child\" data-id=\"c9de380\" data-element_type=\"container\" data-e-type=\"container\">\n\t\t\t\t\t<div class=\"e-con-inner\">\n\t\t<div class=\"elementor-element elementor-element-458d531 e-con-full e-flex e-con e-child\" data-id=\"458d531\" data-element_type=\"container\" data-e-type=\"container\">\n\t\t\t\t<div class=\"elementor-element elementor-element-ffc128e elementor-widget elementor-widget-shortcode\" data-id=\"ffc128e\" data-element_type=\"widget\" data-e-type=\"widget\" data-widget_type=\"shortcode.default\">\n\t\t\t\t<div class=\"elementor-widget-container\">\n\t\t\t\t\t\t\t<div class=\"elementor-shortcode\"><nav aria-label=\"breadcrumbs\" class=\"rank-math-breadcrumb\"><p><span class=\"last\">Italpreziosi<\/span><\/p><\/nav><\/div>\n\t\t\t\t\t\t<\/div>\n\t\t\t\t<\/div>\n\t\t\t\t<div class=\"elementor-element elementor-element-99b89e4 elementor-widget elementor-widget-heading\" data-id=\"99b89e4\" data-element_type=\"widget\" data-e-type=\"widget\" data-widget_type=\"heading.default\">\n\t\t\t\t<div class=\"elementor-widget-container\">\n\t\t\t\t\t<h1 class=\"elementor-heading-title elementor-size-default\">Oportunidades de trabajo\n<\/h1>\t\t\t\t<\/div>\n\t\t\t\t<\/div>\n\t\t<div class=\"elementor-element elementor-element-a4cd058 e-con-full e-flex e-con e-child\" data-id=\"a4cd058\" data-element_type=\"container\" data-e-type=\"container\">\n\t\t<div class=\"elementor-element elementor-element-ac3b092 e-con-full e-flex e-con e-child\" data-id=\"ac3b092\" data-element_type=\"container\" data-e-type=\"container\">\n\t\t\t\t<div class=\"elementor-element elementor-element-3886986 elementor-widget__width-inherit elementor-widget elementor-widget-text-editor\" data-id=\"3886986\" data-element_type=\"widget\" data-e-type=\"widget\" data-widget_type=\"text-editor.default\">\n\t\t\t\t<div class=\"elementor-widget-container\">\n\t\t\t\t\t\t\t\t\t<div class=\"panel-block-row col-md-12\"><p>Para Italpreziosi Spa, la voluntad y la determinaci\u00f3n del trabajador para aprender y mejorar representan la aut\u00e9ntica fuerza de la empresa.<\/p><p>Los empleados representan la verdadera ventaja competitiva de la empresa, que busca constantemente perfiles que destaquen por su capacidad de aportar su propia contribuci\u00f3n y crecer en un contexto en constante evoluci\u00f3n, listos para afrontar y anticiparse a los desaf\u00edos futuros.<\/p><p>La constante atenci\u00f3n por ofrecer a su gente un ambiente de trabajo estimulante hace que Italpreziosi spa sea el lugar ideal para aquellos que aspiran a un crecimiento personal y profesional.<\/p><p>Si t\u00fa tambi\u00e9n est\u00e1s listo para unirte a Italpreziosi, visita la secci\u00f3n de puestos vacantes y elige el puesto adecuado para ti, o env\u00edanos una solicitud espont\u00e1nea.<\/p><\/div><div class=\"panel-block-row col-md-12\"><form id=\"amform-form-14\" class=\"rendered-form amform-form  default\" action=\"https:\/\/www.italpreziosi.it\/es\/amasty_customform\/form\/submit\/\" enctype=\"multipart\/form-data\" method=\"post\" novalidate=\"novalidate\"><div class=\"amform-form-fieldset fieldset\"><div class=\"insert-container fields\"><div class=\"amcform-multi-page fieldset ui-tabs ui-widget ui-widget-content ui-corner-all\" data-amcform-js=\"multi-page\"><div id=\"page-0\" class=\"amcform-page-wrap fields ui-tabs-panel ui-widget-content ui-corner-bottom\" role=\"tabpanel\" aria-labelledby=\"ui-id-1\" aria-expanded=\"true\" aria-hidden=\"false\">\u00a0<\/div><\/div><\/div><\/div><\/form><\/div>\t\t\t\t\t\t\t\t<\/div>\n\t\t\t\t<\/div>\n\t\t\t\t<\/div>\n\t\t<div class=\"elementor-element elementor-element-335bbf8 e-con-full e-flex e-con e-child\" data-id=\"335bbf8\" data-element_type=\"container\" data-e-type=\"container\">\n\t\t\t\t<div class=\"elementor-element elementor-element-7d3373e elementor-widget elementor-widget-heading\" data-id=\"7d3373e\" data-element_type=\"widget\" data-e-type=\"widget\" data-widget_type=\"heading.default\">\n\t\t\t\t<div class=\"elementor-widget-container\">\n\t\t\t\t\t<h2 class=\"elementor-heading-title elementor-size-default\">Candidatura espont\u00e1nea<\/h2>\t\t\t\t<\/div>\n\t\t\t\t<\/div>\n\t\t\t\t<div class=\"elementor-element elementor-element-fae1c48 standard-form elementor-widget elementor-widget-shortcode\" data-id=\"fae1c48\" data-element_type=\"widget\" data-e-type=\"widget\" data-widget_type=\"shortcode.default\">\n\t\t\t\t<div class=\"elementor-widget-container\">\n\t\t\t\t\t\t\t<div class=\"elementor-shortcode\"><style id=\"wpforms-css-vars-1391\">\n\t\t\t\t#wpforms-1391 {\n\t\t\t\t--wpforms-field-size-input-height: 43px;\n--wpforms-field-size-input-spacing: 15px;\n--wpforms-field-size-font-size: 16px;\n--wpforms-field-size-line-height: 19px;\n--wpforms-field-size-padding-h: 14px;\n--wpforms-field-size-checkbox-size: 16px;\n--wpforms-field-size-sublabel-spacing: 5px;\n--wpforms-field-size-icon-size: 1;\n--wpforms-label-size-font-size: 16px;\n--wpforms-label-size-line-height: 19px;\n--wpforms-label-size-sublabel-font-size: 14px;\n--wpforms-label-size-sublabel-line-height: 17px;\n--wpforms-button-size-font-size: 17px;\n--wpforms-button-size-height: 41px;\n--wpforms-button-size-padding-h: 15px;\n--wpforms-button-size-margin-top: 10px;\n--wpforms-container-shadow-size-box-shadow: none;\n\t\t\t}\n\t\t\t<\/style><div class=\"wpforms-container wpforms-container-full wpforms-render-modern\" id=\"wpforms-1391\"><form id=\"wpforms-form-1391\" class=\"wpforms-validate wpforms-form wpforms-ajax-form\" data-formid=\"1391\" method=\"post\" enctype=\"multipart\/form-data\" action=\"\/es\/wp-json\/wp\/v2\/pages\/1997?wpforms_form_id=1391\" data-token=\"9bf9da8a091558fb47f335ea6bb7fd5c\" data-token-time=\"1777314164\"><noscript class=\"wpforms-error-noscript\">Por favor, activa JavaScript en tu navegador para completar este formulario.<\/noscript><div id=\"wpforms-error-noscript\" style=\"display: none;\">Por favor, activa JavaScript en tu navegador para completar este formulario.<\/div><div class=\"wpforms-field-container\"><div id=\"wpforms-1391-field_1-container\" class=\"wpforms-field wpforms-field-layout\" data-field-id=\"1\"><div class=\"wpforms-field-layout-rows wpforms-field-large\"><div class=\"wpforms-layout-row\"><div class=\"wpforms-layout-column wpforms-layout-column-50\"><div id=\"wpforms-1391-field_2-container\" class=\"wpforms-field wpforms-field-text\" data-field-id=\"2\"><label class=\"wpforms-field-label\" for=\"wpforms-1391-field_2\">Nombre <span class=\"wpforms-required-label\" aria-hidden=\"true\">*<\/span><\/label><input type=\"text\" id=\"wpforms-1391-field_2\" class=\"wpforms-field-medium wpforms-field-required\" name=\"wpforms[fields][2]\" placeholder=\"Nombre\" aria-errormessage=\"wpforms-1391-field_2-error\" required><\/div><\/div><div class=\"wpforms-layout-column wpforms-layout-column-50\"><div id=\"wpforms-1391-field_3-container\" class=\"wpforms-field wpforms-field-text\" data-field-id=\"3\"><label class=\"wpforms-field-label\" for=\"wpforms-1391-field_3\">Apellido <span class=\"wpforms-required-label\" aria-hidden=\"true\">*<\/span><\/label><input type=\"text\" id=\"wpforms-1391-field_3\" class=\"wpforms-field-medium wpforms-field-required\" name=\"wpforms[fields][3]\" placeholder=\"Apellido\" aria-errormessage=\"wpforms-1391-field_3-error\" required><\/div><\/div><\/div><\/div><\/div><div id=\"wpforms-1391-field_9-container\" class=\"wpforms-field wpforms-field-layout\" data-field-id=\"9\"><div class=\"wpforms-field-layout-rows wpforms-field-large\"><div class=\"wpforms-layout-row\"><div class=\"wpforms-layout-column wpforms-layout-column-50\"><div id=\"wpforms-1391-field_8-container\" class=\"wpforms-field wpforms-field-email\" data-field-id=\"8\"><label class=\"wpforms-field-label\" for=\"wpforms-1391-field_8\">Correo electr\u00f3nico <span class=\"wpforms-required-label\" aria-hidden=\"true\">*<\/span><\/label><input type=\"email\" id=\"wpforms-1391-field_8\" class=\"wpforms-field-medium wpforms-field-required\" name=\"wpforms[fields][8]\" placeholder=\"Correo electr\u00f3nico *\" spellcheck=\"false\" aria-errormessage=\"wpforms-1391-field_8-error\" required><\/div><\/div><div class=\"wpforms-layout-column wpforms-layout-column-50\"><div id=\"wpforms-1391-field_12-container\" class=\"wpforms-field wpforms-field-phone\" data-field-id=\"12\"><label class=\"wpforms-field-label\" for=\"wpforms-1391-field_12\">Tel\u00e9fono<\/label><input type=\"tel\" id=\"wpforms-1391-field_12\" class=\"wpforms-field-medium wpforms-smart-phone-field\" data-rule-smart-phone-field=\"true\" name=\"wpforms[fields][12]\" placeholder=\"Tel\u00e9fono\" aria-label=\"Tel\u00e9fono\" aria-errormessage=\"wpforms-1391-field_12-error\" ><\/div><\/div><\/div><\/div><\/div><div id=\"wpforms-1391-field_4-container\" class=\"wpforms-field wpforms-field-text\" data-field-id=\"4\"><label class=\"wpforms-field-label\" for=\"wpforms-1391-field_4\">Nombre del puesto<\/label><input type=\"text\" id=\"wpforms-1391-field_4\" class=\"wpforms-field-large\" name=\"wpforms[fields][4]\" placeholder=\"Nombre del puesto\" aria-errormessage=\"wpforms-1391-field_4-error\" ><\/div><div id=\"wpforms-1391-field_5-container\" class=\"wpforms-field wpforms-field-file-upload\" data-field-id=\"5\"><label class=\"wpforms-field-label\" for=\"wpforms-1391-field_5\">Sube tu curr\u00edculum<\/label><div\n\t\tclass=\"wpforms-uploader \"\n\t\tdata-field-id=\"5\"\n\t\tdata-form-id=\"1391\"\n\t\tdata-input-name=\"wpforms_1391_5\"\n\t\tdata-extensions=\"jpg,jpeg,jpe,gif,png,bmp,tiff,tif,webp,avif,ico,heic,heif,heics,heifs,asf,asx,wmv,wmx,wm,avi,divx,mov,qt,mpeg,mpg,mpe,mp4,m4v,ogv,webm,mkv,3gp,3gpp,3g2,3gp2,txt,asc,c,cc,h,srt,csv,tsv,ics,rtx,css,vtt,mp3,m4a,m4b,aac,ra,ram,wav,x-wav,ogg,oga,flac,mid,midi,wma,wax,mka,rtf,pdf,class,tar,zip,gz,gzip,rar,7z,psd,xcf,doc,pot,pps,ppt,wri,xla,xls,xlt,xlw,mpp,docx,docm,dotx,dotm,xlsx,xlsm,xlsb,xltx,xltm,xlam,pptx,pptm,ppsx,ppsm,potx,potm,ppam,sldx,sldm,onetoc,onetoc2,onepkg,oxps,xps,odt,odp,ods,odg,odc,odb,odf,wp,wpd,key,numbers,pages,svg\"\n\t\tdata-max-size=\"524288000\"\n\t\tdata-max-file-number=\"1\"\n\t\tdata-post-max-size=\"524288000\"\n\t\tdata-max-parallel-uploads=\"4\"\n\t\tdata-parallel-uploads=\"true\"\n\t\tdata-file-chunk-size=\"2097152\">\n\t<div class=\"dz-message\">\n\t\t<svg  viewBox=\"0 0 640 640\" focusable=\"false\" data-icon=\"inbox\" width=\"50px\" height=\"50px\" fill=\"currentColor\" aria-hidden=\"true\">\n\t\t\t<path d=\"M352 173.3L352 384C352 401.7 337.7 416 320 416C302.3 416 288 401.7 288 384L288 173.3L246.6 214.7C234.1 227.2 213.8 227.2 201.3 214.7C188.8 202.2 188.8 181.9 201.3 169.4L297.3 73.4C309.8 60.9 330.1 60.9 342.6 73.4L438.6 169.4C451.1 181.9 451.1 202.2 438.6 214.7C426.1 227.2 405.8 227.2 393.3 214.7L352 173.3zM320 464C364.2 464 400 428.2 400 384L480 384C515.3 384 544 412.7 544 448L544 480C544 515.3 515.3 544 480 544L160 544C124.7 544 96 515.3 96 480L96 448C96 412.7 124.7 384 160 384L240 384C240 428.2 275.8 464 320 464zM464 488C477.3 488 488 477.3 488 464C488 450.7 477.3 440 464 440C450.7 440 440 450.7 440 464C440 477.3 450.7 488 464 488z\"\/>\n\t\t<\/svg>\n\n\t\t<span class=\"modern-title\">\n\t\t\t\t\t\t\tDrag &amp; Drop Files, \t\t\t\t<span>Choose Files to Upload<\/span>\n\t\t\t\t\t<\/span>\n\n\t\t\t<\/div>\n<\/div>\n\n<input\n\t\ttype=\"text\"\n\t\tautocomplete=\"off\"\n\t\treadonly\n\t\tclass=\"dropzone-input\"\n\t\tstyle=\"position:absolute!important;clip:rect(0,0,0,0)!important;height:1px!important;width:1px!important;border:0!important;overflow:hidden!important;padding:0!important;margin:0!important;\"\n\t\tid=\"wpforms-1391-field_5\"\n\t\tname=\"wpforms_1391_5\" \t\tvalue=\"\">\n<\/div>\t\t<div id=\"wpforms-1391-field_10-container\"\n\t\t\tclass=\"wpforms-field wpforms-field-text\"\n\t\t\tdata-field-type=\"text\"\n\t\t\tdata-field-id=\"10\"\n\t\t\t>\n\t\t\t<label class=\"wpforms-field-label\" for=\"wpforms-1391-field_10\" >electr\u00f3nico puesto robot:<\/label>\n\t\t\t<input type=\"text\" id=\"wpforms-1391-field_10\" class=\"wpforms-field-medium\" name=\"wpforms[fields][10]\" >\n\t\t<\/div>\n\t\t<div id=\"wpforms-1391-field_6-container\" class=\"wpforms-field wpforms-field-textarea\" data-field-id=\"6\"><label class=\"wpforms-field-label\" for=\"wpforms-1391-field_6\">Introducci\u00f3n<\/label><textarea id=\"wpforms-1391-field_6\" class=\"wpforms-field-large wpforms-limit-words-enabled\" data-form-id=\"1391\" data-field-id=\"6\" data-text-limit=\"200\" name=\"wpforms[fields][6]\" placeholder=\"Introducci\u00f3n\" aria-errormessage=\"wpforms-1391-field_6-error\" aria-describedby=\"wpforms-1391-field_6-description\" ><\/textarea><div id=\"wpforms-1391-field_6-description\" class=\"wpforms-field-description\">M\u00e1ximo 200 palabras.<\/div><\/div><div id=\"wpforms-1391-field_7-container\" class=\"wpforms-field wpforms-field-checkbox\" data-field-id=\"7\"><fieldset><legend class=\"wpforms-field-label wpforms-label-hide\" aria-hidden=\"false\">Privacy policy<\/legend><ul id=\"wpforms-1391-field_7\"><li class=\"choice-1 depth-1\"><input type=\"checkbox\" id=\"wpforms-1391-field_7_1\" name=\"wpforms[fields][7][]\" value=\"Confirmo que he le\u00eddo la &lt;a href=&quot;https:\/\/www.italpreziosi.it\/es\/privacy-policy\/&quot;&gt;pol\u00edtica de privacidad&lt;\/a&gt; y doy mi consentimiento para el tratamiento de mis datos personales de conformidad con el art\u00edculo 13 del Decreto Legislativo 196\/2003 y el art\u00edculo 13 del Reglamento UE 679\/2016.\" aria-errormessage=\"wpforms-1391-field_7_1-error\"  ><label class=\"wpforms-field-label-inline\" for=\"wpforms-1391-field_7_1\">Confirmo que he le\u00eddo la <a href=\"https:\/\/www.italpreziosi.it\/es\/privacy-policy\/\">pol\u00edtica de privacidad<\/a> y doy mi consentimiento para el tratamiento de mis datos personales de conformidad con el art\u00edculo 13 del Decreto Legislativo 196\/2003 y el art\u00edculo 13 del Reglamento UE 679\/2016.<\/label><\/li><\/ul><\/fieldset><\/div><div id=\"wpforms-1391-field_13-container\" class=\"wpforms-field wpforms-field-captcha\" data-field-id=\"13\"><label class=\"wpforms-field-label\" for=\"wpforms-1391-field_13\">Confirma que no eres un robot: responde correctamente a la pregunta. <span class=\"wpforms-required-label\" aria-hidden=\"true\">*<\/span><\/label><p id=\"wpforms-1391-field_13-question\" class=\"wpforms-captcha-question\">\u00bfCu\u00e1l es el n\u00famero que viene despu\u00e9s del nueve?<\/p>\n\t\t<input type=\"text\" id=\"wpforms-1391-field_13\" class=\"wpforms-field-large wpforms-field-required a\" data-rule-wpf-captcha=\"qa\" data-is-wrapped-field=\"1\" data-a=\"10\" name=\"wpforms[fields][13][a]\" aria-errormessage=\"wpforms-1391-field_13-error\" aria-describedby=\"wpforms-1391-field_13-question\" required>\n\t\t<input type=\"hidden\" name=\"wpforms[fields][13][q]\" value=\"2\">\n\n\t\t<\/div><script>\n\t\t\t\t( function() {\n\t\t\t\t\tconst style = document.createElement( 'style' );\n\t\t\t\t\tstyle.appendChild( document.createTextNode( '#wpforms-1391-field_10-container { position: absolute !important; overflow: hidden !important; display: inline !important; height: 1px !important; width: 1px !important; z-index: -1000 !important; padding: 0 !important; } #wpforms-1391-field_10-container input { visibility: hidden; } #wpforms-conversational-form-page #wpforms-1391-field_10-container label { counter-increment: none; }' ) );\n\t\t\t\t\tdocument.head.appendChild( style );\n\t\t\t\t\tdocument.currentScript?.remove();\n\t\t\t\t} )();\n\t\t\t<\/script><\/div><!-- .wpforms-field-container --><div class=\"wpforms-submit-container\" ><input type=\"hidden\" name=\"wpforms[id]\" value=\"1391\"><input type=\"hidden\" name=\"page_title\" value=\"\"><input type=\"hidden\" name=\"page_url\" value=\"https:\/\/www.italpreziosi.it\/es\/wp-json\/wp\/v2\/pages\/1997\"><input type=\"hidden\" name=\"url_referer\" value=\"\"><button type=\"submit\" name=\"wpforms[submit]\" id=\"wpforms-submit-1391\" class=\"wpforms-submit\" data-alt-text=\"Env\u00edo...\" data-submit-text=\"Enviar candidatura\" aria-live=\"assertive\" value=\"wpforms-submit\">Enviar candidatura<\/button><img decoding=\"async\" src=\"https:\/\/www.italpreziosi.it\/wp-content\/plugins\/wpforms\/assets\/images\/submit-spin.svg\" class=\"wpforms-submit-spinner\" style=\"display: none;\" width=\"26\" height=\"26\" alt=\"Cargando\"><\/div><\/form><\/div>  <!-- .wpforms-container --><\/div>\n\t\t\t\t\t\t<\/div>\n\t\t\t\t<\/div>\n\t\t\t\t<\/div>\n\t\t\t\t<\/div>\n\t\t\t\t<\/div>\n\t\t\t\t\t<\/div>\n\t\t\t\t<\/div>\n\t\t\t\t<\/div>\n\t\t\t\t<\/div>\n\t\t","protected":false},"excerpt":{"rendered":"<p>Oportunidades de trabajo Para Italpreziosi Spa, la voluntad y la determinaci\u00f3n del trabajador para aprender y mejorar representan la aut\u00e9ntica fuerza de la empresa. Los empleados representan la verdadera ventaja competitiva de la empresa, que busca constantemente perfiles que destaquen por su capacidad de aportar su propia contribuci\u00f3n y crecer en un contexto en constante [&hellip;]<\/p>\n","protected":false},"author":1,"featured_media":0,"parent":0,"menu_order":0,"comment_status":"closed","ping_status":"closed","template":"elementor_header_footer","meta":{"_acf_changed":false,"footnotes":""},"class_list":["post-1997","page","type-page","status-publish","hentry"],"acf":[],"_links":{"self":[{"href":"https:\/\/www.italpreziosi.it\/es\/wp-json\/wp\/v2\/pages\/1997","targetHints":{"allow":["GET"]}}],"collection":[{"href":"https:\/\/www.italpreziosi.it\/es\/wp-json\/wp\/v2\/pages"}],"about":[{"href":"https:\/\/www.italpreziosi.it\/es\/wp-json\/wp\/v2\/types\/page"}],"author":[{"embeddable":true,"href":"https:\/\/www.italpreziosi.it\/es\/wp-json\/wp\/v2\/users\/1"}],"replies":[{"embeddable":true,"href":"https:\/\/www.italpreziosi.it\/es\/wp-json\/wp\/v2\/comments?post=1997"}],"version-history":[{"count":9,"href":"https:\/\/www.italpreziosi.it\/es\/wp-json\/wp\/v2\/pages\/1997\/revisions"}],"predecessor-version":[{"id":6790,"href":"https:\/\/www.italpreziosi.it\/es\/wp-json\/wp\/v2\/pages\/1997\/revisions\/6790"}],"wp:attachment":[{"href":"https:\/\/www.italpreziosi.it\/es\/wp-json\/wp\/v2\/media?parent=1997"}],"curies":[{"name":"wp","href":"https:\/\/api.w.org\/{rel}","templated":true}]}}