{"id":1980,"date":"2025-07-10T10:06:15","date_gmt":"2025-07-10T08:06:15","guid":{"rendered":"https:\/\/www.italpreziosi.it\/azienda\/governance\/"},"modified":"2026-01-14T09:55:17","modified_gmt":"2026-01-14T08:55:17","slug":"gobernanza","status":"publish","type":"page","link":"https:\/\/www.italpreziosi.it\/es\/empresa\/gobernanza\/","title":{"rendered":"Gobernanza"},"content":{"rendered":"\t\t<div data-elementor-type=\"wp-page\" data-elementor-id=\"1980\" class=\"elementor elementor-1980 elementor-60\" data-elementor-post-type=\"page\">\n\t\t\t\t<div class=\"elementor-element elementor-element-2906e13 e-con-full e-flex e-con e-parent\" data-id=\"2906e13\" data-element_type=\"container\" data-e-type=\"container\" data-settings=\"{&quot;background_background&quot;:&quot;classic&quot;}\">\n\t\t<div class=\"elementor-element elementor-element-4856306 e-flex e-con-boxed e-con e-child\" data-id=\"4856306\" data-element_type=\"container\" data-e-type=\"container\">\n\t\t\t\t\t<div class=\"e-con-inner\">\n\t\t\t\t<div class=\"elementor-element elementor-element-13e8937 elementor-widget elementor-widget-shortcode\" data-id=\"13e8937\" data-element_type=\"widget\" data-e-type=\"widget\" data-widget_type=\"shortcode.default\">\n\t\t\t\t<div class=\"elementor-widget-container\">\n\t\t\t\t\t\t\t<div class=\"elementor-shortcode\"><nav aria-label=\"breadcrumbs\" class=\"rank-math-breadcrumb\"><p><span class=\"last\">Italpreziosi<\/span><\/p><\/nav><\/div>\n\t\t\t\t\t\t<\/div>\n\t\t\t\t<\/div>\n\t\t\t\t<div class=\"elementor-element elementor-element-5d92aa7 elementor-widget elementor-widget-heading\" data-id=\"5d92aa7\" data-element_type=\"widget\" data-e-type=\"widget\" data-widget_type=\"heading.default\">\n\t\t\t\t<div class=\"elementor-widget-container\">\n\t\t\t\t\t<h1 class=\"elementor-heading-title elementor-size-default\">Gobernanza<\/h1>\t\t\t\t<\/div>\n\t\t\t\t<\/div>\n\t\t\t\t<div class=\"elementor-element elementor-element-6d20fcf elementor-widget elementor-widget-text-editor\" data-id=\"6d20fcf\" data-element_type=\"widget\" data-e-type=\"widget\" data-widget_type=\"text-editor.default\">\n\t\t\t\t<div class=\"elementor-widget-container\">\n\t\t\t\t\t\t\t\t\t<p>De conformidad con el art\u00edculo 14 de los Estatutos, el Consejo de Administraci\u00f3n es responsable de la gesti\u00f3n y de las decisiones estrat\u00e9gicas del Grupo.<\/p><p>Italpreziosi adopta los m\u00e1s altos est\u00e1ndares de gobierno corporativo, con un modelo organizativo inspirado en los principios de transparencia, responsabilidad y sostenibilidad a largo plazo. El sistema de gobierno corporativo se basa en un conjunto estructurado de normas, funciones y procedimientos que garantizan una gesti\u00f3n eficaz, el cumplimiento de la normativa aplicable y la creaci\u00f3n de valor para todos los grupos de inter\u00e9s.<\/p><p>El modelo de gobernanza actualmente adoptado por Italpreziosi prev\u00e9 el nombramiento, por parte de la Junta General de Accionistas, de los \u00f3rganos de gesti\u00f3n y control: el Consejo de Administraci\u00f3n, con la tarea de definir las l\u00edneas estrat\u00e9gicas y administrar la empresa y el Consejo de Auditor\u00eda, encargado de supervisar la adecuaci\u00f3n de la estructura organizativa, administrativa y contable, as\u00ed como el cumplimiento de la ley y de los Estatutos Sociales.<\/p><p>Adem\u00e1s, Italpreziosi ha adoptado un Modelo Organizativo de conformidad con el Decreto Legislativo 231\/01, herramienta esencial para la prevenci\u00f3n y lucha contra comportamientos il\u00edcitos, para la promoci\u00f3n de una cultura empresarial \u00e9tica y responsable, as\u00ed como para la mejora continua de los procesos y la reducci\u00f3n de riesgos financieros y reputacionales.<\/p>\t\t\t\t\t\t\t\t<\/div>\n\t\t\t\t<\/div>\n\t\t<div class=\"elementor-element elementor-element-1c34445 e-con-full btn-rows e-flex e-con e-child\" data-id=\"1c34445\" data-element_type=\"container\" data-e-type=\"container\">\n\t\t\t\t<div class=\"elementor-element elementor-element-d0da674 elementor-widget elementor-widget-button\" data-id=\"d0da674\" data-element_type=\"widget\" data-e-type=\"widget\" data-widget_type=\"button.default\">\n\t\t\t\t<div class=\"elementor-widget-container\">\n\t\t\t\t\t\t\t\t\t<div class=\"elementor-button-wrapper\">\n\t\t\t\t\t<a class=\"elementor-button elementor-button-link elementor-size-sm\" href=\"http:\/\/italpreziosi.it\/wp-content\/uploads\/documents\/italpreziosi-spa-modello-31-2001_22-CAP-II-OMISSIS.pdf\" target=\"_blank\" rel=\"nofollow noopener\">\n\t\t\t\t\t\t<span class=\"elementor-button-content-wrapper\">\n\t\t\t\t\t\t\t\t\t<span class=\"elementor-button-text\">PDF adjunto<\/span>\n\t\t\t\t\t<\/span>\n\t\t\t\t\t<\/a>\n\t\t\t\t<\/div>\n\t\t\t\t\t\t\t\t<\/div>\n\t\t\t\t<\/div>\n\t\t\t\t<\/div>\n\t\t<div class=\"elementor-element elementor-element-de35322 e-con-full e-flex e-con e-child\" data-id=\"de35322\" data-element_type=\"container\" data-e-type=\"container\">\n\t\t\t\t<div class=\"elementor-element elementor-element-f34fedf elementor-widget elementor-widget-image\" data-id=\"f34fedf\" data-element_type=\"widget\" data-e-type=\"widget\" data-widget_type=\"image.default\">\n\t\t\t\t<div class=\"elementor-widget-container\">\n\t\t\t\t\t\t\t\t\t\t\t\t\t\t\t<img fetchpriority=\"high\" decoding=\"async\" width=\"683\" height=\"1024\" src=\"https:\/\/cdn.italpreziosi.it\/wp-content\/uploads\/2025\/06\/ivana-ciabatti-683x1024.jpg\" class=\"attachment-large size-large wp-image-1688\" alt=\"Ivana Ciabatti, fundadora y presidenta de Italpreziosi, est\u00e1 sentada ante un escritorio y lleva una americana negra con ribetes blancos y una blusa blanca. Sostiene un bol\u00edgrafo y un papel, con un fondo amarillo neutro detr\u00e1s de ella.\" srcset=\"https:\/\/cdn.italpreziosi.it\/wp-content\/uploads\/2025\/06\/ivana-ciabatti-683x1024.jpg 683w, https:\/\/cdn.italpreziosi.it\/wp-content\/uploads\/2025\/06\/ivana-ciabatti-200x300.jpg 200w, https:\/\/cdn.italpreziosi.it\/wp-content\/uploads\/2025\/06\/ivana-ciabatti-768x1151.jpg 768w, https:\/\/cdn.italpreziosi.it\/wp-content\/uploads\/2025\/06\/ivana-ciabatti.jpg 800w\" sizes=\"(max-width: 683px) 100vw, 683px\" \/>\t\t\t\t\t\t\t\t\t\t\t\t\t\t\t<\/div>\n\t\t\t\t<\/div>\n\t\t<div class=\"elementor-element elementor-element-e5c8ab9 e-con-full e-flex e-con e-child\" data-id=\"e5c8ab9\" data-element_type=\"container\" data-e-type=\"container\">\n\t\t\t\t<div class=\"elementor-element elementor-element-b07f814 elementor-widget elementor-widget-heading\" data-id=\"b07f814\" data-element_type=\"widget\" data-e-type=\"widget\" data-widget_type=\"heading.default\">\n\t\t\t\t<div class=\"elementor-widget-container\">\n\t\t\t\t\t<h2 class=\"elementor-heading-title elementor-size-default\">Presidenta y Directora<\/h2>\t\t\t\t<\/div>\n\t\t\t\t<\/div>\n\t\t\t\t<div class=\"elementor-element elementor-element-7c2a145 elementor-widget elementor-widget-heading\" data-id=\"7c2a145\" data-element_type=\"widget\" data-e-type=\"widget\" data-widget_type=\"heading.default\">\n\t\t\t\t<div class=\"elementor-widget-container\">\n\t\t\t\t\t<h3 class=\"elementor-heading-title elementor-size-default\">Ivana Ciabatti<\/h3>\t\t\t\t<\/div>\n\t\t\t\t<\/div>\n\t\t\t\t<div class=\"elementor-element elementor-element-6976234 elementor-widget elementor-widget-text-editor\" data-id=\"6976234\" data-element_type=\"widget\" data-e-type=\"widget\" data-widget_type=\"text-editor.default\">\n\t\t\t\t<div class=\"elementor-widget-container\">\n\t\t\t\t\t\t\t\t\t<p><span style=\"font-weight: 400;\">Fundadora de Italpreziosi, ha liderado la empresa durante m\u00e1s de 40 a\u00f1os con una visi\u00f3n emprendedora que combina innovaci\u00f3n, sostenibilidad y responsabilidad \u00e9tica. Es miembro del Consejo de Administraci\u00f3n de Tera Automation, expresidenta de Confindustria Federorafi y vicepresidenta de la Federaci\u00f3n Europea de Joyer\u00eda (EFJ). Tambi\u00e9n es presidenta de la Fundaci\u00f3n Rondine Cittadella della Pace y miembro de WimNET. Reconocida entre las 100 mujeres m\u00e1s influyentes del sector minero por Women in Mining (2022), recibi\u00f3 el Premio Honor\u00edfico al Emprendimiento (2023) y fue nombrada una de las 100 Gerentes de \u00c9xito por Forbes Italia en 2024. Bajo su liderazgo, Italpreziosi obtuvo la certificaci\u00f3n B Corp\u2122.<\/span><\/p>\t\t\t\t\t\t\t\t<\/div>\n\t\t\t\t<\/div>\n\t\t\t\t<\/div>\n\t\t\t\t<\/div>\n\t\t\t\t<div class=\"elementor-element elementor-element-5c1a169 faq-block team-accordion elementor-widget elementor-widget-n-accordion\" data-id=\"5c1a169\" data-element_type=\"widget\" data-e-type=\"widget\" data-settings=\"{&quot;default_state&quot;:&quot;expanded&quot;,&quot;max_items_expended&quot;:&quot;one&quot;,&quot;n_accordion_animation_duration&quot;:{&quot;unit&quot;:&quot;ms&quot;,&quot;size&quot;:400,&quot;sizes&quot;:[]}}\" data-widget_type=\"nested-accordion.default\">\n\t\t\t\t<div class=\"elementor-widget-container\">\n\t\t\t\t\t\t\t<div class=\"e-n-accordion\" aria-label=\"Accordion. Open links with Enter or Space, close with Escape, and navigate with Arrow Keys\">\n\t\t\t\t\t\t<details id=\"e-n-accordion-item-9650\" class=\"e-n-accordion-item\" open>\n\t\t\t\t<summary class=\"e-n-accordion-item-title\" data-accordion-index=\"1\" tabindex=\"0\" aria-expanded=\"true\" aria-controls=\"e-n-accordion-item-9650\" >\n\t\t\t\t\t<span class='e-n-accordion-item-title-header'><div class=\"e-n-accordion-item-title-text\"> Carlo Ferrini <span class=\"role\">Vicepresidente<\/span> <\/div><\/span>\n\t\t\t\t\t\t\t<span class='e-n-accordion-item-title-icon'>\n\t\t\t<span class='e-opened' ><svg aria-hidden=\"true\" class=\"e-font-icon-svg e-fas-minus\" viewBox=\"0 0 448 512\" xmlns=\"http:\/\/www.w3.org\/2000\/svg\"><path d=\"M416 208H32c-17.67 0-32 14.33-32 32v32c0 17.67 14.33 32 32 32h384c17.67 0 32-14.33 32-32v-32c0-17.67-14.33-32-32-32z\"><\/path><\/svg><\/span>\n\t\t\t<span class='e-closed'><svg aria-hidden=\"true\" class=\"e-font-icon-svg e-fas-plus\" viewBox=\"0 0 448 512\" xmlns=\"http:\/\/www.w3.org\/2000\/svg\"><path d=\"M416 208H272V64c0-17.67-14.33-32-32-32h-32c-17.67 0-32 14.33-32 32v144H32c-17.67 0-32 14.33-32 32v32c0 17.67 14.33 32 32 32h144v144c0 17.67 14.33 32 32 32h32c17.67 0 32-14.33 32-32V304h144c17.67 0 32-14.33 32-32v-32c0-17.67-14.33-32-32-32z\"><\/path><\/svg><\/span>\n\t\t<\/span>\n\n\t\t\t\t\t\t<\/summary>\n\t\t\t\t<div role=\"region\" aria-labelledby=\"e-n-accordion-item-9650\" class=\"elementor-element elementor-element-7496888 e-con-full e-flex e-con e-child\" data-id=\"7496888\" data-element_type=\"container\" data-e-type=\"container\">\n\t\t\t\t<div class=\"elementor-element elementor-element-a442451 elementor-widget elementor-widget-text-editor\" data-id=\"a442451\" data-element_type=\"widget\" data-e-type=\"widget\" data-widget_type=\"text-editor.default\">\n\t\t\t\t<div class=\"elementor-widget-container\">\n\t\t\t\t\t\t\t\t\t<p><span style=\"font-weight: 400;\">Con m\u00e1s de 50 a\u00f1os de experiencia en el sector de los metales preciosos, es un accionista de referencia en algunas de las principales empresas italianas activas en la producci\u00f3n, el comercio y la afinaci\u00f3n .<\/span><\/p>\t\t\t\t\t\t\t\t<\/div>\n\t\t\t\t<\/div>\n\t\t\t\t<\/div>\n\t\t\t\t\t<\/details>\n\t\t\t\t\t\t<details id=\"e-n-accordion-item-9651\" class=\"e-n-accordion-item\" >\n\t\t\t\t<summary class=\"e-n-accordion-item-title\" data-accordion-index=\"2\" tabindex=\"-1\" aria-expanded=\"false\" aria-controls=\"e-n-accordion-item-9651\" >\n\t\t\t\t\t<span class='e-n-accordion-item-title-header'><div class=\"e-n-accordion-item-title-text\"> Giuseppe Ferrara <span class=\"role\">Asesor (Prevenci\u00f3n de Blanqueo de Capitales)<\/span> <\/div><\/span>\n\t\t\t\t\t\t\t<span class='e-n-accordion-item-title-icon'>\n\t\t\t<span class='e-opened' ><svg aria-hidden=\"true\" class=\"e-font-icon-svg e-fas-minus\" viewBox=\"0 0 448 512\" xmlns=\"http:\/\/www.w3.org\/2000\/svg\"><path d=\"M416 208H32c-17.67 0-32 14.33-32 32v32c0 17.67 14.33 32 32 32h384c17.67 0 32-14.33 32-32v-32c0-17.67-14.33-32-32-32z\"><\/path><\/svg><\/span>\n\t\t\t<span class='e-closed'><svg aria-hidden=\"true\" class=\"e-font-icon-svg e-fas-plus\" viewBox=\"0 0 448 512\" xmlns=\"http:\/\/www.w3.org\/2000\/svg\"><path d=\"M416 208H272V64c0-17.67-14.33-32-32-32h-32c-17.67 0-32 14.33-32 32v144H32c-17.67 0-32 14.33-32 32v32c0 17.67 14.33 32 32 32h144v144c0 17.67 14.33 32 32 32h32c17.67 0 32-14.33 32-32V304h144c17.67 0 32-14.33 32-32v-32c0-17.67-14.33-32-32-32z\"><\/path><\/svg><\/span>\n\t\t<\/span>\n\n\t\t\t\t\t\t<\/summary>\n\t\t\t\t<div role=\"region\" aria-labelledby=\"e-n-accordion-item-9651\" class=\"elementor-element elementor-element-1c58739 e-con-full e-flex e-con e-child\" data-id=\"1c58739\" data-element_type=\"container\" data-e-type=\"container\">\n\t\t\t\t<div class=\"elementor-element elementor-element-19ee9f4 elementor-widget elementor-widget-text-editor\" data-id=\"19ee9f4\" data-element_type=\"widget\" data-e-type=\"widget\" data-widget_type=\"text-editor.default\">\n\t\t\t\t<div class=\"elementor-widget-container\">\n\t\t\t\t\t\t\t\t\t<p><span style=\"font-weight: 400;\">Abogado experto en tributaci\u00f3n nacional e internacional, colabora tambi\u00e9n en el Tribunal Europeo de Derechos Humanos. Obtuvo el t\u00edtulo de Asesor Jur\u00eddico en Derecho Internacional en el Curso Robert Schuman (Estrasburgo, 2015).<\/span><\/p>\t\t\t\t\t\t\t\t<\/div>\n\t\t\t\t<\/div>\n\t\t\t\t<\/div>\n\t\t\t\t\t<\/details>\n\t\t\t\t\t\t<details id=\"e-n-accordion-item-9652\" class=\"e-n-accordion-item\" >\n\t\t\t\t<summary class=\"e-n-accordion-item-title\" data-accordion-index=\"3\" tabindex=\"-1\" aria-expanded=\"false\" aria-controls=\"e-n-accordion-item-9652\" >\n\t\t\t\t\t<span class='e-n-accordion-item-title-header'><div class=\"e-n-accordion-item-title-text\"> Filippo Dami <span class=\"role\">Asesor<\/span> <\/div><\/span>\n\t\t\t\t\t\t\t<span class='e-n-accordion-item-title-icon'>\n\t\t\t<span class='e-opened' ><svg aria-hidden=\"true\" class=\"e-font-icon-svg e-fas-minus\" viewBox=\"0 0 448 512\" xmlns=\"http:\/\/www.w3.org\/2000\/svg\"><path d=\"M416 208H32c-17.67 0-32 14.33-32 32v32c0 17.67 14.33 32 32 32h384c17.67 0 32-14.33 32-32v-32c0-17.67-14.33-32-32-32z\"><\/path><\/svg><\/span>\n\t\t\t<span class='e-closed'><svg aria-hidden=\"true\" class=\"e-font-icon-svg e-fas-plus\" viewBox=\"0 0 448 512\" xmlns=\"http:\/\/www.w3.org\/2000\/svg\"><path d=\"M416 208H272V64c0-17.67-14.33-32-32-32h-32c-17.67 0-32 14.33-32 32v144H32c-17.67 0-32 14.33-32 32v32c0 17.67 14.33 32 32 32h144v144c0 17.67 14.33 32 32 32h32c17.67 0 32-14.33 32-32V304h144c17.67 0 32-14.33 32-32v-32c0-17.67-14.33-32-32-32z\"><\/path><\/svg><\/span>\n\t\t<\/span>\n\n\t\t\t\t\t\t<\/summary>\n\t\t\t\t<div role=\"region\" aria-labelledby=\"e-n-accordion-item-9652\" class=\"elementor-element elementor-element-c9549f9 e-con-full e-flex e-con e-child\" data-id=\"c9549f9\" data-element_type=\"container\" data-e-type=\"container\">\n\t\t\t\t<div class=\"elementor-element elementor-element-f1b5d24 elementor-widget elementor-widget-text-editor\" data-id=\"f1b5d24\" data-element_type=\"widget\" data-e-type=\"widget\" data-widget_type=\"text-editor.default\">\n\t\t\t\t<div class=\"elementor-widget-container\">\n\t\t\t\t\t\t\t\t\t<p><span style=\"font-weight: 400;\">Contador P\u00fablico y Auditor, inscrito en el Colegio de Contadores de Pisa.<\/span><\/p>\t\t\t\t\t\t\t\t<\/div>\n\t\t\t\t<\/div>\n\t\t\t\t<\/div>\n\t\t\t\t\t<\/details>\n\t\t\t\t\t\t<details id=\"e-n-accordion-item-9653\" class=\"e-n-accordion-item\" >\n\t\t\t\t<summary class=\"e-n-accordion-item-title\" data-accordion-index=\"4\" tabindex=\"-1\" aria-expanded=\"false\" aria-controls=\"e-n-accordion-item-9653\" >\n\t\t\t\t\t<span class='e-n-accordion-item-title-header'><div class=\"e-n-accordion-item-title-text\"> Alice Vanni <span class=\"role\">Asesora (Sociedad de Beneficio) y Director de RSC<\/span> <\/div><\/span>\n\t\t\t\t\t\t\t<span class='e-n-accordion-item-title-icon'>\n\t\t\t<span class='e-opened' ><svg aria-hidden=\"true\" class=\"e-font-icon-svg e-fas-minus\" viewBox=\"0 0 448 512\" xmlns=\"http:\/\/www.w3.org\/2000\/svg\"><path d=\"M416 208H32c-17.67 0-32 14.33-32 32v32c0 17.67 14.33 32 32 32h384c17.67 0 32-14.33 32-32v-32c0-17.67-14.33-32-32-32z\"><\/path><\/svg><\/span>\n\t\t\t<span class='e-closed'><svg aria-hidden=\"true\" class=\"e-font-icon-svg e-fas-plus\" viewBox=\"0 0 448 512\" xmlns=\"http:\/\/www.w3.org\/2000\/svg\"><path d=\"M416 208H272V64c0-17.67-14.33-32-32-32h-32c-17.67 0-32 14.33-32 32v144H32c-17.67 0-32 14.33-32 32v32c0 17.67 14.33 32 32 32h144v144c0 17.67 14.33 32 32 32h32c17.67 0 32-14.33 32-32V304h144c17.67 0 32-14.33 32-32v-32c0-17.67-14.33-32-32-32z\"><\/path><\/svg><\/span>\n\t\t<\/span>\n\n\t\t\t\t\t\t<\/summary>\n\t\t\t\t<div role=\"region\" aria-labelledby=\"e-n-accordion-item-9653\" class=\"elementor-element elementor-element-803f057 e-con-full e-flex e-con e-child\" data-id=\"803f057\" data-element_type=\"container\" data-e-type=\"container\">\n\t\t\t\t<div class=\"elementor-element elementor-element-1e7ad4d elementor-widget elementor-widget-text-editor\" data-id=\"1e7ad4d\" data-element_type=\"widget\" data-e-type=\"widget\" data-widget_type=\"text-editor.default\">\n\t\t\t\t<div class=\"elementor-widget-container\">\n\t\t\t\t\t\t\t\t\t<p><span style=\"font-weight: 400;\">Experta en relaciones internacionales y sostenibilidad. Ha colaborado con el Ministerio de Asuntos Exteriores y con centros de investigaci\u00f3n como IAI y el Proyecto ChinaMED. Desde 2024, es vicepresidenta del Comit\u00e9 de Metales Preciosos y miembro de la Junta Directiva de CIBJO (Confederaci\u00f3n Mundial de Joyer\u00eda).<\/span><\/p>\t\t\t\t\t\t\t\t<\/div>\n\t\t\t\t<\/div>\n\t\t\t\t<\/div>\n\t\t\t\t\t<\/details>\n\t\t\t\t\t<\/div>\n\t\t\t\t\t\t<\/div>\n\t\t\t\t<\/div>\n\t\t\t\t<div class=\"elementor-element elementor-element-0054493 elementor-widget elementor-widget-text-editor\" data-id=\"0054493\" data-element_type=\"widget\" data-e-type=\"widget\" data-widget_type=\"text-editor.default\">\n\t\t\t\t<div class=\"elementor-widget-container\">\n\t\t\t\t\t\t\t\t\t<p>El Consejo de Administraci\u00f3n est\u00e1 compuesto por cinco miembros: dos mujeres (40%) y tres hombres (60%). Los criterios de selecci\u00f3n incluyen experiencia, especializaci\u00f3n y compromiso con la sostenibilidad, integrados en la estrategia de la compa\u00f1\u00eda. El Consejo de Administraci\u00f3n define la direcci\u00f3n estrat\u00e9gica de la compa\u00f1\u00eda, supervisa su implementaci\u00f3n y promueve una cultura de responsabilidad.<\/p>\t\t\t\t\t\t\t\t<\/div>\n\t\t\t\t<\/div>\n\t\t\t\t\t<\/div>\n\t\t\t\t<\/div>\n\t\t\t\t<\/div>\n\t\t\t\t<\/div>\n\t\t","protected":false},"excerpt":{"rendered":"<p>Gobernanza De conformidad con el art\u00edculo 14 de los Estatutos, el Consejo de Administraci\u00f3n es responsable de la gesti\u00f3n y de las decisiones estrat\u00e9gicas del Grupo. Italpreziosi adopta los m\u00e1s altos est\u00e1ndares de gobierno corporativo, con un modelo organizativo inspirado en los principios de transparencia, responsabilidad y sostenibilidad a largo plazo. El sistema de gobierno [&hellip;]<\/p>\n","protected":false},"author":1,"featured_media":0,"parent":1898,"menu_order":0,"comment_status":"closed","ping_status":"closed","template":"elementor_header_footer","meta":{"_acf_changed":false,"footnotes":""},"class_list":["post-1980","page","type-page","status-publish","hentry"],"acf":[],"_links":{"self":[{"href":"https:\/\/www.italpreziosi.it\/es\/wp-json\/wp\/v2\/pages\/1980","targetHints":{"allow":["GET"]}}],"collection":[{"href":"https:\/\/www.italpreziosi.it\/es\/wp-json\/wp\/v2\/pages"}],"about":[{"href":"https:\/\/www.italpreziosi.it\/es\/wp-json\/wp\/v2\/types\/page"}],"author":[{"embeddable":true,"href":"https:\/\/www.italpreziosi.it\/es\/wp-json\/wp\/v2\/users\/1"}],"replies":[{"embeddable":true,"href":"https:\/\/www.italpreziosi.it\/es\/wp-json\/wp\/v2\/comments?post=1980"}],"version-history":[{"count":12,"href":"https:\/\/www.italpreziosi.it\/es\/wp-json\/wp\/v2\/pages\/1980\/revisions"}],"predecessor-version":[{"id":6779,"href":"https:\/\/www.italpreziosi.it\/es\/wp-json\/wp\/v2\/pages\/1980\/revisions\/6779"}],"up":[{"embeddable":true,"href":"https:\/\/www.italpreziosi.it\/es\/wp-json\/wp\/v2\/pages\/1898"}],"wp:attachment":[{"href":"https:\/\/www.italpreziosi.it\/es\/wp-json\/wp\/v2\/media?parent=1980"}],"curies":[{"name":"wp","href":"https:\/\/api.w.org\/{rel}","templated":true}]}}