{"id":1964,"date":"2025-07-10T10:14:07","date_gmt":"2025-07-10T08:14:07","guid":{"rendered":"https:\/\/www.italpreziosi.it\/azienda\/mondo\/"},"modified":"2026-01-14T09:59:44","modified_gmt":"2026-01-14T08:59:44","slug":"italpreziosi-en-el-mundo","status":"publish","type":"page","link":"https:\/\/www.italpreziosi.it\/es\/empresa\/italpreziosi-en-el-mundo\/","title":{"rendered":"Italpreziosi en el mundo"},"content":{"rendered":"\t\t<div data-elementor-type=\"wp-page\" data-elementor-id=\"1964\" class=\"elementor elementor-1964 elementor-56\" data-elementor-post-type=\"page\">\n\t\t\t\t<div class=\"elementor-element elementor-element-b48bc61 e-con-full e-flex e-con e-parent\" data-id=\"b48bc61\" data-element_type=\"container\" data-e-type=\"container\" data-settings=\"{&quot;background_background&quot;:&quot;classic&quot;}\">\n\t\t<div class=\"elementor-element elementor-element-8951517 e-flex e-con-boxed e-con e-child\" data-id=\"8951517\" data-element_type=\"container\" data-e-type=\"container\">\n\t\t\t\t\t<div class=\"e-con-inner\">\n\t\t<div class=\"elementor-element elementor-element-f2a2277 e-con-full e-flex e-con e-child\" data-id=\"f2a2277\" data-element_type=\"container\" data-e-type=\"container\">\n\t\t\t\t<div class=\"elementor-element elementor-element-5f241cc elementor-widget elementor-widget-shortcode\" data-id=\"5f241cc\" data-element_type=\"widget\" data-e-type=\"widget\" data-widget_type=\"shortcode.default\">\n\t\t\t\t<div class=\"elementor-widget-container\">\n\t\t\t\t\t\t\t<div class=\"elementor-shortcode\"><nav aria-label=\"breadcrumbs\" class=\"rank-math-breadcrumb\"><p><span class=\"last\">Italpreziosi<\/span><\/p><\/nav><\/div>\n\t\t\t\t\t\t<\/div>\n\t\t\t\t<\/div>\n\t\t\t\t<div class=\"elementor-element elementor-element-879c7ea elementor-widget elementor-widget-heading\" data-id=\"879c7ea\" data-element_type=\"widget\" data-e-type=\"widget\" data-widget_type=\"heading.default\">\n\t\t\t\t<div class=\"elementor-widget-container\">\n\t\t\t\t\t<h1 class=\"elementor-heading-title elementor-size-default\">Italpreziosi en el mundo<\/h1>\t\t\t\t<\/div>\n\t\t\t\t<\/div>\n\t\t\t\t<div class=\"elementor-element elementor-element-e88f0a6 elementor-widget__width-inherit elementor-widget elementor-widget-text-editor\" data-id=\"e88f0a6\" data-element_type=\"widget\" data-e-type=\"widget\" data-widget_type=\"text-editor.default\">\n\t\t\t\t<div class=\"elementor-widget-container\">\n\t\t\t\t\t\t\t\t\t<p>Una visi\u00f3n global para la industria de los metales preciosos<\/p><p><span style=\"font-weight: 400;\">Italpreziosi trabaja y colabora con partes interesadas en m\u00e1s de 25 pa\u00edses en todo el mundo y posee participaciones en varias empresas activas en la cadena de suministro de metales preciosos.<\/span><\/p>\t\t\t\t\t\t\t\t<\/div>\n\t\t\t\t<\/div>\n\t\t\t\t<div class=\"elementor-element elementor-element-3d90f86 elementor-widget elementor-widget-heading\" data-id=\"3d90f86\" data-element_type=\"widget\" data-e-type=\"widget\" data-widget_type=\"heading.default\">\n\t\t\t\t<div class=\"elementor-widget-container\">\n\t\t\t\t\t<h2 class=\"elementor-heading-title elementor-size-default\">Participaciones internacionales<\/h2>\t\t\t\t<\/div>\n\t\t\t\t<\/div>\n\t\t\t\t<div class=\"elementor-element elementor-element-3debcdd elementor-widget elementor-widget-text-editor\" data-id=\"3debcdd\" data-element_type=\"widget\" data-e-type=\"widget\" data-widget_type=\"text-editor.default\">\n\t\t\t\t<div class=\"elementor-widget-container\">\n\t\t\t\t\t\t\t\t\t<p><span style=\"font-weight: 400;\">Italpreziosi es una empresa din\u00e1mica e internacional, con una red de participaciones y alianzas estrat\u00e9gicas que le permiten responder eficazmente a las necesidades de un mercado global en constante evoluci\u00f3n. Fundada en el coraz\u00f3n de la Toscana, la empresa se ha expandido consolidando la presencia del grupo a nivel internacional mediante el desarrollo de participaciones en compa\u00f1\u00edas mineras y otras empresas clave, contribuyendo significativamente a una Cadena<\/span><b> de suministro de metales preciosos m\u00e1s responsable<\/b><span style=\"font-weight: 400;\">. <\/span><\/p>\t\t\t\t\t\t\t\t<\/div>\n\t\t\t\t<\/div>\n\t\t\t\t<\/div>\n\t\t<div class=\"elementor-element elementor-element-1bd622c e-con-full e-flex e-con e-child\" data-id=\"1bd622c\" data-element_type=\"container\" data-e-type=\"container\">\n\t\t<div class=\"elementor-element elementor-element-347388c e-con-full img-grid e-flex e-con e-child\" data-id=\"347388c\" data-element_type=\"container\" data-e-type=\"container\">\n\t\t\t\t<div class=\"elementor-element elementor-element-af058b3 elementor-widget elementor-widget-html\" data-id=\"af058b3\" data-element_type=\"widget\" data-e-type=\"widget\" data-widget_type=\"html.default\">\n\t\t\t\t<div class=\"elementor-widget-container\">\n\t\t\t\t\t<div class=\"map\">\n\t<img decoding=\"async\" src=\"https:\/\/www.italpreziosi.it\/wp-content\/uploads\/2025\/08\/mappa_pianeta.png\" alt=\"Mappa bianca pianeta\" \/>\n\t<div class=\"marker-1 marker\">\n\t\t<div class=\"pin\">\n\t\t\t<svg aria-hidden=\"true\" class=\"e-font-icon-svg e-fas-plus\" viewBox=\"0 0 448 512\" xmlns=\"http:\/\/www.w3.org\/2000\/svg\"><path d=\"M416 208H272V64c0-17.67-14.33-32-32-32h-32c-17.67 0-32 14.33-32 32v144H32c-17.67 0-32 14.33-32 32v32c0 17.67 14.33 32 32 32h144v144c0 17.67 14.33 32 32 32h32c17.67 0 32-14.33 32-32V304h144c17.67 0 32-14.33 32-32v-32c0-17.67-14.33-32-32-32z\"><\/path><\/svg>\n\t\t\t<svg aria-hidden=\"true\" class=\"e-font-icon-svg e-fas-minus\" viewBox=\"0 0 448 512\" xmlns=\"http:\/\/www.w3.org\/2000\/svg\"><path d=\"M416 208H32c-17.67 0-32 14.33-32 32v32c0 17.67 14.33 32 32 32h384c17.67 0 32-14.33 32-32v-32c0-17.67-14.33-32-32-32z\"><\/path><\/svg>\n\t\t<\/div>\n\t\t<div class=\"content\">\n\t\t\t<span class=\"name\">Starcore International Mines Ltd<\/span>\n\t\t\t<span class=\"desc\"><a href=\"https:\/\/starcore.com\/\" target=\"_blank\" rel=\"nofollow noopener\">Starcore International Mines Ltd<\/a> es una empresa minera canadiense dedicada a la prospecci\u00f3n, desarrollo y producci\u00f3n. Su principal propiedad es la mina San Mart\u00edn, que comprende concesiones mineras que abarcan una superficie de m\u00e1s de 12,000 hect\u00e1reas, ubicada en Quer\u00e9taro, M\u00e9xico.\n<\/span>\n\t\t<\/div>\n\t<\/div>\n\t<div class=\"marker-2 marker\">\n\t\t<div class=\"pin\">\n\t\t\t<svg aria-hidden=\"true\" class=\"e-font-icon-svg e-fas-plus\" viewBox=\"0 0 448 512\" xmlns=\"http:\/\/www.w3.org\/2000\/svg\"><path d=\"M416 208H272V64c0-17.67-14.33-32-32-32h-32c-17.67 0-32 14.33-32 32v144H32c-17.67 0-32 14.33-32 32v32c0 17.67 14.33 32 32 32h144v144c0 17.67 14.33 32 32 32h32c17.67 0 32-14.33 32-32V304h144c17.67 0 32-14.33 32-32v-32c0-17.67-14.33-32-32-32z\"><\/path><\/svg>\n\t\t\t<svg aria-hidden=\"true\" class=\"e-font-icon-svg e-fas-minus\" viewBox=\"0 0 448 512\" xmlns=\"http:\/\/www.w3.org\/2000\/svg\"><path d=\"M416 208H32c-17.67 0-32 14.33-32 32v32c0 17.67 14.33 32 32 32h384c17.67 0 32-14.33 32-32v-32c0-17.67-14.33-32-32-32z\"><\/path><\/svg>\n\t\t<\/div>\n\t\t<div class=\"content\">\n\t\t\t<span class=\"name\">Denarius Metals Corp<\/span>\n\t\t\t<span class=\"desc\"><a href=\"https:\/\/denariusmetals.com\/\" target=\"_blank\" rel=\"nofollow noopener\">Denarius Metals<\/a> es una empresa canadiense dedicada a la adquisici\u00f3n, prospecci\u00f3n, desarrollo y operaci\u00f3n de proyectos mineros polimet\u00e1licos de alta ley. Los proyectos se ubican en distritos mineros hist\u00f3ricos de Espa\u00f1a y Colombia y ofrecen la oportunidad de operar una amplia gama de metales con alta demanda en la econom\u00eda global, como cobre, n\u00edquel, zinc, plomo, oro, plata, cobalto, paladio y platino.<\/span>\n\t\t<\/div>\n\t<\/div>\n\t<div class=\"marker-3 marker\">\n\t\t<div class=\"pin\">\n\t\t\t<svg aria-hidden=\"true\" class=\"e-font-icon-svg e-fas-plus\" viewBox=\"0 0 448 512\" xmlns=\"http:\/\/www.w3.org\/2000\/svg\"><path d=\"M416 208H272V64c0-17.67-14.33-32-32-32h-32c-17.67 0-32 14.33-32 32v144H32c-17.67 0-32 14.33-32 32v32c0 17.67 14.33 32 32 32h144v144c0 17.67 14.33 32 32 32h32c17.67 0 32-14.33 32-32V304h144c17.67 0 32-14.33 32-32v-32c0-17.67-14.33-32-32-32z\"><\/path><\/svg>\n\t\t\t<svg aria-hidden=\"true\" class=\"e-font-icon-svg e-fas-minus\" viewBox=\"0 0 448 512\" xmlns=\"http:\/\/www.w3.org\/2000\/svg\"><path d=\"M416 208H32c-17.67 0-32 14.33-32 32v32c0 17.67 14.33 32 32 32h384c17.67 0 32-14.33 32-32v-32c0-17.67-14.33-32-32-32z\"><\/path><\/svg>\n\t\t<\/div>\n\t\t<div class=\"content\">\n\t\t\t<span class=\"name\">Aris Mining Corp<\/span>\n\t\t\t<span class=\"desc\"><a href=\"https:\/\/www.aris-mining.com\" target=\"_blank\" rel=\"nofollow noopener\">Aris Mining<\/a>  es una empresa minera canadiense que cotiza en la TSX y la NYSE-A. Est\u00e1 dirigida por un equipo ejecutivo con una trayectoria confirmada en la creaci\u00f3n de valor mediante el desarrollo de empresas mineras de oro de importancia mundial. Aris Mining opera las minas de Segovia y Marmato en Colombia, que juntas han producido m\u00e1s de 226.000 onzas de oro en 2023. Aris Mining promueve la regularizaci\u00f3n de la miner\u00eda a peque\u00f1a escala, ya que este proceso permite a todos los mineros operar de manera legal, segura y responsable, protegiendo a las comunidades y el medio ambiente.<\/span>\n\t\t<\/div>\n\t<\/div>\n<\/div>\n<script>\n\tjQuery(document).ready(function($){\n\t  $('.marker').click(function(){\n\t\tif ($(this).hasClass('active')) {\n\t\t  $(this).removeClass('active');\n\t\t} else {\n\t\t  $('.marker').removeClass('active');\n\t\t  $(this).addClass('active'); \n\t\t}\n\t  });\n\t});\n<\/script>\t\t\t\t<\/div>\n\t\t\t\t<\/div>\n\t\t\t\t<\/div>\n\t\t\t\t<\/div>\n\t\t\t\t\t<\/div>\n\t\t\t\t<\/div>\n\t\t\t\t<\/div>\n\t\t\t\t<\/div>\n\t\t","protected":false},"excerpt":{"rendered":"<p>Italpreziosi en el mundo Una visi\u00f3n global para la industria de los metales preciosos Italpreziosi trabaja y colabora con partes interesadas en m\u00e1s de 25 pa\u00edses en todo el mundo y posee participaciones en varias empresas activas en la cadena de suministro de metales preciosos. Participaciones internacionales Italpreziosi es una empresa din\u00e1mica e internacional, con [&hellip;]<\/p>\n","protected":false},"author":1,"featured_media":0,"parent":1898,"menu_order":0,"comment_status":"closed","ping_status":"closed","template":"elementor_header_footer","meta":{"_acf_changed":false,"footnotes":""},"class_list":["post-1964","page","type-page","status-publish","hentry"],"acf":[],"_links":{"self":[{"href":"https:\/\/www.italpreziosi.it\/es\/wp-json\/wp\/v2\/pages\/1964","targetHints":{"allow":["GET"]}}],"collection":[{"href":"https:\/\/www.italpreziosi.it\/es\/wp-json\/wp\/v2\/pages"}],"about":[{"href":"https:\/\/www.italpreziosi.it\/es\/wp-json\/wp\/v2\/types\/page"}],"author":[{"embeddable":true,"href":"https:\/\/www.italpreziosi.it\/es\/wp-json\/wp\/v2\/users\/1"}],"replies":[{"embeddable":true,"href":"https:\/\/www.italpreziosi.it\/es\/wp-json\/wp\/v2\/comments?post=1964"}],"version-history":[{"count":11,"href":"https:\/\/www.italpreziosi.it\/es\/wp-json\/wp\/v2\/pages\/1964\/revisions"}],"predecessor-version":[{"id":6782,"href":"https:\/\/www.italpreziosi.it\/es\/wp-json\/wp\/v2\/pages\/1964\/revisions\/6782"}],"up":[{"embeddable":true,"href":"https:\/\/www.italpreziosi.it\/es\/wp-json\/wp\/v2\/pages\/1898"}],"wp:attachment":[{"href":"https:\/\/www.italpreziosi.it\/es\/wp-json\/wp\/v2\/media?parent=1964"}],"curies":[{"name":"wp","href":"https:\/\/api.w.org\/{rel}","templated":true}]}}