{"id":1898,"date":"2025-06-10T16:50:09","date_gmt":"2025-06-10T14:50:09","guid":{"rendered":"https:\/\/www.italpreziosi.it\/azienda\/"},"modified":"2026-01-14T09:46:08","modified_gmt":"2026-01-14T08:46:08","slug":"empresa","status":"publish","type":"page","link":"https:\/\/www.italpreziosi.it\/es\/empresa\/","title":{"rendered":"Empresa"},"content":{"rendered":"\t\t<div data-elementor-type=\"wp-page\" data-elementor-id=\"1898\" class=\"elementor elementor-1898 elementor-54\" data-elementor-post-type=\"page\">\n\t\t\t\t<div class=\"elementor-element elementor-element-c688659 e-con-full e-flex e-con e-parent\" data-id=\"c688659\" data-element_type=\"container\" data-e-type=\"container\" data-settings=\"{&quot;background_background&quot;:&quot;classic&quot;}\">\n\t\t<div class=\"elementor-element elementor-element-72a9e14 e-flex e-con-boxed e-con e-child\" data-id=\"72a9e14\" data-element_type=\"container\" data-e-type=\"container\">\n\t\t\t\t\t<div class=\"e-con-inner\">\n\t\t\t\t<div class=\"elementor-element elementor-element-5900c7d elementor-widget elementor-widget-shortcode\" data-id=\"5900c7d\" data-element_type=\"widget\" data-e-type=\"widget\" data-widget_type=\"shortcode.default\">\n\t\t\t\t<div class=\"elementor-widget-container\">\n\t\t\t\t\t\t\t<div class=\"elementor-shortcode\"><nav aria-label=\"breadcrumbs\" class=\"rank-math-breadcrumb\"><p><span class=\"last\">Italpreziosi<\/span><\/p><\/nav><\/div>\n\t\t\t\t\t\t<\/div>\n\t\t\t\t<\/div>\n\t\t\t\t<div class=\"elementor-element elementor-element-ffc187a elementor-widget elementor-widget-heading\" data-id=\"ffc187a\" data-element_type=\"widget\" data-e-type=\"widget\" data-widget_type=\"heading.default\">\n\t\t\t\t<div class=\"elementor-widget-container\">\n\t\t\t\t\t<h1 class=\"elementor-heading-title elementor-size-default\">Italpreziosi: <span class=\"sf\">L\u00edder en el mercado del oro<\/span>, afinaci\u00f3n y metales preciosos\n<\/h1>\t\t\t\t<\/div>\n\t\t\t\t<\/div>\n\t\t\t\t<div class=\"elementor-element elementor-element-0aa1c55 elementor-widget__width-inherit elementor-widget elementor-widget-text-editor\" data-id=\"0aa1c55\" data-element_type=\"widget\" data-e-type=\"widget\" data-widget_type=\"text-editor.default\">\n\t\t\t\t<div class=\"elementor-widget-container\">\n\t\t\t\t\t\t\t\t\t<p><span style=\"font-weight: 400;\">Fundada en 1984, Italpreziosi S.p.A. es uno de los principales operadores en\u00a0 la afinaci\u00f3n y comercio de metales preciosos, as\u00ed como en la producci\u00f3n y comercializaci\u00f3n de lingotes de oro y plata de inversi\u00f3n en Italia y en los mercados internacionales m\u00e1s importantes. Con sede en <\/span><b>Arezzo, en el coraz\u00f3n del distrito aur\u00edfero m\u00e1s importante de Europa. <\/b><span style=\"font-weight: 400;\">La empresa es hoy un referente para todo el sector a nivel nacional e internacional. Italpreziosi es reconocida internacionalmente por sus altos est\u00e1ndares de calidad, confirmados tambi\u00e9n por la certificaci\u00f3n<\/span><b> Good Delivery de la LBMA<\/b><span style=\"font-weight: 400;\">, s\u00edmbolo de excelencia en el sector.<\/span><\/p><p><span style=\"font-weight: 400;\">Gracias a tecnolog\u00edas de vanguardia y procesos con un impacto ambiental casi nulo, Italpreziosi ocupa una posici\u00f3n central en la cadena de valor de los metales preciosos, ofreciendo soluciones integradas para minas, bancos, instituciones financieras, fabricantes de joyas, empresas industriales y clientes minoristas, as\u00ed como <\/span><span style=\"font-weight: 400;\">inversores privados<\/span><\/p>\t\t\t\t\t\t\t\t<\/div>\n\t\t\t\t<\/div>\n\t\t\t\t\t<\/div>\n\t\t\t\t<\/div>\n\t\t\t\t<\/div>\n\t\t<div class=\"elementor-element elementor-element-3e7611b e-con-full e-flex e-con e-parent\" data-id=\"3e7611b\" data-element_type=\"container\" data-e-type=\"container\" id=\"attivita\" data-settings=\"{&quot;background_background&quot;:&quot;classic&quot;}\">\n\t\t<div class=\"elementor-element elementor-element-53e5d1f e-flex e-con-boxed e-con e-child\" data-id=\"53e5d1f\" data-element_type=\"container\" data-e-type=\"container\">\n\t\t\t\t\t<div class=\"e-con-inner\">\n\t\t\t\t<div class=\"elementor-element elementor-element-7649723 elementor-widget elementor-widget-heading\" data-id=\"7649723\" data-element_type=\"widget\" data-e-type=\"widget\" data-widget_type=\"heading.default\">\n\t\t\t\t<div class=\"elementor-widget-container\">\n\t\t\t\t\t<h2 class=\"elementor-heading-title elementor-size-default\">actividades<\/h2>\t\t\t\t<\/div>\n\t\t\t\t<\/div>\n\t\t\t\t<div class=\"elementor-element elementor-element-3b236e3 elementor-widget elementor-widget-heading\" data-id=\"3b236e3\" data-element_type=\"widget\" data-e-type=\"widget\" data-widget_type=\"heading.default\">\n\t\t\t\t<div class=\"elementor-widget-container\">\n\t\t\t\t\t<h3 class=\"elementor-heading-title elementor-size-default\">Las actividades  de la empresa incluyen:<\/h3>\t\t\t\t<\/div>\n\t\t\t\t<\/div>\n\t\t\t\t\t<\/div>\n\t\t\t\t<\/div>\n\t\t<div class=\"elementor-element elementor-element-6090f69 e-con-full card-carousel company-pg e-flex e-con e-child\" data-id=\"6090f69\" data-element_type=\"container\" data-e-type=\"container\">\n\t\t\t\t<div class=\"elementor-element elementor-element-404a086 card elementor-position-top elementor-widget elementor-widget-image-box\" data-id=\"404a086\" data-element_type=\"widget\" data-e-type=\"widget\" data-widget_type=\"image-box.default\">\n\t\t\t\t<div class=\"elementor-widget-container\">\n\t\t\t\t\t<div class=\"elementor-image-box-wrapper\"><figure class=\"elementor-image-box-img\"><img fetchpriority=\"high\" decoding=\"async\" width=\"860\" height=\"800\" src=\"https:\/\/cdn.italpreziosi.it\/wp-content\/uploads\/2025\/07\/recupero-metalli-preziosi-e-trattamenti-specializzati.jpg\" class=\"attachment-full size-full wp-image-1704\" alt=\"Una mano enguantada sostiene una gran pala met\u00e1lica llena de material gris y escamoso, posiblemente cenizas industriales o virutas de metal, sobre un cubo. Al fondo se ven m\u00e1quinas y tuber\u00edas amarillas.\" srcset=\"https:\/\/cdn.italpreziosi.it\/wp-content\/uploads\/2025\/07\/recupero-metalli-preziosi-e-trattamenti-specializzati.jpg 860w, https:\/\/cdn.italpreziosi.it\/wp-content\/uploads\/2025\/07\/recupero-metalli-preziosi-e-trattamenti-specializzati-300x279.jpg 300w, https:\/\/cdn.italpreziosi.it\/wp-content\/uploads\/2025\/07\/recupero-metalli-preziosi-e-trattamenti-specializzati-768x714.jpg 768w\" sizes=\"(max-width: 860px) 100vw, 860px\" \/><\/figure><div class=\"elementor-image-box-content\"><h3 class=\"elementor-image-box-title\">Recuperaci\u00f3n, an\u00e1lisis y afinaci\u00f3n de metales preciosos<\/h3><\/div><\/div>\t\t\t\t<\/div>\n\t\t\t\t<\/div>\n\t\t\t\t<div class=\"elementor-element elementor-element-59db86f card elementor-position-top elementor-widget elementor-widget-image-box\" data-id=\"59db86f\" data-element_type=\"widget\" data-e-type=\"widget\" data-widget_type=\"image-box.default\">\n\t\t\t\t<div class=\"elementor-widget-container\">\n\t\t\t\t\t<div class=\"elementor-image-box-wrapper\"><figure class=\"elementor-image-box-img\"><img decoding=\"async\" width=\"860\" height=\"800\" src=\"https:\/\/cdn.italpreziosi.it\/wp-content\/uploads\/2025\/07\/produzione-di-barre-grani-e-lamine-di-oro-e-argento.jpg\" class=\"attachment-full size-full wp-image-1692\" alt=\"Un brazo rob\u00f3tico vierte peque\u00f1os gr\u00e1nulos de pl\u00e1stico blanco en un molde negro rectangular en una cadena de montaje industrial, con equipos naranjas al fondo.\" srcset=\"https:\/\/cdn.italpreziosi.it\/wp-content\/uploads\/2025\/07\/produzione-di-barre-grani-e-lamine-di-oro-e-argento.jpg 860w, https:\/\/cdn.italpreziosi.it\/wp-content\/uploads\/2025\/07\/produzione-di-barre-grani-e-lamine-di-oro-e-argento-300x279.jpg 300w, https:\/\/cdn.italpreziosi.it\/wp-content\/uploads\/2025\/07\/produzione-di-barre-grani-e-lamine-di-oro-e-argento-768x714.jpg 768w\" sizes=\"(max-width: 860px) 100vw, 860px\" \/><\/figure><div class=\"elementor-image-box-content\"><h3 class=\"elementor-image-box-title\">Fabricaci\u00f3n de productos en oro y plata para bancos e industria<\/h3><\/div><\/div>\t\t\t\t<\/div>\n\t\t\t\t<\/div>\n\t\t\t\t<div class=\"elementor-element elementor-element-c2daafb card elementor-position-top elementor-widget elementor-widget-image-box\" data-id=\"c2daafb\" data-element_type=\"widget\" data-e-type=\"widget\" data-widget_type=\"image-box.default\">\n\t\t\t\t<div class=\"elementor-widget-container\">\n\t\t\t\t\t<div class=\"elementor-image-box-wrapper\"><figure class=\"elementor-image-box-img\"><img decoding=\"async\" width=\"860\" height=\"800\" src=\"https:\/\/cdn.italpreziosi.it\/wp-content\/uploads\/2025\/07\/banco-metalli.jpg\" class=\"attachment-full size-full wp-image-1698\" alt=\"Pila de lingotes de oro brillantes dispuestos en un mont\u00f3n, con un lingote prominentemente apoyado en \u00e1ngulo en la parte superior de la pila, reflejando la luz.\" srcset=\"https:\/\/cdn.italpreziosi.it\/wp-content\/uploads\/2025\/07\/banco-metalli.jpg 860w, https:\/\/cdn.italpreziosi.it\/wp-content\/uploads\/2025\/07\/banco-metalli-300x279.jpg 300w, https:\/\/cdn.italpreziosi.it\/wp-content\/uploads\/2025\/07\/banco-metalli-768x714.jpg 768w\" sizes=\"(max-width: 860px) 100vw, 860px\" \/><\/figure><div class=\"elementor-image-box-content\"><h3 class=\"elementor-image-box-title\">Venta de oro de inversi\u00f3n<\/h3><\/div><\/div>\t\t\t\t<\/div>\n\t\t\t\t<\/div>\n\t\t\t\t<div class=\"elementor-element elementor-element-49bb09a card elementor-position-top elementor-widget elementor-widget-image-box\" data-id=\"49bb09a\" data-element_type=\"widget\" data-e-type=\"widget\" data-widget_type=\"image-box.default\">\n\t\t\t\t<div class=\"elementor-widget-container\">\n\t\t\t\t\t<div class=\"elementor-image-box-wrapper\"><figure class=\"elementor-image-box-img\"><img decoding=\"async\" src=\"https:\/\/cdn.italpreziosi.it\/wp-content\/uploads\/2025\/09\/Trading-online.jpg\" title=\"Trading online\" alt=\"Varios monitores de ordenador muestran cuadros financieros, gr\u00e1ficos y datos burs\u00e1tiles en una sala de negociaci\u00f3n, lo que indica un an\u00e1lisis y seguimiento activos del mercado.\" loading=\"lazy\" \/><\/figure><div class=\"elementor-image-box-content\"><h3 class=\"elementor-image-box-title\">Servicios de apoyo al comercio de metales preciosos<\/h3><\/div><\/div>\t\t\t\t<\/div>\n\t\t\t\t<\/div>\n\t\t\t\t<div class=\"elementor-element elementor-element-b383ee7 card elementor-position-top elementor-widget elementor-widget-image-box\" data-id=\"b383ee7\" data-element_type=\"widget\" data-e-type=\"widget\" data-widget_type=\"image-box.default\">\n\t\t\t\t<div class=\"elementor-widget-container\">\n\t\t\t\t\t<div class=\"elementor-image-box-wrapper\"><figure class=\"elementor-image-box-img\"><img decoding=\"async\" src=\"https:\/\/cdn.italpreziosi.it\/wp-content\/uploads\/2025\/10\/logistica-e-trasporto-metalli-preziosi-1.jpg\" title=\"logistica-e-trasporto-metalli-preziosi\" alt=\"Pilas de brillantes lingotes de oro se disponen ordenadamente sobre un pal\u00e9 en el interior de una nave industrial con estanter\u00edas met\u00e1licas e iluminaci\u00f3n de fondo difuminada.\" loading=\"lazy\" \/><\/figure><div class=\"elementor-image-box-content\"><h3 class=\"elementor-image-box-title\">Soluciones de log\u00edstica, transporte y almacenamiento<\/h3><\/div><\/div>\t\t\t\t<\/div>\n\t\t\t\t<\/div>\n\t\t\t\t<\/div>\n\t\t\t\t<\/div>\n\t\t<div class=\"elementor-element elementor-element-37cdccb e-flex e-con-boxed e-con e-parent\" data-id=\"37cdccb\" data-element_type=\"container\" data-e-type=\"container\" data-settings=\"{&quot;background_background&quot;:&quot;classic&quot;}\">\n\t\t\t\t\t<div class=\"e-con-inner\">\n\t\t\t\t<div class=\"elementor-element elementor-element-982ed9d elementor-blockquote--skin-quotation elementor-blockquote--align-center quote elementor-blockquote--align-left elementor-widget__width-initial elementor-widget elementor-widget-blockquote\" data-id=\"982ed9d\" data-element_type=\"widget\" data-e-type=\"widget\" data-widget_type=\"blockquote.default\">\n\t\t\t\t<div class=\"elementor-widget-container\">\n\t\t\t\t\t\t\t<blockquote class=\"elementor-blockquote\">\n\t\t\t<p class=\"elementor-blockquote__content\">\n\t\t\t\tSiempre he pensado en generar beneficio, pero con \u00e9tica moral y mucha energ\u00eda\t\t\t<\/p>\n\t\t\t\t\t\t\t<div class=\"e-q-footer\">\n\t\t\t\t\t\t\t\t\t\t\t<cite class=\"elementor-blockquote__author\">Ivana Ciabatti, CEO de Italpreziosi<\/cite>\n\t\t\t\t\t\t\t\t\t\t\t\t\t\t<\/div>\n\t\t\t\t\t<\/blockquote>\n\t\t\t\t\t\t<\/div>\n\t\t\t\t<\/div>\n\t\t\t\t\t<\/div>\n\t\t\t\t<\/div>\n\t\t<div class=\"elementor-element elementor-element-f4bbb99 e-flex e-con-boxed e-con e-parent\" data-id=\"f4bbb99\" data-element_type=\"container\" data-e-type=\"container\" data-settings=\"{&quot;background_background&quot;:&quot;classic&quot;}\">\n\t\t\t\t\t<div class=\"e-con-inner\">\n\t\t<div class=\"elementor-element elementor-element-8abbfa2 e-con-full e-flex e-con e-child\" data-id=\"8abbfa2\" data-element_type=\"container\" data-e-type=\"container\">\n\t\t\t\t<div class=\"elementor-element elementor-element-ce87e56 elementor-widget elementor-widget-heading\" data-id=\"ce87e56\" data-element_type=\"widget\" data-e-type=\"widget\" data-widget_type=\"heading.default\">\n\t\t\t\t<div class=\"elementor-widget-container\">\n\t\t\t\t\t<h2 class=\"elementor-heading-title elementor-size-default\">Fiabilidad, responsabilidad, transparencia<\/h2>\t\t\t\t<\/div>\n\t\t\t\t<\/div>\n\t\t\t\t<div class=\"elementor-element elementor-element-bd6be5f elementor-widget elementor-widget-text-editor\" data-id=\"bd6be5f\" data-element_type=\"widget\" data-e-type=\"widget\" data-widget_type=\"text-editor.default\">\n\t\t\t\t<div class=\"elementor-widget-container\">\n\t\t\t\t\t\t\t\t\t<p><span style=\"font-weight: 400;\">Italpreziosi destaca por su reputaci\u00f3n, eficiencia, transparencia y fiabilidad, pero sobre todo por su constante compromiso con la sostenibilidad. De acuerdo con los m\u00e1s altos est\u00e1ndares internacionales, la empresa se adhiere a los principios de la Agenda 2030 de las Naciones Unidas, contribuyendo activamente a la creaci\u00f3n de una cadena de suministro de metales preciosos m\u00e1s responsable, justa y equitativa. Con una s\u00f3lida experiencia y un modelo de negocio con una visi\u00f3n de futuro, Italpreziosi es una empresa en continuo crecimiento, comprometida con la definici\u00f3n de nuevos est\u00e1ndares de excelencia en el sector de los metales preciosos.<\/span><\/p>\t\t\t\t\t\t\t\t<\/div>\n\t\t\t\t<\/div>\n\t\t\t\t<div class=\"elementor-element elementor-element-63d5562 elementor-hidden-tablet elementor-hidden-mobile elementor-widget elementor-widget-image\" data-id=\"63d5562\" data-element_type=\"widget\" data-e-type=\"widget\" data-widget_type=\"image.default\">\n\t\t\t\t<div class=\"elementor-widget-container\">\n\t\t\t\t\t\t\t\t\t\t\t\t\t\t\t<img loading=\"lazy\" decoding=\"async\" width=\"800\" height=\"534\" src=\"https:\/\/cdn.italpreziosi.it\/wp-content\/uploads\/2025\/08\/italpreziosi-crescita.jpg\" class=\"attachment-large size-large wp-image-1866\" alt=\"Instalaci\u00f3n industrial con grandes tuber\u00edas met\u00e1licas, conductos y maquinaria sobre un cielo azul despejado. En la estructura destaca una tuber\u00eda plateada en \u00e1ngulo sostenida por una estructura met\u00e1lica sobre otros equipos.\" srcset=\"https:\/\/cdn.italpreziosi.it\/wp-content\/uploads\/2025\/08\/italpreziosi-crescita.jpg.webp 800w, https:\/\/cdn.italpreziosi.it\/wp-content\/uploads\/2025\/08\/italpreziosi-crescita-300x200.jpg.webp 300w, https:\/\/cdn.italpreziosi.it\/wp-content\/uploads\/2025\/08\/italpreziosi-crescita-768x513.jpg.webp 768w\" sizes=\"(max-width: 800px) 100vw, 800px\" \/>\t\t\t\t\t\t\t\t\t\t\t\t\t\t\t<\/div>\n\t\t\t\t<\/div>\n\t\t\t\t<\/div>\n\t\t<div class=\"elementor-element elementor-element-a0ee64f e-con-full img-grid e-flex e-con e-child\" data-id=\"a0ee64f\" data-element_type=\"container\" data-e-type=\"container\">\n\t\t<div class=\"elementor-element elementor-element-5a32edb e-con-full img-grid e-flex e-con e-child\" data-id=\"5a32edb\" data-element_type=\"container\" data-e-type=\"container\">\n\t\t\t\t<div class=\"elementor-element elementor-element-91d852a elementor-widget elementor-widget-image\" data-id=\"91d852a\" data-element_type=\"widget\" data-e-type=\"widget\" data-widget_type=\"image.default\">\n\t\t\t\t<div class=\"elementor-widget-container\">\n\t\t\t\t\t\t\t\t\t\t\t\t\t\t\t<img loading=\"lazy\" decoding=\"async\" width=\"683\" height=\"1024\" src=\"https:\/\/cdn.italpreziosi.it\/wp-content\/uploads\/2025\/10\/mani-con-lingotti-italpreziosi-683x1024.jpg\" class=\"attachment-large size-large wp-image-5537\" alt=\"Lingotti d\u2019oro marchiati Italpreziosi disposti su un tavolo, con una persona che indossa guanti blu che li maneggia\" srcset=\"https:\/\/cdn.italpreziosi.it\/wp-content\/uploads\/2025\/10\/mani-con-lingotti-italpreziosi-683x1024.jpg.webp 683w, https:\/\/cdn.italpreziosi.it\/wp-content\/uploads\/2025\/10\/mani-con-lingotti-italpreziosi-200x300.jpg.webp 200w, https:\/\/cdn.italpreziosi.it\/wp-content\/uploads\/2025\/10\/mani-con-lingotti-italpreziosi-768x1151.jpg.webp 768w, https:\/\/cdn.italpreziosi.it\/wp-content\/uploads\/2025\/10\/mani-con-lingotti-italpreziosi.jpg.webp 800w\" sizes=\"(max-width: 683px) 100vw, 683px\" \/>\t\t\t\t\t\t\t\t\t\t\t\t\t\t\t<\/div>\n\t\t\t\t<\/div>\n\t\t\t\t<div class=\"elementor-element elementor-element-7a1ba49 elementor-widget elementor-widget-image\" data-id=\"7a1ba49\" data-element_type=\"widget\" data-e-type=\"widget\" data-widget_type=\"image.default\">\n\t\t\t\t<div class=\"elementor-widget-container\">\n\t\t\t\t\t\t\t\t\t\t\t\t\t\t\t<img loading=\"lazy\" decoding=\"async\" width=\"683\" height=\"1024\" src=\"https:\/\/cdn.italpreziosi.it\/wp-content\/uploads\/2025\/08\/italpreziosi-affidabilita-1-683x1024.jpg\" class=\"attachment-large size-large wp-image-1870\" alt=\"Una persona con bata blanca de laboratorio y gafas de seguridad camina por una instalaci\u00f3n industrial con grandes m\u00e1quinas y tuber\u00edas de acero inoxidable.\" srcset=\"https:\/\/cdn.italpreziosi.it\/wp-content\/uploads\/2025\/08\/italpreziosi-affidabilita-1-683x1024.jpg.webp 683w, https:\/\/cdn.italpreziosi.it\/wp-content\/uploads\/2025\/08\/italpreziosi-affidabilita-1-200x300.jpg.webp 200w, https:\/\/cdn.italpreziosi.it\/wp-content\/uploads\/2025\/08\/italpreziosi-affidabilita-1-768x1151.jpg.webp 768w, https:\/\/cdn.italpreziosi.it\/wp-content\/uploads\/2025\/08\/italpreziosi-affidabilita-1.jpg.webp 800w\" sizes=\"(max-width: 683px) 100vw, 683px\" \/>\t\t\t\t\t\t\t\t\t\t\t\t\t\t\t<\/div>\n\t\t\t\t<\/div>\n\t\t\t\t<\/div>\n\t\t<div class=\"elementor-element elementor-element-8793182 e-con-full img-grid e-flex e-con e-child\" data-id=\"8793182\" data-element_type=\"container\" data-e-type=\"container\">\n\t\t\t\t<div class=\"elementor-element elementor-element-4a90303 elementor-widget elementor-widget-text-editor\" data-id=\"4a90303\" data-element_type=\"widget\" data-e-type=\"widget\" data-widget_type=\"text-editor.default\">\n\t\t\t\t<div class=\"elementor-widget-container\">\n\t\t\t\t\t\t\t\t\t<p><span style=\"font-weight: 400;\">La empresa busca constantemente mejorar sus est\u00e1ndares operativos gracias a la adopci\u00f3n de tecnolog\u00edas avanzadas, soluciones sostenibles y procesos que garantizan una trazabilidad y responsabilidad total a lo largo de toda la cadena de valor. Nuestro compromiso con la sostenibilidad queda demostrado por numerosas certificaciones, como LBMA Good Delivery refiner, RJC, ISO 9001, Fairmined y B Corp\u2122. En 2023, Italpreziosi abri\u00f3 al p\u00fablico la <span style=\"text-decoration: underline;\"><a href=\"https:\/\/www.italpreziosi.it\/es\/responsabilidad\/circuito-de-informacion\/\">Cadena de Informaci\u00f3n<\/a><\/span>, una plataforma desarrollada desde 2019 y dise\u00f1ada para clientes y proveedores, con el objetivo de difundir conocimientos y actualizaciones sobre <\/span><b>pol\u00edticas de abastecimiento responsable<\/b><span style=\"font-weight: 400;\">. Una herramienta concreta para promover una mayor conciencia y compromiso dentro de la cadena de valor en la que opera la empresa y sus colaboradores.<\/span><\/p>\t\t\t\t\t\t\t\t<\/div>\n\t\t\t\t<\/div>\n\t\t\t\t<\/div>\n\t\t\t\t<\/div>\n\t\t\t\t\t<\/div>\n\t\t\t\t<\/div>\n\t\t<div class=\"elementor-element elementor-element-23c7cee e-con-full e-flex e-con e-parent\" data-id=\"23c7cee\" data-element_type=\"container\" data-e-type=\"container\" data-settings=\"{&quot;background_background&quot;:&quot;classic&quot;}\">\n\t\t<div class=\"elementor-element elementor-element-b8f8d33 e-grid e-con-boxed e-con e-child\" data-id=\"b8f8d33\" data-element_type=\"container\" data-e-type=\"container\">\n\t\t\t\t\t<div class=\"e-con-inner\">\n\t\t<a class=\"elementor-element elementor-element-ac9f4c2 e-con-full card-pages e-flex e-con e-child\" data-id=\"ac9f4c2\" data-element_type=\"container\" data-e-type=\"container\" data-settings=\"{&quot;background_background&quot;:&quot;classic&quot;}\" href=\"https:\/\/www.italpreziosi.it\/azienda\/mondo\/\">\n\t\t\t\t<div class=\"elementor-element elementor-element-952a610 elementor-widget elementor-widget-heading\" data-id=\"952a610\" data-element_type=\"widget\" data-e-type=\"widget\" data-widget_type=\"heading.default\">\n\t\t\t\t<div class=\"elementor-widget-container\">\n\t\t\t\t\t<h3 class=\"elementor-heading-title elementor-size-default\">Italpreziosi en el mundo<\/h3>\t\t\t\t<\/div>\n\t\t\t\t<\/div>\n\t\t\t\t<div class=\"elementor-element elementor-element-1bde9c4 elementor-widget elementor-widget-text-editor\" data-id=\"1bde9c4\" data-element_type=\"widget\" data-e-type=\"widget\" data-widget_type=\"text-editor.default\">\n\t\t\t\t<div class=\"elementor-widget-container\">\n\t\t\t\t\t\t\t\t\t<p>Una red internacional consolidada en m\u00e1s de 25 pa\u00edses, gracias a alianzas estrat\u00e9gicas con las principales empresas mineras y de producci\u00f3n del sector de metales preciosos.<\/p>\t\t\t\t\t\t\t\t<\/div>\n\t\t\t\t<\/div>\n\t\t\t\t<\/a>\n\t\t<a class=\"elementor-element elementor-element-c0dffe9 e-con-full card-pages e-flex e-con e-child\" data-id=\"c0dffe9\" data-element_type=\"container\" data-e-type=\"container\" data-settings=\"{&quot;background_background&quot;:&quot;classic&quot;}\" href=\"https:\/\/www.italpreziosi.it\/azienda\/storia\/\">\n\t\t\t\t<div class=\"elementor-element elementor-element-1c98038 elementor-widget elementor-widget-heading\" data-id=\"1c98038\" data-element_type=\"widget\" data-e-type=\"widget\" data-widget_type=\"heading.default\">\n\t\t\t\t<div class=\"elementor-widget-container\">\n\t\t\t\t\t<h3 class=\"elementor-heading-title elementor-size-default\">La historia de Italpreziosi<\/h3>\t\t\t\t<\/div>\n\t\t\t\t<\/div>\n\t\t\t\t<div class=\"elementor-element elementor-element-aec9d6e elementor-widget elementor-widget-text-editor\" data-id=\"aec9d6e\" data-element_type=\"widget\" data-e-type=\"widget\" data-widget_type=\"text-editor.default\">\n\t\t\t\t<div class=\"elementor-widget-container\">\n\t\t\t\t\t\t\t\t\t<p>M\u00e1s de 40 a\u00f1os de crecimiento e innovaci\u00f3n, desde el coraz\u00f3n de la Toscana hasta convertirse en un actor global en el sector de los metales preciosos.<\/p>\t\t\t\t\t\t\t\t<\/div>\n\t\t\t\t<\/div>\n\t\t\t\t<\/a>\n\t\t<a class=\"elementor-element elementor-element-593d65d e-con-full card-pages e-flex e-con e-child\" data-id=\"593d65d\" data-element_type=\"container\" data-e-type=\"container\" data-settings=\"{&quot;background_background&quot;:&quot;classic&quot;}\" href=\"https:\/\/www.italpreziosi.it\/azienda\/governance\/\">\n\t\t\t\t<div class=\"elementor-element elementor-element-0e29fff elementor-widget elementor-widget-heading\" data-id=\"0e29fff\" data-element_type=\"widget\" data-e-type=\"widget\" data-widget_type=\"heading.default\">\n\t\t\t\t<div class=\"elementor-widget-container\">\n\t\t\t\t\t<h3 class=\"elementor-heading-title elementor-size-default\">Gobernanza<\/h3>\t\t\t\t<\/div>\n\t\t\t\t<\/div>\n\t\t\t\t<div class=\"elementor-element elementor-element-a1bebbe elementor-widget elementor-widget-text-editor\" data-id=\"a1bebbe\" data-element_type=\"widget\" data-e-type=\"widget\" data-widget_type=\"text-editor.default\">\n\t\t\t\t<div class=\"elementor-widget-container\">\n\t\t\t\t\t\t\t\t\t<p>Adoptamos un modelo organizativo s\u00f3lido y transparente, basado en principios de responsabilidad y sostenibilidad a largo plazo.<\/p>\t\t\t\t\t\t\t\t<\/div>\n\t\t\t\t<\/div>\n\t\t\t\t<\/a>\n\t\t\t\t\t<\/div>\n\t\t\t\t<\/div>\n\t\t\t\t<\/div>\n\t\t\t\t<\/div>\n\t\t","protected":false},"excerpt":{"rendered":"<p>Italpreziosi: L\u00edder en el mercado del oro, afinaci\u00f3n y metales preciosos Fundada en 1984, Italpreziosi S.p.A. es uno de los principales operadores en\u00a0 la afinaci\u00f3n y comercio de metales preciosos, as\u00ed como en la producci\u00f3n y comercializaci\u00f3n de lingotes de oro y plata de inversi\u00f3n en Italia y en los mercados internacionales m\u00e1s importantes. Con [&hellip;]<\/p>\n","protected":false},"author":1,"featured_media":0,"parent":0,"menu_order":0,"comment_status":"closed","ping_status":"closed","template":"elementor_header_footer","meta":{"_acf_changed":false,"footnotes":""},"class_list":["post-1898","page","type-page","status-publish","hentry"],"acf":[],"_links":{"self":[{"href":"https:\/\/www.italpreziosi.it\/es\/wp-json\/wp\/v2\/pages\/1898","targetHints":{"allow":["GET"]}}],"collection":[{"href":"https:\/\/www.italpreziosi.it\/es\/wp-json\/wp\/v2\/pages"}],"about":[{"href":"https:\/\/www.italpreziosi.it\/es\/wp-json\/wp\/v2\/types\/page"}],"author":[{"embeddable":true,"href":"https:\/\/www.italpreziosi.it\/es\/wp-json\/wp\/v2\/users\/1"}],"replies":[{"embeddable":true,"href":"https:\/\/www.italpreziosi.it\/es\/wp-json\/wp\/v2\/comments?post=1898"}],"version-history":[{"count":11,"href":"https:\/\/www.italpreziosi.it\/es\/wp-json\/wp\/v2\/pages\/1898\/revisions"}],"predecessor-version":[{"id":6775,"href":"https:\/\/www.italpreziosi.it\/es\/wp-json\/wp\/v2\/pages\/1898\/revisions\/6775"}],"wp:attachment":[{"href":"https:\/\/www.italpreziosi.it\/es\/wp-json\/wp\/v2\/media?parent=1898"}],"curies":[{"name":"wp","href":"https:\/\/api.w.org\/{rel}","templated":true}]}}